{"id":3280,"date":"2020-07-25T16:57:31","date_gmt":"2020-07-25T16:57:31","guid":{"rendered":"https:\/\/kursy-udt.pl\/?page_id=3280"},"modified":"2020-08-10T21:04:44","modified_gmt":"2020-08-10T21:04:44","slug":"otdl-arbeit-in-der-hohe","status":"publish","type":"page","link":"https:\/\/kursy-udt.pl\/de\/szkolenia\/zakresy-ksztalcenia\/otdl-prace-na-wysokosci\/","title":{"rendered":"Arbeiten in der H\u00f6he mit Hilfe von Seilzugangstechniken"},"content":{"rendered":"<h2 class=\"naglowekh2\"><u><strong>Sie erwerben eine Qualifikation:<\/strong><\/u><br \/>\nOTDL - Arbeiten in der H\u00f6he mit Seilzugangstechniken (Bergsteigerausbildung)<\/h2>\n<p><img loading=\"lazy\" decoding=\"async\" class=\"obrazekpadding size-medium wp-image-3281 alignleft\" src=\"https:\/\/kursy-udt.pl\/wp-content\/uploads\/2020\/07\/1a-1-300x169.jpg\" alt=\"Arbeiten in der H\u00f6he\" width=\"300\" height=\"169\" srcset=\"https:\/\/kursy-udt.pl\/wp-content\/uploads\/2020\/07\/1a-1-300x169.jpg 300w, https:\/\/kursy-udt.pl\/wp-content\/uploads\/2020\/07\/1a-1-1024x576.jpg 1024w, https:\/\/kursy-udt.pl\/wp-content\/uploads\/2020\/07\/1a-1-768x432.jpg 768w, https:\/\/kursy-udt.pl\/wp-content\/uploads\/2020\/07\/1a-1-624x351.jpg 624w, https:\/\/kursy-udt.pl\/wp-content\/uploads\/2020\/07\/1a-1.jpg 1280w\" sizes=\"auto, (max-width: 300px) 100vw, 300px\" \/><a href=\"https:\/\/kursy-udt.pl\/de\/o-firmie\/\">ERGON-Zentrum f\u00fcr Personalverbesserung<\/a> l\u00e4dt Sie ein zu <a href=\"https:\/\/kursy-udt.pl\/de\/szkolenia\/wysokosciowe-na-uprawnienia-alpinistyczne\/\">Hochgebirgskurs<\/a> ODTL unterrichtet Arbeiten in der H\u00f6he mit Hilfe von Seilzugangstechniken!<\/p>\n<p>F\u00fcr die Durchf\u00fchrung von Arbeiten in der H\u00f6he m\u00fcssen die entsprechenden Genehmigungen eingeholt werden. Diese werden auch bezeichnet als <a href=\"https:\/\/kursy-udt.pl\/de\/uprawnienia-udt\/kategorie-uprawnien-2\/\">Anrechte<\/a> ODTL (von Organisation of Rope Access Technicians). Die Teilnehmer an solchen Kursen erwerben umfassende Kenntnisse und F\u00e4higkeiten in der Seilzugangstechnik.<\/p>\n<p>Der H\u00f6henbergsteigerkurs von ODK ERGON verbindet Theorie und Praxis und bereitet die Teilnehmer umfassend auf die Erlangung des entsprechenden Zertifikats f\u00fcr H\u00f6henarbeiten vor.<\/p>\n<h2 class=\"naglowekh2\">In den Schulungen werden unter anderem die folgenden Themen behandelt:<\/h2>\n<ul>\n<li>rechtliche und normative Informationen \u00fcber Arbeiten in der H\u00f6he<\/li>\n<li>Organisation von Arbeiten in der H\u00f6he mit Hilfe von Seiltechniken<\/li>\n<li>Ausr\u00fcstung f\u00fcr Seilarbeiten<\/li>\n<li><a href=\"https:\/\/kursy-udt.pl\/de\/szkolenia\/bhp-bezpieczenstwo-pracy\/prawna-ochrona-pracy\/\">GESUNDHEIT UND SICHERHEIT<\/a> bei Arbeiten in der H\u00f6he mit Hilfe von Seilzugangstechniken<\/li>\n<li>Rettung aus der H\u00f6he<\/li>\n<\/ul>\n<p>Die Dauer des Seilzugangskurses betr\u00e4gt x Stunden einschlie\u00dflich der Pr\u00fcfung.<\/p>\n<p>Unser Zentrum ist auch daran beteiligt, die Themen des Unterrichts auf die spezifischen Bed\u00fcrfnisse der Kunden abzustimmen.<\/p>\n<p>Sie sind herzlich eingeladen, unsere Dienstleistungen im ERGON-Zentrum in Anspruch zu nehmen!<\/p>","protected":false},"excerpt":{"rendered":"<p>Sie werden die Qualifikation erwerben: OTDL - H\u00f6henarbeit mit Seilzugangstechniken (Bergsteigerausbildung) Das ERGON-Personalentwicklungszentrum l\u00e4dt Sie zu einem ODTL-H\u00f6henkurs ein, der H\u00f6henarbeit mit Seilzugangstechniken lehrt! F\u00fcr die Durchf\u00fchrung von Arbeiten in der H\u00f6he ist es erforderlich, die entsprechenden Genehmigungen einzuholen. Diese werden auch als ODTL-Qualifikationen (von Organisation of Rope Access Technicians) bezeichnet. Die Teilnehmer an solchen Kursen erwerben umfangreiche Kenntnisse und F\u00e4higkeiten in der Seilzugangstechnik. Der ODK ERGON H\u00f6henbergsteigerkurs verbindet Theorie und Praxis und bereitet so jeden Teilnehmer umfassend auf den Erwerb des entsprechenden Zertifikats f\u00fcr Arbeiten in der H\u00f6he vor. Der Kurs umfasst folgende Themen: Rechtliche und normative Informationen zur H\u00f6henarbeit Organisation der H\u00f6henarbeit mit Hilfe von Seilzugangstechniken Organisation der H\u00f6henarbeit Ausr\u00fcstung f\u00fcr die H\u00f6henarbeit Gesundheit und Sicherheit bei der H\u00f6henarbeit mit Hilfe von Seilzugangstechniken Rettung bei der H\u00f6henarbeit Die Dauer eines Seilzugangskurses betr\u00e4gt x Stunden einschlie\u00dflich einer Pr\u00fcfung. Unser Zentrum kann die Kurse auch auf die spezifischen Bed\u00fcrfnisse der Kunden abstimmen. Wir laden Sie herzlich ein, unsere Dienste im ERGON-Zentrum in Anspruch zu nehmen!<\/p>","protected":false},"author":1,"featured_media":3281,"parent":3226,"menu_order":0,"comment_status":"closed","ping_status":"closed","template":"","meta":{"sfsi_plus_gutenberg_text_before_share":"","sfsi_plus_gutenberg_show_text_before_share":"","sfsi_plus_gutenberg_icon_type":"","sfsi_plus_gutenberg_icon_alignemt":"","sfsi_plus_gutenburg_max_per_row":"","footnotes":""},"class_list":["post-3280","page","type-page","status-publish","has-post-thumbnail","hentry","has_thumb"],"aioseo_notices":[],"_links":{"self":[{"href":"https:\/\/kursy-udt.pl\/de\/wp-json\/wp\/v2\/pages\/3280","targetHints":{"allow":["GET"]}}],"collection":[{"href":"https:\/\/kursy-udt.pl\/de\/wp-json\/wp\/v2\/pages"}],"about":[{"href":"https:\/\/kursy-udt.pl\/de\/wp-json\/wp\/v2\/types\/page"}],"author":[{"embeddable":true,"href":"https:\/\/kursy-udt.pl\/de\/wp-json\/wp\/v2\/users\/1"}],"replies":[{"embeddable":true,"href":"https:\/\/kursy-udt.pl\/de\/wp-json\/wp\/v2\/comments?post=3280"}],"version-history":[{"count":2,"href":"https:\/\/kursy-udt.pl\/de\/wp-json\/wp\/v2\/pages\/3280\/revisions"}],"predecessor-version":[{"id":3283,"href":"https:\/\/kursy-udt.pl\/de\/wp-json\/wp\/v2\/pages\/3280\/revisions\/3283"}],"up":[{"embeddable":true,"href":"https:\/\/kursy-udt.pl\/de\/wp-json\/wp\/v2\/pages\/3226"}],"wp:featuredmedia":[{"embeddable":true,"href":"https:\/\/kursy-udt.pl\/de\/wp-json\/wp\/v2\/media\/3281"}],"wp:attachment":[{"href":"https:\/\/kursy-udt.pl\/de\/wp-json\/wp\/v2\/media?parent=3280"}],"curies":[{"name":"wp","href":"https:\/\/api.w.org\/{rel}","templated":true}]}}