{"id":3270,"date":"2020-07-15T22:53:05","date_gmt":"2020-07-15T22:53:05","guid":{"rendered":"https:\/\/kursy-udt.pl\/?page_id=3270"},"modified":"2020-07-15T23:04:53","modified_gmt":"2020-07-15T23:04:53","slug":"leistung-und-akzeptanz-von-druckluftsystemen","status":"publish","type":"page","link":"https:\/\/kursy-udt.pl\/de\/szkolenia\/zakresy-ksztalcenia\/wykonania-i-odbioru-instalacji-sprezonego-powietrza\/","title":{"rendered":"Implementierung und Abnahme des Druckluftsystems"},"content":{"rendered":"<h2 class=\"naglowekh2\"><u><strong>Sie erwerben eine Qualifikation:<\/strong><\/u><br \/>\nImplementierung und Abnahme des Druckluftsystems<\/h2>\n<p><img loading=\"lazy\" decoding=\"async\" class=\"obrazekpadding alignleft wp-image-3271 size-medium\" src=\"https:\/\/kursy-udt.pl\/wp-content\/uploads\/2020\/07\/1a-300x182.jpg\" alt=\"Leistung und Akzeptanz von Druckluftsystemen\" width=\"300\" height=\"182\" srcset=\"https:\/\/kursy-udt.pl\/wp-content\/uploads\/2020\/07\/1a-300x182.jpg 300w, https:\/\/kursy-udt.pl\/wp-content\/uploads\/2020\/07\/1a.jpg 608w\" sizes=\"auto, (max-width: 300px) 100vw, 300px\" \/><a href=\"https:\/\/kursy-udt.pl\/de\/o-firmie\/\">ERGON-Zentrum f\u00fcr Personalverbesserung<\/a> l\u00e4dt Sie ein, an Schulungen zur Einf\u00fchrung und Abnahme von Druckluftsystemen teilzunehmen!<\/p>\n<p>Druckluftanlagen haben ein breites Anwendungsspektrum und werden in vielen Industrieanlagen eingesetzt. Die Ausf\u00fchrung und anschlie\u00dfende Abnahme solcher Anlagen sollte von entsprechend geschultem Personal durchgef\u00fchrt werden.<\/p>\n<p>Das ERGON-Zentrum organisiert entsprechende Kurse f\u00fcr Personen, die Druckluftanlagen herstellen und empfangen. Unser Schwerpunkt liegt auf einer umfassenden Vorbereitung auf diese T\u00e4tigkeiten - unsere Kurse kombinieren Theorie und Praxis.<\/p>\n<h2 class=\"naglowekh2\">In den Schulungen werden unter anderem die folgenden Themen behandelt:<\/h2>\n<ul>\n<li>technische bedingungen f\u00fcr den bau und die abnahme von druckluftanlagen<\/li>\n<li>technische Dokumentation der durchgef\u00fchrten Arbeiten und der verwendeten Technologie<\/li>\n<li>Vorschriften und Normen f\u00fcr Druckluftsysteme<\/li>\n<li>Druckluftwerte<\/li>\n<li>Anforderungen an Ger\u00e4te und Produkte, die in Druckluftsystemen verwendet werden<\/li>\n<li>Installationsarbeiten - Rohrleitungen, Anschl\u00fcsse, Armaturen, Tanks, Luftaufbereitung, Schutz, Messger\u00e4te, Isolierung und andere Komponenten<\/li>\n<li>Arbeitsvoranschl\u00e4ge f\u00fcr Druckluftsysteme<\/li>\n<li>Interoperative und Bestandsabnahme von Bauwerken - Abnahmepr\u00fcfungen, Protokolle<\/li>\n<li><a href=\"https:\/\/kursy-udt.pl\/de\/szkolenia\/bhp-bezpieczenstwo-pracy\/prawna-ochrona-pracy\/\">GESUNDHEIT UND SICHERHEIT<\/a> f\u00fcr den Bau, die Inbetriebnahme und das Anfahren von Druckluftsystemen<\/li>\n<\/ul>\n<p>Der Unterricht dauert x Unterrichtsstunden.<\/p>\n<p>Es besteht die M\u00f6glichkeit, den Lehrplan auf die Bed\u00fcrfnisse des Kunden abzustimmen.<\/p>\n<p>Wir ermutigen Sie, die Dienste des ERGON Personalentwicklungszentrums in Anspruch zu nehmen!<\/p>","protected":false},"excerpt":{"rendered":"<p>Sie erwerben die Qualifikation: Ausf\u00fchrung und Abnahme von Druckluftanlagen Das ERGON-Personalentwicklungszentrum l\u00e4dt Sie ein, den Lehrgang zur Ausf\u00fchrung und Abnahme von Druckluftanlagen zu nutzen! Druckluftanlagen sind in vielen Industriebetrieben weit verbreitet und im Einsatz. Der Bau und die anschlie\u00dfende Abnahme solcher Anlagen sollte von entsprechend geschultem Personal durchgef\u00fchrt werden. Das ERGON-Zentrum organisiert entsprechende Kurse f\u00fcr diejenigen, die Druckluftanlagen ausf\u00fchren und abnehmen. Dabei legen wir Wert auf eine umfassende Vorbereitung auf diese T\u00e4tigkeiten - unsere Kurse verbinden Theorie und Praxis. In den Schulungen werden u.a. folgende Themen behandelt. Die folgenden Themen werden behandelt Technische Voraussetzungen f\u00fcr die Ausf\u00fchrung und Abnahme von Druckluftanlagen Technische Dokumentation der ausgef\u00fchrten Arbeiten und der eingesetzten Technologien Vorschriften und Normen f\u00fcr Druckluftanlagen Parameter der Druckluft Anforderungen an Ger\u00e4te und Produkte, die in Druckluftanlagen eingesetzt werden Ausf\u00fchrung von Anlagen - Rohrleitungen, Anschl\u00fcsse, Armaturen, Beh\u00e4lter, Luftaufbereitung, Schutz, Messger\u00e4te, Isolierung und andere Komponenten Messung von Arbeiten in Druckluftanlagen Abnahme von Arbeiten, Interoperabilit\u00e4t und Nachabnahme von Arbeiten - Abnahmepr\u00fcfungen, Arbeitsschutzprotokolle f\u00fcr die Ausf\u00fchrung, Inbetriebnahme und Start-up von Druckluftanlagen Die Dauer des Kurses betr\u00e4gt x Unterrichtsstunden. Es besteht die M\u00f6glichkeit, den Lehrplan individuell an die Bed\u00fcrfnisse des Kunden anzupassen. Entscheiden Sie sich f\u00fcr die Dienstleistungen des ERGON Personalentwicklungszentrums!<\/p>","protected":false},"author":1,"featured_media":3271,"parent":3226,"menu_order":0,"comment_status":"closed","ping_status":"closed","template":"","meta":{"sfsi_plus_gutenberg_text_before_share":"","sfsi_plus_gutenberg_show_text_before_share":"","sfsi_plus_gutenberg_icon_type":"","sfsi_plus_gutenberg_icon_alignemt":"","sfsi_plus_gutenburg_max_per_row":"","footnotes":""},"class_list":["post-3270","page","type-page","status-publish","has-post-thumbnail","hentry","has_thumb"],"aioseo_notices":[],"_links":{"self":[{"href":"https:\/\/kursy-udt.pl\/de\/wp-json\/wp\/v2\/pages\/3270","targetHints":{"allow":["GET"]}}],"collection":[{"href":"https:\/\/kursy-udt.pl\/de\/wp-json\/wp\/v2\/pages"}],"about":[{"href":"https:\/\/kursy-udt.pl\/de\/wp-json\/wp\/v2\/types\/page"}],"author":[{"embeddable":true,"href":"https:\/\/kursy-udt.pl\/de\/wp-json\/wp\/v2\/users\/1"}],"replies":[{"embeddable":true,"href":"https:\/\/kursy-udt.pl\/de\/wp-json\/wp\/v2\/comments?post=3270"}],"version-history":[{"count":2,"href":"https:\/\/kursy-udt.pl\/de\/wp-json\/wp\/v2\/pages\/3270\/revisions"}],"predecessor-version":[{"id":3275,"href":"https:\/\/kursy-udt.pl\/de\/wp-json\/wp\/v2\/pages\/3270\/revisions\/3275"}],"up":[{"embeddable":true,"href":"https:\/\/kursy-udt.pl\/de\/wp-json\/wp\/v2\/pages\/3226"}],"wp:featuredmedia":[{"embeddable":true,"href":"https:\/\/kursy-udt.pl\/de\/wp-json\/wp\/v2\/media\/3271"}],"wp:attachment":[{"href":"https:\/\/kursy-udt.pl\/de\/wp-json\/wp\/v2\/media?parent=3270"}],"curies":[{"name":"wp","href":"https:\/\/api.w.org\/{rel}","templated":true}]}}