{"id":3264,"date":"2020-07-14T22:03:22","date_gmt":"2020-07-14T22:03:22","guid":{"rendered":"https:\/\/kursy-udt.pl\/?page_id=3264"},"modified":"2022-10-14T07:36:54","modified_gmt":"2022-10-14T07:36:54","slug":"betrieb-und-uberwachung-von-stromnetzen","status":"publish","type":"page","link":"https:\/\/kursy-udt.pl\/de\/szkolenia\/zakresy-ksztalcenia\/eksploatacji-i-dozoru-sieci-elektroenergetycznych\/","title":{"rendered":"Betrieb und \u00dcberwachung von elektrischen Ger\u00e4ten, Anlagen und Netzen"},"content":{"rendered":"<h2 class=\"naglowekh2\"><u><strong>Sie erwerben eine Qualifikation:<\/strong><\/u>\u00a0G1 - Betrieb und \u00dcberwachung von elektrischen Ger\u00e4ten, Anlagen und Netzen<\/h2>\n<p><img loading=\"lazy\" decoding=\"async\" class=\"obrazekpadding alignleft wp-image-3265 size-medium\" src=\"https:\/\/kursy-udt.pl\/wp-content\/uploads\/2020\/07\/1-8-300x158.jpg\" alt=\"SEP G1\" width=\"300\" height=\"158\" srcset=\"https:\/\/kursy-udt.pl\/wp-content\/uploads\/2020\/07\/1-8-300x158.jpg 300w, https:\/\/kursy-udt.pl\/wp-content\/uploads\/2020\/07\/1-8-1024x538.jpg 1024w, https:\/\/kursy-udt.pl\/wp-content\/uploads\/2020\/07\/1-8-768x403.jpg 768w, https:\/\/kursy-udt.pl\/wp-content\/uploads\/2020\/07\/1-8-624x328.jpg 624w, https:\/\/kursy-udt.pl\/wp-content\/uploads\/2020\/07\/1-8.jpg 1200w\" sizes=\"auto, (max-width: 300px) 100vw, 300px\" \/>Das Zentrum f\u00fcr die Entwicklung von Humanressourcen l\u00e4dt Sie herzlich ein, sich f\u00fcr den Kurs einzuschreiben <a href=\"https:\/\/kursy-udt.pl\/de\/szkolenia\/sep-uprawnienia-do-1kv\/g1\/\">G1<\/a> im Rahmen des Betriebs und der \u00dcberwachung von elektrischen Betriebsmitteln, Anlagen und Netzen!<\/p>\n<p>Die Durchf\u00fchrung von Arbeiten an elektrischen Ger\u00e4ten, Anlagen und Netzen erfordert eine entsprechende Ausbildung und den Nachweis von Kenntnissen und Fertigkeiten - hierf\u00fcr gibt es entsprechende Zertifizierungen von SEP, PSE, SIMP, SITPS.<\/p>\n<p>In unserem Zentrum geht es darum, geeignete Aktivit\u00e4ten zu organisieren, um die Teilnehmer auf die entsprechenden <a href=\"https:\/\/kursy-udt.pl\/de\/uprawnienia-udt\/kategorie-uprawnien-2\/\">Kr\u00e4fte<\/a> G1. Wir kombinieren theoretisches und praktisches Wissen, um die Auszubildenden darauf vorzubereiten, die Pr\u00fcfung vor dem Ausschuss ihrer Wahl abzulegen und zu bestehen, z. B. SEP, PSE, SIMP, SITPS: SEP, PSE, SIMP, SITPS und deren Weitergabe.<\/p>\n<h2 class=\"naglowekh2\">In den Schulungen werden unter anderem die folgenden Themen behandelt:<\/h2>\n<ul>\n<li><a href=\"https:\/\/kursy-udt.pl\/wp-content\/uploads\/2022\/10\/1212122121.jpeg\"><img loading=\"lazy\" decoding=\"async\" class=\"size-medium wp-image-4435 alignright\" src=\"https:\/\/kursy-udt.pl\/wp-content\/uploads\/2022\/10\/1212122121-300x200.jpeg\" alt=\"\" width=\"300\" height=\"200\" srcset=\"https:\/\/kursy-udt.pl\/wp-content\/uploads\/2022\/10\/1212122121-300x200.jpeg 300w, https:\/\/kursy-udt.pl\/wp-content\/uploads\/2022\/10\/1212122121-1024x683.jpeg 1024w, https:\/\/kursy-udt.pl\/wp-content\/uploads\/2022\/10\/1212122121-768x512.jpeg 768w, https:\/\/kursy-udt.pl\/wp-content\/uploads\/2022\/10\/1212122121-1536x1024.jpeg 1536w, https:\/\/kursy-udt.pl\/wp-content\/uploads\/2022\/10\/1212122121-18x12.jpeg 18w, https:\/\/kursy-udt.pl\/wp-content\/uploads\/2022\/10\/1212122121-624x416.jpeg 624w, https:\/\/kursy-udt.pl\/wp-content\/uploads\/2022\/10\/1212122121.jpeg 1600w\" sizes=\"auto, (max-width: 300px) 100vw, 300px\" \/><\/a>Grundlagen der Elektrotechnik - Stromkreise, Gesetze, magnetische und elektromagnetische Ph\u00e4nomene, einphasiger und dreiphasiger Wechselstrom, nichtsinusf\u00f6rmige Str\u00f6me<\/li>\n<li>Bau von elektrischen Energieanlagen der Kategorie G1<\/li>\n<li>Betrieb von elektrischen Betriebsmitteln der Kategorie G1<\/li>\n<li>Grunds\u00e4tze der Organisation von Arbeiten an elektrischen Betriebsmitteln der Kategorie G1<\/li>\n<li>Arbeitsschutz f\u00fcr Elektriker - Schutz gegen elektrischen Schlag bis zu 1 kV und \u00fcber 1 kV<\/li>\n<li>Feuerschutz<\/li>\n<li>Handlungsgrunds\u00e4tze im Falle eines Stromschlags<\/li>\n<\/ul>\n<p>Unser Zentrum kann auch das thematische Angebot an Aktivit\u00e4ten an die Bed\u00fcrfnisse des Kunden anpassen.<\/p>\n<p>Sie sind herzlich eingeladen, an den G1- und G2-Kursen teilzunehmen, <a href=\"https:\/\/kursy-udt.pl\/de\/szkolenia\/sep-uprawnienia-do-1kv\/g3\/\">G3<\/a> in unserem <a href=\"https:\/\/kursy-udt.pl\/de\/o-firmie\/\">ERGON Zentrum f\u00fcr Personalentwicklung<\/a>!<\/p>","protected":false},"excerpt":{"rendered":"<p>Sie erhalten die Qualifikation: G1 - Betrieb und \u00dcberwachung von Ger\u00e4ten, Anlagen und Stromnetzen Das Zentrum f\u00fcr Personalentwicklung l\u00e4dt Sie herzlich ein, sich f\u00fcr den G1-Kurs in Betrieb und \u00dcberwachung von Ger\u00e4ten, Anlagen und Stromnetzen einzuschreiben! Um Arbeiten an Ger\u00e4ten, Anlagen und Stromnetzen durchf\u00fchren zu k\u00f6nnen, muss man sich entsprechend vorbereiten und seine Kenntnisse und F\u00e4higkeiten best\u00e4tigen lassen - zu diesem Zweck gibt es entsprechende Zertifizierungen von SEP, PSE, SIMP, SITPS. In unserem Zentrum organisieren wir entsprechende Kurse, um die Teilnehmer auf die entsprechenden G1-Zertifikate vorzubereiten. Wir kombinieren theoretisches und praktisches Wissen, um die Auszubildenden auf die Pr\u00fcfung vor einer vom Auszubildenden gew\u00e4hlten Kommission vorzubereiten, z.B. SEP, PSE, SIMP, SITPS: SEP, PSE, SIMP, SITPS und Bestehen der Pr\u00fcfung. Folgende Themen werden in den Kursen behandelt die folgenden Themen: Grundkenntnisse der Elektrotechnik - Stromkreise, Gesetze, magnetische und elektromagnetische Ph\u00e4nomene, Einphasen- und Dreiphasen-Wechselstrom, Aufbau von elektrischen Betriebsmitteln der Kategorie G1 - Betrieb von elektrischen Betriebsmitteln der Kategorie G1 - Grunds\u00e4tze der Organisation von Arbeiten an elektrischen Betriebsmitteln der Kategorie G1 - Gesundheit und Sicherheit bei der Arbeit eines Elektrikers - Schutz gegen elektrischen Schlag bis 1 kV und \u00fcber 1 kV - Brandschutz - Grunds\u00e4tze des Vorgehens im Falle eines elektrischen Schlags Unser Zentrum kann den thematischen Umfang der Kurse auch an die Bed\u00fcrfnisse des Kunden anpassen. Sie sind herzlich eingeladen, die G1-, G2- und G3-Kurse in unserem ERGON-Zentrum f\u00fcr Personalentwicklung zu nutzen!<\/p>","protected":false},"author":1,"featured_media":4435,"parent":3226,"menu_order":0,"comment_status":"closed","ping_status":"closed","template":"","meta":{"sfsi_plus_gutenberg_text_before_share":"","sfsi_plus_gutenberg_show_text_before_share":"","sfsi_plus_gutenberg_icon_type":"","sfsi_plus_gutenberg_icon_alignemt":"","sfsi_plus_gutenburg_max_per_row":"","footnotes":""},"class_list":["post-3264","page","type-page","status-publish","has-post-thumbnail","hentry","has_thumb"],"aioseo_notices":[],"_links":{"self":[{"href":"https:\/\/kursy-udt.pl\/de\/wp-json\/wp\/v2\/pages\/3264","targetHints":{"allow":["GET"]}}],"collection":[{"href":"https:\/\/kursy-udt.pl\/de\/wp-json\/wp\/v2\/pages"}],"about":[{"href":"https:\/\/kursy-udt.pl\/de\/wp-json\/wp\/v2\/types\/page"}],"author":[{"embeddable":true,"href":"https:\/\/kursy-udt.pl\/de\/wp-json\/wp\/v2\/users\/1"}],"replies":[{"embeddable":true,"href":"https:\/\/kursy-udt.pl\/de\/wp-json\/wp\/v2\/comments?post=3264"}],"version-history":[{"count":4,"href":"https:\/\/kursy-udt.pl\/de\/wp-json\/wp\/v2\/pages\/3264\/revisions"}],"predecessor-version":[{"id":4436,"href":"https:\/\/kursy-udt.pl\/de\/wp-json\/wp\/v2\/pages\/3264\/revisions\/4436"}],"up":[{"embeddable":true,"href":"https:\/\/kursy-udt.pl\/de\/wp-json\/wp\/v2\/pages\/3226"}],"wp:featuredmedia":[{"embeddable":true,"href":"https:\/\/kursy-udt.pl\/de\/wp-json\/wp\/v2\/media\/4435"}],"wp:attachment":[{"href":"https:\/\/kursy-udt.pl\/de\/wp-json\/wp\/v2\/media?parent=3264"}],"curies":[{"name":"wp","href":"https:\/\/api.w.org\/{rel}","templated":true}]}}