{"id":32,"date":"2014-02-10T17:11:09","date_gmt":"2014-02-10T17:11:09","guid":{"rendered":"http:\/\/kursy-udt.kwiaty0.pl\/?page_id=32"},"modified":"2016-01-21T19:32:07","modified_gmt":"2016-01-21T19:32:07","slug":"scherenbuhnen","status":"publish","type":"page","link":"https:\/\/kursy-udt.pl\/de\/platformy-nozycowe\/","title":{"rendered":"Scherenb\u00fchnen"},"content":{"rendered":"<div style=\"float: left; padding-right: 10px;\"><img decoding=\"async\" alt=\"Scherenb\u00fchnen\" src=\"\/wp-content\/uploads\/2014\/04\/01-podest.jpeg\" \/><\/div>\n<div class=\"wyjustuj\">\n<p><a href=\"https:\/\/kursy-udt.pl\/de\/o-firmie\/\">ERGON-Zentrum f\u00fcr Personalverbesserung<\/a> l\u00e4dt Sie zu einem Kurs \u00fcber Scherenb\u00fchnen ein. In unseren Kursen k\u00f6nnen Sie die wichtigsten <a href=\"https:\/\/kursy-udt.pl\/de\/uprawnienia-udt\/\">UDT-Anspr\u00fcche<\/a>Scherenb\u00fchnen gem\u00e4\u00df den Sicherheitsvorschriften und -normen des Technischen \u00dcberwachungsvereins zu betreiben. Scherenb\u00fchnen werden sehr h\u00e4ufig auf Baustellen und bei Montagearbeiten eingesetzt, so dass sich die Kurse sowohl f\u00fcr den Arbeitnehmer als auch f\u00fcr den Arbeitgeber lohnen. Um diese Art von Ger\u00e4ten bedienen zu k\u00f6nnen, ist es erforderlich, einen Kurs zu absolvieren und eine <a href=\"https:\/\/kursy-udt.pl\/de\/uprawnienia-udt\/kategorie-uprawnien-2\/\">UDT-Anspr\u00fcche<\/a> I P.<\/p>\n<p>Unsere Scherenb\u00fchnenkurse beinhalten ein breites Spektrum an theoretischen Informationen, die die wichtigsten Daten \u00fcber den Bau von Scherenb\u00fchnen und anderen mobilen Arbeitsb\u00fchnen, deren Betrieb, Wartung, Gesundheits- und Sicherheitsvorschriften sowie technische \u00dcberwachungsvorschriften vermitteln. Unsere Schulungen umfassen auch praktische Kurse, in denen die Teilnehmer mit den Ger\u00e4ten vertraut gemacht werden und lernen, wie man sie vorschriftsm\u00e4\u00dfig bedient. In unserem Zentrum arbeiten nur Spezialisten, weshalb wir die h\u00f6chste Qualit\u00e4t der Ausbildung garantieren, so dass der sp\u00e4tere Erwerb eines UDT-Zertifikats kein Problem darstellt.<\/p>\n<p><strong>Anmeldung<\/strong><br \/>\nScherenb\u00fchnen oder <span class=\"linkwartykule\"><a href=\"http:\/\/kursy-udt.pl\/de\/aufzuge-2\/\">Scherenhebeb\u00fchnen<\/a><\/span> sind Ger\u00e4te, die als <span class=\"linkwartykule\"><a href=\"\/de\/ausbildung\/mobile-plattformen\/\">mobile Plattformen<\/a><\/span>. Es handelt sich dabei um freilaufende Plattformen, die dazu bestimmt sind, Personen, Ger\u00e4te und Materialien auf eine bestimmte H\u00f6he zu heben. Um sie zu bedienen, muss ein Angestellter vom Technischen \u00dcberwachungsverein zugelassen sein.<\/p>\n<p>Scherenarbeitsb\u00fchnen werden heutzutage bei verschiedenen Arbeiten eingesetzt - eine Schulung ist unerl\u00e4sslich, um sie professionell und sicher bedienen zu k\u00f6nnen. Scherenb\u00fchnen werden h\u00e4ufig auf Baustellen, bei Ausbauarbeiten, Installationsarbeiten, Dekorationsarbeiten und Reinigungsarbeiten eingesetzt. Neben der Bauindustrie werden die Ger\u00e4te auch in der Werbebranche eingesetzt. Ein Arbeitnehmer, der keine Genehmigung hat, darf nach dem Gesetz nicht an der Arbeit teilnehmen.<\/p>\n<p><strong>Zweck der Ausbildung<\/strong><br \/>\nDie Ausbildung kann von Personen absolviert werden, die mindestens 18 Jahre alt sind, \u00fcber eine abgeschlossene Grundschulausbildung verf\u00fcgen und ein \u00e4rztliches Attest vorlegen, in dem best\u00e4tigt wird, dass keine Gegenanzeigen f\u00fcr die Arbeit als Bediener einer mobilen Arbeitsb\u00fchne vorliegen.<\/p>\n<p>Am Ende des Kurses kann der Teilnehmer die UDT-Pr\u00fcfung ablegen. Nach bestandener Pr\u00fcfung erh\u00e4lt er das entsprechende Dokument, das seine Kenntnisse und F\u00e4higkeiten zum F\u00fchren von Scherenb\u00fchnen best\u00e4tigt. Da es sich um Ger\u00e4te handelt, die der technischen \u00dcberwachung unterliegen, m\u00fcssen alle Mitarbeiter, die mit der Verwendung von Scherenb\u00fchnen betraut sind, eine Genehmigung erhalten, bevor sie diese bei der Arbeit einsetzen k\u00f6nnen.<\/p>\n<p>Im ERGON-Personalentwicklungszentrum haben wir bereits Tausende von Arbeitnehmern geschult, so dass wir aufgrund unserer Erfahrung und Professionalit\u00e4t stets eine erstklassige Dienstleistung garantieren k\u00f6nnen. Wir k\u00f6nnen die Schulungen auch an jedem beliebigen Ort und zu jeder beliebigen Zeit durchf\u00fchren, die der Kunde angibt. F\u00fcr gr\u00f6\u00dfere Gruppen bieten wir g\u00fcnstige Rabatte an.<\/p>\n<p><a href=\"https:\/\/kursy-udt.pl\/de\/kontakt\/\">Sie sind herzlich eingeladen, von unserem Angebot Gebrauch zu machen<\/a> Ausbildung!<\/p>\n<\/div>\n<div class=\"button_styl\" style=\"float:right; padding-left:15px; padding-bottom:8px; margin-bottom:5px;\"><a href=\"https:\/\/platformaedukacji.pl\/login\/signup.php\" rel=\"nofollow\" target=\"_blank\" class=\"myButton myButton_maly\"><font color=\"white\">Anmeldung zur Schulung<\/font><\/a><\/div>","protected":false},"excerpt":{"rendered":"<p>O\u015brodek Doskonalenia Kadr ERGON zaprasza na kurs na platformy no\u017cycowe. Dzi\u0119ki naszym kursom mo\u017cna zdoby\u0107 kluczowe uprawnienia UDT, aby obs\u0142ugiwa\u0107 platformy no\u017cycowe zgodnie z zasadami bezpiecze\u0144stwa i normami okre\u015blonymi przez Urz\u0105d Dozoru Technicznego. Bardzo cz\u0119sto na placach bud\u00f3w oraz przy pracach monta\u017cowych stosowane s\u0105 platformy no\u017cycowe, kursy s\u0105 zatem znakomit\u0105 inwestycj\u0105 zar\u00f3wno dla pracownika, jak i dla pracodawcy. Do obs\u0142ugi tego typu urz\u0105dzenia niezb\u0119dne jest zako\u0144czenie kursu i uzyskanie uprawnie\u0144 UDT I P. Nasze kursy na platformy no\u017cycowe obejmuj\u0105 szeroki zakres informacji teoretycznych, kt\u00f3re prezentuj\u0105 najwa\u017cniejsze dane na temat budowy platform no\u017cycowych i innych podest\u00f3w ruchomych, ich obs\u0142ugi, konserwacji, przepis\u00f3w BHP oraz przepis\u00f3w dozoru technicznego. Tak\u017ce nasze szkolenie w\u0142\u0105cza zaj\u0119cia praktyczne, podczas kt\u00f3rych uczestnicy zaznajamiaj\u0105 si\u0119 z urz\u0105dzeniem i ucz\u0105 si\u0119 ich prawid\u0142owej obs\u0142ugi zgodnie z przepisami. W naszym O\u015brodku zatrudniamy wy\u0142\u0105cznie specjalist\u00f3w, dlatego gwarantujemy najwy\u017csz\u0105 jako\u015b\u0107 kszta\u0142cenia, aby p\u00f3\u017aniejsze zdobycie uprawnie\u0144 UDT nie stanowi\u0142o \u017cadnego problemu. Zastosowanie Platformy no\u017cycowe czy te\u017c podno\u015bniki no\u017cycowe to urz\u0105dzenia zaliczane do podest\u00f3w ruchomych. S\u0105 to podesty wolnobie\u017cne, kt\u00f3re s\u0105 przeznaczone do podnoszenia na okre\u015blon\u0105 wysoko\u015b\u0107 os\u00f3b, wyposa\u017cenia oraz materia\u0142\u00f3w. Aby je obs\u0142ugiwa\u0107, pracownik musi posiada\u0107 uprawnienia Urz\u0119du Dozoru Technicznego. Obecnie w r\u00f3\u017cnego typu pracach s\u0105 stosowane platformy no\u017cycowe \u2013 szkolenia s\u0105 niezb\u0119dne do tego, aby m\u00f3c je obs\u0142ugiwa\u0107 fachowo i z zachowaniem zasad bezpiecze\u0144stwa. Platformy no\u017cycowe s\u0105 cz\u0119sto wykorzystywane na budowach, przy pracach wyko\u0144czeniowych, instalacyjnych, pracach dekoratorskich, czy\u015bcicielskich. Opr\u00f3cz bran\u017cy budowlanej, urz\u0105dzenia s\u0105 stosowane w sektorze reklamowym. Pracownik, kt\u00f3ry nie posiada uprawnie\u0144, nie mo\u017ce zgodnie z przepisami prawa bra\u0107 udzia\u0142u w pracach. Cel szkolenia Do szkolenia mog\u0105 podej\u015b\u0107 [&hellip;]<\/p>\n","protected":false},"author":1,"featured_media":0,"parent":0,"menu_order":0,"comment_status":"closed","ping_status":"closed","template":"","meta":{"sfsi_plus_gutenberg_text_before_share":"","sfsi_plus_gutenberg_show_text_before_share":"","sfsi_plus_gutenberg_icon_type":"","sfsi_plus_gutenberg_icon_alignemt":"","sfsi_plus_gutenburg_max_per_row":"","footnotes":""},"class_list":["post-32","page","type-page","status-publish","hentry","has_thumb"],"aioseo_notices":[],"_links":{"self":[{"href":"https:\/\/kursy-udt.pl\/de\/wp-json\/wp\/v2\/pages\/32","targetHints":{"allow":["GET"]}}],"collection":[{"href":"https:\/\/kursy-udt.pl\/de\/wp-json\/wp\/v2\/pages"}],"about":[{"href":"https:\/\/kursy-udt.pl\/de\/wp-json\/wp\/v2\/types\/page"}],"author":[{"embeddable":true,"href":"https:\/\/kursy-udt.pl\/de\/wp-json\/wp\/v2\/users\/1"}],"replies":[{"embeddable":true,"href":"https:\/\/kursy-udt.pl\/de\/wp-json\/wp\/v2\/comments?post=32"}],"version-history":[{"count":17,"href":"https:\/\/kursy-udt.pl\/de\/wp-json\/wp\/v2\/pages\/32\/revisions"}],"predecessor-version":[{"id":1263,"href":"https:\/\/kursy-udt.pl\/de\/wp-json\/wp\/v2\/pages\/32\/revisions\/1263"}],"wp:attachment":[{"href":"https:\/\/kursy-udt.pl\/de\/wp-json\/wp\/v2\/media?parent=32"}],"curies":[{"name":"wp","href":"https:\/\/api.w.org\/{rel}","templated":true}]}}