{"id":3192,"date":"2020-07-07T21:37:48","date_gmt":"2020-07-07T21:37:48","guid":{"rendered":"https:\/\/kursy-udt.pl\/?page_id=3192"},"modified":"2023-01-05T10:05:18","modified_gmt":"2023-01-05T10:05:18","slug":"betrieb-und-wartung-von-stationaren-kranen","status":"publish","type":"page","link":"https:\/\/kursy-udt.pl\/de\/szkolenia\/zakresy-ksztalcenia\/obsluga-i-konserwacja-zurawi-stacjonarnych\/","title":{"rendered":"Betrieb und Wartung von station\u00e4ren Kr\u00e4nen"},"content":{"rendered":"<h2 class=\"naglowekh2\"><u><strong>Sie erwerben eine Qualifikation:<\/strong><\/u><br \/>\nUDT-Genehmigung zum Betrieb und zur Wartung station\u00e4rer Krane<\/h2>\n<p><img loading=\"lazy\" decoding=\"async\" class=\"obrazekpadding wp-image-3196 size-medium alignleft\" src=\"https:\/\/kursy-udt.pl\/wp-content\/uploads\/2020\/07\/1-7-300x225.jpg\" alt=\"Station\u00e4re Krane\" width=\"300\" height=\"225\" srcset=\"https:\/\/kursy-udt.pl\/wp-content\/uploads\/2020\/07\/1-7-300x225.jpg 300w, https:\/\/kursy-udt.pl\/wp-content\/uploads\/2020\/07\/1-7-768x575.jpg 768w, https:\/\/kursy-udt.pl\/wp-content\/uploads\/2020\/07\/1-7-640x480.jpg 640w, https:\/\/kursy-udt.pl\/wp-content\/uploads\/2020\/07\/1-7-624x467.jpg 624w, https:\/\/kursy-udt.pl\/wp-content\/uploads\/2020\/07\/1-7.jpg 781w\" sizes=\"auto, (max-width: 300px) 100vw, 300px\" \/><a href=\"https:\/\/kursy-udt.pl\/de\/o-firmie\/\">ERGON-Zentrum f\u00fcr Personalverbesserung<\/a> l\u00e4dt Sie ein, unser Schulungsangebot f\u00fcr station\u00e4re Krane in Anspruch zu nehmen!<\/p>\n<p>Station\u00e4re Krane sind h\u00e4ufig verwendete Umschlagger\u00e4te (UTBs), die ein sehr breites Spektrum von Anwendungen in verschiedenen Umschlagaufgaben haben. F\u00fcr die Bedienung von station\u00e4ren Kr\u00e4nen ist ein entsprechender Kurs und eine <a href=\"https:\/\/kursy-udt.pl\/de\/uprawnienia-udt\/kategorie-uprawnien-2\/\">Kr\u00e4fte<\/a>die vom Technischen \u00dcberwachungsverein (UDT) vergeben werden.<\/p>\n<p>Das ERGON-Zentrum bietet umfassende Kurse f\u00fcr Bediener und Wartungspersonal von station\u00e4ren Kranen an. Unser Unterricht umfasst theoretische und praktische Teile, so dass wir unsere Auszubildenden kompetent auf die Pr\u00fcfung und deren erfolgreiches Bestehen vorbereiten k\u00f6nnen.<\/p>\n<h2 class=\"naglowekh2\">In den Schulungen werden unter anderem die folgenden Themen behandelt:<\/h2>\n<ul>\n<li>technische \u00dcberwachung von station\u00e4ren Kr\u00e4nen, einschlie\u00dflich der f\u00fcr ihren Betrieb erforderlichen Genehmigungen<\/li>\n<li>Bau von station\u00e4ren Kr\u00e4nen - S\u00e4ule, Ausleger, Hebezeuge, Antriebe, Elektroinstallation<\/li>\n<li>mechanische Komponenten von station\u00e4ren Kr\u00e4nen - Bl\u00f6cke, Haken, Anbauger\u00e4te, Bremsen und andere<\/li>\n<li>Funktionspr\u00fcfungen von Steuerger\u00e4ten, Antriebsmechanismen und Sicherheitseinrichtungen<\/li>\n<li>korrekte Bedienung von station\u00e4ren Kr\u00e4nen - Pflichten des Bedieners vor, w\u00e4hrend und nach der Arbeit<\/li>\n<li>ordnungsgem\u00e4\u00dfe Wartung von station\u00e4ren Kr\u00e4nen - Wartungsaufgaben, Wartungspr\u00fcfungen und Reparaturen von mechanischen und elektrischen Teilen<\/li>\n<li>Typische St\u00f6rungen und Ausf\u00e4lle, die bei der Arbeit mit station\u00e4ren Kranen auftreten<\/li>\n<li><a href=\"https:\/\/kursy-udt.pl\/de\/szkolenia\/bhp-bezpieczenstwo-pracy\/prawna-ochrona-pracy\/\">GESUNDHEIT UND SICHERHEIT<\/a> i <a href=\"https:\/\/kursy-udt.pl\/de\/szkolenia\/bhp-bezpieczenstwo-pracy\/pierwsza-pomoc-i-dzialania\/\">Erste Hilfe<\/a> beim Betrieb station\u00e4rer Krane<\/li>\n<\/ul>\n<p>Der Unterricht f\u00fcr station\u00e4re Kranf\u00fchrer umfasst 10 bis 20 Unterrichtsstunden einschlie\u00dflich der UDT-Pr\u00fcfung, w\u00e4hrend der Unterricht f\u00fcr Wartungspersonal 38 bis 68 Unterrichtsstunden einschlie\u00dflich der UDT-Pr\u00fcfung umfasst.<\/p>\n<p>Das ERGON-Zentrum f\u00fcr die Entwicklung von Humanressourcen kann den Umfang der Ausbildung auf die individuellen Bed\u00fcrfnisse des Kunden abstimmen.<\/p>\n<p>Nutzen Sie unser Angebot f\u00fcr den Service und die Wartung von station\u00e4ren Kranen!<\/p>\n<p><a href=\"https:\/\/kursy-udt.pl\/wp-content\/uploads\/2023\/01\/43-Zurawie-stacjonarne-kursy-udt.pl_.png\"><img loading=\"lazy\" decoding=\"async\" class=\"wp-image-4680 aligncenter\" src=\"https:\/\/kursy-udt.pl\/wp-content\/uploads\/2023\/01\/43-Zurawie-stacjonarne-kursy-udt.pl_-300x188.png\" alt=\"\" width=\"750\" height=\"469\" srcset=\"https:\/\/kursy-udt.pl\/wp-content\/uploads\/2023\/01\/43-Zurawie-stacjonarne-kursy-udt.pl_-300x188.png 300w, https:\/\/kursy-udt.pl\/wp-content\/uploads\/2023\/01\/43-Zurawie-stacjonarne-kursy-udt.pl_-1024x640.png 1024w, https:\/\/kursy-udt.pl\/wp-content\/uploads\/2023\/01\/43-Zurawie-stacjonarne-kursy-udt.pl_-768x480.png 768w, https:\/\/kursy-udt.pl\/wp-content\/uploads\/2023\/01\/43-Zurawie-stacjonarne-kursy-udt.pl_-18x12.png 18w, https:\/\/kursy-udt.pl\/wp-content\/uploads\/2023\/01\/43-Zurawie-stacjonarne-kursy-udt.pl_-624x390.png 624w, https:\/\/kursy-udt.pl\/wp-content\/uploads\/2023\/01\/43-Zurawie-stacjonarne-kursy-udt.pl_.png 1200w\" sizes=\"auto, (max-width: 750px) 100vw, 750px\" \/><\/a><\/p>\n<div class=\"button_styl\" style=\"float: right; padding-left: 15px; padding-bottom: 8px; margin-bottom: 5px;\"><a class=\"myButton myButton_maly\" href=\"https:\/\/platformaedukacji.pl\/sklep\/\" target=\"_blank\" rel=\"nofollow noopener noreferrer\"><span style=\"color: white;\">Anmeldung zur Schulung<\/span><\/a><\/div>","protected":false},"excerpt":{"rendered":"<p>Sie werden Qualifikationen erwerben: UDT-Berechtigungen zum Bedienen, Warten station\u00e4rer Krane Das ERGON Personalentwicklungszentrum l\u00e4dt Sie ein, das Schulungsangebot f\u00fcr station\u00e4re Krane zu nutzen! Station\u00e4re Krane sind weit verbreitete Umschlagger\u00e4te (UTB), die ein sehr breites Anwendungsspektrum bei verschiedenen Umschlagarbeiten haben. Um station\u00e4re Krane bedienen zu k\u00f6nnen, ist ein entsprechender Kurs und eine Zulassung erforderlich, die vom UDT - Amt f\u00fcr technische \u00dcberwachung - erteilt wird. Das ERGON-Zentrum f\u00fchrt umfassende Kurse \u00fcber station\u00e4re Krane f\u00fcr Bediener und Wartungspersonal dieser Art von Ausr\u00fcstung durch. Unsere Kurse umfassen einen theoretischen und einen praktischen Teil, dank dessen wir unsere Teilnehmer professionell auf die Pr\u00fcfung und deren erfolgreiches Bestehen vorbereiten k\u00f6nnen. Zu den in der Ausbildung behandelten Themen geh\u00f6ren. die folgenden Themen Technische \u00dcberwachung von station\u00e4ren Kr\u00e4nen, einschlie\u00dflich der Arten von Genehmigungen, die f\u00fcr ihren Betrieb erforderlich sind Konstruktion von station\u00e4ren Kr\u00e4nen - S\u00e4ule, Ausleger, Hebemechanismen, Antriebe, Elektroinstallation Mechanische Komponenten von station\u00e4ren Kr\u00e4nen - Bl\u00f6cke, Haken, Anbauger\u00e4te, Bremsen und andere Bewegungen Pr\u00fcfung von Steuerger\u00e4ten, Antriebsmechanismen und Sicherheitsvorrichtungen Richtige Bedienung von station\u00e4ren Kr\u00e4nen - Pflichten des Bedieners vor, Pflichten des Bedieners vor, w\u00e4hrend und nach der Arbeit Ordnungsgem\u00e4\u00dfe Wartung station\u00e4rer Krane - Wartungsaufgaben, Wartungskontrollen und Reparaturen mechanischer und elektrischer Teile Typische Fehler und Ausf\u00e4lle, die bei der Arbeit mit station\u00e4ren Kranen auftreten Gesundheit und Sicherheit sowie Erste Hilfe bei der Bedienung station\u00e4rer Krane Der Unterricht f\u00fcr Bediener station\u00e4rer Krane dauert 10 bis 20 Unterrichtsstunden einschlie\u00dflich der UDT-Pr\u00fcfung und f\u00fcr Bediener von Wartungsanlagen 38 bis 68 Unterrichtsstunden einschlie\u00dflich der UDT-Pr\u00fcfung. Das ERGON-Zentrum f\u00fcr Personalentwicklung ist in der Lage, den Umfang der Ausbildung an die individuellen Anforderungen des Kunden anzupassen. Nutzen Sie unser Angebot f\u00fcr den Betrieb und die Wartung von station\u00e4ren Kranen! Anmeldung zur Schulung<\/p>","protected":false},"author":1,"featured_media":3196,"parent":3226,"menu_order":0,"comment_status":"closed","ping_status":"closed","template":"","meta":{"sfsi_plus_gutenberg_text_before_share":"","sfsi_plus_gutenberg_show_text_before_share":"","sfsi_plus_gutenberg_icon_type":"","sfsi_plus_gutenberg_icon_alignemt":"","sfsi_plus_gutenburg_max_per_row":"","footnotes":""},"class_list":["post-3192","page","type-page","status-publish","has-post-thumbnail","hentry","has_thumb"],"aioseo_notices":[],"_links":{"self":[{"href":"https:\/\/kursy-udt.pl\/de\/wp-json\/wp\/v2\/pages\/3192","targetHints":{"allow":["GET"]}}],"collection":[{"href":"https:\/\/kursy-udt.pl\/de\/wp-json\/wp\/v2\/pages"}],"about":[{"href":"https:\/\/kursy-udt.pl\/de\/wp-json\/wp\/v2\/types\/page"}],"author":[{"embeddable":true,"href":"https:\/\/kursy-udt.pl\/de\/wp-json\/wp\/v2\/users\/1"}],"replies":[{"embeddable":true,"href":"https:\/\/kursy-udt.pl\/de\/wp-json\/wp\/v2\/comments?post=3192"}],"version-history":[{"count":6,"href":"https:\/\/kursy-udt.pl\/de\/wp-json\/wp\/v2\/pages\/3192\/revisions"}],"predecessor-version":[{"id":4681,"href":"https:\/\/kursy-udt.pl\/de\/wp-json\/wp\/v2\/pages\/3192\/revisions\/4681"}],"up":[{"embeddable":true,"href":"https:\/\/kursy-udt.pl\/de\/wp-json\/wp\/v2\/pages\/3226"}],"wp:featuredmedia":[{"embeddable":true,"href":"https:\/\/kursy-udt.pl\/de\/wp-json\/wp\/v2\/media\/3196"}],"wp:attachment":[{"href":"https:\/\/kursy-udt.pl\/de\/wp-json\/wp\/v2\/media?parent=3192"}],"curies":[{"name":"wp","href":"https:\/\/api.w.org\/{rel}","templated":true}]}}