{"id":3185,"date":"2020-07-07T12:49:55","date_gmt":"2020-07-07T12:49:55","guid":{"rendered":"https:\/\/kursy-udt.pl\/?page_id=3185"},"modified":"2023-01-05T10:02:53","modified_gmt":"2023-01-05T10:02:53","slug":"betrieb-und-wartung-von-mobilkranen","status":"publish","type":"page","link":"https:\/\/kursy-udt.pl\/de\/szkolenia\/zakresy-ksztalcenia\/obsluga-i-konserwacja-zurawi-samojezdnych-przenosnych\/","title":{"rendered":"Betrieb und Wartung von mobilen, tragbaren, mobilen und station\u00e4ren Kr\u00e4nen"},"content":{"rendered":"<h2 class=\"naglowekh2\"><u><strong>Sie erwerben eine Qualifikation:<\/strong><\/u><br \/>\nUDT-Genehmigung zum Betrieb und zur Wartung von mobilen, tragbaren, fahrbaren und station\u00e4ren Kr\u00e4nen<\/h2>\n<p><img loading=\"lazy\" decoding=\"async\" class=\"obrazekpadding alignleft wp-image-3186 size-full\" src=\"https:\/\/kursy-udt.pl\/wp-content\/uploads\/2020\/07\/1.jpeg\" alt=\"Kr\u00e4ne\" width=\"300\" height=\"225\" \/><a href=\"https:\/\/kursy-udt.pl\/de\/o-firmie\/\">ERGON-Zentrum f\u00fcr Personalverbesserung<\/a> l\u00e4dt Sie ein, von unserem Schulungsangebot f\u00fcr Mobilkranf\u00fchrer und -instandhalter zu profitieren!<\/p>\n<p>Mobilkrane sind Umschlagger\u00e4te (UTBs), f\u00fcr deren Betrieb und Wartung die entsprechenden Genehmigungen erforderlich sind. Eine entsprechende Ausbildung in diesem Bereich erm\u00f6glicht es, die Ger\u00e4te gem\u00e4\u00df den Anforderungen des T\u00dcV ordnungsgem\u00e4\u00df zu betreiben.<\/p>\n<p>Unser ERGON-Zentrum l\u00e4dt Sie ein, unser Angebot an Kursen f\u00fcr die Arbeit mit Mobilkranen zu nutzen. Unsere Kurse umfassen theoretische und praktische Teile und vermitteln den Teilnehmern ein breites Spektrum an Informationen, die f\u00fcr den Erhalt der entsprechenden Genehmigungen erforderlich sind.<\/p>\n<h2 class=\"naglowekh2\">In den Schulungen werden unter anderem die folgenden Themen behandelt:<\/h2>\n<ul>\n<li><img loading=\"lazy\" decoding=\"async\" class=\"obrazekpadding alignright wp-image-3188 size-medium\" src=\"https:\/\/kursy-udt.pl\/wp-content\/uploads\/2020\/07\/1-6-300x300.jpg\" alt=\"Kr\u00e4ne\" width=\"300\" height=\"300\" \/>technische \u00dcberwachung von Mobilkr\u00e4nen, einschlie\u00dflich <a href=\"https:\/\/kursy-udt.pl\/de\/uprawnienia-udt\/kategorie-uprawnien-2\/\">Anrechte<\/a> die f\u00fcr ihren Betrieb und ihre Wartung erforderlich sind<\/li>\n<li>allgemeine Informationen \u00fcber Mobilkrane - Krantypen (Stra\u00dfenkrane, Stra\u00dfen-\/Gel\u00e4ndekrane, Hofkrane, Gel\u00e4ndekrane, Auslegerkrane, Teleskopkrane, station\u00e4re Krane), Sicherheitsmerkmale der Krane, Betriebsparameter und mehr<\/li>\n<li>Mechanismen des Mobilkrans - Mechanismus zum Heben, Schwenken, Neigen, Teleskopieren des Auslegers<\/li>\n<li>Arten von Anschlagmitteln f\u00fcr Mobilkrane - Seilschlingen, Kettenschlingen<\/li>\n<li>Stabilit\u00e4t bei der korrekten Bedienung des Mobilkrans<\/li>\n<li>Grunds\u00e4tze f\u00fcr den Betrieb von Mobilkranen - Verantwortlichkeiten des Kranf\u00fchrers<\/li>\n<li>Grunds\u00e4tze f\u00fcr die Instandhaltung von Mobilkranen - Verantwortlichkeiten des Kranwarts<\/li>\n<li><a href=\"https:\/\/kursy-udt.pl\/de\/szkolenia\/bhp-bezpieczenstwo-pracy\/prawna-ochrona-pracy\/\">GESUNDHEIT UND SICHERHEIT<\/a> i <a href=\"https:\/\/kursy-udt.pl\/de\/szkolenia\/bhp-bezpieczenstwo-pracy\/pierwsza-pomoc-i-dzialania\/\">Erste Hilfe<\/a> beim Betrieb von Mobilkr\u00e4nen<\/li>\n<\/ul>\n<p>Die Dauer der Ausbildung betr\u00e4gt zwischen 10 und 20 Unterrichtsstunden mit UDT-Pr\u00fcfung f\u00fcr Ger\u00e4tef\u00fchrer und zwischen 38 und 68 Unterrichtsstunden mit UDT-Pr\u00fcfung f\u00fcr Ger\u00e4tepfleger.<\/p>\n<p>Bei Bedarf kann das ERGON-Zentrum das Unterrichtsangebot an die individuellen Bed\u00fcrfnisse der Kunden anpassen.<\/p>\n<p>Wir m\u00f6chten Sie ermutigen, unser Angebot zu nutzen!<\/p>\n<p><a href=\"https:\/\/kursy-udt.pl\/wp-content\/uploads\/2023\/01\/Reklama-Na-Kursy-7-1-1.png\"><img loading=\"lazy\" decoding=\"async\" class=\"aligncenter wp-image-4677\" src=\"https:\/\/kursy-udt.pl\/wp-content\/uploads\/2023\/01\/Reklama-Na-Kursy-7-1-1-300x188.png\" alt=\"\" width=\"750\" height=\"469\" srcset=\"https:\/\/kursy-udt.pl\/wp-content\/uploads\/2023\/01\/Reklama-Na-Kursy-7-1-1-300x188.png 300w, https:\/\/kursy-udt.pl\/wp-content\/uploads\/2023\/01\/Reklama-Na-Kursy-7-1-1-1024x640.png 1024w, https:\/\/kursy-udt.pl\/wp-content\/uploads\/2023\/01\/Reklama-Na-Kursy-7-1-1-768x480.png 768w, https:\/\/kursy-udt.pl\/wp-content\/uploads\/2023\/01\/Reklama-Na-Kursy-7-1-1-18x12.png 18w, https:\/\/kursy-udt.pl\/wp-content\/uploads\/2023\/01\/Reklama-Na-Kursy-7-1-1-624x390.png 624w, https:\/\/kursy-udt.pl\/wp-content\/uploads\/2023\/01\/Reklama-Na-Kursy-7-1-1.png 1200w\" sizes=\"auto, (max-width: 750px) 100vw, 750px\" \/><\/a><\/p>\n<div class=\"button_styl\" style=\"float: right; padding-left: 15px; padding-bottom: 8px; margin-bottom: 5px;\"><a class=\"myButton myButton_maly\" href=\"https:\/\/platformaedukacji.pl\/sklep\/\" target=\"_blank\" rel=\"nofollow noopener noreferrer\"><span style=\"color: white;\">Anmeldung zur Schulung<\/span><\/a><\/div>","protected":false},"excerpt":{"rendered":"<p>Sie werden Qualifikationen erwerben: UDT-Berechtigungen f\u00fcr den Betrieb, die Instandhaltung von mobilen, tragbaren, fahrbaren und station\u00e4ren Kr\u00e4nen Das ERGON-Personalentwicklungszentrum l\u00e4dt Sie ein, das Angebot im Rahmen der Ausbildung f\u00fcr Bediener und Instandhalter von Mobilkr\u00e4nen zu nutzen! Mobilkrane sind Materialtransportger\u00e4te (UTBs), deren Bedienung und Wartung eine entsprechende Qualifikation erfordert. Die richtige Ausbildung in diesem speziellen Bereich erm\u00f6glicht es Ihnen, die Ger\u00e4te gem\u00e4\u00df den Anforderungen des Technischen \u00dcberwachungsamtes korrekt zu bedienen. Unser ERGON-Zentrum l\u00e4dt Sie ein, unser Angebot an Kursen f\u00fcr die Arbeit mit Mobilkr\u00e4nen zu nutzen. Unsere Kurse bestehen aus einem theoretischen und einem praktischen Teil und vermitteln den Teilnehmern ein breites Spektrum an Informationen, die f\u00fcr den Erhalt der entsprechenden Genehmigungen erforderlich sind. In den Kursen werden unter anderem folgende Themen behandelt. die folgenden Themen: technische \u00dcberwachung von Mobilkr\u00e4nen, einschlie\u00dflich der f\u00fcr ihren Betrieb und ihre Wartung erforderlichen Genehmigungen - allgemeine Informationen \u00fcber Mobilkr\u00e4ne - Kranarten (Stra\u00dfen-, Gel\u00e4nde-, Hof-, All-Terrain-Kr\u00e4ne, ausfahrbarer Ausleger, Teleskopausleger, feste L\u00e4nge), Kransicherheitsvorrichtungen, Betriebsparameter und andere Mechanismen von Mobilkr\u00e4nen - Hebe-, Dreh-, Kipp-, Teleskopausleger-Mechanismus - Arten von Anschlagmitteln f\u00fcr Mobilkr\u00e4ne - Seilschlingen,  Bei Bedarf kann das ERGON-Zentrum den Umfang des Unterrichts auf die individuellen Bed\u00fcrfnisse des Kunden abstimmen. Wir laden Sie ein, unser Angebot zu nutzen! Anmeldung zur Schulung<\/p>","protected":false},"author":1,"featured_media":3186,"parent":3226,"menu_order":0,"comment_status":"closed","ping_status":"closed","template":"","meta":{"sfsi_plus_gutenberg_text_before_share":"","sfsi_plus_gutenberg_show_text_before_share":"","sfsi_plus_gutenberg_icon_type":"","sfsi_plus_gutenberg_icon_alignemt":"","sfsi_plus_gutenburg_max_per_row":"","footnotes":""},"class_list":["post-3185","page","type-page","status-publish","has-post-thumbnail","hentry","has_thumb"],"aioseo_notices":[],"_links":{"self":[{"href":"https:\/\/kursy-udt.pl\/de\/wp-json\/wp\/v2\/pages\/3185","targetHints":{"allow":["GET"]}}],"collection":[{"href":"https:\/\/kursy-udt.pl\/de\/wp-json\/wp\/v2\/pages"}],"about":[{"href":"https:\/\/kursy-udt.pl\/de\/wp-json\/wp\/v2\/types\/page"}],"author":[{"embeddable":true,"href":"https:\/\/kursy-udt.pl\/de\/wp-json\/wp\/v2\/users\/1"}],"replies":[{"embeddable":true,"href":"https:\/\/kursy-udt.pl\/de\/wp-json\/wp\/v2\/comments?post=3185"}],"version-history":[{"count":5,"href":"https:\/\/kursy-udt.pl\/de\/wp-json\/wp\/v2\/pages\/3185\/revisions"}],"predecessor-version":[{"id":4678,"href":"https:\/\/kursy-udt.pl\/de\/wp-json\/wp\/v2\/pages\/3185\/revisions\/4678"}],"up":[{"embeddable":true,"href":"https:\/\/kursy-udt.pl\/de\/wp-json\/wp\/v2\/pages\/3226"}],"wp:featuredmedia":[{"embeddable":true,"href":"https:\/\/kursy-udt.pl\/de\/wp-json\/wp\/v2\/media\/3186"}],"wp:attachment":[{"href":"https:\/\/kursy-udt.pl\/de\/wp-json\/wp\/v2\/media?parent=3185"}],"curies":[{"name":"wp","href":"https:\/\/api.w.org\/{rel}","templated":true}]}}