{"id":3180,"date":"2020-07-07T11:59:53","date_gmt":"2020-07-07T11:59:53","guid":{"rendered":"https:\/\/kursy-udt.pl\/?page_id=3180"},"modified":"2023-01-05T09:57:53","modified_gmt":"2023-01-05T09:57:53","slug":"betrieb-und-wartung-von-flurforderzeugen","status":"publish","type":"page","link":"https:\/\/kursy-udt.pl\/de\/szkolenia\/zakresy-ksztalcenia\/obsluga-i-konserwacja-wozkow-z-mechanicznym-napedem-podnoszenia\/","title":{"rendered":"Bedienung und Wartung von kraftbetriebenen Gabelstaplern"},"content":{"rendered":"<h2 class=\"naglowekh2\"><u><strong>Sie erwerben eine Qualifikation:<\/strong><\/u><br \/>\nUDT-Zulassung f\u00fcr den Betrieb und die Wartung von mechanisch betriebenen Gabelstaplern<\/h2>\n<p><img loading=\"lazy\" decoding=\"async\" class=\"obrazekpadding wp-image-3181 size-medium alignleft\" src=\"https:\/\/kursy-udt.pl\/wp-content\/uploads\/2020\/07\/2-300x168.png\" alt=\"Wartung der Wagen\" width=\"300\" height=\"168\" srcset=\"https:\/\/kursy-udt.pl\/wp-content\/uploads\/2020\/07\/2-300x168.png 300w, https:\/\/kursy-udt.pl\/wp-content\/uploads\/2020\/07\/2-624x350.png 624w, https:\/\/kursy-udt.pl\/wp-content\/uploads\/2020\/07\/2.png 652w\" sizes=\"auto, (max-width: 300px) 100vw, 300px\" \/><a href=\"https:\/\/kursy-udt.pl\/de\/o-firmie\/\">ERGON-Zentrum f\u00fcr Personalverbesserung<\/a> l\u00e4dt Sie ein, sich f\u00fcr einen Kurs f\u00fcr Bediener und Wartungspersonal von Gabelstaplern anzumelden!<\/p>\n<p><a href=\"https:\/\/kursy-udt.pl\/de\/szkolenia\/wozkiwidlowe\/\">Gabelstapler<\/a> mit mechanischem Hubantrieb haben ein breites Anwendungsspektrum bei Transportarbeiten auf und au\u00dferhalb der Baustelle. Sie erm\u00f6glichen auch den Transport gro\u00dfer Lasten mit gro\u00dfen Abmessungen, einschlie\u00dflich auf Paletten gestapelter Lasten.<\/p>\n<p>Personen, die mit dem Betrieb und der Wartung dieser Art von Gabelstaplern zu tun haben, sollten die richtige Ausbildung haben. In unserem ERGON-Zentrum bieten wir Ihnen Zugang zu professionellem theoretischem Unterricht und praktischen \u00dcbungen in genau diesem Bereich!<\/p>\n<h2 class=\"naglowekh2\">In den Schulungen werden unter anderem die folgenden Themen behandelt:<\/h2>\n<ul>\n<li>technische \u00dcberwachung von mechanisch betriebenen Gabelstaplern, einschlie\u00dflich <a href=\"https:\/\/kursy-udt.pl\/de\/uprawnienia-udt\/kategorie-uprawnien-2\/\">Anrechte<\/a> f\u00fcr deren Betrieb erforderlich<\/li>\n<li>Typen von Elektrostaplern<\/li>\n<li>Bau von Gabelstaplern mit mechanischem Hubantrieb<\/li>\n<li>die korrekte Bedienung von Flurf\u00f6rderzeugen<\/li>\n<li>Wartung mechanischer Gabelstapler - Wartungskontrollen, regelm\u00e4\u00dfige Inspektionen<\/li>\n<li>die h\u00e4ufigsten Fehler bei kraftbetriebenen Gabelstaplern<\/li>\n<li>Gesundheit, Sicherheit und <a href=\"https:\/\/kursy-udt.pl\/de\/szkolenia\/bhp-bezpieczenstwo-pracy\/pierwsza-pomoc-i-dzialania\/\">Erste Hilfe<\/a> bei Arbeiten mit mechanisch angetriebenen Gabelstaplern<\/li>\n<\/ul>\n<p>Die Dauer der Ausbildung liegt zwischen 10 und 20 Unterrichtsstunden mit UDT-Pr\u00fcfung f\u00fcr die Position des Bedieners und zwischen 38 und 68 Unterrichtsstunden mit UDT-Pr\u00fcfung f\u00fcr die Position des Instandhalters von Flurf\u00f6rderzeugen.<\/p>\n<p>Bei individuellen Anforderungen kann das ERGON-Zentrum den thematischen Umfang des Unterrichts an die Bed\u00fcrfnisse des Kunden anpassen.<\/p>\n<p>Wir laden Sie ein, unsere Dienstleistungen bei ODK ERGON in Anspruch zu nehmen!<\/p>\n<p><a href=\"https:\/\/kursy-udt.pl\/wp-content\/uploads\/2022\/12\/wozki-widlowe-kursy-udt.pl_.png\"><img loading=\"lazy\" decoding=\"async\" class=\"aligncenter wp-image-4547\" src=\"https:\/\/kursy-udt.pl\/wp-content\/uploads\/2022\/12\/wozki-widlowe-kursy-udt.pl_-300x188.png\" alt=\"\" width=\"750\" height=\"469\" srcset=\"https:\/\/kursy-udt.pl\/wp-content\/uploads\/2022\/12\/wozki-widlowe-kursy-udt.pl_-300x188.png 300w, https:\/\/kursy-udt.pl\/wp-content\/uploads\/2022\/12\/wozki-widlowe-kursy-udt.pl_-1024x640.png 1024w, https:\/\/kursy-udt.pl\/wp-content\/uploads\/2022\/12\/wozki-widlowe-kursy-udt.pl_-768x480.png 768w, https:\/\/kursy-udt.pl\/wp-content\/uploads\/2022\/12\/wozki-widlowe-kursy-udt.pl_-18x12.png 18w, https:\/\/kursy-udt.pl\/wp-content\/uploads\/2022\/12\/wozki-widlowe-kursy-udt.pl_-624x390.png 624w, https:\/\/kursy-udt.pl\/wp-content\/uploads\/2022\/12\/wozki-widlowe-kursy-udt.pl_.png 1200w\" sizes=\"auto, (max-width: 750px) 100vw, 750px\" \/><\/a><\/p>\n<div class=\"button_styl\" style=\"float: right; padding-left: 15px; padding-bottom: 8px; margin-bottom: 5px;\"><a class=\"myButton myButton_maly\" href=\"https:\/\/platformaedukacji.pl\/sklep\/\" target=\"_blank\" rel=\"nofollow noopener noreferrer\"><span style=\"color: white;\">Anmeldung zur Schulung<\/span><\/a><\/div>","protected":false},"excerpt":{"rendered":"<p>Sie erhalten Qualifikationen: UDT-Berechtigungen f\u00fcr den Betrieb und die Wartung von mechanisch angetriebenen Staplern Das ERGON-Personalentwicklungszentrum l\u00e4dt Sie ein, sich f\u00fcr einen Kurs f\u00fcr Bediener und Wartungspersonal von mechanisch angetriebenen Staplern anzumelden! Gabelstapler mit mechanischem Hubantrieb haben ein breites Einsatzspektrum bei Transportarbeiten auf und au\u00dferhalb von Baustellen. Sie erm\u00f6glichen auch den Transport gro\u00dfer Lasten mit gro\u00dfen Abmessungen, einschlie\u00dflich auf Paletten gestapelter Lasten. Der Umgang und die Wartung dieser Gabelstapler sollten entsprechend geschult sein. In unserem ERGON-Zentrum bieten wir Zugang zu professionellem theoretischem Unterricht und praktischen \u00dcbungen in diesem Bereich! In den Schulungen werden unter anderem folgende Themen behandelt. die folgenden Themen technische \u00dcberwachung von mechanischen Staplern, einschlie\u00dflich der f\u00fcr ihre Bedienung erforderlichen Qualifikationen Arten von mechanischen Staplern Bau von mechanischen Staplern Richtige Bedienung von mechanischen Staplern Wartung von mechanischen Staplern - Wartungsinspektionen, Die Dauer der Ausbildung betr\u00e4gt 10 bis 20 Unterrichtsstunden mit der UDT-Pr\u00fcfung f\u00fcr die Position des Bedieners und 38 bis 68 Unterrichtsstunden mit der UDT-Pr\u00fcfung f\u00fcr die Position des Bedieners mechanischer Gabelstapler. Im Falle individueller Anforderungen kann das ERGON-Zentrum den thematischen Umfang des Unterrichts an die Bed\u00fcrfnisse des Kunden anpassen. Wir laden Sie ein, unsere Dienstleistungen im ERGON-Zentrum zu nutzen! Anmeldung zur Schulung<\/p>","protected":false},"author":1,"featured_media":3181,"parent":3226,"menu_order":0,"comment_status":"closed","ping_status":"closed","template":"","meta":{"sfsi_plus_gutenberg_text_before_share":"","sfsi_plus_gutenberg_show_text_before_share":"","sfsi_plus_gutenberg_icon_type":"","sfsi_plus_gutenberg_icon_alignemt":"","sfsi_plus_gutenburg_max_per_row":"","footnotes":""},"class_list":["post-3180","page","type-page","status-publish","has-post-thumbnail","hentry","has_thumb"],"aioseo_notices":[],"_links":{"self":[{"href":"https:\/\/kursy-udt.pl\/de\/wp-json\/wp\/v2\/pages\/3180","targetHints":{"allow":["GET"]}}],"collection":[{"href":"https:\/\/kursy-udt.pl\/de\/wp-json\/wp\/v2\/pages"}],"about":[{"href":"https:\/\/kursy-udt.pl\/de\/wp-json\/wp\/v2\/types\/page"}],"author":[{"embeddable":true,"href":"https:\/\/kursy-udt.pl\/de\/wp-json\/wp\/v2\/users\/1"}],"replies":[{"embeddable":true,"href":"https:\/\/kursy-udt.pl\/de\/wp-json\/wp\/v2\/comments?post=3180"}],"version-history":[{"count":5,"href":"https:\/\/kursy-udt.pl\/de\/wp-json\/wp\/v2\/pages\/3180\/revisions"}],"predecessor-version":[{"id":4673,"href":"https:\/\/kursy-udt.pl\/de\/wp-json\/wp\/v2\/pages\/3180\/revisions\/4673"}],"up":[{"embeddable":true,"href":"https:\/\/kursy-udt.pl\/de\/wp-json\/wp\/v2\/pages\/3226"}],"wp:featuredmedia":[{"embeddable":true,"href":"https:\/\/kursy-udt.pl\/de\/wp-json\/wp\/v2\/media\/3181"}],"wp:attachment":[{"href":"https:\/\/kursy-udt.pl\/de\/wp-json\/wp\/v2\/media?parent=3180"}],"curies":[{"name":"wp","href":"https:\/\/api.w.org\/{rel}","templated":true}]}}