{"id":3175,"date":"2020-07-07T11:53:04","date_gmt":"2020-07-07T11:53:04","guid":{"rendered":"https:\/\/kursy-udt.pl\/?page_id=3175"},"modified":"2023-01-04T12:34:00","modified_gmt":"2023-01-04T12:34:00","slug":"bedienung-von-hebezeugen-und-winden-die-von-der-arbeitsebene-aus-gesteuert-werden","status":"publish","type":"page","link":"https:\/\/kursy-udt.pl\/de\/szkolenia\/zakresy-ksztalcenia\/obsluga-wciagnikow-i-wciagarek-sterowanych-z-poziomu-roboczego\/","title":{"rendered":"Bedienung von Hebezeugen und Winden, die von der Arbeitsebene aus gesteuert werden"},"content":{"rendered":"<h2 class=\"naglowekh2\"><u><strong>Sie erwerben eine Qualifikation:<\/strong><\/u><br \/>\nUDT-Genehmigung zum Betrieb von niveaugesteuerten Hebezeugen und Winden<\/h2>\n<p><img loading=\"lazy\" decoding=\"async\" class=\"obrazekpadding alignleft wp-image-3176 size-full\" src=\"https:\/\/kursy-udt.pl\/wp-content\/uploads\/2020\/07\/2-1.jpg\" alt=\"Winde\" width=\"250\" height=\"188\" \/><a href=\"https:\/\/kursy-udt.pl\/de\/o-firmie\/\">ERGON-Zentrum f\u00fcr Personalverbesserung<\/a> l\u00e4dt Sie ein, an einem Kurs \u00fcber Winden und Hebezeuge teilzunehmen, die von der Arbeitsebene aus gesteuert werden!<\/p>\n<p>Niveaugesteuerte Winden und Hebezeuge sind vielseitig einsetzbare Ger\u00e4te f\u00fcr den Materialtransport (UTB). Sie erm\u00f6glichen es, verschiedene Arten von Lasten leicht zu bewegen, indem sie von der Arbeitsebene aus bedient werden.<\/p>\n<p>Der von unserem Zentrum organisierte Kurs \u00fcber Winden und Hebezeuge, die von der Arbeitsebene aus gesteuert werden, richtet sich an alle, die sich f\u00fcr die Bedienung von Winden und Hebezeugen qualifizieren m\u00f6chten. Unsere Kurse kombinieren Theorie und Praxis und bieten eine umfassende Vorbereitung auf die UDT-Pr\u00fcfung.<\/p>\n<h2 class=\"naglowekh2\">In den Schulungen werden unter anderem die folgenden Themen behandelt:<\/h2>\n<ul>\n<li>die wichtigsten Informationen \u00fcber die technische \u00dcberwachung von Winden und niveaugesteuerten Hebezeugen, einschlie\u00dflich <a href=\"https:\/\/kursy-udt.pl\/de\/uprawnienia-udt\/kategorie-uprawnien-2\/\">Anrechte<\/a> die f\u00fcr ihren Betrieb erforderlich sind, Dokumentation, rechtliche Aspekte<\/li>\n<li>technische Merkmale und Konstruktion von niveaugesteuerten Winden und Hebezeugen, einschlie\u00dflich mechanischer, elektrischer und sicherheitstechnischer Komponenten<\/li>\n<li>korrekte Bedienung von Winden und Hebezeugen, die von der Arbeitsebene aus gesteuert werden - Verantwortlichkeiten des Bedieners<\/li>\n<li>Anschlagmittel f\u00fcr niveaugleiche Winden und Hebezeuge und deren korrekte Handhabung<\/li>\n<li><a href=\"https:\/\/kursy-udt.pl\/de\/szkolenia\/bhp-bezpieczenstwo-pracy\/prawna-ochrona-pracy\/\">GESUNDHEIT UND SICHERHEIT<\/a> i <a href=\"https:\/\/kursy-udt.pl\/de\/szkolenia\/bhp-bezpieczenstwo-pracy\/pierwsza-pomoc-i-dzialania\/\">Erste Hilfe<\/a> bei der Bedienung von Winden und Hebezeugen, die von der Arbeitsebene aus gesteuert werden<\/li>\n<\/ul>\n<p>Der Unterricht umfasst 10-20 Unterrichtsstunden mit einer UDT-Pr\u00fcfung.<\/p>\n<p>Das ERGON-Zentrum ist in der Lage, die Themen der Kurse an die individuellen Bed\u00fcrfnisse der Kunden anzupassen.<\/p>\n<p>Wir laden Sie ein, sich f\u00fcr einen Kurs zur Bedienung von Winden und Hebezeugen, die von der Arbeitsebene aus gesteuert werden, anzumelden!<\/p>\n<p><a href=\"https:\/\/kursy-udt.pl\/wp-content\/uploads\/2023\/01\/Reklama-Na-Kursy-7-5.png\"><img loading=\"lazy\" decoding=\"async\" class=\"aligncenter wp-image-4660\" src=\"https:\/\/kursy-udt.pl\/wp-content\/uploads\/2023\/01\/Reklama-Na-Kursy-7-5-300x188.png\" alt=\"\" width=\"750\" height=\"469\" srcset=\"https:\/\/kursy-udt.pl\/wp-content\/uploads\/2023\/01\/Reklama-Na-Kursy-7-5-300x188.png 300w, https:\/\/kursy-udt.pl\/wp-content\/uploads\/2023\/01\/Reklama-Na-Kursy-7-5-1024x640.png 1024w, https:\/\/kursy-udt.pl\/wp-content\/uploads\/2023\/01\/Reklama-Na-Kursy-7-5-768x480.png 768w, https:\/\/kursy-udt.pl\/wp-content\/uploads\/2023\/01\/Reklama-Na-Kursy-7-5-18x12.png 18w, https:\/\/kursy-udt.pl\/wp-content\/uploads\/2023\/01\/Reklama-Na-Kursy-7-5-624x390.png 624w, https:\/\/kursy-udt.pl\/wp-content\/uploads\/2023\/01\/Reklama-Na-Kursy-7-5.png 1200w\" sizes=\"auto, (max-width: 750px) 100vw, 750px\" \/><\/a><\/p>\n<div class=\"button_styl\" style=\"float: right; padding-left: 15px; padding-bottom: 8px; margin-bottom: 5px;\"><a class=\"myButton myButton_maly\" href=\"https:\/\/platformaedukacji.pl\/sklep\/\" target=\"_blank\" rel=\"nofollow noopener noreferrer\"><span style=\"color: white;\">Anmeldung zur Schulung<\/span><\/a><\/div>","protected":false},"excerpt":{"rendered":"<p>Sie werden Qualifikationen erwerben: UDT-Berechtigung zur Bedienung von Hebezeugen und Winden, die von der Arbeitsebene aus gesteuert werden Das ERGON Personalentwicklungszentrum l\u00e4dt Sie zu einem Kurs \u00fcber Hebezeuge und Winden ein, die von der Arbeitsebene aus gesteuert werden! Arbeitsb\u00fchnen und Winden sind Mehrzweckmaschinen f\u00fcr den Materialtransport (UTB). Sie erm\u00f6glichen es, verschiedene Arten von Lasten leicht zu bewegen, indem sie von der Arbeitsebene aus gesteuert werden. Unser Kurs zur Bedienung von Winden und Hebezeugen mit Niveau richtet sich an alle, die sich f\u00fcr die Bedienung von Winden und Hebezeugen qualifizieren m\u00f6chten. Unsere Kurse kombinieren Theorie und Praxis und bieten eine umfassende Vorbereitung auf die UDT-Pr\u00fcfung. In den Schulungen werden unter anderem folgende Themen behandelt. die folgenden Themen: Hauptinformationen \u00fcber die technische \u00dcberwachung von niveaugesteuerten Aufz\u00fcgen und Hebezeugen, einschlie\u00dflich der f\u00fcr ihren Betrieb erforderlichen Genehmigungen, der Dokumentation, der rechtlichen Aspekte, der technischen Merkmale und der Konstruktion von niveaugesteuerten Aufz\u00fcgen und Hebezeugen, einschlie\u00dflich des mechanischen Teils, die korrekte Bedienung von Winden und niveaugesteuerten Hebezeugen - die Verantwortung des Bedieners Anschlagmittel, die in Winden und niveaugesteuerten Hebezeugen verwendet werden, und ihre korrekte Handhabung Gesundheit und Sicherheit sowie Erste Hilfe bei der Bedienung von Winden und niveaugesteuerten Hebezeugen Die Dauer des Kurses betr\u00e4gt 10-20 Unterrichtsstunden mit UDT-Pr\u00fcfung. Das ERGON-Zentrum ist in der Lage, die Kursthemen an die individuellen Kundenw\u00fcnsche anzupassen. Wir laden Sie ein, sich f\u00fcr einen Kurs zur Bedienung von Winden und Hebezeugen, die von der Arbeitsebene aus gesteuert werden, anzumelden! Anmeldung zur Schulung<\/p>","protected":false},"author":1,"featured_media":3176,"parent":3226,"menu_order":0,"comment_status":"closed","ping_status":"closed","template":"","meta":{"sfsi_plus_gutenberg_text_before_share":"","sfsi_plus_gutenberg_show_text_before_share":"","sfsi_plus_gutenberg_icon_type":"","sfsi_plus_gutenberg_icon_alignemt":"","sfsi_plus_gutenburg_max_per_row":"","footnotes":""},"class_list":["post-3175","page","type-page","status-publish","has-post-thumbnail","hentry","has_thumb"],"aioseo_notices":[],"_links":{"self":[{"href":"https:\/\/kursy-udt.pl\/de\/wp-json\/wp\/v2\/pages\/3175","targetHints":{"allow":["GET"]}}],"collection":[{"href":"https:\/\/kursy-udt.pl\/de\/wp-json\/wp\/v2\/pages"}],"about":[{"href":"https:\/\/kursy-udt.pl\/de\/wp-json\/wp\/v2\/types\/page"}],"author":[{"embeddable":true,"href":"https:\/\/kursy-udt.pl\/de\/wp-json\/wp\/v2\/users\/1"}],"replies":[{"embeddable":true,"href":"https:\/\/kursy-udt.pl\/de\/wp-json\/wp\/v2\/comments?post=3175"}],"version-history":[{"count":5,"href":"https:\/\/kursy-udt.pl\/de\/wp-json\/wp\/v2\/pages\/3175\/revisions"}],"predecessor-version":[{"id":4662,"href":"https:\/\/kursy-udt.pl\/de\/wp-json\/wp\/v2\/pages\/3175\/revisions\/4662"}],"up":[{"embeddable":true,"href":"https:\/\/kursy-udt.pl\/de\/wp-json\/wp\/v2\/pages\/3226"}],"wp:featuredmedia":[{"embeddable":true,"href":"https:\/\/kursy-udt.pl\/de\/wp-json\/wp\/v2\/media\/3176"}],"wp:attachment":[{"href":"https:\/\/kursy-udt.pl\/de\/wp-json\/wp\/v2\/media?parent=3175"}],"curies":[{"name":"wp","href":"https:\/\/api.w.org\/{rel}","templated":true}]}}