{"id":3170,"date":"2020-07-07T11:44:54","date_gmt":"2020-07-07T11:44:54","guid":{"rendered":"https:\/\/kursy-udt.pl\/?page_id=3170"},"modified":"2023-01-04T12:07:01","modified_gmt":"2023-01-04T12:07:01","slug":"betrieb-von-selbstfahrenden-hubarbeitsbuhnen","status":"publish","type":"page","link":"https:\/\/kursy-udt.pl\/de\/szkolenia\/zakresy-ksztalcenia\/obsluga-podestow-ruchomych-masztowych-samowznoszacych\/","title":{"rendered":"Bedienung von Mastkletterb\u00fchnen - selbstkletternd"},"content":{"rendered":"<h2 class=\"naglowekh2\"><u><strong>Sie erwerben eine Qualifikation:<\/strong><\/u><br \/>\nUDT-Genehmigungen f\u00fcr den Betrieb von mobilen Mastkletterb\u00fchnen<\/h2>\n<p><img loading=\"lazy\" decoding=\"async\" class=\"obrazekpadding alignleft wp-image-3171 size-medium\" src=\"https:\/\/kursy-udt.pl\/wp-content\/uploads\/2020\/07\/3-300x150.jpg\" alt=\"Betrieb von Plattformen\" width=\"300\" height=\"150\" srcset=\"https:\/\/kursy-udt.pl\/wp-content\/uploads\/2020\/07\/3-300x150.jpg 300w, https:\/\/kursy-udt.pl\/wp-content\/uploads\/2020\/07\/3.jpg 495w\" sizes=\"auto, (max-width: 300px) 100vw, 300px\" \/><a href=\"https:\/\/kursy-udt.pl\/de\/o-firmie\/\">ERGON-Zentrum f\u00fcr Personalverbesserung<\/a> Nutzen Sie unser Angebot an Kursen f\u00fcr selbstkletternde Mastaufz\u00fcge!<\/p>\n<p>Selbsthubarbeitsb\u00fchnen sind Ger\u00e4te, die f\u00fcr Arbeiten in der H\u00f6he konzipiert sind. Der Gesetzgeber schreibt vor, dass der Bediener f\u00fcr die Bedienung dieser Art von Ger\u00e4ten entsprechend qualifiziert sein muss - der Bediener einer selbstkletternden mastgef\u00fchrten mobilen Arbeitsb\u00fchne kann diese Qualifikation nach Bestehen einer Pr\u00fcfung vor einer UDT-Kommission erwerben.<\/p>\n<p><a href=\"https:\/\/kursy-udt.pl\/de\/szkolenia\/udt-wdt-tdt\/podesty-ruchome-masztowe\/\">Training f\u00fcr Mastkletterer<\/a> Die in unserem Zentrum zur Verf\u00fcgung stehenden Selbsthebeger\u00e4te vermitteln den Teilnehmern alle erforderlichen theoretischen Informationen und lehren sie, die Bedienung der Ger\u00e4te zu \u00fcben und bereiten sie so optimal auf die UDT-Pr\u00fcfung vor.<\/p>\n<h2 class=\"naglowekh2\">In den Schulungen werden unter anderem die folgenden Themen behandelt:<\/h2>\n<ul>\n<li>Hauptinformationen \u00fcber selbstfahrende Hubarbeitsb\u00fchnen - technische \u00dcberwachung, <a href=\"https:\/\/kursy-udt.pl\/de\/uprawnienia-udt\/kategorie-uprawnien-2\/\">Anrechte<\/a> und andere<\/li>\n<li>Bau von mastgef\u00fchrten fahrbaren Arbeitsb\u00fchnen - Fundamente und Fahrgestelle, Antriebseinheiten, Arbeitsb\u00fchnen, elektrische Ausr\u00fcstung, Sicherheitsausr\u00fcstung, Markierungen<\/li>\n<li>Festigkeits- und Stabilit\u00e4tsberechnungen f\u00fcr selbstkletternde mobile Mastb\u00fchnen<\/li>\n<li>korrekte Bedienung von selbstfahrenden Hubarbeitsb\u00fchnen - Aufgaben und Verantwortlichkeiten des Bedieners<\/li>\n<li>technische \u00fcberpr\u00fcfung von mastgef\u00fchrten Arbeitsb\u00fchnen<\/li>\n<li>Gesundheit, Sicherheit und Erste Hilfe bei der Arbeit mit selbstkletternden mobilen Arbeitsb\u00fchnen auf Masten<\/li>\n<\/ul>\n<p>Die Gesamtdauer des Erlernens des Umgangs mit selbstkletternden mobilen Mastb\u00fchnen betr\u00e4gt zwischen 10 und 20 Unterrichtsstunden mit UDT-Pr\u00fcfung.<\/p>\n<p>Auf Wunsch kann das ERGON-Zentrum auch den thematischen Umfang der Kurse an die Bed\u00fcrfnisse des Kunden anpassen.<\/p>\n<p><a href=\"https:\/\/kursy-udt.pl\/de\/kontakt\/\">Sie sind herzlich eingeladen, von unserem Angebot Gebrauch zu machen<\/a> f\u00fcr die Lehre am ERGON Personalentwicklungszentrum!<\/p>\n<p><a href=\"https:\/\/kursy-udt.pl\/wp-content\/uploads\/2022\/12\/PODESTY-RUCHOME-kursy-udt.pl_.png\"><img loading=\"lazy\" decoding=\"async\" class=\"aligncenter wp-image-4531\" src=\"https:\/\/kursy-udt.pl\/wp-content\/uploads\/2022\/12\/PODESTY-RUCHOME-kursy-udt.pl_-300x188.png\" alt=\"\" width=\"750\" height=\"469\" srcset=\"https:\/\/kursy-udt.pl\/wp-content\/uploads\/2022\/12\/PODESTY-RUCHOME-kursy-udt.pl_-300x188.png 300w, https:\/\/kursy-udt.pl\/wp-content\/uploads\/2022\/12\/PODESTY-RUCHOME-kursy-udt.pl_-1024x640.png 1024w, https:\/\/kursy-udt.pl\/wp-content\/uploads\/2022\/12\/PODESTY-RUCHOME-kursy-udt.pl_-768x480.png 768w, https:\/\/kursy-udt.pl\/wp-content\/uploads\/2022\/12\/PODESTY-RUCHOME-kursy-udt.pl_-18x12.png 18w, https:\/\/kursy-udt.pl\/wp-content\/uploads\/2022\/12\/PODESTY-RUCHOME-kursy-udt.pl_-624x390.png 624w, https:\/\/kursy-udt.pl\/wp-content\/uploads\/2022\/12\/PODESTY-RUCHOME-kursy-udt.pl_.png 1200w\" sizes=\"auto, (max-width: 750px) 100vw, 750px\" \/><\/a><\/p>\n<div class=\"button_styl\" style=\"float: right; padding-left: 15px; padding-bottom: 8px; margin-bottom: 5px;\"><a class=\"myButton myButton_maly\" href=\"https:\/\/platformaedukacji.pl\/sklep\/\" target=\"_blank\" rel=\"nofollow noopener noreferrer\"><span style=\"color: white;\">Anmeldung zur Schulung<\/span><\/a><\/div>","protected":false},"excerpt":{"rendered":"<p>Sie werden Qualifikationen erwerben: UDT-Berechtigungen zum F\u00fchren von mobilen Hubarbeitsb\u00fchnen Das ERGON Personalentwicklungszentrum l\u00e4dt Sie ein, das Angebot an Kursen \u00fcber mobile Hubarbeitsb\u00fchnen zu nutzen! Selbsthubarbeitsb\u00fchnen sind Ger\u00e4te, die f\u00fcr Arbeiten in der H\u00f6he konzipiert sind. Der Gesetzgeber verlangt, dass Sie \u00fcber die entsprechenden Qualifikationen verf\u00fcgen, um diese Art von Ausr\u00fcstung zu bedienen - der Bediener einer mobilen Masthebeb\u00fchne kann diese nach Bestehen einer Pr\u00fcfung bei der UDT-Kommission erwerben. Der in unserem Zentrum angebotene Lehrgang f\u00fcr selbstfahrende Hubarbeitsb\u00fchnen vermittelt den Teilnehmern alle erforderlichen theoretischen Informationen und lehrt sie die Bedienung des Ger\u00e4ts und bereitet sie so fachgerecht auf die UDT-Pr\u00fcfung vor. In den Schulungen werden unter anderem folgende Themen behandelt. die folgenden Themen: Hauptinformationen \u00fcber mobile Hubarbeitsb\u00fchnen - technische \u00dcberwachung, Genehmigungen u.a. Bau von mobilen Hubarbeitsb\u00fchnen - Fundamente und Fahrgestelle, Antriebseinheiten, Arbeitsb\u00fchnen, elektrische Ausr\u00fcstung, Sicherheitsausr\u00fcstung, Kennzeichnung Festigkeits- und Stabilit\u00e4tsberechnungen von Mastkletterb\u00fchnen Richtige Bedienung von Mastkletterb\u00fchnen - Aufgaben und Verantwortlichkeiten des Bedieners Technische Pr\u00fcfung von Mastkletterb\u00fchnen Sicherheit und Gesundheitsschutz sowie Erste Hilfe bei der Arbeit mit Mastkletterb\u00fchnen Die Gesamtdauer der Ausbildung in der Bedienung von Mastkletterb\u00fchnen liegt zwischen 10 und 20 Unterrichtsstunden, einschlie\u00dflich der UDT-Pr\u00fcfung. Auf Wunsch kann das ERGON-Zentrum auch den thematischen Umfang des Unterrichts an die Bed\u00fcrfnisse des Kunden anpassen. Wir laden Sie herzlich ein, unser Lehrangebot im ERGON Zentrum f\u00fcr Personalentwicklung zu nutzen! Anmeldung zur Schulung<\/p>","protected":false},"author":1,"featured_media":3171,"parent":3226,"menu_order":0,"comment_status":"closed","ping_status":"closed","template":"","meta":{"sfsi_plus_gutenberg_text_before_share":"","sfsi_plus_gutenberg_show_text_before_share":"","sfsi_plus_gutenberg_icon_type":"","sfsi_plus_gutenberg_icon_alignemt":"","sfsi_plus_gutenburg_max_per_row":"","footnotes":""},"class_list":["post-3170","page","type-page","status-publish","has-post-thumbnail","hentry","has_thumb"],"aioseo_notices":[],"_links":{"self":[{"href":"https:\/\/kursy-udt.pl\/de\/wp-json\/wp\/v2\/pages\/3170","targetHints":{"allow":["GET"]}}],"collection":[{"href":"https:\/\/kursy-udt.pl\/de\/wp-json\/wp\/v2\/pages"}],"about":[{"href":"https:\/\/kursy-udt.pl\/de\/wp-json\/wp\/v2\/types\/page"}],"author":[{"embeddable":true,"href":"https:\/\/kursy-udt.pl\/de\/wp-json\/wp\/v2\/users\/1"}],"replies":[{"embeddable":true,"href":"https:\/\/kursy-udt.pl\/de\/wp-json\/wp\/v2\/comments?post=3170"}],"version-history":[{"count":5,"href":"https:\/\/kursy-udt.pl\/de\/wp-json\/wp\/v2\/pages\/3170\/revisions"}],"predecessor-version":[{"id":4647,"href":"https:\/\/kursy-udt.pl\/de\/wp-json\/wp\/v2\/pages\/3170\/revisions\/4647"}],"up":[{"embeddable":true,"href":"https:\/\/kursy-udt.pl\/de\/wp-json\/wp\/v2\/pages\/3226"}],"wp:featuredmedia":[{"embeddable":true,"href":"https:\/\/kursy-udt.pl\/de\/wp-json\/wp\/v2\/media\/3171"}],"wp:attachment":[{"href":"https:\/\/kursy-udt.pl\/de\/wp-json\/wp\/v2\/media?parent=3170"}],"curies":[{"name":"wp","href":"https:\/\/api.w.org\/{rel}","templated":true}]}}