{"id":3163,"date":"2020-07-07T11:36:04","date_gmt":"2020-07-07T11:36:04","guid":{"rendered":"https:\/\/kursy-udt.pl\/?page_id=3163"},"modified":"2023-01-04T12:31:50","modified_gmt":"2023-01-04T12:31:50","slug":"bedienung-von-hebezeugen-und-winden-fur-allgemeine-und-spezielle-zwecke","status":"publish","type":"page","link":"https:\/\/kursy-udt.pl\/de\/szkolenia\/zakresy-ksztalcenia\/obsluga-wciagnikow-i-wciagarek-ogolnego-lub-specjalnego-przeznaczenia\/","title":{"rendered":"Bedienung von Hebezeugen und Winden f\u00fcr allgemeine und spezielle Zwecke"},"content":{"rendered":"<h2 class=\"naglowekh2\"><u><strong>Sie erwerben eine Qualifikation:<\/strong><\/u><br \/>\nUDT-Genehmigung f\u00fcr den Betrieb von Hebezeugen und Winden f\u00fcr allgemeine oder spezielle Zwecke<\/h2>\n<p><img loading=\"lazy\" decoding=\"async\" class=\"obrazekpadding alignleft wp-image-3164 size-medium\" src=\"https:\/\/kursy-udt.pl\/wp-content\/uploads\/2020\/07\/8-200x300.jpg\" alt=\"Hebezeug\" width=\"200\" height=\"300\" srcset=\"https:\/\/kursy-udt.pl\/wp-content\/uploads\/2020\/07\/8-200x300.jpg 200w, https:\/\/kursy-udt.pl\/wp-content\/uploads\/2020\/07\/8-624x937.jpg 624w, https:\/\/kursy-udt.pl\/wp-content\/uploads\/2020\/07\/8.jpg 682w\" sizes=\"auto, (max-width: 200px) 100vw, 200px\" \/><a href=\"https:\/\/kursy-udt.pl\/de\/o-firmie\/\">ERGON-Zentrum f\u00fcr Personalverbesserung<\/a> bietet Hebezeugschulungen an - werfen Sie einen Blick auf das Themenspektrum unserer Kurse!<\/p>\n<p><strong>\u00a0<\/strong>Hebezeuge sind Materialtransportger\u00e4te (UTBs), die f\u00fcr den Transport verschiedener Arten von G\u00fctern verwendet werden. Um sie zu bedienen und zu warten, ist eine entsprechende Ausbildung und Zertifizierung erforderlich.<\/p>\n<p>Die von ODK ERGON durchgef\u00fchrten Hebezeugkurse umfassen theoretische Informationen und praktische \u00dcbungen mit den oben genannten Ger\u00e4ten. Sie bereiten die Teilnehmer darauf vor, die Pr\u00fcfung f\u00fcr die <a href=\"https:\/\/kursy-udt.pl\/de\/uprawnienia-udt\/kategorie-uprawnien-2\/\">Anrechte<\/a> Sie richten sich an alle, die mit dem Betrieb solcher Ger\u00e4te zu tun haben.<\/p>\n<h2 class=\"naglowekh2\">In den Schulungen werden unter anderem die folgenden Themen behandelt:<\/h2>\n<ul>\n<li>technische \u00dcberwachung von Hebezeugen und Winden, einschlie\u00dflich Dokumentation, Normen und Qualifikationen, die f\u00fcr deren Betrieb erforderlich sind<\/li>\n<li>allgemeine Informationen \u00fcber Hebezeuge - technische Spezifikationen, Arten von Hebezeugen und Winden, ihre Verwendung, Kennzeichnung<\/li>\n<li>Konstruktion von Hebezeugen - Baugruppen und Komponenten, einschlie\u00dflich Motoren, Mechanismen, Sicherheitsvorrichtungen<\/li>\n<li>f\u00fcr Hebezeuge verwendete Handhabungsger\u00e4te - Arten von Anschlagmitteln und andere Komponenten<\/li>\n<li>korrekte Bedienung des Hebezeugs - Aufgaben und Verantwortlichkeiten des Hebezeugf\u00fchrers<\/li>\n<li>die h\u00e4ufigsten Fehler bei Hebezeugen<\/li>\n<li><a href=\"https:\/\/kursy-udt.pl\/de\/szkolenia\/bhp-bezpieczenstwo-pracy\/prawna-ochrona-pracy\/\">GESUNDHEIT UND SICHERHEIT<\/a> bei Arbeiten mit Hebezeugen<\/li>\n<\/ul>\n<p>Die Dauer des Kurses betr\u00e4gt zwischen 10 und 20 Unterrichtsstunden mit anschlie\u00dfender UDT-Pr\u00fcfung.<\/p>\n<p>Unser Zentrum kann das thematische Angebot des Unterrichts auch an die individuellen Bed\u00fcrfnisse der Kunden anpassen.<\/p>\n<p><a href=\"https:\/\/kursy-udt.pl\/de\/kontakt\/\">Sie sind herzlich eingeladen, von unserem Angebot Gebrauch zu machen<\/a> im Rahmen unserer Hebezeugkurse und wir ermutigen Sie, mehr \u00fcber unsere anderen Dienstleistungen bei ODK ERGON herauszufinden!<a href=\"https:\/\/kursy-udt.pl\/wp-content\/uploads\/2023\/01\/Reklama-Na-Kursy-7-5.png\"><img loading=\"lazy\" decoding=\"async\" class=\"aligncenter wp-image-4660\" src=\"https:\/\/kursy-udt.pl\/wp-content\/uploads\/2023\/01\/Reklama-Na-Kursy-7-5-300x188.png\" alt=\"\" width=\"750\" height=\"469\" srcset=\"https:\/\/kursy-udt.pl\/wp-content\/uploads\/2023\/01\/Reklama-Na-Kursy-7-5-300x188.png 300w, https:\/\/kursy-udt.pl\/wp-content\/uploads\/2023\/01\/Reklama-Na-Kursy-7-5-1024x640.png 1024w, https:\/\/kursy-udt.pl\/wp-content\/uploads\/2023\/01\/Reklama-Na-Kursy-7-5-768x480.png 768w, https:\/\/kursy-udt.pl\/wp-content\/uploads\/2023\/01\/Reklama-Na-Kursy-7-5-18x12.png 18w, https:\/\/kursy-udt.pl\/wp-content\/uploads\/2023\/01\/Reklama-Na-Kursy-7-5-624x390.png 624w, https:\/\/kursy-udt.pl\/wp-content\/uploads\/2023\/01\/Reklama-Na-Kursy-7-5.png 1200w\" sizes=\"auto, (max-width: 750px) 100vw, 750px\" \/><\/a><\/p>","protected":false},"excerpt":{"rendered":"<p>Uzyskasz kwalifikacje: Uprawnienia UDT do obs\u0142ugi wci\u0105gnik\u00f3w i wci\u0105garek og\u00f3lnego lub specjalnego przeznaczenia O\u015brodek Doskonalenia Kadr ERGON oferuje szkolenie na wci\u0105gniki \u2013 zapraszamy do zapoznania si\u0119 z zakresem tematycznym naszych zaj\u0119\u0107! \u00a0Wci\u0105gniki to urz\u0105dzenia transportu bliskiego (UTB) u\u017cywane w transporcie r\u00f3\u017cnego rodzaju towar\u00f3w. Do ich obs\u0142ugi i konserwacji konieczne jest posiadanie odpowiedniego kursu i uprawnie\u0144. Prowadzone przez ODK ERGON zaj\u0119cia na wci\u0105gniki obejmuj\u0105 informacje teoretyczne oraz \u0107wiczenia warsztatowe \u2013 praktyczne z wy\u017cej wymienionym sprz\u0119tem. Przygotowuj\u0105 one uczestnik\u00f3w do podej\u015bcia do egzaminu na uprawnienia operatora lub konserwatora wci\u0105gnika, a tak\u017ce skierowane s\u0105 do wszystkich os\u00f3b zwi\u0105zanych z eksploatacj\u0105 tych urz\u0105dze\u0144. Podczas szkole\u0144 poruszane s\u0105 m.in. nast\u0119puj\u0105ce tematy: doz\u00f3r techniczny wci\u0105gnik\u00f3w i wci\u0105garek, w tym dokumentacja, normy, uprawnienia potrzebne do ich obs\u0142ugi wiadomo\u015bci og\u00f3lne o wci\u0105gnikach \u2013 parametry techniczne, rodzaje wci\u0105gnik\u00f3w i wci\u0105garek, ich zastosowanie, cechowanie budowa wci\u0105gnik\u00f3w \u2013 zespo\u0142y i elementy, w tym silniki, mechanizmy, urz\u0105dzenia zabezpieczaj\u0105ce sprz\u0119t prze\u0142adunkowy stosowany do wci\u0105gnik\u00f3w \u2013 rodzaje zawiesi i innych komponent\u00f3w prawid\u0142owa obs\u0142uga wci\u0105gnik\u00f3w \u2013 zadania i obowi\u0105zki operatora wci\u0105gnika najcz\u0119\u015bciej wyst\u0119puj\u0105ce awarie wci\u0105gnik\u00f3w BHP przy pracy z wci\u0105gnikami Czas trwania nauki wynosi od 10 do 20 godzin dydaktycznych z egzaminem UDT. Nasz O\u015brodek mo\u017ce tak\u017ce dostosowa\u0107 zakres tematyczny lekcji do indywidualnych wymaga\u0144 klient\u00f3w. Zapraszamy serdecznie do skorzystania z naszej oferty w ramach kurs\u00f3w na wci\u0105gniki i zach\u0119camy do zapoznania si\u0119 z innymi us\u0142ugami w ODK ERGON!<\/p>","protected":false},"author":1,"featured_media":3164,"parent":3226,"menu_order":0,"comment_status":"closed","ping_status":"closed","template":"","meta":{"sfsi_plus_gutenberg_text_before_share":"","sfsi_plus_gutenberg_show_text_before_share":"","sfsi_plus_gutenberg_icon_type":"","sfsi_plus_gutenberg_icon_alignemt":"","sfsi_plus_gutenburg_max_per_row":"","footnotes":""},"class_list":["post-3163","page","type-page","status-publish","has-post-thumbnail","hentry","has_thumb"],"aioseo_notices":[],"_links":{"self":[{"href":"https:\/\/kursy-udt.pl\/de\/wp-json\/wp\/v2\/pages\/3163","targetHints":{"allow":["GET"]}}],"collection":[{"href":"https:\/\/kursy-udt.pl\/de\/wp-json\/wp\/v2\/pages"}],"about":[{"href":"https:\/\/kursy-udt.pl\/de\/wp-json\/wp\/v2\/types\/page"}],"author":[{"embeddable":true,"href":"https:\/\/kursy-udt.pl\/de\/wp-json\/wp\/v2\/users\/1"}],"replies":[{"embeddable":true,"href":"https:\/\/kursy-udt.pl\/de\/wp-json\/wp\/v2\/comments?post=3163"}],"version-history":[{"count":7,"href":"https:\/\/kursy-udt.pl\/de\/wp-json\/wp\/v2\/pages\/3163\/revisions"}],"predecessor-version":[{"id":4661,"href":"https:\/\/kursy-udt.pl\/de\/wp-json\/wp\/v2\/pages\/3163\/revisions\/4661"}],"up":[{"embeddable":true,"href":"https:\/\/kursy-udt.pl\/de\/wp-json\/wp\/v2\/pages\/3226"}],"wp:featuredmedia":[{"embeddable":true,"href":"https:\/\/kursy-udt.pl\/de\/wp-json\/wp\/v2\/media\/3164"}],"wp:attachment":[{"href":"https:\/\/kursy-udt.pl\/de\/wp-json\/wp\/v2\/media?parent=3163"}],"curies":[{"name":"wp","href":"https:\/\/api.w.org\/{rel}","templated":true}]}}