{"id":3158,"date":"2020-07-07T11:30:25","date_gmt":"2020-07-07T11:30:25","guid":{"rendered":"https:\/\/kursy-udt.pl\/?page_id=3158"},"modified":"2023-01-05T09:52:51","modified_gmt":"2023-01-05T09:52:51","slug":"betrieb-und-wartung-von-hebezeugen","status":"publish","type":"page","link":"https:\/\/kursy-udt.pl\/de\/szkolenia\/zakresy-ksztalcenia\/obsluga-i-konserwacja-dzwignikow\/","title":{"rendered":"Bedienung und Wartung von Hebezeugen, sogenannten Fahrzeughebeb\u00fchnen"},"content":{"rendered":"<h2 class=\"naglowekh2\"><u><strong>Sie erwerben eine Qualifikation:<\/strong><\/u><br \/>\nUDT-Berechtigung zum Betrieb und zur Wartung von Hebezeugen, sogenannten Fahrzeugaufz\u00fcgen<\/h2>\n<p><img loading=\"lazy\" decoding=\"async\" class=\"obrazekpadding alignleft wp-image-3159 size-medium\" src=\"https:\/\/kursy-udt.pl\/wp-content\/uploads\/2020\/07\/2-300x300.jpg\" alt=\"Fahrzeug-Hebeb\u00fchnen\" width=\"300\" height=\"300\" srcset=\"https:\/\/kursy-udt.pl\/wp-content\/uploads\/2020\/07\/2-300x300.jpg 300w, https:\/\/kursy-udt.pl\/wp-content\/uploads\/2020\/07\/2.jpg 559w\" sizes=\"auto, (max-width: 300px) 100vw, 300px\" \/>Das ERGON-Zentrum l\u00e4dt Sie ein, sein Kursangebot f\u00fcr Bediener und Wartungspersonal von Fahrzeugaufz\u00fcgen zu nutzen!<\/p>\n<p>Fahrzeughebeb\u00fchnen sind Materialtransportger\u00e4te (UTBs), die f\u00fcr das Anheben von Fahrzeugen verschiedener Art, einschlie\u00dflich Autos und Motorr\u00e4dern, eingesetzt werden. Die Bedienung dieser Art von Ger\u00e4ten sowie ihre Wartung erfordern eine angemessene Ausbildung, die durch eine entsprechende Qualifikation best\u00e4tigt werden sollte.<\/p>\n<p><a href=\"https:\/\/kursy-udt.pl\/de\/o-firmie\/\">ERGON-Zentrum f\u00fcr Personalverbesserung<\/a> f\u00fchrt umfassende <a href=\"https:\/\/kursy-udt.pl\/de\/szkolenia\/udt-wdt-tdt\/zwyzki-podnosniki-koszowe\/\">Aufzugsschulung<\/a> Fahrzeuge, die sich an deren Betreiber und Instandhalter richten. Unser Unterricht umfasst sowohl theoretische Informationen als auch praktische \u00dcbungen. Wir bereiten unsere Auszubildenden professionell auf ihre Pr\u00fcfungen vor!<\/p>\n<h2 class=\"naglowekh2\">In den Schulungen werden unter anderem die folgenden Themen behandelt:<\/h2>\n<ul>\n<li>Allgemeine Informationen \u00fcber Fahrzeughebeb\u00fchnen - Merkmale, Arten von Hebeb\u00fchnen, <a href=\"https:\/\/kursy-udt.pl\/de\/uprawnienia-udt\/kategorie-uprawnien-2\/\">Anrechte<\/a> f\u00fcr deren Betrieb erforderlich<\/li>\n<li>Fahrzeughebeantriebe - hydraulische, pneumatische und hydropneumatische sowie elektrische Antriebe<\/li>\n<li>korrekte Grunds\u00e4tze f\u00fcr das Verladen von Fahrzeugen auf Fahrzeughebeb\u00fchnen - Verantwortlichkeiten des Bedieners von Fahrzeughebeb\u00fchnen, Hebemechanismen, Steuerungen, Sicherheitseinrichtungen<\/li>\n<li>Informationen \u00fcber die Festigkeit und strukturelle Stabilit\u00e4t von Fahrzeughebeb\u00fchnen<\/li>\n<li>Verantwortlichkeiten des Wartungspersonals der Hebeb\u00fchne<\/li>\n<li>technische \u00dcberwachung von Fahrzeughebeb\u00fchnen<\/li>\n<\/ul>\n<p>Die Lernzeit f\u00fcr einen Operator betr\u00e4gt zwischen 10 und 15 Unterrichtsstunden ohne die UDT-Pr\u00fcfung, w\u00e4hrend sie f\u00fcr einen Maintainer zwischen 38 und 68 Stunden betr\u00e4gt, einschlie\u00dflich der UDT-Pr\u00fcfung.<\/p>\n<p>Das ERGON-Zentrum erm\u00f6glicht es, die Themen der Kurse an die individuellen Bed\u00fcrfnisse der Kunden anzupassen.<\/p>\n<p>Sie sind herzlich eingeladen, das Bildungsangebot des ERGON Personalentwicklungszentrums zu nutzen!<\/p>\n<p><a href=\"https:\/\/kursy-udt.pl\/wp-content\/uploads\/2023\/01\/Obsluga-i-konserwacja-dzwignikow-kursy-udt.pl_.png\"><img loading=\"lazy\" decoding=\"async\" class=\"aligncenter wp-image-4670\" src=\"https:\/\/kursy-udt.pl\/wp-content\/uploads\/2023\/01\/Obsluga-i-konserwacja-dzwignikow-kursy-udt.pl_-300x188.png\" alt=\"\" width=\"750\" height=\"469\" srcset=\"https:\/\/kursy-udt.pl\/wp-content\/uploads\/2023\/01\/Obsluga-i-konserwacja-dzwignikow-kursy-udt.pl_-300x188.png 300w, https:\/\/kursy-udt.pl\/wp-content\/uploads\/2023\/01\/Obsluga-i-konserwacja-dzwignikow-kursy-udt.pl_-1024x640.png 1024w, https:\/\/kursy-udt.pl\/wp-content\/uploads\/2023\/01\/Obsluga-i-konserwacja-dzwignikow-kursy-udt.pl_-768x480.png 768w, https:\/\/kursy-udt.pl\/wp-content\/uploads\/2023\/01\/Obsluga-i-konserwacja-dzwignikow-kursy-udt.pl_-18x12.png 18w, https:\/\/kursy-udt.pl\/wp-content\/uploads\/2023\/01\/Obsluga-i-konserwacja-dzwignikow-kursy-udt.pl_-624x390.png 624w, https:\/\/kursy-udt.pl\/wp-content\/uploads\/2023\/01\/Obsluga-i-konserwacja-dzwignikow-kursy-udt.pl_.png 1200w\" sizes=\"auto, (max-width: 750px) 100vw, 750px\" \/><\/a><\/p>\n<div class=\"button_styl\" style=\"float: right; padding-left: 15px; padding-bottom: 8px; margin-bottom: 5px;\"><a class=\"myButton myButton_maly\" href=\"https:\/\/platformaedukacji.pl\/sklep\/\" target=\"_blank\" rel=\"nofollow noopener noreferrer\"><span style=\"color: white;\">Anmeldung zur Schulung<\/span><\/a><\/div>","protected":false},"excerpt":{"rendered":"<p>Uzyskasz kwalifikacje: Uprawnienia UDT do obs\u0142ugi, konserwacji d\u017awignik\u00f3w tzw. podno\u015bnik\u00f3w pojazd\u00f3w O\u015brodek ERGON zach\u0119ca do skorzystania z oferty kurs\u00f3w skierowanej do operator\u00f3w i konserwator\u00f3w podno\u015bnik\u00f3w pojazd\u00f3w! Podno\u015bniki pojazd\u00f3w to urz\u0105dzenia transportu bliskiego (UTB), kt\u00f3re znalaz\u0142y zastosowanie w podnoszeniu pojazd\u00f3w r\u00f3\u017cnych typ\u00f3w, w tym samochod\u00f3w osobowych, motocykli. Obs\u0142uga tego typu urz\u0105dze\u0144, a tak\u017ce ich konserwacja wymaga w\u0142a\u015bciwego przygotowania, kt\u00f3re powinno by\u0107 potwierdzone w\u0142a\u015bciwymi uprawnieniami. O\u015brodek Doskonalenia Kadr ERGON prowadzi kompleksowe szkolenia na podno\u015bniki pojazd\u00f3w skierowane do ich operator\u00f3w i konserwator\u00f3w. Nasze zaj\u0119cia w\u0142\u0105czaj\u0105 informacje teoretyczne, a tak\u017ce \u0107wiczenia praktyczne. Fachowo przygotowujemy naszych kursant\u00f3w do podej\u015bcia do egzamin\u00f3w! Podczas szkole\u0144 poruszane s\u0105 m.in. nast\u0119puj\u0105ce tematy: og\u00f3lne wiadomo\u015bci o podno\u015bnikach pojazd\u00f3w \u2013 charakterystyka, typy podno\u015bnik\u00f3w, uprawnienia potrzebne do ich obs\u0142ugi nap\u0119dy podno\u015bnik\u00f3w pojazd\u00f3w \u2013 nap\u0119dy hydrauliczne, pneumatyczne i hydrauliczno-pneumatyczne oraz elektryczne prawid\u0142owe zasady za\u0142adunku pojazd\u00f3w na podno\u015bniki \u2013 obowi\u0105zki operatora podno\u015bnik\u00f3w pojazd\u00f3w, mechanizmy podnoszenia, urz\u0105dzenia sterownicze, zabezpieczaj\u0105ce informacje o wytrzyma\u0142o\u015bci i stateczno\u015bci konstrukcji podno\u015bnik\u00f3w pojazd\u00f3w obowi\u0105zki konserwatora podno\u015bnik\u00f3w pojazd\u00f3w doz\u00f3r techniczny podno\u015bnik\u00f3w pojazd\u00f3w Czas trwania nauki dla operatora to od 10 do 15 godzin dydaktycznych bez egzaminu UDT, natomiast dla konserwatora od 38 do 68 godzin, w tym egzamin UDT. O\u015brodek ERGON umo\u017cliwia dostosowanie tematyki zaj\u0119\u0107 do indywidualnych wymaga\u0144 klient\u00f3w. Zapraszamy serdecznie do skorzystania z oferty edukacyjnej w O\u015brodku Doskonalenia Kadr ERGON! Zapisz si\u0119 na szkolenie<\/p>","protected":false},"author":1,"featured_media":3159,"parent":3226,"menu_order":0,"comment_status":"closed","ping_status":"closed","template":"","meta":{"sfsi_plus_gutenberg_text_before_share":"","sfsi_plus_gutenberg_show_text_before_share":"","sfsi_plus_gutenberg_icon_type":"","sfsi_plus_gutenberg_icon_alignemt":"","sfsi_plus_gutenburg_max_per_row":"","footnotes":""},"class_list":["post-3158","page","type-page","status-publish","has-post-thumbnail","hentry","has_thumb"],"aioseo_notices":[],"_links":{"self":[{"href":"https:\/\/kursy-udt.pl\/de\/wp-json\/wp\/v2\/pages\/3158","targetHints":{"allow":["GET"]}}],"collection":[{"href":"https:\/\/kursy-udt.pl\/de\/wp-json\/wp\/v2\/pages"}],"about":[{"href":"https:\/\/kursy-udt.pl\/de\/wp-json\/wp\/v2\/types\/page"}],"author":[{"embeddable":true,"href":"https:\/\/kursy-udt.pl\/de\/wp-json\/wp\/v2\/users\/1"}],"replies":[{"embeddable":true,"href":"https:\/\/kursy-udt.pl\/de\/wp-json\/wp\/v2\/comments?post=3158"}],"version-history":[{"count":5,"href":"https:\/\/kursy-udt.pl\/de\/wp-json\/wp\/v2\/pages\/3158\/revisions"}],"predecessor-version":[{"id":4671,"href":"https:\/\/kursy-udt.pl\/de\/wp-json\/wp\/v2\/pages\/3158\/revisions\/4671"}],"up":[{"embeddable":true,"href":"https:\/\/kursy-udt.pl\/de\/wp-json\/wp\/v2\/pages\/3226"}],"wp:featuredmedia":[{"embeddable":true,"href":"https:\/\/kursy-udt.pl\/de\/wp-json\/wp\/v2\/media\/3159"}],"wp:attachment":[{"href":"https:\/\/kursy-udt.pl\/de\/wp-json\/wp\/v2\/media?parent=3158"}],"curies":[{"name":"wp","href":"https:\/\/api.w.org\/{rel}","templated":true}]}}