{"id":3149,"date":"2020-07-02T19:50:47","date_gmt":"2020-07-02T19:50:47","guid":{"rendered":"https:\/\/kursy-udt.pl\/?page_id=3149"},"modified":"2023-01-04T12:09:50","modified_gmt":"2023-01-04T12:09:50","slug":"betrieb-von-hangearbeitsbuhnen","status":"publish","type":"page","link":"https:\/\/kursy-udt.pl\/de\/szkolenia\/zakresy-ksztalcenia\/obsluga-podestow-ruchomych-wiszacych\/","title":{"rendered":"Betrieb von H\u00e4ngearbeitsb\u00fchnen"},"content":{"rendered":"<h2 class=\"naglowekh2\"><u><strong>Sie erwerben eine Qualifikation:<\/strong><\/u><br \/>\nUDT-Genehmigung zum Betrieb von H\u00e4ngearbeitsb\u00fchnen<\/h2>\n<p><img loading=\"lazy\" decoding=\"async\" class=\"obrazekpadding alignleft wp-image-3144 size-medium\" src=\"https:\/\/kursy-udt.pl\/wp-content\/uploads\/2020\/07\/1-5-300x273.jpg\" alt=\"Mobile Plattform\" width=\"300\" height=\"273\" srcset=\"https:\/\/kursy-udt.pl\/wp-content\/uploads\/2020\/07\/1-5-300x273.jpg 300w, https:\/\/kursy-udt.pl\/wp-content\/uploads\/2020\/07\/1-5.jpg 559w\" sizes=\"auto, (max-width: 300px) 100vw, 300px\" \/><a href=\"https:\/\/kursy-udt.pl\/de\/o-firmie\/\">ERGON-Zentrum f\u00fcr Personalverbesserung<\/a> organisiert umfassende <a href=\"https:\/\/kursy-udt.pl\/de\/szkolenia\/podesty-ruchome\/\">Ausbildung f\u00fcr mobile Plattformen<\/a> h\u00e4ngen. Wir ermutigen Sie, ihr Angebot zu erkunden!<\/p>\n<p><a href=\"https:\/\/kursy-udt.pl\/de\/szkolenia\/udt-wdt-tdt\/podesty-ruchome-wiszace\/\">Aufgeh\u00e4ngte mobile Plattformen<\/a> die bei Arbeiten in der H\u00f6he verwendete Ausr\u00fcstung. Sie erfordern eine angemessene theoretische und praktische Vorbereitung und den Besitz der entsprechenden Genehmigungen f\u00fcr ihren Betrieb.<\/p>\n<p>ODK ERGON l\u00e4dt Sie ein, von den umfassenden Kursen zur \u00dcberwachung, Bedienung und Wartung von H\u00e4ngeb\u00fchnen zu profitieren!<\/p>\n<p>Unsere Kurse decken ein breites Spektrum an Informationen \u00fcber H\u00e4ngebr\u00fccken ab. Sie enthalten wichtige theoretische Daten und praktische \u00dcbungen zu diesen Ger\u00e4ten, die es Ihnen erm\u00f6glichen, sich das entsprechende <a href=\"https:\/\/kursy-udt.pl\/de\/uprawnienia-udt\/kategorie-uprawnien-2\/\">UDT-Anspr\u00fcche<\/a>.<\/p>\n<h2 class=\"naglowekh2\">In den Schulungen werden unter anderem die folgenden Themen behandelt:<\/h2>\n<ul>\n<li>die wichtigsten Informationen \u00fcber die technische \u00dcberwachung von H\u00e4ngeb\u00fchnen, einschlie\u00dflich der f\u00fcr deren Betrieb und Wartung erforderlichen Qualifikationen<\/li>\n<li>technische Merkmale von H\u00e4ngeb\u00fchnen - Arbeitsb\u00fchne, Seilwinde, Aufbau, elektrische Ausr\u00fcstung, Notausr\u00fcstung<\/li>\n<li>Festigkeits- und Stabilit\u00e4tsberechnungen f\u00fcr H\u00e4ngeb\u00fchnen<\/li>\n<li>ordnungsgem\u00e4\u00dfe Kennzeichnung von H\u00e4ngebr\u00fccken<\/li>\n<li>korrekte Bedienung von H\u00e4ngeb\u00fchnen - Vorbereitung auf die Arbeit, Aufgabenbeschreibung des Bedieners, Abschluss der Arbeit<\/li>\n<li>Sicherheit und Gesundheitsschutz bei der Arbeit mit H\u00e4ngeb\u00fchnen<\/li>\n<\/ul>\n<p>Die Kursdauer betr\u00e4gt 10-35 Unterrichtsstunden, einschlie\u00dflich der UDT-Pr\u00fcfung.<\/p>\n<p>Das ERGON-Zentrum kann das Angebot an Unterrichtsthemen auch an die individuellen Bed\u00fcrfnisse der Kunden anpassen.<\/p>\n<p>Nutzen Sie unser Bildungsangebot im ERGON Personalentwicklungszentrum!<\/p>\n<p><a href=\"https:\/\/kursy-udt.pl\/wp-content\/uploads\/2022\/12\/PODESTY-RUCHOME-kursy-udt.pl_.png\"><img loading=\"lazy\" decoding=\"async\" class=\"aligncenter wp-image-4531\" src=\"https:\/\/kursy-udt.pl\/wp-content\/uploads\/2022\/12\/PODESTY-RUCHOME-kursy-udt.pl_-300x188.png\" alt=\"\" width=\"750\" height=\"469\" srcset=\"https:\/\/kursy-udt.pl\/wp-content\/uploads\/2022\/12\/PODESTY-RUCHOME-kursy-udt.pl_-300x188.png 300w, https:\/\/kursy-udt.pl\/wp-content\/uploads\/2022\/12\/PODESTY-RUCHOME-kursy-udt.pl_-1024x640.png 1024w, https:\/\/kursy-udt.pl\/wp-content\/uploads\/2022\/12\/PODESTY-RUCHOME-kursy-udt.pl_-768x480.png 768w, https:\/\/kursy-udt.pl\/wp-content\/uploads\/2022\/12\/PODESTY-RUCHOME-kursy-udt.pl_-18x12.png 18w, https:\/\/kursy-udt.pl\/wp-content\/uploads\/2022\/12\/PODESTY-RUCHOME-kursy-udt.pl_-624x390.png 624w, https:\/\/kursy-udt.pl\/wp-content\/uploads\/2022\/12\/PODESTY-RUCHOME-kursy-udt.pl_.png 1200w\" sizes=\"auto, (max-width: 750px) 100vw, 750px\" \/><\/a><\/p>\n<div class=\"button_styl\" style=\"float: right; padding-left: 15px; padding-bottom: 8px; margin-bottom: 5px;\"><a class=\"myButton myButton_maly\" href=\"https:\/\/platformaedukacji.pl\/sklep\/\" target=\"_blank\" rel=\"nofollow noopener noreferrer\"><span style=\"color: white;\">Anmeldung zur Schulung<\/span><\/a><\/div>","protected":false},"excerpt":{"rendered":"<p>Sie werden Qualifikationen erwerben: UDT-Zulassungen f\u00fcr den Betrieb von H\u00e4ngeb\u00fchnen Das ERGON Personnel Improvement Centre organisiert umfassende Schulungen f\u00fcr H\u00e4ngeb\u00fchnen. Wir ermutigen Sie, sich mit deren Umfang vertraut zu machen! Mobile H\u00e4ngeb\u00fchnen sind Ger\u00e4te, die bei Arbeiten in der H\u00f6he eingesetzt werden. Sie erfordern eine angemessene theoretische und praktische Vorbereitung sowie den Besitz der entsprechenden Genehmigungen f\u00fcr den Betrieb. ODK ERGON l\u00e4dt Sie ein, von den umfassenden Kursen zur \u00dcberwachung, Bedienung und Wartung von H\u00e4ngeb\u00fchnen zu profitieren! Unsere Kurse decken ein breites Spektrum an Informationen \u00fcber H\u00e4ngebr\u00fccken ab. Sie enthalten wichtige theoretische Daten und praktische \u00dcbungen zu diesen Ger\u00e4ten, mit denen Sie die entsprechenden UDT-Zulassungen erwerben k\u00f6nnen. Die folgenden Themen werden in den Kursen behandelt. Folgende Themen: Grundlegende Informationen \u00fcber die technische \u00dcberwachung von H\u00e4ngeb\u00fchnen, einschlie\u00dflich der f\u00fcr den Betrieb und die Instandhaltung erforderlichen Genehmigungen Technische Merkmale von H\u00e4ngeb\u00fchnen - Arbeitsb\u00fchne, Seilwinde, Tragkonstruktion, elektrische Ausr\u00fcstung, Notfallausr\u00fcstung Festigkeits- und Stabilit\u00e4tsberechnungen f\u00fcr H\u00e4ngeb\u00fchnen Richtige Kennzeichnung von H\u00e4ngeb\u00fchnen Richtiger Betrieb von H\u00e4ngeb\u00fchnen - Vorbereitung auf die Arbeit, Umfang der T\u00e4tigkeiten des Bedieners, Beendigung der Arbeit Gesundheit und Sicherheit bei der Arbeit mit H\u00e4ngeb\u00fchnen Die Dauer des Kurses betr\u00e4gt 10-35 Unterrichtsstunden, einschlie\u00dflich der UDT-Pr\u00fcfung. Das ERGON-Zentrum kann den Umfang der Unterrichtsthemen auch an individuelle Kundenw\u00fcnsche anpassen. Nutzen Sie unser Bildungsangebot im ERGON Zentrum f\u00fcr Personalentwicklung! Anmeldung zur Schulung<\/p>","protected":false},"author":1,"featured_media":3144,"parent":3226,"menu_order":0,"comment_status":"closed","ping_status":"closed","template":"","meta":{"sfsi_plus_gutenberg_text_before_share":"","sfsi_plus_gutenberg_show_text_before_share":"","sfsi_plus_gutenberg_icon_type":"","sfsi_plus_gutenberg_icon_alignemt":"","sfsi_plus_gutenburg_max_per_row":"","footnotes":""},"class_list":["post-3149","page","type-page","status-publish","has-post-thumbnail","hentry","has_thumb"],"aioseo_notices":[],"_links":{"self":[{"href":"https:\/\/kursy-udt.pl\/de\/wp-json\/wp\/v2\/pages\/3149","targetHints":{"allow":["GET"]}}],"collection":[{"href":"https:\/\/kursy-udt.pl\/de\/wp-json\/wp\/v2\/pages"}],"about":[{"href":"https:\/\/kursy-udt.pl\/de\/wp-json\/wp\/v2\/types\/page"}],"author":[{"embeddable":true,"href":"https:\/\/kursy-udt.pl\/de\/wp-json\/wp\/v2\/users\/1"}],"replies":[{"embeddable":true,"href":"https:\/\/kursy-udt.pl\/de\/wp-json\/wp\/v2\/comments?post=3149"}],"version-history":[{"count":5,"href":"https:\/\/kursy-udt.pl\/de\/wp-json\/wp\/v2\/pages\/3149\/revisions"}],"predecessor-version":[{"id":4651,"href":"https:\/\/kursy-udt.pl\/de\/wp-json\/wp\/v2\/pages\/3149\/revisions\/4651"}],"up":[{"embeddable":true,"href":"https:\/\/kursy-udt.pl\/de\/wp-json\/wp\/v2\/pages\/3226"}],"wp:featuredmedia":[{"embeddable":true,"href":"https:\/\/kursy-udt.pl\/de\/wp-json\/wp\/v2\/media\/3144"}],"wp:attachment":[{"href":"https:\/\/kursy-udt.pl\/de\/wp-json\/wp\/v2\/media?parent=3149"}],"curies":[{"name":"wp","href":"https:\/\/api.w.org\/{rel}","templated":true}]}}