{"id":3142,"date":"2020-07-01T22:03:18","date_gmt":"2020-07-01T22:03:18","guid":{"rendered":"https:\/\/kursy-udt.pl\/?page_id=3142"},"modified":"2023-01-05T11:03:28","modified_gmt":"2023-01-05T11:03:28","slug":"wartung-von-fahrzeuggebundenen-hakengeraten-und-absetzkippern","status":"publish","type":"page","link":"https:\/\/kursy-udt.pl\/de\/szkolenia\/zakresy-ksztalcenia\/konserwacja-dzwignikow-montowanych-na-pojezdzie-tzw-hakowce-i-bramowce\/","title":{"rendered":"Wartung von fahrzeuggebundenen Hebezeugen, so genannten Haken- und Absetzkipper-Hebezeugen"},"content":{"rendered":"<h2 class=\"naglowekh2\"><u><strong>Sie erwerben eine Qualifikation:<\/strong><\/u><br \/>\nUDT-Genehmigung f\u00fcr die Instandhaltung von Fahrzeugkr\u00e4nen, so genannten Hakenliften und Portalkr\u00e4nen<\/h2>\n<p><img loading=\"lazy\" decoding=\"async\" class=\"obrazekpadding alignleft wp-image-3156 size-medium\" src=\"https:\/\/kursy-udt.pl\/wp-content\/uploads\/2020\/07\/1-300x211.png\" alt=\"Montiert am Fahrzeug\" width=\"300\" height=\"211\" srcset=\"https:\/\/kursy-udt.pl\/wp-content\/uploads\/2020\/07\/1-300x211.png 300w, https:\/\/kursy-udt.pl\/wp-content\/uploads\/2020\/07\/1.png 570w\" sizes=\"auto, (max-width: 300px) 100vw, 300px\" \/><a href=\"https:\/\/kursy-udt.pl\/de\/o-firmie\/\">ERGON-Zentrum f\u00fcr Personalverbesserung<\/a> l\u00e4dt Sie ein, an den Kursen f\u00fcr Fahrzeugkr\u00e4ne - Hakenger\u00e4te und Portalkr\u00e4ne - teilzunehmen!<\/p>\n<p>Fahrzeugkr\u00e4ne - Hakenger\u00e4te und Portalkr\u00e4ne - sind Materialtransportger\u00e4te (UTBs) mit einem breiten Anwendungsspektrum f\u00fcr das Be- und Entladen vieler Arten von G\u00fctern, wie Beton, Metall, Holz und andere. Da sie sich auf Fahrzeugen befinden, k\u00f6nnen sie in einer Vielzahl von Bereichen eingesetzt werden - auch dort, wo es keinen Zugang zu solchen Ger\u00e4ten gibt.<\/p>\n<p>Der Betrieb von Fahrzeugkr\u00e4nen erfordert eine angemessene theoretische und praktische Ausbildung und die erforderlichen Qualifikationen, die vom Technischen \u00dcberwachungsverein - UDT - erteilt werden.<\/p>\n<p>Unser ERGON-Zentrum l\u00e4dt Sie zu professionellen und umfassenden Kursen \u00fcber den Betrieb und die Wartung der oben genannten Ger\u00e4te ein. Wir vermitteln theoretische Informationen und organisieren praktische \u00dcbungen, um unsere Auszubildenden solide auf die Pr\u00fcfung und den Erwerb der entsprechenden Lizenzen vorzubereiten!<\/p>\n<h2 class=\"naglowekh2\">In den Schulungen werden unter anderem die folgenden Themen behandelt:<\/h2>\n<ul>\n<li>wichtige Informationen \u00fcber die technische \u00dcberwachung von Wagenhebern - technische \u00dcberwachung, <a href=\"https:\/\/kursy-udt.pl\/de\/uprawnienia-udt\/kategorie-uprawnien-2\/\">Anrechte<\/a>, Dokumentation<\/li>\n<li>Informationen \u00fcber die Konstruktion von Wagenhebern - Konstruktionselemente von Hakenliften und Absetzkippern<\/li>\n<li>korrekte Bedienung von Wagenhebern am Fahrzeug<\/li>\n<li>Wartung von fahrzeugmontierten Wagenhebern<\/li>\n<li>Vorschriften <a href=\"https:\/\/kursy-udt.pl\/de\/szkolenia\/bhp-bezpieczenstwo-pracy\/prawna-ochrona-pracy\/\">GESUNDHEIT UND SICHERHEIT<\/a> i <a href=\"https:\/\/kursy-udt.pl\/de\/szkolenia\/bhp-bezpieczenstwo-pracy\/pierwsza-pomoc-i-dzialania\/\">Erste Hilfe<\/a> im Falle eines Notfalls<\/li>\n<\/ul>\n<p>Die Dauer des Kurses betr\u00e4gt zwischen 38 und 68 Unterrichtsstunden, einschlie\u00dflich der UDT-Pr\u00fcfung.<\/p>\n<p>Das ERGON-Zentrum bietet die M\u00f6glichkeit, das Angebot an Aktivit\u00e4ten individuell nach den Bed\u00fcrfnissen des Kunden zu gestalten.<\/p>\n<p>Wir laden Sie herzlich ein, das Angebot des ERGON Personalentwicklungszentrums zu nutzen!<\/p>\n<p><a href=\"https:\/\/kursy-udt.pl\/wp-content\/uploads\/2023\/01\/Reklama-Na-Kursy-7-1-2.png\"><img loading=\"lazy\" decoding=\"async\" class=\"aligncenter wp-image-4692\" src=\"https:\/\/kursy-udt.pl\/wp-content\/uploads\/2023\/01\/Reklama-Na-Kursy-7-1-2-300x188.png\" alt=\"\" width=\"750\" height=\"469\" srcset=\"https:\/\/kursy-udt.pl\/wp-content\/uploads\/2023\/01\/Reklama-Na-Kursy-7-1-2-300x188.png 300w, https:\/\/kursy-udt.pl\/wp-content\/uploads\/2023\/01\/Reklama-Na-Kursy-7-1-2-1024x640.png 1024w, https:\/\/kursy-udt.pl\/wp-content\/uploads\/2023\/01\/Reklama-Na-Kursy-7-1-2-768x480.png 768w, https:\/\/kursy-udt.pl\/wp-content\/uploads\/2023\/01\/Reklama-Na-Kursy-7-1-2-18x12.png 18w, https:\/\/kursy-udt.pl\/wp-content\/uploads\/2023\/01\/Reklama-Na-Kursy-7-1-2-624x390.png 624w, https:\/\/kursy-udt.pl\/wp-content\/uploads\/2023\/01\/Reklama-Na-Kursy-7-1-2.png 1200w\" sizes=\"auto, (max-width: 750px) 100vw, 750px\" \/><\/a><\/p>\n<div class=\"button_styl\" style=\"float: right; padding-left: 15px; padding-bottom: 8px; margin-bottom: 5px;\"><a class=\"myButton myButton_maly\" href=\"https:\/\/platformaedukacji.pl\/sklep\/\" target=\"_blank\" rel=\"nofollow noopener noreferrer\"><span style=\"color: white;\">Anmeldung zur Schulung<\/span><\/a><\/div>","protected":false},"excerpt":{"rendered":"<p>Sie erwerben Qualifikationen: UDT-Berechtigungen f\u00fcr die Instandhaltung von Fahrzeugkranen - sogenannten Hakenliften und Portalkranen Das ERGON Personalentwicklungszentrum ermuntert Sie, das Kursangebot f\u00fcr Fahrzeugkrane - Hakenlifte und Portalkrane zu nutzen! Fahrzeugkr\u00e4ne - Hakenger\u00e4te und Portalkr\u00e4ne - sind Materialtransportmaschinen (UTBs) mit einem breiten Anwendungsbereich f\u00fcr das Be- und Entladen vieler Arten von G\u00fctern, darunter Betonelemente, Metallelemente, Holz und andere. Da sie auf Fahrzeugen montiert sind, k\u00f6nnen sie in einer Vielzahl von Bereichen eingesetzt werden - auch dort, wo es keinen Zugang zu solchen Ger\u00e4ten gibt. Der Betrieb von Fahrzeugkr\u00e4nen erfordert eine angemessene theoretische und praktische Vorbereitung sowie die Erteilung der erforderlichen Genehmigungen durch das Technische \u00dcberwachungsamt (UDT). Unser ERGON-Zentrum l\u00e4dt Sie zu professionellen und umfassenden Kursen \u00fcber den Betrieb und die Wartung der oben genannten Ger\u00e4te ein. Wir vermitteln theoretische Informationen und organisieren praktische \u00dcbungen, um unsere Auszubildenden solide auf die Pr\u00fcfung und den Erhalt der erforderlichen Lizenzen vorzubereiten! W\u00e4hrend der Ausbildung werden u.a. folgende Themen behandelt: Hauptinformationen zur technischen \u00dcberwachung von Autokr\u00e4nen - technische \u00dcberwachung, Genehmigungen, Dokumentation - Informationen zur Konstruktion von Autokr\u00e4nen - Elemente der Konstruktion von Hakenliften und Portalkr\u00e4nen - ordnungsgem\u00e4\u00dfe Bedienung von Autokr\u00e4nen - Wartung von Autokr\u00e4nen - Gesundheits- und Sicherheitsvorschriften und erste Hilfe bei Notf\u00e4llen Die Dauer der Ausbildung betr\u00e4gt zwischen 38 und 68 Unterrichtsstunden, einschlie\u00dflich der UDT-Pr\u00fcfung. Das ERGON-Zentrum bietet die M\u00f6glichkeit, den Umfang des Unterrichts je nach Kundenwunsch individuell zu ver\u00e4ndern. Wir laden Sie herzlich ein, das Angebot des ERGON-Zentrums f\u00fcr Personalentwicklung zu nutzen! Anmeldung zur Schulung<\/p>","protected":false},"author":1,"featured_media":3156,"parent":3226,"menu_order":0,"comment_status":"closed","ping_status":"closed","template":"","meta":{"sfsi_plus_gutenberg_text_before_share":"","sfsi_plus_gutenberg_show_text_before_share":"","sfsi_plus_gutenberg_icon_type":"","sfsi_plus_gutenberg_icon_alignemt":"","sfsi_plus_gutenburg_max_per_row":"","footnotes":""},"class_list":["post-3142","page","type-page","status-publish","has-post-thumbnail","hentry","has_thumb"],"aioseo_notices":[],"_links":{"self":[{"href":"https:\/\/kursy-udt.pl\/de\/wp-json\/wp\/v2\/pages\/3142","targetHints":{"allow":["GET"]}}],"collection":[{"href":"https:\/\/kursy-udt.pl\/de\/wp-json\/wp\/v2\/pages"}],"about":[{"href":"https:\/\/kursy-udt.pl\/de\/wp-json\/wp\/v2\/types\/page"}],"author":[{"embeddable":true,"href":"https:\/\/kursy-udt.pl\/de\/wp-json\/wp\/v2\/users\/1"}],"replies":[{"embeddable":true,"href":"https:\/\/kursy-udt.pl\/de\/wp-json\/wp\/v2\/comments?post=3142"}],"version-history":[{"count":8,"href":"https:\/\/kursy-udt.pl\/de\/wp-json\/wp\/v2\/pages\/3142\/revisions"}],"predecessor-version":[{"id":4693,"href":"https:\/\/kursy-udt.pl\/de\/wp-json\/wp\/v2\/pages\/3142\/revisions\/4693"}],"up":[{"embeddable":true,"href":"https:\/\/kursy-udt.pl\/de\/wp-json\/wp\/v2\/pages\/3226"}],"wp:featuredmedia":[{"embeddable":true,"href":"https:\/\/kursy-udt.pl\/de\/wp-json\/wp\/v2\/media\/3156"}],"wp:attachment":[{"href":"https:\/\/kursy-udt.pl\/de\/wp-json\/wp\/v2\/media?parent=3142"}],"curies":[{"name":"wp","href":"https:\/\/api.w.org\/{rel}","templated":true}]}}