{"id":3137,"date":"2020-07-01T21:54:28","date_gmt":"2020-07-01T21:54:28","guid":{"rendered":"https:\/\/kursy-udt.pl\/?page_id=3137"},"modified":"2023-01-04T12:22:44","modified_gmt":"2023-01-04T12:22:44","slug":"bedienung-von-spezialstaplern","status":"publish","type":"page","link":"https:\/\/kursy-udt.pl\/de\/szkolenia\/zakresy-ksztalcenia\/obsluga-wozkow-jezdniowych-podnosnikowych-specjalizowanych\/","title":{"rendered":"Bedienung von Spezialstaplern, die den Bediener anheben oder eine variable Reichweite haben"},"content":{"rendered":"<h2 class=\"naglowekh2\"><u><strong>Sie erwerben eine Qualifikation:<\/strong><\/u><br \/>\nUDT-Genehmigungen f\u00fcr den Betrieb von Spezialstaplern zum Anheben des Bedieners oder mit variabler Reichweite<\/h2>\n<p><img loading=\"lazy\" decoding=\"async\" class=\"obrazekpadding alignleft wp-image-3139 size-medium\" src=\"https:\/\/kursy-udt.pl\/wp-content\/uploads\/2020\/07\/1-4-200x300.jpg\" alt=\"Mit variablem Ausleger\" width=\"200\" height=\"300\" srcset=\"https:\/\/kursy-udt.pl\/wp-content\/uploads\/2020\/07\/1-4-200x300.jpg 200w, https:\/\/kursy-udt.pl\/wp-content\/uploads\/2020\/07\/1-4-624x937.jpg 624w, https:\/\/kursy-udt.pl\/wp-content\/uploads\/2020\/07\/1-4.jpg 657w\" sizes=\"auto, (max-width: 200px) 100vw, 200px\" \/>Das Zentrum f\u00fcr Personalentwicklung l\u00e4dt Sie ein, von seinem Schulungsangebot f\u00fcr die Bedienung von Spezialgabelstaplern zu profitieren!<\/p>\n<p>Spezialmotorstapler sind Flurf\u00f6rderzeuge (UTBs), die f\u00fcr eine Reihe von Be- und Entladevorg\u00e4ngen eingesetzt werden. Diese Stapler sind mit einer Hubkabine oder einem variablen \u00dcberhang ausgestattet, was ihnen eine breite Palette von Einsatzm\u00f6glichkeiten in verschiedenen Branchen er\u00f6ffnet.<\/p>\n<p>Die von unserem ERGON-Zentrum angebotenen Kurse f\u00fcr Spezialgabelstapler richten sich an Bewerber, die diese Art von Ger\u00e4ten bedienen m\u00f6chten. Der Unterricht wird in theoretischer und praktischer Form durch \u00dcbungen an Gabelstaplern durchgef\u00fchrt.<\/p>\n<h2 class=\"naglowekh2\">In den Schulungen werden unter anderem die folgenden Themen behandelt:<\/h2>\n<ul>\n<li><a href=\"https:\/\/kursy-udt.pl\/de\/uprawnienia-udt\/kategorie-uprawnien-2\/\">Anrechte<\/a> zum F\u00fchren von Spezialfahrzeugen erforderlich<\/li>\n<li>Spezialstapler mit variabler Reichweite - Informationen \u00fcber Konstruktion, Betriebsmerkmale, Wartungsarbeiten<\/li>\n<li>Speziallastkraftwagen mit hochfahrbarem Fahrerhaus - Informationen \u00fcber Konstruktion, Betriebsmerkmale, Wartungsarbeiten<\/li>\n<li><a href=\"https:\/\/kursy-udt.pl\/de\/szkolenia\/bhp-bezpieczenstwo-pracy\/prawna-ochrona-pracy\/\">GESUNDHEIT UND SICHERHEIT<\/a> bei der Arbeit mit Spezialfahrzeugen<\/li>\n<\/ul>\n<p>Die Kursdauer liegt zwischen 10 und 35 Unterrichtsstunden, einschlie\u00dflich einer Pr\u00fcfung vor der UDT-Kommission.<\/p>\n<p>Auf Wunsch des Kunden kann das ERGON-Zentrum das Angebot an Kursen auf die individuellen Bed\u00fcrfnisse abstimmen.<\/p>\n<p>Wir laden Sie ein, unser Angebot zu nutzen in <a href=\"https:\/\/kursy-udt.pl\/de\/o-firmie\/\">ODK ERGON<\/a>!<\/p>\n<p><a href=\"https:\/\/kursy-udt.pl\/wp-content\/uploads\/2022\/12\/wozki-widlowe-kursy-udt.pl_.png\"><img loading=\"lazy\" decoding=\"async\" class=\"aligncenter wp-image-4547\" src=\"https:\/\/kursy-udt.pl\/wp-content\/uploads\/2022\/12\/wozki-widlowe-kursy-udt.pl_-300x188.png\" alt=\"\" width=\"750\" height=\"469\" srcset=\"https:\/\/kursy-udt.pl\/wp-content\/uploads\/2022\/12\/wozki-widlowe-kursy-udt.pl_-300x188.png 300w, https:\/\/kursy-udt.pl\/wp-content\/uploads\/2022\/12\/wozki-widlowe-kursy-udt.pl_-1024x640.png 1024w, https:\/\/kursy-udt.pl\/wp-content\/uploads\/2022\/12\/wozki-widlowe-kursy-udt.pl_-768x480.png 768w, https:\/\/kursy-udt.pl\/wp-content\/uploads\/2022\/12\/wozki-widlowe-kursy-udt.pl_-18x12.png 18w, https:\/\/kursy-udt.pl\/wp-content\/uploads\/2022\/12\/wozki-widlowe-kursy-udt.pl_-624x390.png 624w, https:\/\/kursy-udt.pl\/wp-content\/uploads\/2022\/12\/wozki-widlowe-kursy-udt.pl_.png 1200w\" sizes=\"auto, (max-width: 750px) 100vw, 750px\" \/><\/a><\/p>\n<div class=\"button_styl\" style=\"float: right; padding-left: 15px; padding-bottom: 8px; margin-bottom: 5px;\"><a class=\"myButton myButton_maly\" href=\"https:\/\/platformaedukacji.pl\/sklep\/\" target=\"_blank\" rel=\"nofollow noopener noreferrer\"><span style=\"color: white;\">Anmeldung zur Schulung<\/span><\/a><\/div>","protected":false},"excerpt":{"rendered":"<p>Sie werden Qualifikationen erwerben: UDT-Qualifikation f\u00fcr die Bedienung von Spezialstaplern mit Hebefunktion oder variabler Reichweite Das Zentrum f\u00fcr die Verbesserung der Humanressourcen l\u00e4dt Sie ein, sein Schulungsangebot f\u00fcr die Bedienung von Spezialstaplern mit Motorantrieb in Anspruch zu nehmen! Spezialmotorisierte Flurf\u00f6rderzeuge sind Umschlagger\u00e4te (UTB), die bei einer Reihe von Be- und Entladevorg\u00e4ngen eingesetzt werden. Diese Gabelstapler sind mit einer Hubkabine oder einem variablen \u00dcberhang ausgestattet, was ihnen eine breite Palette von Anwendungen in verschiedenen Branchen erm\u00f6glicht. Die von unserem ERGON-Zentrum angebotenen Kurse f\u00fcr Spezialgabelstapler richten sich an Bewerber, die diese Art von Ger\u00e4ten bedienen m\u00f6chten. Der Unterricht wird in theoretischer und praktischer Form durch \u00dcbungen an Gabelstaplern durchgef\u00fchrt. W\u00e4hrend der Schulung werden folgende Themen behandelt: Erforderliche Genehmigungen f\u00fcr den Betrieb von Spezialgabelstaplern - Spezialgabelstapler mit variabler Reichweite - Informationen \u00fcber die Konstruktion, die Arbeitsmerkmale und die Wartungsarbeiten - Spezialgabelstapler mit hochfahrbarer Fahrerkabine - Informationen \u00fcber die Konstruktion, die Arbeitsmerkmale und die Wartungsarbeiten - Gesundheit und Sicherheit bei der Arbeit mit Spezialgabelstaplern Die Dauer des Unterrichts liegt zwischen 10 und 35 Unterrichtsstunden, einschlie\u00dflich einer Pr\u00fcfung vor einer Kommission des Technischen \u00dcberwachungsamtes. Auf Wunsch des Kunden kann das ERGON-Zentrum den Umfang des Unterrichts an die individuellen Bed\u00fcrfnisse anpassen. Profitieren Sie von unserem Angebot im ERGON-Zentrum! Anmeldung zur Schulung<\/p>","protected":false},"author":1,"featured_media":3139,"parent":3226,"menu_order":0,"comment_status":"closed","ping_status":"closed","template":"","meta":{"sfsi_plus_gutenberg_text_before_share":"","sfsi_plus_gutenberg_show_text_before_share":"","sfsi_plus_gutenberg_icon_type":"","sfsi_plus_gutenberg_icon_alignemt":"","sfsi_plus_gutenburg_max_per_row":"","footnotes":""},"class_list":["post-3137","page","type-page","status-publish","has-post-thumbnail","hentry","has_thumb"],"aioseo_notices":[],"_links":{"self":[{"href":"https:\/\/kursy-udt.pl\/de\/wp-json\/wp\/v2\/pages\/3137","targetHints":{"allow":["GET"]}}],"collection":[{"href":"https:\/\/kursy-udt.pl\/de\/wp-json\/wp\/v2\/pages"}],"about":[{"href":"https:\/\/kursy-udt.pl\/de\/wp-json\/wp\/v2\/types\/page"}],"author":[{"embeddable":true,"href":"https:\/\/kursy-udt.pl\/de\/wp-json\/wp\/v2\/users\/1"}],"replies":[{"embeddable":true,"href":"https:\/\/kursy-udt.pl\/de\/wp-json\/wp\/v2\/comments?post=3137"}],"version-history":[{"count":7,"href":"https:\/\/kursy-udt.pl\/de\/wp-json\/wp\/v2\/pages\/3137\/revisions"}],"predecessor-version":[{"id":4656,"href":"https:\/\/kursy-udt.pl\/de\/wp-json\/wp\/v2\/pages\/3137\/revisions\/4656"}],"up":[{"embeddable":true,"href":"https:\/\/kursy-udt.pl\/de\/wp-json\/wp\/v2\/pages\/3226"}],"wp:featuredmedia":[{"embeddable":true,"href":"https:\/\/kursy-udt.pl\/de\/wp-json\/wp\/v2\/media\/3139"}],"wp:attachment":[{"href":"https:\/\/kursy-udt.pl\/de\/wp-json\/wp\/v2\/media?parent=3137"}],"curies":[{"name":"wp","href":"https:\/\/api.w.org\/{rel}","templated":true}]}}