{"id":3131,"date":"2020-07-01T21:32:51","date_gmt":"2020-07-01T21:32:51","guid":{"rendered":"https:\/\/kursy-udt.pl\/?page_id=3131"},"modified":"2023-01-05T09:59:27","modified_gmt":"2023-01-05T09:59:27","slug":"betrieb-und-wartung-von-teleskopladern","status":"publish","type":"page","link":"https:\/\/kursy-udt.pl\/de\/szkolenia\/zakresy-ksztalcenia\/obsluga-i-konserwacja-ladowarki-teleskopowe\/","title":{"rendered":"Betrieb und Wartung von Spezialstaplern mit variabler Reichweite, sogenannten Teleskopstaplern"},"content":{"rendered":"<h2 class=\"naglowekh2\"><u><strong>Sie erwerben eine Qualifikation:<\/strong><\/u><br \/>\nUDT-Berechtigung zum F\u00fchren\/Warten von speziellen Gabelstaplern mit variabler Reichweite, sogenannten Teleskopstaplern.<\/h2>\n<p><img loading=\"lazy\" decoding=\"async\" class=\"obrazekpadding wp-image-3132 size-medium alignleft\" src=\"https:\/\/kursy-udt.pl\/wp-content\/uploads\/2020\/07\/1-3-300x200.jpg\" alt=\"Teleskoplader\" width=\"300\" height=\"200\" srcset=\"https:\/\/kursy-udt.pl\/wp-content\/uploads\/2020\/07\/1-3-300x200.jpg 300w, https:\/\/kursy-udt.pl\/wp-content\/uploads\/2020\/07\/1-3.jpg 481w\" sizes=\"auto, (max-width: 300px) 100vw, 300px\" \/><a href=\"https:\/\/kursy-udt.pl\/de\/o-firmie\/\">ERGON-Zentrum f\u00fcr Personalverbesserung<\/a> ist spezialisiert auf die Organisation von Ausbildungskursen f\u00fcr den Betrieb und die Wartung von Materialtransportger\u00e4ten (UTB). Profitieren Sie von unserem Angebot f\u00fcr den Betrieb und die Wartung von Teleskopladern!<\/p>\n<p>Teleskopstapler sind Ger\u00e4te mit einer breiten Palette von Einsatzm\u00f6glichkeiten und werden auf vielen Baustellen eingesetzt. Die Bedienung dieser Art von Ger\u00e4ten erfordert eine entsprechende Qualifikation. Sie werden auch f\u00fcr die Position des Telehandler-Wartungstechnikers ben\u00f6tigt.<\/p>\n<p>ODK ERGON l\u00e4dt Sie ein, unser Angebot f\u00fcr den Betrieb und die Wartung von Teleskopladern in Anspruch zu nehmen. Unser Unterricht umfasst eine breite Palette an theoretischen Informationen sowie praktische \u00dcbungen zu den oben genannten Ger\u00e4ten. Wir bereiten unsere Auszubildenden zuverl\u00e4ssig auf ihre Pr\u00fcfungen vor!<\/p>\n<h2 class=\"naglowekh2\">In den Schulungen werden unter anderem die folgenden Themen behandelt:<\/h2>\n<ul>\n<li>Vorschriften f\u00fcr die technische \u00dcberwachung von Teleskopladern, einschlie\u00dflich <a href=\"https:\/\/kursy-udt.pl\/de\/uprawnienia-udt\/kategorie-uprawnien-2\/\">Anrechte<\/a> die f\u00fcr den Betrieb der Ger\u00e4te erforderlich sind, die Dokumentation der Ger\u00e4te<\/li>\n<li>Allgemeine Merkmale und Aufbau der Spezialstapler mit variabler Reichweite, sogenannte Teleskopstapler - Ausleger, Motor, Elektrik, Bremssystem, Hydrauliksystem<\/li>\n<li>Bedienung von Spezialstaplern mit variabler Reichweite - Arbeitstechniken von Teleskopladern, einschlie\u00dflich der Arten von Anbauger\u00e4ten<\/li>\n<li>Wartung ausgew\u00e4hlter Spezialgabelstapler mit variabler Reichweite - Teleskopstapler, einschlie\u00dflich Wartung des Auslegers, des Verbrennungsmotors, der elektrischen Anlage, des Bremssystems und der Hydraulikanlage<\/li>\n<li>\u00dcberholung ausgew\u00e4hlter Telehandler<\/li>\n<li><a href=\"https:\/\/kursy-udt.pl\/de\/szkolenia\/bhp-bezpieczenstwo-pracy\/prawna-ochrona-pracy\/\">GESUNDHEIT UND SICHERHEIT<\/a> und Sicherheit und Gesundheitsschutz bei der Arbeit mit Teleskopladern<\/li>\n<\/ul>\n<p>Der Unterricht f\u00fcr Bediener und Telehandler-Wartungspersonal umfasst 10 bis 35 Unterrichtsstunden f\u00fcr die Bedienung und 38 bis 48 Unterrichtsstunden f\u00fcr die Wartung, einschlie\u00dflich der UDT-Pr\u00fcfung.<\/p>\n<p>Unser Zentrum kann den Umfang des Lernens auf die individuellen Bed\u00fcrfnisse des Kunden abstimmen.<\/p>\n<p>Nutzen Sie die Weiterbildungsangebote des ERGON Personalentwicklungszentrums!<\/p>\n<p><a href=\"https:\/\/kursy-udt.pl\/wp-content\/uploads\/2022\/12\/wozki-widlowe-kursy-udt.pl_.png\"><img loading=\"lazy\" decoding=\"async\" class=\"aligncenter wp-image-4547\" src=\"https:\/\/kursy-udt.pl\/wp-content\/uploads\/2022\/12\/wozki-widlowe-kursy-udt.pl_-300x188.png\" alt=\"\" width=\"750\" height=\"469\" srcset=\"https:\/\/kursy-udt.pl\/wp-content\/uploads\/2022\/12\/wozki-widlowe-kursy-udt.pl_-300x188.png 300w, https:\/\/kursy-udt.pl\/wp-content\/uploads\/2022\/12\/wozki-widlowe-kursy-udt.pl_-1024x640.png 1024w, https:\/\/kursy-udt.pl\/wp-content\/uploads\/2022\/12\/wozki-widlowe-kursy-udt.pl_-768x480.png 768w, https:\/\/kursy-udt.pl\/wp-content\/uploads\/2022\/12\/wozki-widlowe-kursy-udt.pl_-18x12.png 18w, https:\/\/kursy-udt.pl\/wp-content\/uploads\/2022\/12\/wozki-widlowe-kursy-udt.pl_-624x390.png 624w, https:\/\/kursy-udt.pl\/wp-content\/uploads\/2022\/12\/wozki-widlowe-kursy-udt.pl_.png 1200w\" sizes=\"auto, (max-width: 750px) 100vw, 750px\" \/><\/a><\/p>\n<div class=\"button_styl\" style=\"float: right; padding-left: 15px; padding-bottom: 8px; margin-bottom: 5px;\"><a class=\"myButton myButton_maly\" href=\"https:\/\/platformaedukacji.pl\/sklep\/\" target=\"_blank\" rel=\"nofollow noopener noreferrer\"><span style=\"color: white;\">Anmeldung zur Schulung<\/span><\/a><\/div>","protected":false},"excerpt":{"rendered":"<p>Uzyskasz kwalifikacje: Uprawnienia UDT do obs\u0142ugi\/konserwacji w\u00f3zk\u00f3w jezdniowych podno\u015bnikowych specjalizowanych ze zmiennym wysi\u0119giem tzw. \u0142adowarki teleskopowe O\u015brodek Doskonalenia Kadr ERGON specjalizuje si\u0119 w organizacji szkole\u0144 w ramach obs\u0142ugi i konserwacji urz\u0105dze\u0144 transportu bliskiego (UTB). Zach\u0119camy do skorzystania z naszej oferty dotycz\u0105cej obs\u0142ugi i konserwacji \u0142adowarek teleskopowych! \u0141adowarki teleskopowe to urz\u0105dzenia posiadaj\u0105ce szerokie zastosowanie w pracach prze\u0142adunkowych, kt\u00f3re u\u017cywane s\u0105 na wielu stanowiskach pracy. Obs\u0142uga tego typu urz\u0105dze\u0144 wymaga w\u0142a\u015bciwych uprawnie\u0144. S\u0105 one potrzebne tak\u017ce na stanowisku konserwatora \u0142adowarek teleskopowych. ODK ERGON zaprasza do skorzystania z oferty w zakresie obs\u0142ugi i konserwacji \u0142adowarek teleskopowych. Nasze zaj\u0119cia w\u0142\u0105czaj\u0105 pe\u0142n\u0105 gam\u0119 informacji teoretycznych, a tak\u017ce \u0107wiczenia praktyczne zwi\u0105zane z wy\u017cej wymienionymi urz\u0105dzeniami. Solidnie przygotowujemy naszych kursant\u00f3w do podej\u015bcia do egzamin\u00f3w! Podczas szkole\u0144 poruszane s\u0105 m.in. nast\u0119puj\u0105ce tematy: przepisy dozoru technicznego dotycz\u0105ce \u0142adowarek teleskopowych, w tym uprawnienia potrzebne do ich obs\u0142ugi, dokumentacja urz\u0105dze\u0144 og\u00f3lna charakterystyka i budowa w\u00f3zk\u00f3w jezdniowych podno\u015bnikowych specjalizowanych ze zmiennym wysi\u0119giem tzw. \u0142adowarek teleskopowych \u2013 wysi\u0119gnik, silnik, instalacja elektryczna, uk\u0142ad hamulcowy, uk\u0142ad hydrauliczny eksploatacja w\u00f3zk\u00f3w jezdniowych podno\u015bnikowych specjalizowanych ze zmiennym wysi\u0119giem \u0142adowarek teleskopowych \u2013 technologie prowadzenia rob\u00f3t z u\u017cyciem \u0142adowarek teleskopowych, w tym rodzaje osprz\u0119tu roboczego konserwacja wybranych w\u00f3zk\u00f3w jezdniowych podno\u015bnikowych specjalizowanych ze zmiennym wysi\u0119giem \u2013 \u0142adowarek teleskopowych, w tym konserwacja wysi\u0119gnika, silnika spalinowego, instalacji elektrycznej, uk\u0142adu hamulcowego, uk\u0142adu hydraulicznego remonty wybranych \u0142adowarek teleskopowych BHP i PPO\u017b przy pracy z \u0142adowarkami teleskopowymi Czas trwania zaj\u0119\u0107 dla operator\u00f3w oraz dla konserwator\u00f3w \u0142adowarek teleskopowych wynosi od 10 do 35 godzin dydaktycznych w zakresie obs\u0142ugi i 38-48 godzin dydaktycznych w zakresie konserwacji, w tym egzamin UDT. Nasz O\u015brodek mo\u017ce [&hellip;]<\/p>\n","protected":false},"author":1,"featured_media":3132,"parent":3226,"menu_order":0,"comment_status":"closed","ping_status":"closed","template":"","meta":{"sfsi_plus_gutenberg_text_before_share":"","sfsi_plus_gutenberg_show_text_before_share":"","sfsi_plus_gutenberg_icon_type":"","sfsi_plus_gutenberg_icon_alignemt":"","sfsi_plus_gutenburg_max_per_row":"","footnotes":""},"class_list":["post-3131","page","type-page","status-publish","has-post-thumbnail","hentry","has_thumb"],"aioseo_notices":[],"_links":{"self":[{"href":"https:\/\/kursy-udt.pl\/de\/wp-json\/wp\/v2\/pages\/3131","targetHints":{"allow":["GET"]}}],"collection":[{"href":"https:\/\/kursy-udt.pl\/de\/wp-json\/wp\/v2\/pages"}],"about":[{"href":"https:\/\/kursy-udt.pl\/de\/wp-json\/wp\/v2\/types\/page"}],"author":[{"embeddable":true,"href":"https:\/\/kursy-udt.pl\/de\/wp-json\/wp\/v2\/users\/1"}],"replies":[{"embeddable":true,"href":"https:\/\/kursy-udt.pl\/de\/wp-json\/wp\/v2\/comments?post=3131"}],"version-history":[{"count":5,"href":"https:\/\/kursy-udt.pl\/de\/wp-json\/wp\/v2\/pages\/3131\/revisions"}],"predecessor-version":[{"id":4675,"href":"https:\/\/kursy-udt.pl\/de\/wp-json\/wp\/v2\/pages\/3131\/revisions\/4675"}],"up":[{"embeddable":true,"href":"https:\/\/kursy-udt.pl\/de\/wp-json\/wp\/v2\/pages\/3226"}],"wp:featuredmedia":[{"embeddable":true,"href":"https:\/\/kursy-udt.pl\/de\/wp-json\/wp\/v2\/media\/3132"}],"wp:attachment":[{"href":"https:\/\/kursy-udt.pl\/de\/wp-json\/wp\/v2\/media?parent=3131"}],"curies":[{"name":"wp","href":"https:\/\/api.w.org\/{rel}","templated":true}]}}