{"id":3125,"date":"2020-07-01T18:58:28","date_gmt":"2020-07-01T18:58:28","guid":{"rendered":"https:\/\/kursy-udt.pl\/?page_id=3125"},"modified":"2020-07-08T20:45:12","modified_gmt":"2020-07-08T20:45:12","slug":"wartung-von-mobilkranen","status":"publish","type":"page","link":"https:\/\/kursy-udt.pl\/de\/szkolenia\/zakresy-ksztalcenia\/konserwacja-zurawi-przeladunkowych-przenosnych\/","title":{"rendered":"Wartung von Umschlagkr\u00e4nen - mobil"},"content":{"rendered":"<h2 class=\"naglowekh2\"><u><strong>Sie erwerben eine Qualifikation:<\/strong><\/u><br \/>\nUDT-Genehmigung f\u00fcr die Instandhaltung von Ladekr\u00e4nen - mobil<\/h2>\n<p><a href=\"https:\/\/kursy-udt.pl\/wp-content\/uploads\/2020\/07\/1-2.jpg\"><img loading=\"lazy\" decoding=\"async\" class=\"obrazekpadding wp-image-3127 size-medium alignleft\" src=\"https:\/\/kursy-udt.pl\/wp-content\/uploads\/2020\/07\/1-2-200x300.jpg\" alt=\"Umschlagkr\u00e4ne\" width=\"200\" height=\"300\" srcset=\"https:\/\/kursy-udt.pl\/wp-content\/uploads\/2020\/07\/1-2-200x300.jpg 200w, https:\/\/kursy-udt.pl\/wp-content\/uploads\/2020\/07\/1-2.jpg 375w\" sizes=\"auto, (max-width: 200px) 100vw, 200px\" \/><\/a><a href=\"https:\/\/kursy-udt.pl\/de\/o-firmie\/\">ERGON-Zentrum f\u00fcr Personalverbesserung<\/a> l\u00e4dt Sie ein, unser Schulungsangebot f\u00fcr den Umgang mit Kr\u00e4nen - Installation und Wartung - zu nutzen!<\/p>\n<p>Umschlagkr\u00e4ne sind Mehrzweck-Umschlagger\u00e4te (UTBs), die f\u00fcr den Umschlag vieler Arten von Lasten ausgelegt sind. Diese Krane k\u00f6nnen auch auf Fahrzeuge montiert werden, so dass die Be- und Entladearbeiten \u00fcberall durchgef\u00fchrt werden k\u00f6nnen.<\/p>\n<p>Zur Bedienung von Hafenkr\u00e4nen, geeignete <a href=\"https:\/\/kursy-udt.pl\/de\/uprawnienia-udt\/kategorie-uprawnien-2\/\">Anrechte<\/a>. Unser ERGON-Zentrum l\u00e4dt Sie ein, das Angebot eines Kurses \u00fcber die Handhabung von Kr\u00e4nen zu nutzen, der umfassende Informationen \u00fcber die Installation und Wartung dieser Art von Ger\u00e4ten sowie \u00fcber deren Betrieb vermittelt.<\/p>\n<p>Der Kurs behandelt alle wichtigen Themen im Zusammenhang mit dem Betrieb, der Installation und der Wartung von Umschlagkranen. Das theoretische und praktische Format des Kurses erm\u00f6glicht eine optimale Vorbereitung auf die UDT-Pr\u00fcfung und die Arbeit als Kranf\u00fchrer und -instandhalter.<\/p>\n<h2 class=\"naglowekh2\">In den Schulungen werden unter anderem die folgenden Themen behandelt:<\/h2>\n<ul>\n<li>f\u00fcr die Arbeit mit Kr\u00e4nen erforderliche Qualifikationen<\/li>\n<li>Grundtypen von Umschlagkr\u00e4nen - Allzweckkr\u00e4ne, Mobilkr\u00e4ne, station\u00e4re Kr\u00e4ne, Holzkr\u00e4ne, Industriekr\u00e4ne<\/li>\n<li>Konstruktion des Umschlagkrans - Mechanismen, Antrieb, hydraulische Steuerung<\/li>\n<li>Steuerungs- und Sicherheitseinrichtungen f\u00fcr Hafenkr\u00e4ne<\/li>\n<li>Montage von Umschlagkr\u00e4nen<\/li>\n<li>Messungen nach der Installation von Kr\u00e4nen<\/li>\n<li>Wartung von Umschlagkr\u00e4nen - Kranwartungsaufgaben<\/li>\n<li>technische \u00dcberwachung von Umschlagkr\u00e4nen<\/li>\n<\/ul>\n<p>Die Studiendauer betr\u00e4gt 38 - 68 Unterrichtsstunden, einschlie\u00dflich der UDT-Pr\u00fcfung.<\/p>\n<p>Das ERGON-Zentrum kann das thematische Angebot des Unterrichts auf die individuellen Erwartungen der Kunden abstimmen.<\/p>\n<p>Sie sind herzlich eingeladen, unser Weiterbildungsangebot im ERGON-Personalentwicklungszentrum in Anspruch zu nehmen!<\/p>\n<div class=\"button_styl\" style=\"float: right; padding-left: 15px; padding-bottom: 8px; margin-bottom: 5px;\"><a class=\"myButton myButton_maly\" href=\"https:\/\/platformaedukacji.pl\/sklep\/\" target=\"_blank\" rel=\"nofollow noopener noreferrer\"><span style=\"color: white;\">Anmeldung zur Schulung<\/span><\/a><\/div>","protected":false},"excerpt":{"rendered":"<p>Sie erhalten Qualifikationen: UDT-Berechtigung f\u00fcr die Instandhaltung von Umschlagkranen - mobil Das ERGON Personalentwicklungszentrum l\u00e4dt Sie ein, das Schulungsangebot f\u00fcr Umschlagkrane - Installation und Instandhaltung zu nutzen! Umschlagkr\u00e4ne sind vielseitig einsetzbare Flurf\u00f6rderzeuge (UTB), die f\u00fcr den Transport vieler Arten von Lasten ausgelegt sind. Diese Krane k\u00f6nnen auch auf Fahrzeuge montiert werden, so dass die Be- und Entladearbeiten \u00fcberall durchgef\u00fchrt werden k\u00f6nnen. F\u00fcr den Betrieb von Umschlagkranen sind entsprechende Genehmigungen erforderlich. Unser ERGON-Zentrum l\u00e4dt Sie zu einem Kurs \u00fcber Lade- und Entladekrane ein, der umfassende Informationen \u00fcber die Installation, die Wartung und den Betrieb dieser Art von Ger\u00e4ten vermittelt. Der Kurs behandelt alle wichtigen Themen im Zusammenhang mit dem Betrieb, der Montage und der Wartung von Umschlagkr\u00e4nen. Das theoretische und praktische Format des Kurses erm\u00f6glicht eine optimale Vorbereitung auf die UDT-Pr\u00fcfung und die Arbeit als Kranf\u00fchrer und -instandhalter. Die Lehrg\u00e4nge umfassen unter anderem. die folgenden Themen: Berechtigungen, die f\u00fcr die Arbeit mit Kr\u00e4nen erforderlich sind - Grundtypen von Umschlagkr\u00e4nen - Allzweckkr\u00e4ne, Mobilkr\u00e4ne, station\u00e4re Kr\u00e4ne, Holzkr\u00e4ne, Industriekr\u00e4ne - Aufbau eines Umschlagkrans - Mechanismen, Antrieb, hydraulische Steuerung - Steuerungs- und Sicherheitseinrichtungen von Umschlagkr\u00e4nen - Montage von Umschlagkr\u00e4nen - Messungen nach der Montage von Kr\u00e4nen - Wartung von Umschlagkr\u00e4nen - Aufgaben eines Kranwarts - Technische \u00dcberwachung von Umschlagkr\u00e4nen Die Dauer der Ausbildung betr\u00e4gt 38 - 68 Unterrichtsstunden, einschlie\u00dflich der UDT-Pr\u00fcfung. Das ERGON-Zentrum kann den thematischen Umfang des Unterrichts an die individuellen Erwartungen des Kunden anpassen. Wir laden Sie herzlich ein, unsere Schulungsangebote im ERGON-Zentrum f\u00fcr Personalentwicklung in Anspruch zu nehmen! F\u00fcr eine Schulung anmelden<\/p>","protected":false},"author":1,"featured_media":3127,"parent":3226,"menu_order":0,"comment_status":"closed","ping_status":"closed","template":"","meta":{"sfsi_plus_gutenberg_text_before_share":"","sfsi_plus_gutenberg_show_text_before_share":"","sfsi_plus_gutenberg_icon_type":"","sfsi_plus_gutenberg_icon_alignemt":"","sfsi_plus_gutenburg_max_per_row":"","footnotes":""},"class_list":["post-3125","page","type-page","status-publish","has-post-thumbnail","hentry","has_thumb"],"aioseo_notices":[],"_links":{"self":[{"href":"https:\/\/kursy-udt.pl\/de\/wp-json\/wp\/v2\/pages\/3125","targetHints":{"allow":["GET"]}}],"collection":[{"href":"https:\/\/kursy-udt.pl\/de\/wp-json\/wp\/v2\/pages"}],"about":[{"href":"https:\/\/kursy-udt.pl\/de\/wp-json\/wp\/v2\/types\/page"}],"author":[{"embeddable":true,"href":"https:\/\/kursy-udt.pl\/de\/wp-json\/wp\/v2\/users\/1"}],"replies":[{"embeddable":true,"href":"https:\/\/kursy-udt.pl\/de\/wp-json\/wp\/v2\/comments?post=3125"}],"version-history":[{"count":3,"href":"https:\/\/kursy-udt.pl\/de\/wp-json\/wp\/v2\/pages\/3125\/revisions"}],"predecessor-version":[{"id":3243,"href":"https:\/\/kursy-udt.pl\/de\/wp-json\/wp\/v2\/pages\/3125\/revisions\/3243"}],"up":[{"embeddable":true,"href":"https:\/\/kursy-udt.pl\/de\/wp-json\/wp\/v2\/pages\/3226"}],"wp:featuredmedia":[{"embeddable":true,"href":"https:\/\/kursy-udt.pl\/de\/wp-json\/wp\/v2\/media\/3127"}],"wp:attachment":[{"href":"https:\/\/kursy-udt.pl\/de\/wp-json\/wp\/v2\/media?parent=3125"}],"curies":[{"name":"wp","href":"https:\/\/api.w.org\/{rel}","templated":true}]}}