{"id":3119,"date":"2020-07-01T14:09:02","date_gmt":"2020-07-01T14:09:02","guid":{"rendered":"https:\/\/kursy-udt.pl\/?page_id=3119"},"modified":"2023-01-05T09:38:20","modified_gmt":"2023-01-05T09:38:20","slug":"krananhangedienst","status":"publish","type":"page","link":"https:\/\/kursy-udt.pl\/de\/szkolenia\/zakresy-ksztalcenia\/obluga-zawiesi-dzwignic\/","title":{"rendered":"Handhabung von Krangeh\u00e4ngen"},"content":{"rendered":"<h2 class=\"naglowekh2\"><u><strong>Sie erwerben eine Qualifikation:<\/strong><\/u><br \/>\nUDT-Genehmigung f\u00fcr den Betrieb von Krangeh\u00e4ngen<\/h2>\n<p><img loading=\"lazy\" decoding=\"async\" class=\"obrazekpadding wp-image-3121 size-medium alignleft\" src=\"https:\/\/kursy-udt.pl\/wp-content\/uploads\/2020\/07\/1-1-300x165.jpg\" alt=\"Hebelschlingen\" width=\"300\" height=\"165\" srcset=\"https:\/\/kursy-udt.pl\/wp-content\/uploads\/2020\/07\/1-1-300x165.jpg 300w, https:\/\/kursy-udt.pl\/wp-content\/uploads\/2020\/07\/1-1.jpg 522w\" sizes=\"auto, (max-width: 300px) 100vw, 300px\" \/><a href=\"https:\/\/kursy-udt.pl\/de\/o-firmie\/\">ERGON-Zentrum f\u00fcr Personalverbesserung<\/a> l\u00e4dt Sie ein, an Kursen f\u00fcr den sicheren Betrieb von Krangeh\u00e4ngen (Br\u00fcckenkr\u00e4ne, Hebezeuge und Winden sowie Kr\u00e4ne) teilzunehmen!<\/p>\n<p>Krane sind Ger\u00e4te, die h\u00e4ufig als Materialtransportger\u00e4te (UTB) eingesetzt werden. Sie k\u00f6nnen mit verschiedenen Arten von Anschlagmitteln ausgestattet werden, die die Handhabung vieler Arten von Lasten erm\u00f6glichen. Die Wahl der richtigen Anschlagmittel ist f\u00fcr die Sicherheit des Transports verantwortlich - f\u00fcr die Ausr\u00fcstung, die Lasten und die beteiligten Personen.<\/p>\n<p>Die von unserem ERGON-Zentrum organisierte Schulung konzentriert sich auf die Auswahl der besten Arten von Krangeh\u00e4ngen. Sie richtet sich an Personen, die f\u00fcr den Betrieb von Kr\u00e4nen verantwortlich sind, sowie an Mitarbeiter, die sich <a href=\"https:\/\/kursy-udt.pl\/de\/uprawnienia-udt\/kategorie-uprawnien-2\/\">Anrechte<\/a> Haken- und\/oder Signalmann. Die Kurse werden nach den Grunds\u00e4tzen der internationalen Norm ISO 23853\/2018 - Haken- und Stellwerkerausbildung - organisiert.<\/p>\n<p>W\u00e4hrend des Unterrichts behandeln wir die wichtigsten Themen im Zusammenhang mit der Arbeit eines Kranf\u00fchrers. Wir legen Wert auf die Vermittlung von theoretischem Wissen und f\u00fchren auch praktische \u00dcbungen zum Thema Krangeh\u00e4nge durch.<\/p>\n<h2 class=\"naglowekh2\">In den Schulungen werden unter anderem die folgenden Themen behandelt:<\/h2>\n<ul>\n<li>Informationen \u00fcber die erforderlichen Qualifikationen zur Bedienung von Kr\u00e4nen und Anschlagmitteln<\/li>\n<li>Allgemeine Informationen \u00fcber Krane - Bau, Betrieb<\/li>\n<li>Auswahl geeigneter Anschlagmittel f\u00fcr Krane in Abh\u00e4ngigkeit von der Art der Last, den Betriebsbedingungen des Krans und anderen Faktoren<\/li>\n<li>Arten von Anschlagmitteln f\u00fcr Krane - Anschlagseile aus Stahldraht, Kettenschlingen, Gurtb\u00e4nder aus synthetischen Fasern, Anschlagmittel f\u00fcr besondere Zwecke<\/li>\n<li>Richtige Bedienung und Konstruktion von Krangeh\u00e4ngen - Aufgaben des Hakensetzers, Signalisierung, Pr\u00fcfung - Pr\u00fcfung von Anschlagmitteln<\/li>\n<li>Anforderungen <a href=\"https:\/\/kursy-udt.pl\/de\/szkolenia\/bhp-bezpieczenstwo-pracy\/prawna-ochrona-pracy\/\">GESUNDHEIT UND SICHERHEIT<\/a> bei der Handhabung von Anschlagmitteln<\/li>\n<\/ul>\n<p>Die Dauer des Studiums betr\u00e4gt zwischen 7 und 15 Unterrichtsstunden.<\/p>\n<p>Das ERGON-Zentrum kann das Themenangebot auch auf individuelle Kundenw\u00fcnsche abstimmen.<\/p>\n<p>Nutzen Sie unser Schulungsangebot rund um das Thema Krangeh\u00e4nge!<\/p>\n<p><a href=\"https:\/\/kursy-udt.pl\/wp-content\/uploads\/2023\/01\/Obsluga-zawiesi-dzwignic-kursy-udt.pl_.png\"><img loading=\"lazy\" decoding=\"async\" class=\"aligncenter wp-image-4664\" src=\"https:\/\/kursy-udt.pl\/wp-content\/uploads\/2023\/01\/Obsluga-zawiesi-dzwignic-kursy-udt.pl_-300x188.png\" alt=\"\" width=\"750\" height=\"469\" srcset=\"https:\/\/kursy-udt.pl\/wp-content\/uploads\/2023\/01\/Obsluga-zawiesi-dzwignic-kursy-udt.pl_-300x188.png 300w, https:\/\/kursy-udt.pl\/wp-content\/uploads\/2023\/01\/Obsluga-zawiesi-dzwignic-kursy-udt.pl_-1024x640.png 1024w, https:\/\/kursy-udt.pl\/wp-content\/uploads\/2023\/01\/Obsluga-zawiesi-dzwignic-kursy-udt.pl_-768x480.png 768w, https:\/\/kursy-udt.pl\/wp-content\/uploads\/2023\/01\/Obsluga-zawiesi-dzwignic-kursy-udt.pl_-18x12.png 18w, https:\/\/kursy-udt.pl\/wp-content\/uploads\/2023\/01\/Obsluga-zawiesi-dzwignic-kursy-udt.pl_-624x390.png 624w, https:\/\/kursy-udt.pl\/wp-content\/uploads\/2023\/01\/Obsluga-zawiesi-dzwignic-kursy-udt.pl_.png 1200w\" sizes=\"auto, (max-width: 750px) 100vw, 750px\" \/><\/a><\/p>\n<div class=\"button_styl\" style=\"float: right; padding-left: 15px; padding-bottom: 8px; margin-bottom: 5px;\"><a class=\"myButton myButton_maly\" href=\"https:\/\/platformaedukacji.pl\/sklep\/\" target=\"_blank\" rel=\"nofollow noopener noreferrer\"><span style=\"color: white;\">Anmeldung zur Schulung<\/span><\/a><\/div>","protected":false},"excerpt":{"rendered":"<p>Sie werden Qualifikationen erwerben: UDT-Berechtigungen f\u00fcr das Bedienen von Krangeh\u00e4ngen Das ERGON-Personalentwicklungszentrum l\u00e4dt Sie ein, an Kursen f\u00fcr das sichere Bedienen von Krangeh\u00e4ngen (Br\u00fcckenkrane, Hebezeuge und Kr\u00e4ne) teilzunehmen! Krane sind Ger\u00e4te, die h\u00e4ufig als Materialtransportmittel (UTB) eingesetzt werden. Sie k\u00f6nnen mit verschiedenen Arten von Anschlagmitteln ausgestattet werden, die die Handhabung vieler Arten von Lasten erm\u00f6glichen. Die Wahl der richtigen Anschlagmittel ist f\u00fcr die Sicherheit des Transports verantwortlich - f\u00fcr die Ausr\u00fcstung, die Lasten und die beteiligten Personen. Die von unserem ERGON-Zentrum organisierte Schulung konzentriert sich auf die Auswahl der besten Arten von Krangeh\u00e4ngen. Sie richtet sich an Personen, die f\u00fcr den Betrieb von Kr\u00e4nen verantwortlich sind, sowie an Mitarbeiter, die eine Zulassung als Haken- und\/oder Signalmann erwerben m\u00f6chten. Die Kurse sind nach den Grunds\u00e4tzen der internationalen Norm ISO 23853\/2018 - Haken- und Stellwerkerausbildung - organisiert. In den Kursen behandeln wir die wichtigsten Themen im Zusammenhang mit der Arbeit eines Haken- und Signalmannes. Wir legen Wert auf die Vermittlung von theoretischem Wissen und f\u00fchren auch praktische \u00dcbungen im Zusammenhang mit Krangeh\u00e4ngen durch. W\u00e4hrend der Schulungen werden u. a. folgende Themen behandelt. die folgenden Themen: Informationen \u00fcber die f\u00fcr die Bedienung von Kr\u00e4nen und Anschlagmitteln erforderlichen Qualifikationen - Allgemeine Informationen \u00fcber Krane - Konstruktion, Betrieb - Auswahl geeigneter Anschlagmittel f\u00fcr Krane je nach Art der Last, Arbeitsbedingungen des Krans und anderen Faktoren - Arten von Anschlagmitteln f\u00fcr Krane - Anschlagmittel aus Stahlseilen, Kettengeh\u00e4nge, Anschlagmittel aus synthetischen Fasern, Spezialgeh\u00e4nge - Richtige Verwendung und Konstruktion von Krangeh\u00e4ngen - Aufgaben des Anschl\u00e4gers, Signalisierung, Inspektion - Inspektionen von Anschlagmitteln - Gesundheits- und Sicherheitsanforderungen beim Umgang mit Anschlagmitteln Die Dauer der Schulung betr\u00e4gt zwischen 7 und 15 Unterrichtsstunden. Das ERGON-Zentrum kann das Themenspektrum auch an die individuellen Kundenw\u00fcnsche anpassen. Nutzen Sie unser Schulungsangebot zum Thema Krangeh\u00e4nge! Anmeldung zur Schulung<\/p>","protected":false},"author":1,"featured_media":3121,"parent":3226,"menu_order":0,"comment_status":"closed","ping_status":"closed","template":"","meta":{"sfsi_plus_gutenberg_text_before_share":"","sfsi_plus_gutenberg_show_text_before_share":"","sfsi_plus_gutenberg_icon_type":"","sfsi_plus_gutenberg_icon_alignemt":"","sfsi_plus_gutenburg_max_per_row":"","footnotes":""},"class_list":["post-3119","page","type-page","status-publish","has-post-thumbnail","hentry","has_thumb"],"aioseo_notices":[],"_links":{"self":[{"href":"https:\/\/kursy-udt.pl\/de\/wp-json\/wp\/v2\/pages\/3119","targetHints":{"allow":["GET"]}}],"collection":[{"href":"https:\/\/kursy-udt.pl\/de\/wp-json\/wp\/v2\/pages"}],"about":[{"href":"https:\/\/kursy-udt.pl\/de\/wp-json\/wp\/v2\/types\/page"}],"author":[{"embeddable":true,"href":"https:\/\/kursy-udt.pl\/de\/wp-json\/wp\/v2\/users\/1"}],"replies":[{"embeddable":true,"href":"https:\/\/kursy-udt.pl\/de\/wp-json\/wp\/v2\/comments?post=3119"}],"version-history":[{"count":5,"href":"https:\/\/kursy-udt.pl\/de\/wp-json\/wp\/v2\/pages\/3119\/revisions"}],"predecessor-version":[{"id":4665,"href":"https:\/\/kursy-udt.pl\/de\/wp-json\/wp\/v2\/pages\/3119\/revisions\/4665"}],"up":[{"embeddable":true,"href":"https:\/\/kursy-udt.pl\/de\/wp-json\/wp\/v2\/pages\/3226"}],"wp:featuredmedia":[{"embeddable":true,"href":"https:\/\/kursy-udt.pl\/de\/wp-json\/wp\/v2\/media\/3121"}],"wp:attachment":[{"href":"https:\/\/kursy-udt.pl\/de\/wp-json\/wp\/v2\/media?parent=3119"}],"curies":[{"name":"wp","href":"https:\/\/api.w.org\/{rel}","templated":true}]}}