{"id":3114,"date":"2020-07-01T13:53:03","date_gmt":"2020-07-01T13:53:03","guid":{"rendered":"https:\/\/kursy-udt.pl\/?page_id=3114"},"modified":"2023-01-04T12:20:34","modified_gmt":"2023-01-04T12:20:34","slug":"umschlag-lagerstapler","status":"publish","type":"page","link":"https:\/\/kursy-udt.pl\/de\/szkolenia\/zakresy-ksztalcenia\/obsluga-ukladnic-magazynowych\/","title":{"rendered":"Bedienung von Regalbedienger\u00e4ten"},"content":{"rendered":"<h2 class=\"naglowekh2\"><u><strong>Sie erwerben eine Qualifikation:<\/strong><\/u><br \/>\nUDT-Genehmigungen f\u00fcr den Betrieb von Regalbedienger\u00e4ten<\/h2>\n<p><a href=\"https:\/\/kursy-udt.pl\/wp-content\/uploads\/2020\/07\/1.jpg\"><img loading=\"lazy\" decoding=\"async\" class=\"obrazekpadding alignleft wp-image-3115 size-medium\" src=\"https:\/\/kursy-udt.pl\/wp-content\/uploads\/2020\/07\/1-300x122.jpg\" alt=\"Regalbedienger\u00e4te f\u00fcr das Lager\" width=\"300\" height=\"122\" srcset=\"https:\/\/kursy-udt.pl\/wp-content\/uploads\/2020\/07\/1-300x122.jpg 300w, https:\/\/kursy-udt.pl\/wp-content\/uploads\/2020\/07\/1.jpg 553w\" sizes=\"auto, (max-width: 300px) 100vw, 300px\" \/><\/a><a href=\"https:\/\/kursy-udt.pl\/de\/o-firmie\/\">ERGON-Zentrum f\u00fcr Personalverbesserung<\/a> bietet professionelle und umfassende Schulungen f\u00fcr Regalbedienger\u00e4te an. Wir laden Sie ein, mehr \u00fcber sie zu erfahren!<\/p>\n<p>Regalbedienger\u00e4te sind hochmoderne Umschlagger\u00e4te (UTBs), die in Lagern, einschlie\u00dflich Hochregallagern, eingesetzt werden. Sie unterst\u00fctzen die Lagerarbeiter bei der Bef\u00f6rderung von Lasten.<\/p>\n<p>Diejenigen, die Regalbedienger\u00e4te bedienen und warten, m\u00fcssen laut Gesetz eine entsprechende Ausbildung haben, die auch in unserem Kurs bei ODK ERGON erworben werden kann.<\/p>\n<p>Die von unserem Zentrum angebotenen Kurse \u00fcber Regalbedienger\u00e4te bieten umfassende Unterst\u00fctzung f\u00fcr Mitarbeiter, die diese Art von Ger\u00e4ten bedienen und warten m\u00fcssen. Durch umfangreiche theoretische Informationen und praktische Workshop-Sitzungen werden Sie gr\u00fcndlich auf die Pr\u00fcfung vorbereitet und erwerben <a href=\"https:\/\/kursy-udt.pl\/de\/uprawnienia-udt\/kategorie-uprawnien-2\/\">Kr\u00e4fte<\/a>.<\/p>\n<h2 class=\"naglowekh2\">In den Schulungen werden unter anderem die folgenden Themen behandelt:<\/h2>\n<ul>\n<li>Grundlegende Informationen \u00fcber Lagereinrichtungen - Regalbedienger\u00e4te, Regale, Ladeeinheiten<\/li>\n<li>Aufbau und Funktionsweise der Regalbedienger\u00e4te, einschlie\u00dflich Mechanismen, elektrischer Ausr\u00fcstung und anderer Komponenten<\/li>\n<li>der Beruf des Regalbedieners und des Regalbedienungspersonals<\/li>\n<li>korrekte Kennzeichnung von Regalbedienger\u00e4ten in Lagern<\/li>\n<li>Betriebsanleitung f\u00fcr Regalbedienger\u00e4te<\/li>\n<li>Sicherheit am Arbeitsplatz in Lagern mit Regalbedienger\u00e4ten<\/li>\n<li>technische \u00dcberwachung von Regalbedienger\u00e4ten<\/li>\n<li>Informationen \u00fcber die erforderlichen Qualifikationen f\u00fcr die Bedienung und Wartung der Regalbedienger\u00e4te<\/li>\n<\/ul>\n<p>Die Studiendauer betr\u00e4gt zwischen 20 und 40 Unterrichtsstunden.<\/p>\n<p>Das ERGON-Personalschulungszentrum kann das Themenspektrum der Schulungen f\u00fcr Regalbedienger\u00e4te auch an die Erwartungen der Kunden anpassen.<\/p>\n<p>Wir laden Sie ein, unser Angebot bei ODK ERGON zu nutzen!<\/p>\n<p><a href=\"https:\/\/kursy-udt.pl\/wp-content\/uploads\/2023\/01\/Reklama-Na-Kursy-7-4.png\"><img loading=\"lazy\" decoding=\"async\" class=\"aligncenter wp-image-4653\" src=\"https:\/\/kursy-udt.pl\/wp-content\/uploads\/2023\/01\/Reklama-Na-Kursy-7-4-300x188.png\" alt=\"\" width=\"750\" height=\"469\" srcset=\"https:\/\/kursy-udt.pl\/wp-content\/uploads\/2023\/01\/Reklama-Na-Kursy-7-4-300x188.png 300w, https:\/\/kursy-udt.pl\/wp-content\/uploads\/2023\/01\/Reklama-Na-Kursy-7-4-1024x640.png 1024w, https:\/\/kursy-udt.pl\/wp-content\/uploads\/2023\/01\/Reklama-Na-Kursy-7-4-768x480.png 768w, https:\/\/kursy-udt.pl\/wp-content\/uploads\/2023\/01\/Reklama-Na-Kursy-7-4-18x12.png 18w, https:\/\/kursy-udt.pl\/wp-content\/uploads\/2023\/01\/Reklama-Na-Kursy-7-4-624x390.png 624w, https:\/\/kursy-udt.pl\/wp-content\/uploads\/2023\/01\/Reklama-Na-Kursy-7-4.png 1200w\" sizes=\"auto, (max-width: 750px) 100vw, 750px\" \/><\/a><\/p>","protected":false},"excerpt":{"rendered":"<p>Sie erwerben Qualifikationen: UDT-Berechtigungen zum Bedienen von Regalbedienger\u00e4ten Das ERGON Personalentwicklungszentrum bietet eine professionelle und umfassende Ausbildung f\u00fcr Regalbedienger\u00e4te an. Machen Sie sich mit deren M\u00f6glichkeiten vertraut! Regalbedienger\u00e4te sind moderne Flurf\u00f6rderzeuge (FTS), die in Lagern, auch in Hochregallagern, eingesetzt werden. Sie unterst\u00fctzen die Lagermitarbeiter bei der Bef\u00f6rderung von Lasten. F\u00fcr die Bedienung und Wartung von Regalbedienger\u00e4ten ist laut Gesetz eine entsprechende Ausbildung erforderlich, die auch in unserem Kurs bei ODK ERGON erworben werden kann. Die von unserem Zentrum angebotenen Kurse \u00fcber Regalbedienger\u00e4te bieten eine umfassende Unterst\u00fctzung f\u00fcr Mitarbeiter, die diese Art von Ger\u00e4ten bedienen und warten m\u00fcssen. Mit umfangreichen theoretischen Informationen und praktischen Workshop-Einheiten bereitet der Kurs den Teilnehmer gr\u00fcndlich auf die Pr\u00fcfung und Zertifizierung vor. Die Schulung umfasst folgende Themen: Grundlegende Informationen \u00fcber die Lagerausr\u00fcstung - Regalbedienger\u00e4te, Regale, Lastaufnahmemittel, Aufbau und Betrieb der Regalbedienger\u00e4te, einschlie\u00dflich der Mechanismen, der elektrischen Ausr\u00fcstung und anderer Elemente, des Arbeitsplatzes des Regalbedienger\u00e4ts und der Person, die das Regalbedienger\u00e4t wartet, die korrekte Kennzeichnung der Regalbedienger\u00e4te im Lager, die Anweisungen f\u00fcr die Verwendung der Regalbedienger\u00e4te, die Sicherheitsanweisungen f\u00fcr die Arbeit in Lagern mit Regalbedienger\u00e4ten die technische \u00dcberwachung der Regalbedienger\u00e4te Informationen \u00fcber die f\u00fcr den Betrieb und die Wartung der Regalbedienger\u00e4te erforderlichen Genehmigungen. Die Schulung dauert zwischen 20 und 40 Unterrichtsstunden. Das ERGON-Zentrum f\u00fcr die Entwicklung von Humanressourcen kann das Themenspektrum auch an die Bed\u00fcrfnisse der Kunden anpassen. Wir laden Sie ein, von unserem Angebot im ERGON-Kompetenzzentrum Gebrauch zu machen!<\/p>","protected":false},"author":1,"featured_media":3115,"parent":3226,"menu_order":0,"comment_status":"closed","ping_status":"closed","template":"","meta":{"sfsi_plus_gutenberg_text_before_share":"","sfsi_plus_gutenberg_show_text_before_share":"","sfsi_plus_gutenberg_icon_type":"","sfsi_plus_gutenberg_icon_alignemt":"","sfsi_plus_gutenburg_max_per_row":"","footnotes":""},"class_list":["post-3114","page","type-page","status-publish","has-post-thumbnail","hentry","has_thumb"],"aioseo_notices":[],"_links":{"self":[{"href":"https:\/\/kursy-udt.pl\/de\/wp-json\/wp\/v2\/pages\/3114","targetHints":{"allow":["GET"]}}],"collection":[{"href":"https:\/\/kursy-udt.pl\/de\/wp-json\/wp\/v2\/pages"}],"about":[{"href":"https:\/\/kursy-udt.pl\/de\/wp-json\/wp\/v2\/types\/page"}],"author":[{"embeddable":true,"href":"https:\/\/kursy-udt.pl\/de\/wp-json\/wp\/v2\/users\/1"}],"replies":[{"embeddable":true,"href":"https:\/\/kursy-udt.pl\/de\/wp-json\/wp\/v2\/comments?post=3114"}],"version-history":[{"count":4,"href":"https:\/\/kursy-udt.pl\/de\/wp-json\/wp\/v2\/pages\/3114\/revisions"}],"predecessor-version":[{"id":4654,"href":"https:\/\/kursy-udt.pl\/de\/wp-json\/wp\/v2\/pages\/3114\/revisions\/4654"}],"up":[{"embeddable":true,"href":"https:\/\/kursy-udt.pl\/de\/wp-json\/wp\/v2\/pages\/3226"}],"wp:featuredmedia":[{"embeddable":true,"href":"https:\/\/kursy-udt.pl\/de\/wp-json\/wp\/v2\/media\/3115"}],"wp:attachment":[{"href":"https:\/\/kursy-udt.pl\/de\/wp-json\/wp\/v2\/media?parent=3114"}],"curies":[{"name":"wp","href":"https:\/\/api.w.org\/{rel}","templated":true}]}}