{"id":3101,"date":"2020-06-30T21:38:53","date_gmt":"2020-06-30T21:38:53","guid":{"rendered":"https:\/\/kursy-udt.pl\/?page_id=3101"},"modified":"2023-01-04T12:02:08","modified_gmt":"2023-01-04T12:02:08","slug":"handhabung-von-anschlagmanipulatoren-und-greifern","status":"publish","type":"page","link":"https:\/\/kursy-udt.pl\/de\/szkolenia\/zakresy-ksztalcenia\/obsluga-manipulatorow-i-chwytnikow-prozniowych\/","title":{"rendered":"Betrieb von Manipulatoren und Greifern - Vakuum in Krangeh\u00e4ngen"},"content":{"rendered":"<h2 class=\"naglowekh2\"><u><strong>Sie erwerben eine Qualifikation:<\/strong><\/u><br \/>\nUDT-Genehmigung f\u00fcr den Betrieb von Manipulatoren und Vakuumgreifern in Krangeh\u00e4ngen<\/h2>\n<p><a href=\"https:\/\/kursy-udt.pl\/wp-content\/uploads\/2020\/06\/1-5.jpg\"><img loading=\"lazy\" decoding=\"async\" class=\"obrazekpadding alignleft wp-image-3102 size-medium\" src=\"https:\/\/kursy-udt.pl\/wp-content\/uploads\/2020\/06\/1-5-300x225.jpg\" alt=\"Manipulator\" width=\"300\" height=\"225\" srcset=\"https:\/\/kursy-udt.pl\/wp-content\/uploads\/2020\/06\/1-5-300x225.jpg 300w, https:\/\/kursy-udt.pl\/wp-content\/uploads\/2020\/06\/1-5.jpg 457w\" sizes=\"auto, (max-width: 300px) 100vw, 300px\" \/><\/a><a href=\"https:\/\/kursy-udt.pl\/de\/o-firmie\/\">ERGON-Zentrum f\u00fcr Personalverbesserung<\/a> bietet Schulungen f\u00fcr Manipulatoren und Vakuumgreifer in Krangeh\u00e4ngen an. Wir ermutigen Sie, unsere Dienste in Anspruch zu nehmen!<\/p>\n<p>Vakuum-Manipulatoren und -Greifer an Krangeh\u00e4ngen sind beliebte Handhabungsger\u00e4te (UTB), die an vielen Arbeitspl\u00e4tzen eingesetzt werden.<\/p>\n<p>Unser Zentrum bietet Kurse f\u00fcr Personal an, das Manipulatoren und Vakuumschlingen bedient. Wir unterrichten sowohl in Theorie als auch in Praxis und bieten unseren Auszubildenden eine professionelle und umfassende Vorbereitung auf ihren Berufseinstieg.<\/p>\n<p>Unsere Kurse behandeln alle Themen rund um den Einsatz von Manipulatoren und Vakuumgreifern an Krangeh\u00e4ngen - von der Konstruktion \u00fcber die korrekte Bedienung bis hin zur normgerechten Pr\u00fcfung. Den genauen Umfang des Kurses entnehmen Sie bitte unten.<\/p>\n<h2 class=\"naglowekh2\">In den Schulungen werden unter anderem die folgenden Themen behandelt:<\/h2>\n<ul>\n<li>Beschreibung der Vakuum-Handhabungsger\u00e4te<\/li>\n<li>Konstruktion von Vakuumsystemen f\u00fcr Handhabungsger\u00e4te<\/li>\n<li>Beispiele f\u00fcr die Konstruktion von Vakuumger\u00e4ten, einschlie\u00dflich Manipulatoren und Vakuumgreifern<\/li>\n<li>Betriebs- und Wartungshandb\u00fccher f\u00fcr Vakuum-Manipulatoren und -Greifer<\/li>\n<li>ordnungsgem\u00e4\u00dfe Kennzeichnung von Vakuum-Handhabungsger\u00e4ten<\/li>\n<li>Sicherheitsanforderungen bei der Verwendung von Vakuum-Manipulatoren und -Greifern<\/li>\n<li>Informationen \u00fcber die f\u00fcr den Betrieb der angezeigten Ger\u00e4te erforderlichen Genehmigungen<\/li>\n<li>Pr\u00fcfverfahren f\u00fcr Vakuum-Handhabungsger\u00e4te<\/li>\n<\/ul>\n<p>Die Gesamtstudienzeit betr\u00e4gt zwischen 20 und 40 Unterrichtsstunden.<\/p>\n<p>Unser Zentrum kann auch die Themen des Unterrichts an die individuellen W\u00fcnsche des Kunden anpassen.<\/p>\n<p>Wir laden Sie ein, sich f\u00fcr die Weiterbildungsangebote des ERGON Personalentwicklungszentrums zu entscheiden!<\/p>\n<p><a href=\"https:\/\/kursy-udt.pl\/wp-content\/uploads\/2023\/01\/Reklama-Na-Kursy-7-2.png\"><img loading=\"lazy\" decoding=\"async\" class=\"aligncenter wp-image-4644\" src=\"https:\/\/kursy-udt.pl\/wp-content\/uploads\/2023\/01\/Reklama-Na-Kursy-7-2-300x188.png\" alt=\"\" width=\"750\" height=\"469\" srcset=\"https:\/\/kursy-udt.pl\/wp-content\/uploads\/2023\/01\/Reklama-Na-Kursy-7-2-300x188.png 300w, https:\/\/kursy-udt.pl\/wp-content\/uploads\/2023\/01\/Reklama-Na-Kursy-7-2-1024x640.png 1024w, https:\/\/kursy-udt.pl\/wp-content\/uploads\/2023\/01\/Reklama-Na-Kursy-7-2-768x480.png 768w, https:\/\/kursy-udt.pl\/wp-content\/uploads\/2023\/01\/Reklama-Na-Kursy-7-2-18x12.png 18w, https:\/\/kursy-udt.pl\/wp-content\/uploads\/2023\/01\/Reklama-Na-Kursy-7-2-624x390.png 624w, https:\/\/kursy-udt.pl\/wp-content\/uploads\/2023\/01\/Reklama-Na-Kursy-7-2.png 1200w\" sizes=\"auto, (max-width: 750px) 100vw, 750px\" \/><\/a><\/p>\n<div class=\"button_styl\" style=\"float: right; padding-left: 15px; padding-bottom: 8px; margin-bottom: 5px;\"><a class=\"myButton myButton_maly\" href=\"https:\/\/platformaedukacji.pl\/sklep\/\" target=\"_blank\" rel=\"nofollow noopener noreferrer\"><span style=\"color: white;\">Anmeldung zur Schulung<\/span><\/a><\/div>","protected":false},"excerpt":{"rendered":"<p>Sie erhalten Qualifikationen: UDT-Berechtigungen zur Bedienung von Manipulatoren und Vakuumgreifern in Krangeh\u00e4ngen Das ERGON Personalentwicklungszentrum bietet Schulungen f\u00fcr Manipulatoren und Vakuumgreifer in Krangeh\u00e4ngen an. Profitieren Sie von unseren Dienstleistungen! Vakuum-Manipulatoren und -Greifer an Krangeh\u00e4ngen sind beliebte Handhabungsger\u00e4te (UTB), die an vielen Arbeitspl\u00e4tzen eingesetzt werden. Unser Zentrum bietet Kurse f\u00fcr das Personal an, das Manipulatoren und Vakuum-Hebeb\u00e4nder bedient. Wir unterrichten sowohl in Theorie als auch in Praxis und bereiten unsere Auszubildenden professionell und umfassend auf ihren Einstieg in den Beruf vor. Unsere Kurse behandeln alle Themen rund um den Einsatz von Manipulatoren und Vakuumgreifern an Krangeh\u00e4ngen - von der Konstruktion \u00fcber die korrekte Bedienung bis hin zur normgerechten Pr\u00fcfung. Nachstehend finden Sie den genauen Umfang des Kurses. W\u00e4hrend der Schulung werden unter anderem folgende Themen behandelt: Beschreibung von Vakuum-Handhabungsger\u00e4ten Aufbau von Vakuum-Systemen Vakuum-Handhabungsger\u00e4te Beispiele f\u00fcr den Aufbau von Vakuum-Ger\u00e4ten, einschlie\u00dflich Manipulatoren und Vakuum-Greifern Betriebsanweisungen - Betrieb und Wartung von Manipulatoren und Vakuum-Greifern Richtige Kennzeichnung von Vakuum-Handhabungsger\u00e4ten Sicherheitsanforderungen f\u00fcr den Einsatz von Manipulatoren und Vakuum-Greifern Informationen \u00fcber die erforderlichen Qualifikationen f\u00fcr die Bedienung der vorgestellten Ger\u00e4te Pr\u00fcfmethoden f\u00fcr Vakuum-Handhabungsger\u00e4te Die Gesamtdauer der Schulung betr\u00e4gt zwischen 20 und 40 Unterrichtsstunden. Unser Zentrum kann die Themen des Unterrichts auch an die individuellen W\u00fcnsche des Kunden anpassen. Wir laden Sie ein, das Schulungsangebot des ERGON-Zentrums f\u00fcr Personalentwicklung zu nutzen! Anmeldung zur Schulung<\/p>","protected":false},"author":1,"featured_media":3102,"parent":3226,"menu_order":0,"comment_status":"closed","ping_status":"closed","template":"","meta":{"sfsi_plus_gutenberg_text_before_share":"","sfsi_plus_gutenberg_show_text_before_share":"","sfsi_plus_gutenberg_icon_type":"","sfsi_plus_gutenberg_icon_alignemt":"","sfsi_plus_gutenburg_max_per_row":"","footnotes":""},"class_list":["post-3101","page","type-page","status-publish","has-post-thumbnail","hentry","has_thumb"],"aioseo_notices":[],"_links":{"self":[{"href":"https:\/\/kursy-udt.pl\/de\/wp-json\/wp\/v2\/pages\/3101","targetHints":{"allow":["GET"]}}],"collection":[{"href":"https:\/\/kursy-udt.pl\/de\/wp-json\/wp\/v2\/pages"}],"about":[{"href":"https:\/\/kursy-udt.pl\/de\/wp-json\/wp\/v2\/types\/page"}],"author":[{"embeddable":true,"href":"https:\/\/kursy-udt.pl\/de\/wp-json\/wp\/v2\/users\/1"}],"replies":[{"embeddable":true,"href":"https:\/\/kursy-udt.pl\/de\/wp-json\/wp\/v2\/comments?post=3101"}],"version-history":[{"count":5,"href":"https:\/\/kursy-udt.pl\/de\/wp-json\/wp\/v2\/pages\/3101\/revisions"}],"predecessor-version":[{"id":4645,"href":"https:\/\/kursy-udt.pl\/de\/wp-json\/wp\/v2\/pages\/3101\/revisions\/4645"}],"up":[{"embeddable":true,"href":"https:\/\/kursy-udt.pl\/de\/wp-json\/wp\/v2\/pages\/3226"}],"wp:featuredmedia":[{"embeddable":true,"href":"https:\/\/kursy-udt.pl\/de\/wp-json\/wp\/v2\/media\/3102"}],"wp:attachment":[{"href":"https:\/\/kursy-udt.pl\/de\/wp-json\/wp\/v2\/media?parent=3101"}],"curies":[{"name":"wp","href":"https:\/\/api.w.org\/{rel}","templated":true}]}}