{"id":3097,"date":"2020-06-30T21:31:59","date_gmt":"2020-06-30T21:31:59","guid":{"rendered":"https:\/\/kursy-udt.pl\/?page_id=3097"},"modified":"2023-01-05T11:15:57","modified_gmt":"2023-01-05T11:15:57","slug":"wartungs-mobile-passagierplattformen","status":"publish","type":"page","link":"https:\/\/kursy-udt.pl\/de\/szkolenia\/zakresy-ksztalcenia\/konserwacja-podestow-ruchomych-przejezdnych\/","title":{"rendered":"Wartung von mobilen Plattformen"},"content":{"rendered":"<h2 class=\"naglowekh2\"><u><strong>Sie erwerben eine Qualifikation:<\/strong><\/u><br \/>\nUDT-Genehmigung f\u00fcr die Instandhaltung von mobilen Plattformen<\/h2>\n<p><a href=\"https:\/\/kursy-udt.pl\/wp-content\/uploads\/2020\/06\/1-4.jpg\"><img loading=\"lazy\" decoding=\"async\" class=\"obrazekpadding wp-image-3099 size-medium alignleft\" src=\"https:\/\/kursy-udt.pl\/wp-content\/uploads\/2020\/06\/1-4-300x160.jpg\" alt=\"mobile Plattformen\" width=\"300\" height=\"160\" srcset=\"https:\/\/kursy-udt.pl\/wp-content\/uploads\/2020\/06\/1-4-300x160.jpg 300w, https:\/\/kursy-udt.pl\/wp-content\/uploads\/2020\/06\/1-4-1024x545.jpg 1024w, https:\/\/kursy-udt.pl\/wp-content\/uploads\/2020\/06\/1-4-768x409.jpg 768w, https:\/\/kursy-udt.pl\/wp-content\/uploads\/2020\/06\/1-4-1536x817.jpg 1536w, https:\/\/kursy-udt.pl\/wp-content\/uploads\/2020\/06\/1-4-2048x1090.jpg 2048w, https:\/\/kursy-udt.pl\/wp-content\/uploads\/2020\/06\/1-4-624x332.jpg 624w\" sizes=\"auto, (max-width: 300px) 100vw, 300px\" \/><\/a><a href=\"https:\/\/kursy-udt.pl\/de\/o-firmie\/\">ERGON-Zentrum f\u00fcr Personalverbesserung<\/a> l\u00e4dt Sie ein, sich als Betreuer einer mobilen Plattform einzuschreiben!<\/p>\n<p>Mobile Hebeb\u00fchnen geh\u00f6ren zu den Flurf\u00f6rderzeugen (UTB), die an vielen Arbeitspl\u00e4tzen eingesetzt werden. Es handelt sich um Hebezeuge, die f\u00fcr den Transport von Lasten und Personen eingesetzt werden.<\/p>\n<p>F\u00fcr Wartungsarbeiten an dieser Art von Ger\u00e4ten sind die entsprechenden <a href=\"https:\/\/kursy-udt.pl\/de\/uprawnienia-udt\/kategorie-uprawnien-2\/\">Anrechte<\/a> die vom Technischen \u00dcberwachungsverein (UDT) vergeben werden.<\/p>\n<p>In unserem ERGON-Zentrum wird ein Kurs f\u00fcr die Wartung von mobilen Plattformen angeboten. Wir bieten Unterricht, der Theorie und Praxis miteinander verbindet und unsere Kunden effektiv auf die UDT-Pr\u00fcfung vorbereitet.<\/p>\n<h2 class=\"naglowekh2\">In den Schulungen werden unter anderem die folgenden Themen behandelt:<\/h2>\n<ul>\n<li>Allgemeine Informationen \u00fcber Hubarbeitsb\u00fchnen<\/li>\n<li>Liste der Qualifikationen, die f\u00fcr die Wartung der Ausr\u00fcstung erforderlich sind<\/li>\n<li>Unterteilung der Plattformen in verschiedene Kategorien - mobile Plattformen, h\u00e4ngende Plattformen, Mastplattformen<\/li>\n<li>Bewertung des technischen Zustands von mobilen Arbeitsb\u00fchnen mit Gelenkausleger, mobilen Arbeitsb\u00fchnen mit Scherenb\u00fchne und fahrzeugmontierten mobilen Arbeitsb\u00fchnen<\/li>\n<li>Aufgaben des Verantwortlichen f\u00fcr mobile Plattformen<\/li>\n<li>Technische \u00dcberpr\u00fcfung der mobilen Plattformen<\/li>\n<li>Informationen \u00fcber <a href=\"https:\/\/kursy-udt.pl\/de\/szkolenia\/bhp-bezpieczenstwo-pracy\/prawna-ochrona-pracy\/\">GESUNDHEIT UND SICHERHEIT<\/a> und Erste Hilfe<\/li>\n<\/ul>\n<p>Die Unterrichtszeit f\u00fcr das oben genannte Thema betr\u00e4gt 48-88 Unterrichtsstunden.<\/p>\n<p>Unser Zentrum kann die Themen des Unterrichts auch individuell an die Bed\u00fcrfnisse des Kunden anpassen.<\/p>\n<p>Wir laden Sie ein, von unserem Angebot Gebrauch zu machen!<\/p>\n<p><a href=\"https:\/\/kursy-udt.pl\/wp-content\/uploads\/2023\/01\/Reklama-Na-Kursy-7-2-1.png\"><img loading=\"lazy\" decoding=\"async\" class=\"aligncenter wp-image-4700\" src=\"https:\/\/kursy-udt.pl\/wp-content\/uploads\/2023\/01\/Reklama-Na-Kursy-7-2-1-300x188.png\" alt=\"\" width=\"750\" height=\"469\" srcset=\"https:\/\/kursy-udt.pl\/wp-content\/uploads\/2023\/01\/Reklama-Na-Kursy-7-2-1-300x188.png 300w, https:\/\/kursy-udt.pl\/wp-content\/uploads\/2023\/01\/Reklama-Na-Kursy-7-2-1-1024x640.png 1024w, https:\/\/kursy-udt.pl\/wp-content\/uploads\/2023\/01\/Reklama-Na-Kursy-7-2-1-768x480.png 768w, https:\/\/kursy-udt.pl\/wp-content\/uploads\/2023\/01\/Reklama-Na-Kursy-7-2-1-18x12.png 18w, https:\/\/kursy-udt.pl\/wp-content\/uploads\/2023\/01\/Reklama-Na-Kursy-7-2-1-624x390.png 624w, https:\/\/kursy-udt.pl\/wp-content\/uploads\/2023\/01\/Reklama-Na-Kursy-7-2-1.png 1200w\" sizes=\"auto, (max-width: 750px) 100vw, 750px\" \/><\/a><\/p>\n<div class=\"button_styl\" style=\"float: right; padding-left: 15px; padding-bottom: 8px; margin-bottom: 5px;\"><a class=\"myButton myButton_maly\" href=\"https:\/\/platformaedukacji.pl\/sklep\/\" target=\"_blank\" rel=\"nofollow noopener noreferrer\"><span style=\"color: white;\">Anmeldung zur Schulung<\/span><\/a><\/div>","protected":false},"excerpt":{"rendered":"<p>Sie werden die Qualifikation erwerben: UDT-Berechtigung f\u00fcr die Instandhaltung mobiler Arbeitsb\u00fchnen Das ERGON-Personalentwicklungszentrum l\u00e4dt Sie ein, sich f\u00fcr einen Kurs zur Instandhaltung mobiler Arbeitsb\u00fchnen anzumelden! Fahrbare Arbeitsb\u00fchnen geh\u00f6ren zu den Umschlagger\u00e4ten (UTB), die an vielen Arbeitspl\u00e4tzen eingesetzt werden. Es handelt sich um Hebevorrichtungen, die f\u00fcr den Transport von Lasten und Personen verwendet werden. Um Wartungsarbeiten an dieser Art von Ger\u00e4ten durchf\u00fchren zu k\u00f6nnen, sind entsprechende Genehmigungen des Technischen \u00dcberwachungsamtes (UDT) erforderlich. In unserem ERGON-Zentrum wird ein Kurs \u00fcber die Instandhaltung von mobilen Arbeitsb\u00fchnen angeboten. Wir f\u00fchren Kurse durch, die Theorie und Praxis verbinden und unsere Kunden effektiv auf die UDT-Pr\u00fcfung vorbereiten. In den Kursen werden unter anderem folgende Themen behandelt. die folgenden Themen allgemeine Informationen \u00fcber mobile Arbeitsb\u00fchnen eine Liste der f\u00fcr die Instandhaltung der Ausr\u00fcstung erforderlichen Genehmigungen die Einteilung der Arbeitsb\u00fchnen in verschiedene Kategorien - mobile Arbeitsb\u00fchnen, h\u00e4ngende Arbeitsb\u00fchnen, Mastb\u00fchnen die Bewertung des technischen Zustands mobiler Arbeitsb\u00fchnen mobile Arbeitsb\u00fchnen freilaufend mit Knickarm, Wartung mobiler Arbeitsb\u00fchnen technische \u00dcberwachung mobiler Arbeitsb\u00fchnen Informationen zum Arbeitsschutz und zur Ersten Hilfe Die Dauer der Kurse zu diesem Thema betr\u00e4gt 48-88 Unterrichtsstunden. Unser Zentrum kann die Themen des Unterrichts auch individuell an Ihre Bed\u00fcrfnisse anpassen. Profitieren Sie von unserem Angebot! Anmeldung zur Schulung<\/p>","protected":false},"author":1,"featured_media":3099,"parent":3226,"menu_order":0,"comment_status":"closed","ping_status":"closed","template":"","meta":{"sfsi_plus_gutenberg_text_before_share":"","sfsi_plus_gutenberg_show_text_before_share":"","sfsi_plus_gutenberg_icon_type":"","sfsi_plus_gutenberg_icon_alignemt":"","sfsi_plus_gutenburg_max_per_row":"","footnotes":""},"class_list":["post-3097","page","type-page","status-publish","has-post-thumbnail","hentry","has_thumb"],"aioseo_notices":[],"_links":{"self":[{"href":"https:\/\/kursy-udt.pl\/de\/wp-json\/wp\/v2\/pages\/3097","targetHints":{"allow":["GET"]}}],"collection":[{"href":"https:\/\/kursy-udt.pl\/de\/wp-json\/wp\/v2\/pages"}],"about":[{"href":"https:\/\/kursy-udt.pl\/de\/wp-json\/wp\/v2\/types\/page"}],"author":[{"embeddable":true,"href":"https:\/\/kursy-udt.pl\/de\/wp-json\/wp\/v2\/users\/1"}],"replies":[{"embeddable":true,"href":"https:\/\/kursy-udt.pl\/de\/wp-json\/wp\/v2\/comments?post=3097"}],"version-history":[{"count":5,"href":"https:\/\/kursy-udt.pl\/de\/wp-json\/wp\/v2\/pages\/3097\/revisions"}],"predecessor-version":[{"id":4701,"href":"https:\/\/kursy-udt.pl\/de\/wp-json\/wp\/v2\/pages\/3097\/revisions\/4701"}],"up":[{"embeddable":true,"href":"https:\/\/kursy-udt.pl\/de\/wp-json\/wp\/v2\/pages\/3226"}],"wp:featuredmedia":[{"embeddable":true,"href":"https:\/\/kursy-udt.pl\/de\/wp-json\/wp\/v2\/media\/3099"}],"wp:attachment":[{"href":"https:\/\/kursy-udt.pl\/de\/wp-json\/wp\/v2\/media?parent=3097"}],"curies":[{"name":"wp","href":"https:\/\/api.w.org\/{rel}","templated":true}]}}