{"id":3081,"date":"2020-06-30T06:42:39","date_gmt":"2020-06-30T06:42:39","guid":{"rendered":"https:\/\/kursy-udt.pl\/?page_id=3081"},"modified":"2023-01-04T12:07:42","modified_gmt":"2023-01-04T12:07:42","slug":"betrieb-von-mobilen-plattformen","status":"publish","type":"page","link":"https:\/\/kursy-udt.pl\/de\/szkolenia\/zakresy-ksztalcenia\/obsluga-podestow-ruchomych-przejezdnych\/","title":{"rendered":"Betrieb von mobilen Plattformen"},"content":{"rendered":"<h2 class=\"naglowekh2\"><u><strong>Sie erwerben eine Qualifikation:<\/strong><\/u><br \/>\nUDT-Genehmigung f\u00fcr den Betrieb mobiler Plattformen<\/h2>\n<p><a href=\"https:\/\/kursy-udt.pl\/wp-content\/uploads\/2020\/06\/1-3.jpg\"><img loading=\"lazy\" decoding=\"async\" class=\"obrazekpadding wp-image-3082 size-medium alignleft\" src=\"https:\/\/kursy-udt.pl\/wp-content\/uploads\/2020\/06\/1-3-300x200.jpg\" alt=\"Selbstfahrende Plattform\" width=\"300\" height=\"200\" srcset=\"https:\/\/kursy-udt.pl\/wp-content\/uploads\/2020\/06\/1-3-300x200.jpg 300w, https:\/\/kursy-udt.pl\/wp-content\/uploads\/2020\/06\/1-3-768x513.jpg 768w, https:\/\/kursy-udt.pl\/wp-content\/uploads\/2020\/06\/1-3-624x417.jpg 624w, https:\/\/kursy-udt.pl\/wp-content\/uploads\/2020\/06\/1-3.jpg 933w\" sizes=\"auto, (max-width: 300px) 100vw, 300px\" \/><\/a><a href=\"https:\/\/kursy-udt.pl\/de\/o-firmie\/\">ERGON-Zentrum f\u00fcr Personalverbesserung<\/a> l\u00e4dt Sie ein, an einer Schulung f\u00fcr die Wartung von mobilen Plattformen teilzunehmen!<\/p>\n<p>Mobile Hebeb\u00fchnen sind Umschlagger\u00e4te (UTBs) mit einem breiten Einsatzspektrum bei Bau-, Renovierungs- und Montagearbeiten. Sie sind in der Kategorie Krananlagen enthalten.<\/p>\n<p>F\u00fcr den Betrieb mobiler Arbeitsb\u00fchnen ist eine entsprechende Qualifikation erforderlich, die nach bestandener Pr\u00fcfung vor einer Kommission des Technischen \u00dcberwachungsvereins (UDT) erteilt wird.<\/p>\n<p>Unser ERGON-Zentrum l\u00e4dt Sie ein zu <a href=\"https:\/\/kursy-udt.pl\/de\/szkolenia\/podesty-ruchome\/\">Kurse f\u00fcr mobile Plattformen<\/a> \u00dcberlandfahrten, einschlie\u00dflich derjenigen, die sich mit der Wartung dieser Art von Ausr\u00fcstung befassen. Wir unterrichten ganzheitlich, verbinden Theorie und Praxis!<\/p>\n<h2 class=\"naglowekh2\">In den Schulungen werden unter anderem die folgenden Themen behandelt:<\/h2>\n<ul>\n<li><a href=\"https:\/\/kursy-udt.pl\/wp-content\/uploads\/2020\/06\/1.jpeg\"><img loading=\"lazy\" decoding=\"async\" class=\"obrazekpadding alignright wp-image-3083 size-full\" src=\"https:\/\/kursy-udt.pl\/wp-content\/uploads\/2020\/06\/1.jpeg\" alt=\"Freilaufende Plattform\" width=\"249\" height=\"184\" \/><\/a>grundlegende Informationen \u00fcber mobile Plattformen<\/li>\n<li>Pr\u00fcfung des technischen Zustands der Systeme und Komponenten der mobilen Plattformen<\/li>\n<li>Betriebsvorschriften - Betrieb von mobilen Plattformen<\/li>\n<li>Aufgaben des Verantwortlichen f\u00fcr mobile Plattformen<\/li>\n<li><a href=\"https:\/\/kursy-udt.pl\/de\/uprawnienia-udt\/kategorie-uprawnien-2\/\">Anrechte<\/a> erforderlich f\u00fcr die Arbeit mit mobilen Plattformen<\/li>\n<li>Technische \u00dcberpr\u00fcfung der mobilen Plattformen<\/li>\n<\/ul>\n<p>Die Lernzeit f\u00fcr das oben genannte Thema betr\u00e4gt 48-88 Unterrichtsstunden.<\/p>\n<p>Bei Bedarf kann unser Zentrum den thematischen Umfang des Unterrichts an die individuellen Bed\u00fcrfnisse des Kunden anpassen.<\/p>\n<p>Sie sind herzlich eingeladen, das Angebot zu nutzen!<\/p>\n<p><a href=\"https:\/\/kursy-udt.pl\/wp-content\/uploads\/2022\/12\/PODESTY-RUCHOME-kursy-udt.pl_.png\"><img loading=\"lazy\" decoding=\"async\" class=\"aligncenter wp-image-4531\" src=\"https:\/\/kursy-udt.pl\/wp-content\/uploads\/2022\/12\/PODESTY-RUCHOME-kursy-udt.pl_-300x188.png\" alt=\"\" width=\"750\" height=\"469\" srcset=\"https:\/\/kursy-udt.pl\/wp-content\/uploads\/2022\/12\/PODESTY-RUCHOME-kursy-udt.pl_-300x188.png 300w, https:\/\/kursy-udt.pl\/wp-content\/uploads\/2022\/12\/PODESTY-RUCHOME-kursy-udt.pl_-1024x640.png 1024w, https:\/\/kursy-udt.pl\/wp-content\/uploads\/2022\/12\/PODESTY-RUCHOME-kursy-udt.pl_-768x480.png 768w, https:\/\/kursy-udt.pl\/wp-content\/uploads\/2022\/12\/PODESTY-RUCHOME-kursy-udt.pl_-18x12.png 18w, https:\/\/kursy-udt.pl\/wp-content\/uploads\/2022\/12\/PODESTY-RUCHOME-kursy-udt.pl_-624x390.png 624w, https:\/\/kursy-udt.pl\/wp-content\/uploads\/2022\/12\/PODESTY-RUCHOME-kursy-udt.pl_.png 1200w\" sizes=\"auto, (max-width: 750px) 100vw, 750px\" \/><\/a><\/p>\n<div class=\"button_styl\" style=\"float: right; padding-left: 15px; padding-bottom: 8px; margin-bottom: 5px;\"><a class=\"myButton myButton_maly\" href=\"https:\/\/platformaedukacji.pl\/sklep\/\" target=\"_blank\" rel=\"nofollow noopener noreferrer\"><span style=\"color: white;\">Anmeldung zur Schulung<\/span><\/a><\/div>","protected":false},"excerpt":{"rendered":"<p>Sie werden Qualifikationen erwerben: UDT-Berechtigungen f\u00fcr die Bedienung mobiler Arbeitsb\u00fchnen Das ERGON-Personalentwicklungszentrum ermutigt Sie, die Ausbildung f\u00fcr die Wartung mobiler Arbeitsb\u00fchnen zu nutzen! Fahrbare Arbeitsb\u00fchnen sind mobile Umschlagger\u00e4te (UTB) mit einem breiten Anwendungsspektrum bei Bau-, Renovierungs- und Montagearbeiten. Sie geh\u00f6ren zur Kategorie der Krananlagen. Um mobile Arbeitsb\u00fchnen bedienen zu d\u00fcrfen, ist eine entsprechende Qualifikation erforderlich, die nach einem positiven Ergebnis einer Pr\u00fcfung durch eine Kommission des Technischen \u00dcberwachungsamtes (UDT) erteilt wird. Unser ERGON-Zentrum l\u00e4dt Sie ein, an Kursen \u00fcber mobile Arbeitsb\u00fchnen teilzunehmen, einschlie\u00dflich der Kurse, die sich mit der Wartung dieser Art von Ausr\u00fcstung befassen. Wir unterrichten umfassend und verbinden Theorie und Praxis! W\u00e4hrend der Schulung werden unter anderem folgende Themen behandelt: Grundlegende Informationen \u00fcber mobile Arbeitsb\u00fchnen Pr\u00fcfung des technischen Zustands von Systemen und Komponenten mobiler Arbeitsb\u00fchnen Betriebsgrunds\u00e4tze - Betrieb mobiler Arbeitsb\u00fchnen Pflichten des Instandhalters mobiler Arbeitsb\u00fchnen Erforderliche Genehmigungen f\u00fcr die Arbeit mit mobilen Arbeitsb\u00fchnen Technische \u00dcberwachung mobiler Arbeitsb\u00fchnen Die Dauer der Schulung in diesem Bereich betr\u00e4gt 48-88 Unterrichtsstunden. Bei Bedarf kann unser Zentrum den thematischen Umfang des Kurses an Ihre individuellen Bed\u00fcrfnisse anpassen. Nutzen Sie das Angebot! F\u00fcr die Ausbildung anmelden<\/p>","protected":false},"author":1,"featured_media":3082,"parent":3226,"menu_order":0,"comment_status":"closed","ping_status":"closed","template":"","meta":{"sfsi_plus_gutenberg_text_before_share":"","sfsi_plus_gutenberg_show_text_before_share":"","sfsi_plus_gutenberg_icon_type":"","sfsi_plus_gutenberg_icon_alignemt":"","sfsi_plus_gutenburg_max_per_row":"","footnotes":""},"class_list":["post-3081","page","type-page","status-publish","has-post-thumbnail","hentry","has_thumb"],"aioseo_notices":[],"_links":{"self":[{"href":"https:\/\/kursy-udt.pl\/de\/wp-json\/wp\/v2\/pages\/3081","targetHints":{"allow":["GET"]}}],"collection":[{"href":"https:\/\/kursy-udt.pl\/de\/wp-json\/wp\/v2\/pages"}],"about":[{"href":"https:\/\/kursy-udt.pl\/de\/wp-json\/wp\/v2\/types\/page"}],"author":[{"embeddable":true,"href":"https:\/\/kursy-udt.pl\/de\/wp-json\/wp\/v2\/users\/1"}],"replies":[{"embeddable":true,"href":"https:\/\/kursy-udt.pl\/de\/wp-json\/wp\/v2\/comments?post=3081"}],"version-history":[{"count":6,"href":"https:\/\/kursy-udt.pl\/de\/wp-json\/wp\/v2\/pages\/3081\/revisions"}],"predecessor-version":[{"id":4649,"href":"https:\/\/kursy-udt.pl\/de\/wp-json\/wp\/v2\/pages\/3081\/revisions\/4649"}],"up":[{"embeddable":true,"href":"https:\/\/kursy-udt.pl\/de\/wp-json\/wp\/v2\/pages\/3226"}],"wp:featuredmedia":[{"embeddable":true,"href":"https:\/\/kursy-udt.pl\/de\/wp-json\/wp\/v2\/media\/3082"}],"wp:attachment":[{"href":"https:\/\/kursy-udt.pl\/de\/wp-json\/wp\/v2\/media?parent=3081"}],"curies":[{"name":"wp","href":"https:\/\/api.w.org\/{rel}","templated":true}]}}