{"id":3076,"date":"2020-06-30T05:55:18","date_gmt":"2020-06-30T05:55:18","guid":{"rendered":"https:\/\/kursy-udt.pl\/?page_id=3076"},"modified":"2023-01-05T11:08:39","modified_gmt":"2023-01-05T11:08:39","slug":"instandhaltung-von-seilbahnen","status":"publish","type":"page","link":"https:\/\/kursy-udt.pl\/de\/szkolenia\/zakresy-ksztalcenia\/konserwacja-kolei-linowych\/","title":{"rendered":"Wartung von Seilbahnen und Skiliften"},"content":{"rendered":"<h2 class=\"naglowekh2\"><u><strong>Sie erwerben eine Qualifikation:<\/strong><\/u><br \/>\nUDT-Genehmigungen f\u00fcr die Wartung von Seilbahnen und Skiliften<\/h2>\n<p><a href=\"https:\/\/kursy-udt.pl\/wp-content\/uploads\/2020\/06\/1-2.jpg\"><img loading=\"lazy\" decoding=\"async\" class=\"obrazekpadding wp-image-3077 size-medium alignleft\" src=\"https:\/\/kursy-udt.pl\/wp-content\/uploads\/2020\/06\/1-2-300x169.jpg\" alt=\"Wartung von Skiliften\" width=\"300\" height=\"169\" srcset=\"https:\/\/kursy-udt.pl\/wp-content\/uploads\/2020\/06\/1-2-300x169.jpg 300w, https:\/\/kursy-udt.pl\/wp-content\/uploads\/2020\/06\/1-2-1024x577.jpg 1024w, https:\/\/kursy-udt.pl\/wp-content\/uploads\/2020\/06\/1-2-768x432.jpg 768w, https:\/\/kursy-udt.pl\/wp-content\/uploads\/2020\/06\/1-2-624x351.jpg 624w, https:\/\/kursy-udt.pl\/wp-content\/uploads\/2020\/06\/1-2.jpg 1174w\" sizes=\"auto, (max-width: 300px) 100vw, 300px\" \/><\/a><a href=\"https:\/\/kursy-udt.pl\/de\/o-firmie\/\">ERGON-Zentrum f\u00fcr Personalverbesserung<\/a> l\u00e4dt Sie ein, unser Schulungsangebot f\u00fcr den Betrieb - Wartung von Seilbahnen und Skiliften zu nutzen!<\/p>\n<p>Seilbahnen und Skilifte sind Transportmittel, die es erm\u00f6glichen, Personen mit Gondeln, Wagen oder Sesseln entlang einer bestimmten Seilbahn \u00fcber ein Gebiet zu bef\u00f6rdern. Solche Bahnen werden auch f\u00fcr die Bef\u00f6rderung von G\u00fctern eingesetzt.<\/p>\n<p>Um Seilbahnen und Skilifte bedienen zu k\u00f6nnen, ist eine entsprechende Vorbereitung erforderlich, die Sie bei einer entsprechenden Schulung in unserem Zentrum erwerben k\u00f6nnen.<\/p>\n<p>Der Kurs f\u00fcr Instandhalter und Betreiber von Seilbahnen und Skiliften in unserem ERGON-Zentrum ist ein umfassender Kurs, der Theorie und Praxis miteinander verbindet.<\/p>\n<h2 class=\"naglowekh2\">In den Schulungen werden unter anderem die folgenden Themen behandelt:<\/h2>\n<ul>\n<li>Arten von F\u00f6rderanlagen - Seilbahnen und Skilifte<\/li>\n<li>grundlegende Informationen zur technischen \u00dcberwachung von Seilbahnen und Skiliften<\/li>\n<li>Typen <a href=\"https:\/\/kursy-udt.pl\/de\/uprawnienia-udt\/kategorie-uprawnien-2\/\">Kr\u00e4fte<\/a> die f\u00fcr den Betrieb und die Wartung von Seilbahnen und Skiliften erforderlich sind<\/li>\n<li>Bau von Luftseilbahnen mit Umlaufverkehr<\/li>\n<li>Bau von Skiliften<\/li>\n<li>Zust\u00e4ndigkeiten des Personals von Seilbahnen und Skiliften - Verkehrsleiter, Triebwerksmechaniker, Stationsbetreiber, Bahnw\u00e4rter<\/li>\n<li>Informationen \u00fcber die sichere Benutzung von Seilbahnen und Skiliften, einschlie\u00dflich der korrekten Evakuierung von Personen<\/li>\n<li>Ausarbeitung von Fahrgastvorschriften<\/li>\n<\/ul>\n<p>Die Kursdauer betr\u00e4gt zwischen 30 und 60 Unterrichtsstunden.<\/p>\n<p>Unser Zentrum kann den Umfang des Unterrichts auch auf die individuellen Bed\u00fcrfnisse des Kunden abstimmen. <a href=\"https:\/\/kursy-udt.pl\/de\/kontakt\/\">Bitte kontaktieren Sie<\/a> f\u00fcr weitere Informationen.<\/p>\n<p>Nutzen Sie das Angebot von ODK ERGON!<\/p>\n<p><a href=\"https:\/\/kursy-udt.pl\/wp-content\/uploads\/2023\/01\/Konserwacja-kolei-linowych-i-wyciagow-narciarskich-kursy-udt.pl_.png\"><img loading=\"lazy\" decoding=\"async\" class=\"aligncenter wp-image-4694\" src=\"https:\/\/kursy-udt.pl\/wp-content\/uploads\/2023\/01\/Konserwacja-kolei-linowych-i-wyciagow-narciarskich-kursy-udt.pl_-300x188.png\" alt=\"\" width=\"750\" height=\"469\" srcset=\"https:\/\/kursy-udt.pl\/wp-content\/uploads\/2023\/01\/Konserwacja-kolei-linowych-i-wyciagow-narciarskich-kursy-udt.pl_-300x188.png 300w, https:\/\/kursy-udt.pl\/wp-content\/uploads\/2023\/01\/Konserwacja-kolei-linowych-i-wyciagow-narciarskich-kursy-udt.pl_-1024x640.png 1024w, https:\/\/kursy-udt.pl\/wp-content\/uploads\/2023\/01\/Konserwacja-kolei-linowych-i-wyciagow-narciarskich-kursy-udt.pl_-768x480.png 768w, https:\/\/kursy-udt.pl\/wp-content\/uploads\/2023\/01\/Konserwacja-kolei-linowych-i-wyciagow-narciarskich-kursy-udt.pl_-18x12.png 18w, https:\/\/kursy-udt.pl\/wp-content\/uploads\/2023\/01\/Konserwacja-kolei-linowych-i-wyciagow-narciarskich-kursy-udt.pl_-624x390.png 624w, https:\/\/kursy-udt.pl\/wp-content\/uploads\/2023\/01\/Konserwacja-kolei-linowych-i-wyciagow-narciarskich-kursy-udt.pl_.png 1200w\" sizes=\"auto, (max-width: 750px) 100vw, 750px\" \/><\/a><\/p>\n<div class=\"button_styl\" style=\"float: right; padding-left: 15px; padding-bottom: 8px; margin-bottom: 5px;\"><a class=\"myButton myButton_maly\" href=\"https:\/\/platformaedukacji.pl\/sklep\/\" target=\"_blank\" rel=\"nofollow noopener noreferrer\"><span style=\"color: white;\">Anmeldung zur Schulung<\/span><\/a><\/div>","protected":false},"excerpt":{"rendered":"<p>Sie werden Qualifikationen erwerben: UDT-Qualifikationen f\u00fcr die Wartung von Seilbahnen und Skiliften Das ERGON-Personalentwicklungszentrum l\u00e4dt Sie ein, das Schulungsangebot f\u00fcr den Betrieb - Wartung von Seilbahnen und Skiliften zu nutzen! Seilbahnen und Skilifte sind Transportmittel, die die Bef\u00f6rderung von Personen mit Hilfe von Gondeln, Wagen oder Sesseln entlang einer bestimmten Seilbahn, die \u00fcber einem bestimmten Gebiet verl\u00e4uft, erm\u00f6glichen. Diese Art von Bahn wird auch f\u00fcr die Bef\u00f6rderung von G\u00fctern eingesetzt. Um T\u00e4tigkeiten mit Seilbahnen und Skiliften aus\u00fcben zu k\u00f6nnen, ist eine entsprechende Vorbereitung erforderlich, die im Rahmen der von unserem Zentrum angebotenen entsprechenden Schulungen erworben werden kann. Der Kurs f\u00fcr Instandhalter und Betreiber von Seilbahnen und Skiliften in unserem ERGON-Zentrum ist ein umfassender Kurs, der Theorie und Praxis verbindet. In den Schulungen werden unter anderem folgende Themen behandelt. die folgenden Themen: Arten von F\u00f6rderanlagen - Seilbahnen und Skilifte - Grundlegende Informationen \u00fcber die technische \u00dcberwachung von Seilbahnen und Skiliften - Arten von Genehmigungen, die f\u00fcr den Betrieb und die Instandhaltung von Seilbahnen und Skiliften erforderlich sind - Bau von Luftseilbahnen mit kreisf\u00f6rmiger Bewegung - Bau von Skiliften - Aufgaben des Personals, das Seilbahnen und Skilifte betreibt - Verkehrsleiter, Informationen \u00fcber die sichere Benutzung von Seilbahnen und Skiliften Informationen \u00fcber die sichere Benutzung von Seilbahnen und Skiliften, einschlie\u00dflich der korrekten Evakuierung von Fahrg\u00e4sten Ausarbeitung von Regeln und Vorschriften f\u00fcr Fahrg\u00e4ste Dauer des Kurses: zwischen 30 und 60 Unterrichtsstunden. Unser Zentrum kann den Umfang des Unterrichts auch auf Ihre individuellen Bed\u00fcrfnisse abstimmen. Bitte kontaktieren Sie uns f\u00fcr weitere Informationen. Profitieren Sie von dem Angebot von ODK ERGON! Melden Sie sich f\u00fcr eine Schulung an<\/p>","protected":false},"author":1,"featured_media":3077,"parent":3226,"menu_order":0,"comment_status":"closed","ping_status":"closed","template":"","meta":{"sfsi_plus_gutenberg_text_before_share":"","sfsi_plus_gutenberg_show_text_before_share":"","sfsi_plus_gutenberg_icon_type":"","sfsi_plus_gutenberg_icon_alignemt":"","sfsi_plus_gutenburg_max_per_row":"","footnotes":""},"class_list":["post-3076","page","type-page","status-publish","has-post-thumbnail","hentry","has_thumb"],"aioseo_notices":[],"_links":{"self":[{"href":"https:\/\/kursy-udt.pl\/de\/wp-json\/wp\/v2\/pages\/3076","targetHints":{"allow":["GET"]}}],"collection":[{"href":"https:\/\/kursy-udt.pl\/de\/wp-json\/wp\/v2\/pages"}],"about":[{"href":"https:\/\/kursy-udt.pl\/de\/wp-json\/wp\/v2\/types\/page"}],"author":[{"embeddable":true,"href":"https:\/\/kursy-udt.pl\/de\/wp-json\/wp\/v2\/users\/1"}],"replies":[{"embeddable":true,"href":"https:\/\/kursy-udt.pl\/de\/wp-json\/wp\/v2\/comments?post=3076"}],"version-history":[{"count":5,"href":"https:\/\/kursy-udt.pl\/de\/wp-json\/wp\/v2\/pages\/3076\/revisions"}],"predecessor-version":[{"id":4696,"href":"https:\/\/kursy-udt.pl\/de\/wp-json\/wp\/v2\/pages\/3076\/revisions\/4696"}],"up":[{"embeddable":true,"href":"https:\/\/kursy-udt.pl\/de\/wp-json\/wp\/v2\/pages\/3226"}],"wp:featuredmedia":[{"embeddable":true,"href":"https:\/\/kursy-udt.pl\/de\/wp-json\/wp\/v2\/media\/3077"}],"wp:attachment":[{"href":"https:\/\/kursy-udt.pl\/de\/wp-json\/wp\/v2\/media?parent=3076"}],"curies":[{"name":"wp","href":"https:\/\/api.w.org\/{rel}","templated":true}]}}