{"id":3062,"date":"2020-06-29T21:04:01","date_gmt":"2020-06-29T21:04:01","guid":{"rendered":"https:\/\/kursy-udt.pl\/?page_id=3062"},"modified":"2023-01-05T10:52:56","modified_gmt":"2023-01-05T10:52:56","slug":"wartung-von-lastaufnahmemitteln","status":"publish","type":"page","link":"https:\/\/kursy-udt.pl\/de\/szkolenia\/zakresy-ksztalcenia\/konserwacja-dzwignikow-do-podnoszenia-ladunkow\/","title":{"rendered":"Wartung von Wagenhebern zum Heben von Lasten"},"content":{"rendered":"<h2 class=\"naglowekh2\"><u>Sie erwerben eine Qualifikation:<\/u><br \/>\nUDT-Genehmigung f\u00fcr die Instandhaltung von Hebekr\u00e4nen<\/h2>\n<p><a href=\"https:\/\/kursy-udt.pl\/wp-content\/uploads\/2020\/06\/2.jpg\"><img loading=\"lazy\" decoding=\"async\" class=\"obrazekpadding wp-image-3063 size-medium alignleft\" src=\"https:\/\/kursy-udt.pl\/wp-content\/uploads\/2020\/06\/2-300x244.jpg\" alt=\"Hebekran-Wartungspersonal\" width=\"300\" height=\"244\" srcset=\"https:\/\/kursy-udt.pl\/wp-content\/uploads\/2020\/06\/2-300x244.jpg 300w, https:\/\/kursy-udt.pl\/wp-content\/uploads\/2020\/06\/2-768x623.jpg 768w, https:\/\/kursy-udt.pl\/wp-content\/uploads\/2020\/06\/2-624x506.jpg 624w, https:\/\/kursy-udt.pl\/wp-content\/uploads\/2020\/06\/2.jpg 1009w\" sizes=\"auto, (max-width: 300px) 100vw, 300px\" \/><\/a><a href=\"https:\/\/kursy-udt.pl\/de\/o-firmie\/\">ERGON-Zentrum f\u00fcr Personalverbesserung<\/a> l\u00e4dt Sie ein, unser Schulungsangebot f\u00fcr Umschlagger\u00e4te (UTB) - Hebeb\u00f6cke - in Anspruch zu nehmen!<\/p>\n<p>Transportger\u00e4te wie Wagenheber zum Heben von Lasten, einschlie\u00dflich Fahrzeugen, sind an vielen Arbeitspl\u00e4tzen zu finden, z. B. in Werkst\u00e4tten, Lagern, Logistikzentren und Produktionsst\u00e4tten. Das Personal, das mit den oben genannten Ger\u00e4ten umgeht und sie wartet, sollte f\u00fcr diese Art von Arbeit entsprechend geschult sein.<\/p>\n<p>In unserem ERGON-Zentrum bieten wir umfassende Kurse in diesem Bereich an. Unsere Kurse behandeln sowohl theoretische als auch praktische Themen im Zusammenhang mit der Bedienung und Wartung von Gabelhubwagen, Lagertechnikger\u00e4ten und Tischhubwagen.<\/p>\n<h2 class=\"naglowekh2\">In den Schulungen werden unter anderem die folgenden Themen behandelt:<\/h2>\n<ul>\n<li>Informationen \u00fcber Hebezeuge zum Heben von Lasten und Fahrzeugen, einschlie\u00dflich der technischen Merkmale, der Anwendung, der Konstruktion, der Wartung und der Reparatur sowie der Regeln f\u00fcr den richtigen Betrieb<\/li>\n<li>Informationen \u00fcber die technische \u00dcberwachung der aufgef\u00fchrten Ger\u00e4te, einschlie\u00dflich Vorschriften, technische Pr\u00fcfungen, Dokumentation<\/li>\n<li>Verantwortlichkeiten des Ger\u00e4tewarts<\/li>\n<li>Informationen \u00fcber die f\u00fcr die Bedienung des Ger\u00e4ts erforderlichen Qualifikationen<\/li>\n<li><a href=\"https:\/\/kursy-udt.pl\/de\/szkolenia\/bhp-bezpieczenstwo-pracy\/prawna-ochrona-pracy\/\">GESUNDHEIT UND SICHERHEIT<\/a> i <a href=\"https:\/\/kursy-udt.pl\/de\/szkolenia\/bhp-bezpieczenstwo-pracy\/pierwsza-pomoc-i-dzialania\/\">Erste Hilfe<\/a> bei Unf\u00e4llen<\/li>\n<\/ul>\n<p>Die Kursdauer betr\u00e4gt 48-88 Unterrichtsstunden.<\/p>\n<p>Das ERGON-Zentrum kann den Umfang der Schulungen f\u00fcr Gabelhubwagen, Lagertechnikger\u00e4te und Tischhubwagen auf die individuellen Bed\u00fcrfnisse des Kunden abstimmen.<\/p>\n<p>Wir ermutigen Sie, sich f\u00fcr unsere Bildungsangebote im ERGON Personalentwicklungszentrum zu entscheiden!<\/p>\n<p><a href=\"https:\/\/kursy-udt.pl\/wp-content\/uploads\/2023\/01\/urzadzenia-zaladowcze-wyladowcze-i-podajacych-kursy-udt.pl_.png\"><img loading=\"lazy\" decoding=\"async\" class=\"aligncenter wp-image-4689\" src=\"https:\/\/kursy-udt.pl\/wp-content\/uploads\/2023\/01\/urzadzenia-zaladowcze-wyladowcze-i-podajacych-kursy-udt.pl_-300x188.png\" alt=\"\" width=\"750\" height=\"469\" srcset=\"https:\/\/kursy-udt.pl\/wp-content\/uploads\/2023\/01\/urzadzenia-zaladowcze-wyladowcze-i-podajacych-kursy-udt.pl_-300x188.png 300w, https:\/\/kursy-udt.pl\/wp-content\/uploads\/2023\/01\/urzadzenia-zaladowcze-wyladowcze-i-podajacych-kursy-udt.pl_-1024x640.png 1024w, https:\/\/kursy-udt.pl\/wp-content\/uploads\/2023\/01\/urzadzenia-zaladowcze-wyladowcze-i-podajacych-kursy-udt.pl_-768x480.png 768w, https:\/\/kursy-udt.pl\/wp-content\/uploads\/2023\/01\/urzadzenia-zaladowcze-wyladowcze-i-podajacych-kursy-udt.pl_-18x12.png 18w, https:\/\/kursy-udt.pl\/wp-content\/uploads\/2023\/01\/urzadzenia-zaladowcze-wyladowcze-i-podajacych-kursy-udt.pl_-624x390.png 624w, https:\/\/kursy-udt.pl\/wp-content\/uploads\/2023\/01\/urzadzenia-zaladowcze-wyladowcze-i-podajacych-kursy-udt.pl_.png 1200w\" sizes=\"auto, (max-width: 750px) 100vw, 750px\" \/><\/a><\/p>\n<div class=\"button_styl\" style=\"float: right; padding-left: 15px; padding-bottom: 8px; margin-bottom: 5px;\"><a class=\"myButton myButton_maly\" href=\"https:\/\/platformaedukacji.pl\/sklep\/\" target=\"_blank\" rel=\"nofollow noopener noreferrer\"><span style=\"color: white;\">Anmeldung zur Schulung<\/span><\/a><\/div>","protected":false},"excerpt":{"rendered":"<p>Uzyskasz kwalifikacje: Uprawnienia UDT do konserwacji d\u017awignik\u00f3w do podnoszenia \u0142adunk\u00f3w O\u015brodek Doskonalenia Kadr ERGON zach\u0119ca do skorzystania z oferty szkoleniowej dotycz\u0105cej urz\u0105dze\u0144 transportu bliskiego (UTB) \u2013 d\u017awignik\u00f3w do podnoszenia \u0142adunk\u00f3w! Urz\u0105dzenia transportowe takie, jak d\u017awigniki do podnoszenia \u0142adunk\u00f3w, w tym pojazd\u00f3w, s\u0105 w wielu zak\u0142adach pracy, mi\u0119dzy innymi w warsztatach samochodowych, magazynach, centrach logistycznych, zak\u0142adach produkcyjnych. Osoby zajmuj\u0105ce si\u0119 obs\u0142ug\u0105 wy\u017cej wymienionych urz\u0105dze\u0144, a tak\u017ce prowadz\u0105ce ich konserwacj\u0119 powinny posiada\u0107 w\u0142a\u015bciwe przygotowanie do tego typu prac. W naszym O\u015brodku ERGON prowadzimy kompleksowe kursy w tym zakresie. Nasze zaj\u0119cia podejmuj\u0105 tematy teorii, a tak\u017ce praktyki zwi\u0105zanej z eksploatacj\u0105 i konserwacj\u0105 w\u00f3zk\u00f3w paletowych, magazynowych i podno\u015bnik\u00f3w sto\u0142owych. Podczas szkole\u0144 poruszane s\u0105 m.in. nast\u0119puj\u0105ce tematy: informacje o d\u017awignikach do podnoszenia \u0142adunk\u00f3w, pojazd\u00f3w, w tym charakterystyka techniczna, zastosowanie, budowa, konserwacja i naprawy, a tak\u017ce zasady prawid\u0142owej eksploatacji informacje o dozorze technicznym wymienionych urz\u0105dze\u0144, w tym przepisy, badania techniczne, dokumentacja obowi\u0105zki konserwatora urz\u0105dze\u0144 informacje o uprawnieniach potrzebnych do obs\u0142ugi urz\u0105dze\u0144 BHP i pierwsza pomoc w wypadkach Czas trwania zaj\u0119\u0107 to 48-88 godzin dydaktycznych. O\u015brodek ERGON mo\u017ce dopasowa\u0107 zakres szkolenia dotycz\u0105cego w\u00f3zk\u00f3w paletowych, magazynowych i podno\u015bnik\u00f3w sto\u0142owych w zale\u017cno\u015bci od indywidualnych potrzeb klienta. Zach\u0119camy do wybrania naszych us\u0142ug edukacyjnych w O\u015brodku Doskonalenia Kadr ERGON! Zapisz si\u0119 na szkolenie<\/p>","protected":false},"author":1,"featured_media":3063,"parent":3226,"menu_order":0,"comment_status":"closed","ping_status":"closed","template":"","meta":{"sfsi_plus_gutenberg_text_before_share":"","sfsi_plus_gutenberg_show_text_before_share":"","sfsi_plus_gutenberg_icon_type":"","sfsi_plus_gutenberg_icon_alignemt":"","sfsi_plus_gutenburg_max_per_row":"","footnotes":""},"class_list":["post-3062","page","type-page","status-publish","has-post-thumbnail","hentry","has_thumb"],"aioseo_notices":[],"_links":{"self":[{"href":"https:\/\/kursy-udt.pl\/de\/wp-json\/wp\/v2\/pages\/3062","targetHints":{"allow":["GET"]}}],"collection":[{"href":"https:\/\/kursy-udt.pl\/de\/wp-json\/wp\/v2\/pages"}],"about":[{"href":"https:\/\/kursy-udt.pl\/de\/wp-json\/wp\/v2\/types\/page"}],"author":[{"embeddable":true,"href":"https:\/\/kursy-udt.pl\/de\/wp-json\/wp\/v2\/users\/1"}],"replies":[{"embeddable":true,"href":"https:\/\/kursy-udt.pl\/de\/wp-json\/wp\/v2\/comments?post=3062"}],"version-history":[{"count":5,"href":"https:\/\/kursy-udt.pl\/de\/wp-json\/wp\/v2\/pages\/3062\/revisions"}],"predecessor-version":[{"id":4690,"href":"https:\/\/kursy-udt.pl\/de\/wp-json\/wp\/v2\/pages\/3062\/revisions\/4690"}],"up":[{"embeddable":true,"href":"https:\/\/kursy-udt.pl\/de\/wp-json\/wp\/v2\/pages\/3226"}],"wp:featuredmedia":[{"embeddable":true,"href":"https:\/\/kursy-udt.pl\/de\/wp-json\/wp\/v2\/media\/3063"}],"wp:attachment":[{"href":"https:\/\/kursy-udt.pl\/de\/wp-json\/wp\/v2\/media?parent=3062"}],"curies":[{"name":"wp","href":"https:\/\/api.w.org\/{rel}","templated":true}]}}