{"id":3053,"date":"2020-06-29T20:52:11","date_gmt":"2020-06-29T20:52:11","guid":{"rendered":"https:\/\/kursy-udt.pl\/?page_id=3053"},"modified":"2020-07-08T20:56:04","modified_gmt":"2020-07-08T20:56:04","slug":"wartung-von-rolltreppen-und-fahrtreppen","status":"publish","type":"page","link":"https:\/\/kursy-udt.pl\/de\/szkolenia\/zakresy-ksztalcenia\/konserwacja-schodow-i-chodnikow-ruchomych\/","title":{"rendered":"Wartung von Treppen und Rolltreppen"},"content":{"rendered":"<h2 class=\"naglowekh2\"><u><strong>Sie erwerben eine Qualifikation:<\/strong><\/u><br \/>\nUDT-Genehmigung f\u00fcr die Instandhaltung von Treppen und Rolltreppen<\/h2>\n<p><a href=\"https:\/\/kursy-udt.pl\/wp-content\/uploads\/2020\/06\/images-1.jpg\"><img loading=\"lazy\" decoding=\"async\" class=\"obrazekpadding wp-image-3054 size-full alignleft\" src=\"https:\/\/kursy-udt.pl\/wp-content\/uploads\/2020\/06\/images-1.jpg\" alt=\"Wartung von Rolltreppen\" width=\"299\" height=\"150\" \/><\/a><a href=\"https:\/\/kursy-udt.pl\/de\/o-firmie\/\">ERGON-Zentrum f\u00fcr Personalverbesserung<\/a> l\u00e4dt Sie ein, an einer Schulung f\u00fcr die Wartung und den Betrieb von Rolltreppen und Fahrtreppen teilzunehmen!<\/p>\n<p>Fahrtreppen und Fahrsteige sind eine Art der Personenbef\u00f6rderung, die horizontal betrieben werden k\u00f6nnen und auch verschiedene Stockwerke miteinander verbinden. Fahrtreppen und Fahrsteige werden in und au\u00dferhalb vieler Einrichtungen eingesetzt. Sie erleichtern die Fortbewegung der Bev\u00f6lkerung und den Transport von Lasten. F\u00fcr die Wartung dieser Art von Anlagen ist die richtige Vorbereitung erforderlich.<\/p>\n<p>Die von unserem Zentrum angebotene Ausbildung ist ein professionelles und umfassendes Angebot, das sich an diejenigen richtet, die als Fahrtreppen- und Rolltreppenw\u00e4rter arbeiten m\u00f6chten. Unsere Kurse beinhalten umfangreiche theoretische und praktische Kurse, um Sie fachm\u00e4nnisch auf die Arbeit mit dieser Art von Anlagen vorzubereiten.<\/p>\n<h2 class=\"naglowekh2\"><strong>In den Schulungen werden unter anderem die folgenden Themen behandelt:<\/strong><\/h2>\n<ul>\n<li>Grundlegende Informationen \u00fcber die Merkmale von Rolltreppen und Fahrtreppen<\/li>\n<li>Strukturelemente von Treppen und Rolltreppen<\/li>\n<li>Transport und Montage von Treppen und Rolltreppen<\/li>\n<li>Sicherheitsvorrichtungen f\u00fcr Treppen und Rolltreppen<\/li>\n<li>sicherer Betrieb von Fahrtreppen und Fahrsteigen<\/li>\n<li>Wartung und Pr\u00fcfung von Rolltreppen und Rollsteige<\/li>\n<li>Ausgaben <a href=\"https:\/\/kursy-udt.pl\/de\/szkolenia\/bhp-bezpieczenstwo-pracy\/prawna-ochrona-pracy\/\">GESUNDHEIT UND SICHERHEIT<\/a>Brandbek\u00e4mpfung und Erste Hilfe im Zusammenhang mit Treppen und Rolltreppen<\/li>\n<li>Rechtsvorschriften f\u00fcr Fahrtreppen und Fahrsteige<\/li>\n<li>Informationen zur technischen \u00dcberwachung von Fahrtreppen und Fahrsteigen<\/li>\n<\/ul>\n<p>Die Unterrichtsstunden reichen von 48 bis 88 Stunden.<\/p>\n<p>Auf Wunsch k\u00f6nnen wir den Umfang der Schulung an die individuellen Bed\u00fcrfnisse des Kunden anpassen.<\/p>\n<p>Das ERGON-Zentrum l\u00e4dt Sie ein, von dem Angebot f\u00fcr die Wartung von Treppen und Rolltreppen zu profitieren!<\/p>\n<div class=\"button_styl\" style=\"float: right; padding-left: 15px; padding-bottom: 8px; margin-bottom: 5px;\"><a class=\"myButton myButton_maly\" href=\"https:\/\/platformaedukacji.pl\/sklep\/\" target=\"_blank\" rel=\"nofollow noopener noreferrer\"><span style=\"color: white;\">Anmeldung zur Schulung<\/span><\/a><\/div>","protected":false},"excerpt":{"rendered":"<p>Sie werden Qualifikationen erwerben: UDT-Qualifikation f\u00fcr die Wartung von Fahrtreppen und Fahrsteigen Das ERGON-Personalentwicklungszentrum l\u00e4dt Sie ein, von einer Schulung f\u00fcr die Wartung und den Betrieb von Fahrtreppen und Fahrsteigen zu profitieren! Fahrtreppen und Fahrsteige sind eine Art der Personenbef\u00f6rderung, die horizontal verlaufen und auch verschiedene Stockwerke miteinander verbinden k\u00f6nnen. Fahrtreppen und Fahrsteige werden innerhalb und au\u00dferhalb vieler Einrichtungen eingesetzt. Sie erleichtern die Fortbewegung der Bev\u00f6lkerung und den Transport von Lasten. F\u00fcr die Wartung dieser Art von Ger\u00e4ten ist eine entsprechende Ausbildung unerl\u00e4sslich. Die von unserem Zentrum angebotene Ausbildung ist ein professionelles und umfassendes Angebot, das sich an diejenigen richtet, die als Treppen- und Rolltreppenw\u00e4rter arbeiten m\u00f6chten. Unsere Kurse beinhalten umfangreiche theoretische und praktische Aktivit\u00e4ten, um eine kompetente Vorbereitung auf die Arbeit mit dieser Art von Anlagen zu bieten. W\u00e4hrend der Schulungen werden unter anderem folgende Themen behandelt. die folgenden Themen: Grundlegende Informationen \u00fcber die Merkmale von Fahrtreppen und Fahrsteigen Strukturelemente von Fahrtreppen und Fahrsteigen Transport und Installation von Fahrtreppen und Fahrsteigen Sicherheitsmerkmale von Fahrtreppen und Fahrsteigen Sicherer Betrieb von Fahrtreppen und Fahrsteigen Wartung und Pr\u00fcfung von Fahrtreppen und Fahrsteigen Gesundheits- und Sicherheitsfragen, Fragen der Brandbek\u00e4mpfung und der Ersten Hilfe im Zusammenhang mit Fahrtreppen und Fahrsteigen rechtliche Bestimmungen f\u00fcr Fahrtreppen und Fahrsteige Informationen zur technischen \u00dcberwachung von Fahrtreppen und Fahrsteigen Die Dauer der Kurse liegt zwischen 48 und 88 Unterrichtsstunden. Auf Wunsch k\u00f6nnen wir den Umfang der Schulung an die individuellen Bed\u00fcrfnisse des Kunden anpassen. Das ERGON-Zentrum l\u00e4dt Sie ein, das Angebot f\u00fcr Mitarbeiter, die mit der Wartung von Fahrtreppen und Fahrsteigen befasst sind, zu nutzen! Anmeldung zur Schulung<\/p>","protected":false},"author":1,"featured_media":3054,"parent":3226,"menu_order":0,"comment_status":"closed","ping_status":"closed","template":"","meta":{"sfsi_plus_gutenberg_text_before_share":"","sfsi_plus_gutenberg_show_text_before_share":"","sfsi_plus_gutenberg_icon_type":"","sfsi_plus_gutenberg_icon_alignemt":"","sfsi_plus_gutenburg_max_per_row":"","footnotes":""},"class_list":["post-3053","page","type-page","status-publish","has-post-thumbnail","hentry","has_thumb"],"aioseo_notices":[],"_links":{"self":[{"href":"https:\/\/kursy-udt.pl\/de\/wp-json\/wp\/v2\/pages\/3053","targetHints":{"allow":["GET"]}}],"collection":[{"href":"https:\/\/kursy-udt.pl\/de\/wp-json\/wp\/v2\/pages"}],"about":[{"href":"https:\/\/kursy-udt.pl\/de\/wp-json\/wp\/v2\/types\/page"}],"author":[{"embeddable":true,"href":"https:\/\/kursy-udt.pl\/de\/wp-json\/wp\/v2\/users\/1"}],"replies":[{"embeddable":true,"href":"https:\/\/kursy-udt.pl\/de\/wp-json\/wp\/v2\/comments?post=3053"}],"version-history":[{"count":3,"href":"https:\/\/kursy-udt.pl\/de\/wp-json\/wp\/v2\/pages\/3053\/revisions"}],"predecessor-version":[{"id":3253,"href":"https:\/\/kursy-udt.pl\/de\/wp-json\/wp\/v2\/pages\/3053\/revisions\/3253"}],"up":[{"embeddable":true,"href":"https:\/\/kursy-udt.pl\/de\/wp-json\/wp\/v2\/pages\/3226"}],"wp:featuredmedia":[{"embeddable":true,"href":"https:\/\/kursy-udt.pl\/de\/wp-json\/wp\/v2\/media\/3054"}],"wp:attachment":[{"href":"https:\/\/kursy-udt.pl\/de\/wp-json\/wp\/v2\/media?parent=3053"}],"curies":[{"name":"wp","href":"https:\/\/api.w.org\/{rel}","templated":true}]}}