{"id":3042,"date":"2020-06-29T20:33:56","date_gmt":"2020-06-29T20:33:56","guid":{"rendered":"https:\/\/kursy-udt.pl\/?page_id=3042"},"modified":"2023-01-05T11:13:03","modified_gmt":"2023-01-05T11:13:03","slug":"wartung-der-ladeflachen","status":"publish","type":"page","link":"https:\/\/kursy-udt.pl\/de\/szkolenia\/zakresy-ksztalcenia\/konserwacja-podestow-zaladowczych\/","title":{"rendered":"Instandhaltung von Ladefl\u00e4chen, auch f\u00fcr die Personenbef\u00f6rderung"},"content":{"rendered":"<h2 class=\"naglowekh2\"><u><strong>Sie erwerben eine Qualifikation:<\/strong><\/u><br \/>\nUDT-Genehmigung f\u00fcr die Instandhaltung von Ladefl\u00e4chen, einschlie\u00dflich Personenbef\u00f6rderung<\/h2>\n<p><a href=\"https:\/\/kursy-udt.pl\/wp-content\/uploads\/2020\/06\/1s.jpg\"><img loading=\"lazy\" decoding=\"async\" class=\"obrazekpadding wp-image-3051 size-medium alignleft\" src=\"https:\/\/kursy-udt.pl\/wp-content\/uploads\/2020\/06\/1s-300x225.jpg\" alt=\"Wartung von Ladefl\u00e4chen\" width=\"300\" height=\"225\" srcset=\"https:\/\/kursy-udt.pl\/wp-content\/uploads\/2020\/06\/1s-300x225.jpg 300w, https:\/\/kursy-udt.pl\/wp-content\/uploads\/2020\/06\/1s-640x480.jpg 640w, https:\/\/kursy-udt.pl\/wp-content\/uploads\/2020\/06\/1s-624x468.jpg 624w, https:\/\/kursy-udt.pl\/wp-content\/uploads\/2020\/06\/1s.jpg 660w\" sizes=\"auto, (max-width: 300px) 100vw, 300px\" \/><\/a><a href=\"https:\/\/kursy-udt.pl\/de\/o-firmie\/\">ERGON-Zentrum f\u00fcr Personalverbesserung<\/a> l\u00e4dt Sie ein, unser Schulungsangebot zu nutzen <a href=\"https:\/\/kursy-udt.pl\/de\/szkolenia\/udt-wdt-tdt\/podesty-zaladowcze\/\">Ladefl\u00e4chen<\/a>einschlie\u00dflich Personenbef\u00f6rderung!<\/p>\n<p>Ladeplattformen (Ladeplattformen, auch f\u00fcr den Personentransport) sind h\u00e4ufig verwendete Umschlagger\u00e4te, die den technischen \u00dcberwachungsvorschriften unterliegen. Sie werden f\u00fcr den Transport verschiedener Arten von Lasten, einschlie\u00dflich palettierter Lasten, eingesetzt. Diese Art von Plattform wird unter anderem von Fahrern von Lieferwagen und Wartungspersonal von Ladeplattformen bedient.<\/p>\n<p>Unsere Schulungen zur Instandhaltung von Ladefl\u00e4chen, auch f\u00fcr die Personenbef\u00f6rderung, bieten umfassende Informationen in Theorie und Praxis. Diese Klassen befassen sich mit Ladeplattformen, die zur Montage auf Fahrzeugen, Sattelanh\u00e4ngern oder Anh\u00e4ngern verwendet werden. Sie er\u00f6rtern ausf\u00fchrlich die Vorschriften f\u00fcr diese Ger\u00e4te sowie die Vorschriften f\u00fcr den t\u00e4glichen Betrieb, die technische \u00dcberwachung und die Wartungsarbeiten.<\/p>\n<h2 class=\"naglowekh2\"><strong>In den Schulungen werden unter anderem die folgenden Themen behandelt:<\/strong><\/h2>\n<ul>\n<li>Rechtsgrundlage f\u00fcr die technische \u00dcberwachung<\/li>\n<li>Typen <a href=\"https:\/\/kursy-udt.pl\/de\/uprawnienia-udt\/kategorie-uprawnien-2\/\">Kr\u00e4fte<\/a> erforderlich f\u00fcr die Arbeit mit Ladefl\u00e4chen, einschlie\u00dflich Personenbef\u00f6rderung<\/li>\n<li>Komponenten f\u00fcr den Bau von Ladeplattformen, einschlie\u00dflich u. a. elektrischer und mechanischer Teile<\/li>\n<li>die richtigen Grunds\u00e4tze f\u00fcr den Betrieb von Ladefl\u00e4chen<\/li>\n<li>Aufgaben des Laderaumpflegers<\/li>\n<li>M\u00e4ngel, die w\u00e4hrend des Betriebs von Ladeplattformen auftreten, sowie Methoden zu deren Behebung<\/li>\n<li>Arbeitsschutz- und Erste-Hilfe-Vorschriften f\u00fcr Notf\u00e4lle im Zusammenhang mit der Wartung von Ladefl\u00e4chen<\/li>\n<\/ul>\n<p>Die Kursdauer betr\u00e4gt zwischen 48 und 88 Unterrichtsstunden.<\/p>\n<p>Unser ERGON-Zentrum kann auch die Themen des Unterrichts an die individuellen Erwartungen des Kunden anpassen. <a href=\"https:\/\/kursy-udt.pl\/de\/kontakt\/\">Bitte kontaktieren Sie uns<\/a> f\u00fcr weitere Informationen.<\/p>\n<p>Profitieren Sie von unserem Angebot bei ODK ERGON!<\/p>\n<p><a href=\"https:\/\/kursy-udt.pl\/wp-content\/uploads\/2023\/01\/podesty-zaladowcze-kursy-udt.pl_.png\"><img loading=\"lazy\" decoding=\"async\" class=\"aligncenter wp-image-4588\" src=\"https:\/\/kursy-udt.pl\/wp-content\/uploads\/2023\/01\/podesty-zaladowcze-kursy-udt.pl_-300x188.png\" alt=\"\" width=\"750\" height=\"469\" srcset=\"https:\/\/kursy-udt.pl\/wp-content\/uploads\/2023\/01\/podesty-zaladowcze-kursy-udt.pl_-300x188.png 300w, https:\/\/kursy-udt.pl\/wp-content\/uploads\/2023\/01\/podesty-zaladowcze-kursy-udt.pl_-1024x640.png 1024w, https:\/\/kursy-udt.pl\/wp-content\/uploads\/2023\/01\/podesty-zaladowcze-kursy-udt.pl_-768x480.png 768w, https:\/\/kursy-udt.pl\/wp-content\/uploads\/2023\/01\/podesty-zaladowcze-kursy-udt.pl_-18x12.png 18w, https:\/\/kursy-udt.pl\/wp-content\/uploads\/2023\/01\/podesty-zaladowcze-kursy-udt.pl_-624x390.png 624w, https:\/\/kursy-udt.pl\/wp-content\/uploads\/2023\/01\/podesty-zaladowcze-kursy-udt.pl_.png 1200w\" sizes=\"auto, (max-width: 750px) 100vw, 750px\" \/><\/a><\/p>\n<div class=\"button_styl\" style=\"float: right; padding-left: 15px; padding-bottom: 8px; margin-bottom: 5px;\"><a class=\"myButton myButton_maly\" href=\"https:\/\/platformaedukacji.pl\/sklep\/\" target=\"_blank\" rel=\"nofollow noopener noreferrer\"><span style=\"color: white;\">Anmeldung zur Schulung<\/span><\/a><\/div>","protected":false},"excerpt":{"rendered":"<p>Sie werden Qualifikationen erwerben: UDT-Berechtigungen f\u00fcr die Instandhaltung von Ladeplattformen, auch f\u00fcr den Personentransport Das ERGON Personalentwicklungszentrum l\u00e4dt Sie ein, das Schulungsangebot f\u00fcr Ladeplattformen, auch f\u00fcr den Personentransport, zu nutzen! Ladeplattformen (Ladeplattformen, auch f\u00fcr den Personentransport) sind h\u00e4ufig verwendete Handhabungsger\u00e4te, die den Vorschriften der technischen \u00dcberwachung unterliegen. Sie werden f\u00fcr den Transport verschiedener Arten von Lasten, einschlie\u00dflich palettierter Lasten, eingesetzt. Die Bedienung dieser Art von Plattformen wird unter anderem von Fahrern von Lieferfahrzeugen sowie von Wartungspersonal f\u00fcr Ladeplattformen durchgef\u00fchrt. Unsere Schulungen zur Wartung von Ladeplattformen, auch f\u00fcr den Personentransport, bieten umfassende Informationen in Theorie und Praxis. Diese Kurse befassen sich mit Ladeplattformen, die auf Fahrzeugen, Sattelanh\u00e4ngern oder Anh\u00e4ngern montiert werden. Sie behandeln im Detail die Vorschriften f\u00fcr diese Ger\u00e4te sowie die Vorschriften f\u00fcr den t\u00e4glichen Betrieb, die technische \u00dcberwachung und die Wartungsarbeiten. In den Schulungen werden unter anderem folgende Themen behandelt: die Rechtsgrundlage f\u00fcr die technische \u00dcberwachung die Arten von Genehmigungen, die f\u00fcr die Arbeit mit Ladeplattformen, einschlie\u00dflich der Personenbef\u00f6rderung, erforderlich sind die Konstruktionselemente von Ladeplattformen, einschlie\u00dflich, aber nicht beschr\u00e4nkt auf elektrische und mechanische Teile die richtigen Grunds\u00e4tze f\u00fcr den Betrieb von Ladeplattformen die Aufgaben eines Wartungspersonals f\u00fcr Ladeplattformen Fehler, die beim Betrieb von Ladeplattformen auftreten, sowie Methoden zu deren Beseitigung Gesundheits- und Sicherheitsvorschriften und Erste-Hilfe-Ma\u00dfnahmen bei Notf\u00e4llen im Zusammenhang mit der Wartung von Ladeplattformen Die Dauer des Kurses reicht von 48 bis 88 Unterrichtsstunden. Unser ERGON-Zentrum kann die Kursthemen auch an individuelle Kundenerwartungen anpassen - bitte kontaktieren Sie uns f\u00fcr weitere Informationen. Wir laden Sie ein, unser Angebot bei ODK ERGON zu nutzen! Anmeldung zur Schulung<\/p>","protected":false},"author":1,"featured_media":3051,"parent":3226,"menu_order":0,"comment_status":"closed","ping_status":"closed","template":"","meta":{"sfsi_plus_gutenberg_text_before_share":"","sfsi_plus_gutenberg_show_text_before_share":"","sfsi_plus_gutenberg_icon_type":"","sfsi_plus_gutenberg_icon_alignemt":"","sfsi_plus_gutenburg_max_per_row":"","footnotes":""},"class_list":["post-3042","page","type-page","status-publish","has-post-thumbnail","hentry","has_thumb"],"aioseo_notices":[],"_links":{"self":[{"href":"https:\/\/kursy-udt.pl\/de\/wp-json\/wp\/v2\/pages\/3042","targetHints":{"allow":["GET"]}}],"collection":[{"href":"https:\/\/kursy-udt.pl\/de\/wp-json\/wp\/v2\/pages"}],"about":[{"href":"https:\/\/kursy-udt.pl\/de\/wp-json\/wp\/v2\/types\/page"}],"author":[{"embeddable":true,"href":"https:\/\/kursy-udt.pl\/de\/wp-json\/wp\/v2\/users\/1"}],"replies":[{"embeddable":true,"href":"https:\/\/kursy-udt.pl\/de\/wp-json\/wp\/v2\/comments?post=3042"}],"version-history":[{"count":8,"href":"https:\/\/kursy-udt.pl\/de\/wp-json\/wp\/v2\/pages\/3042\/revisions"}],"predecessor-version":[{"id":4698,"href":"https:\/\/kursy-udt.pl\/de\/wp-json\/wp\/v2\/pages\/3042\/revisions\/4698"}],"up":[{"embeddable":true,"href":"https:\/\/kursy-udt.pl\/de\/wp-json\/wp\/v2\/pages\/3226"}],"wp:featuredmedia":[{"embeddable":true,"href":"https:\/\/kursy-udt.pl\/de\/wp-json\/wp\/v2\/media\/3051"}],"wp:attachment":[{"href":"https:\/\/kursy-udt.pl\/de\/wp-json\/wp\/v2\/media?parent=3042"}],"curies":[{"name":"wp","href":"https:\/\/api.w.org\/{rel}","templated":true}]}}