{"id":3038,"date":"2020-06-29T20:23:27","date_gmt":"2020-06-29T20:23:27","guid":{"rendered":"https:\/\/kursy-udt.pl\/?page_id=3038"},"modified":"2023-01-05T10:38:12","modified_gmt":"2023-01-05T10:38:12","slug":"wartung-von-elektrischen-kranen","status":"publish","type":"page","link":"https:\/\/kursy-udt.pl\/de\/szkolenia\/zakresy-ksztalcenia\/konserwacja-dzwigow-elektrycznych\/","title":{"rendered":"Wartung von elektrischen Aufz\u00fcgen"},"content":{"rendered":"<h2 class=\"naglowekh2\"><u><strong>Sie erwerben eine Qualifikation:<\/strong><\/u><br \/>\nUDT-Genehmigung f\u00fcr die Wartung von elektrischen Aufz\u00fcgen<\/h2>\n<p><a href=\"https:\/\/kursy-udt.pl\/wp-content\/uploads\/2020\/06\/1.jpg\"><img loading=\"lazy\" decoding=\"async\" class=\"obrazekpadding alignleft wp-image-3036 size-medium\" src=\"https:\/\/kursy-udt.pl\/wp-content\/uploads\/2020\/06\/1-300x230.jpg\" alt=\"Wartung von elektrischen Aufz\u00fcgen\" width=\"300\" height=\"230\" srcset=\"https:\/\/kursy-udt.pl\/wp-content\/uploads\/2020\/06\/1-300x230.jpg 300w, https:\/\/kursy-udt.pl\/wp-content\/uploads\/2020\/06\/1.jpg 460w\" sizes=\"auto, (max-width: 300px) 100vw, 300px\" \/><\/a>Nutzen Sie das Ausbildungsangebot zur Wartung von Elektroaufz\u00fcgen bei ODK ERGON!<\/p>\n<p>Elektrokr\u00e4ne sind Ger\u00e4te, die h\u00e4ufig f\u00fcr den Nahverkehr von Personen und G\u00fctern eingesetzt werden. Diese Krane werden in Passagier-, Fracht- und Krankenhauskrane unterteilt und haben eine breite Palette von Anwendungen in verschiedenen Einrichtungen. Die mit der Wartung und dem Betrieb dieser Art von Ger\u00e4ten befassten Personen m\u00fcssen \u00fcber bestimmte <a href=\"https:\/\/kursy-udt.pl\/de\/uprawnienia-udt\/kategorie-uprawnien-2\/\">Anrechte<\/a>.<\/p>\n<p>Die Ausbildung in der Instandhaltung elektrischer Krane im ERGON-Zentrum besteht aus einem theoretischen und einem praktischen Teil, die der umfassenden Vorbereitung der Kandidaten auf die Instandhaltung elektrischer Krane dienen. Auch Personen, die mit dem Betrieb und der technischen \u00dcberwachung dieser Ger\u00e4te befasst sind, k\u00f6nnen von diesen Kursen profitieren.<\/p>\n<p>Der Kurs befasst sich sowohl mit den rechtlichen Aspekten des Betriebs und der Zulassung von Ger\u00e4ten als auch mit deren Bau und Wartung. Die Teilnehmer lernen auch mehr \u00fcber die praktischen Aspekte der Arbeit als Wartungstechniker.<\/p>\n<h2 class=\"naglowekh2\"><strong>In den Schulungen werden unter anderem die folgenden Themen behandelt:<\/strong><\/h2>\n<ul>\n<li>Erforderliche Qualifikationen f\u00fcr die Arbeit mit elektrischen Kr\u00e4nen<\/li>\n<li>Grundlegende Rechtsvorschriften f\u00fcr die technische \u00dcberwachung von elektrischen Aufz\u00fcgen<\/li>\n<li>Arten von elektrischen Aufz\u00fcgen - Klassifizierung nach Zweck, Steuerung, Antriebsart<\/li>\n<li>Grundlegende Informationen \u00fcber die Konstruktion von elektrischen Aufz\u00fcgen<\/li>\n<li>detaillierte Informationen \u00fcber Komponenten und Baugruppen von elektrischen Aufz\u00fcgen - elektrisch, elektronisch, elektromechanisch<\/li>\n<li>Wartungsarbeiten an elektrischen Personen-, Lasten- und Krankenhausaufz\u00fcgen sowie an Geb\u00e4udeaufz\u00fcgen<\/li>\n<li>die h\u00e4ufigsten Fehler und Unf\u00e4lle im Zusammenhang mit dem Betrieb von elektrischen Aufz\u00fcgen<\/li>\n<li>Gesundheit, Sicherheit und <a href=\"https:\/\/kursy-udt.pl\/de\/szkolenia\/bhp-bezpieczenstwo-pracy\/pierwsza-pomoc-i-dzialania\/\">Erste Hilfe<\/a> bei Arbeiten mit elektrischen Kr\u00e4nen<\/li>\n<\/ul>\n<p>Die Kursdauer betr\u00e4gt zwischen 48 und 88 Unterrichtsstunden.<\/p>\n<p>Bei Bedarf ist es m\u00f6glich, die Themen des Unterrichts auf die individuellen Bed\u00fcrfnisse des Kunden abzustimmen.<\/p>\n<p><a href=\"https:\/\/kursy-udt.pl\/de\/kontakt\/\">Sie sind herzlich eingeladen, von unserem Angebot Gebrauch zu machen<\/a> Ausbildung in <a href=\"https:\/\/kursy-udt.pl\/de\/o-firmie\/\">ERGON Zentrum f\u00fcr Personalentwicklung<\/a>!<\/p>\n<p><a href=\"https:\/\/kursy-udt.pl\/wp-content\/uploads\/2023\/01\/Konserwacja-dzwigow-elektrycznych-kursy-udt.pl_.png\"><img loading=\"lazy\" decoding=\"async\" class=\"aligncenter wp-image-4683\" src=\"https:\/\/kursy-udt.pl\/wp-content\/uploads\/2023\/01\/Konserwacja-dzwigow-elektrycznych-kursy-udt.pl_-300x188.png\" alt=\"\" width=\"750\" height=\"469\" srcset=\"https:\/\/kursy-udt.pl\/wp-content\/uploads\/2023\/01\/Konserwacja-dzwigow-elektrycznych-kursy-udt.pl_-300x188.png 300w, https:\/\/kursy-udt.pl\/wp-content\/uploads\/2023\/01\/Konserwacja-dzwigow-elektrycznych-kursy-udt.pl_-1024x640.png 1024w, https:\/\/kursy-udt.pl\/wp-content\/uploads\/2023\/01\/Konserwacja-dzwigow-elektrycznych-kursy-udt.pl_-768x480.png 768w, https:\/\/kursy-udt.pl\/wp-content\/uploads\/2023\/01\/Konserwacja-dzwigow-elektrycznych-kursy-udt.pl_-18x12.png 18w, https:\/\/kursy-udt.pl\/wp-content\/uploads\/2023\/01\/Konserwacja-dzwigow-elektrycznych-kursy-udt.pl_-624x390.png 624w, https:\/\/kursy-udt.pl\/wp-content\/uploads\/2023\/01\/Konserwacja-dzwigow-elektrycznych-kursy-udt.pl_.png 1200w\" sizes=\"auto, (max-width: 750px) 100vw, 750px\" \/><\/a><\/p>\n<div class=\"button_styl\" style=\"float: right; padding-left: 15px; padding-bottom: 8px; margin-bottom: 5px;\"><a class=\"myButton myButton_maly\" href=\"https:\/\/platformaedukacji.pl\/sklep\/\" target=\"_blank\" rel=\"nofollow noopener noreferrer\"><span style=\"color: white;\">Anmeldung zur Schulung<\/span><\/a><\/div>","protected":false},"excerpt":{"rendered":"<p>Uzyskasz kwalifikacje: Uprawnienia UDT do konserwacji d\u017awig\u00f3w elektrycznych Zach\u0119camy do skorzystania z oferty szkoleniowej w ramach konserwacji d\u017awig\u00f3w elektrycznych w ODK ERGON! D\u017awigi elektryczne to urz\u0105dzenia u\u017cywane powszechnie w transporcie bliskim os\u00f3b oraz towar\u00f3w. D\u017awigi te dzielone s\u0105 na osobowe, towarowe oraz towarowo-osobowe i szpitalne i posiadaj\u0105 one szerokie zastosowanie w r\u00f3\u017cnych obiektach. Osoby zajmuj\u0105ce si\u0119 konserwacj\u0105 i eksploatacj\u0105 tego rodzaju urz\u0105dze\u0144 musz\u0105 posiada\u0107 okre\u015blone uprawnienia. Szkolenie w ramach konserwacji d\u017awig\u00f3w elektrycznych w O\u015brodku ERGON sk\u0142ada si\u0119 z cz\u0119\u015bci teoretycznej oraz praktycznej, kt\u00f3re po\u015bwi\u0119cone s\u0105 kompleksowemu przygotowaniu kandydat\u00f3w na konserwator\u00f3w d\u017awig\u00f3w elektrycznych. R\u00f3wnie\u017c z kurs\u00f3w tych mog\u0105 skorzysta\u0107 osoby zajmuj\u0105ce si\u0119 obs\u0142ug\u0105 i nadzorem technicznym tych urz\u0105dze\u0144. Zaj\u0119cia dotycz\u0105 zar\u00f3wno kwestii prawnych dotycz\u0105cych obs\u0142ugi sprz\u0119tu i uprawnie\u0144, jak r\u00f3wnie\u017c ich budowy oraz konserwacji. Uczestnicy dowiaduj\u0105 si\u0119 tak\u017ce wi\u0119cej o praktycznych aspektach pracy na stanowisku konserwatora. Podczas szkole\u0144 poruszane s\u0105 m.in. nast\u0119puj\u0105ce tematy: uprawnienia potrzebne do pracy z d\u017awigami elektrycznymi podstawowe akty prawne zwi\u0105zane z dozorem technicznym d\u017awig\u00f3w elektrycznych rodzaje d\u017awig\u00f3w elektrycznych \u2013 podzia\u0142 pod wzgl\u0119dem przeznaczenia, sterowania, typu nap\u0119du podstawowe informacje o budowie d\u017awig\u00f3w elektrycznych szczeg\u00f3\u0142owe informacje o elementach i zespo\u0142ach d\u017awig\u00f3w elektrycznych \u2013 elektrycznych, elektronicznych, elektromechanicznych prace konserwacyjne dla d\u017awig\u00f3w elektrycznych osobowych, towarowych, towarowo-osobowych i szpitalnych, a tak\u017ce d\u017awig\u00f3w budowlanych najcz\u0119stsze awarie i wypadki zwi\u0105zane z eksploatacj\u0105 d\u017awig\u00f3w elektrycznych BHP i pierwsza pomoc przy pracy z d\u017awigami elektrycznymi Czas kursu wynosi od 48 do 88 godzin dydaktycznych. W razie potrzeby istnieje mo\u017cliwo\u015b\u0107 dopasowania tematyki zaj\u0119\u0107 do indywidualnych potrzeb klienta. Zapraszamy serdecznie do skorzystania z naszej oferty szkoleniowej w O\u015brodku Doskonalenia Kadr ERGON! Zapisz si\u0119 [&hellip;]<\/p>\n","protected":false},"author":1,"featured_media":3036,"parent":3226,"menu_order":0,"comment_status":"closed","ping_status":"closed","template":"","meta":{"sfsi_plus_gutenberg_text_before_share":"","sfsi_plus_gutenberg_show_text_before_share":"","sfsi_plus_gutenberg_icon_type":"","sfsi_plus_gutenberg_icon_alignemt":"","sfsi_plus_gutenburg_max_per_row":"","footnotes":""},"class_list":["post-3038","page","type-page","status-publish","has-post-thumbnail","hentry","has_thumb"],"aioseo_notices":[],"_links":{"self":[{"href":"https:\/\/kursy-udt.pl\/de\/wp-json\/wp\/v2\/pages\/3038","targetHints":{"allow":["GET"]}}],"collection":[{"href":"https:\/\/kursy-udt.pl\/de\/wp-json\/wp\/v2\/pages"}],"about":[{"href":"https:\/\/kursy-udt.pl\/de\/wp-json\/wp\/v2\/types\/page"}],"author":[{"embeddable":true,"href":"https:\/\/kursy-udt.pl\/de\/wp-json\/wp\/v2\/users\/1"}],"replies":[{"embeddable":true,"href":"https:\/\/kursy-udt.pl\/de\/wp-json\/wp\/v2\/comments?post=3038"}],"version-history":[{"count":5,"href":"https:\/\/kursy-udt.pl\/de\/wp-json\/wp\/v2\/pages\/3038\/revisions"}],"predecessor-version":[{"id":4684,"href":"https:\/\/kursy-udt.pl\/de\/wp-json\/wp\/v2\/pages\/3038\/revisions\/4684"}],"up":[{"embeddable":true,"href":"https:\/\/kursy-udt.pl\/de\/wp-json\/wp\/v2\/pages\/3226"}],"wp:featuredmedia":[{"embeddable":true,"href":"https:\/\/kursy-udt.pl\/de\/wp-json\/wp\/v2\/media\/3036"}],"wp:attachment":[{"href":"https:\/\/kursy-udt.pl\/de\/wp-json\/wp\/v2\/media?parent=3038"}],"curies":[{"name":"wp","href":"https:\/\/api.w.org\/{rel}","templated":true}]}}