{"id":3023,"date":"2020-06-29T19:24:51","date_gmt":"2020-06-29T19:24:51","guid":{"rendered":"https:\/\/kursy-udt.pl\/?page_id=3023"},"modified":"2023-01-04T11:51:43","modified_gmt":"2023-01-04T11:51:43","slug":"bedienung-von-kranen-und-hebezeugen","status":"publish","type":"page","link":"https:\/\/kursy-udt.pl\/de\/szkolenia\/zakresy-ksztalcenia\/obsluga-suwnic-wciagnikow-i-wciagarek\/","title":{"rendered":"Bedienung von Br\u00fcckenkr\u00e4nen, Hebezeugen und Aufz\u00fcgen f\u00fcr allgemeine und\/oder spezielle Zwecke"},"content":{"rendered":"<h2 class=\"naglowekh2\"><u><strong>Sie erwerben eine Qualifikation:<\/strong><\/u><br \/>\nUDT-Genehmigung f\u00fcr den Betrieb von Kr\u00e4nen, Hebezeugen und Hebezeugen f\u00fcr allgemeine und\/oder spezielle Zwecke<\/h2>\n<p><a href=\"https:\/\/kursy-udt.pl\/wp-content\/uploads\/2020\/06\/200986-13575855.jpg\"><img loading=\"lazy\" decoding=\"async\" class=\"obrazekpadding alignleft wp-image-3024 size-medium\" src=\"https:\/\/kursy-udt.pl\/wp-content\/uploads\/2020\/06\/200986-13575855-300x200.jpg\" alt=\"Betrieb von Kr\u00e4nen\" width=\"300\" height=\"200\" srcset=\"https:\/\/kursy-udt.pl\/wp-content\/uploads\/2020\/06\/200986-13575855-300x200.jpg 300w, https:\/\/kursy-udt.pl\/wp-content\/uploads\/2020\/06\/200986-13575855-1024x682.jpg 1024w, https:\/\/kursy-udt.pl\/wp-content\/uploads\/2020\/06\/200986-13575855-768x512.jpg 768w, https:\/\/kursy-udt.pl\/wp-content\/uploads\/2020\/06\/200986-13575855-624x416.jpg 624w, https:\/\/kursy-udt.pl\/wp-content\/uploads\/2020\/06\/200986-13575855.jpg 1201w\" sizes=\"auto, (max-width: 300px) 100vw, 300px\" \/><\/a><a href=\"https:\/\/kursy-udt.pl\/de\/o-firmie\/\">ERGON-Zentrum f\u00fcr Personalverbesserung<\/a> l\u00e4dt Sie ein, seine Schulungsdienste f\u00fcr die Bedienung von Kr\u00e4nen, Hebezeugen und Aufz\u00fcgen in Anspruch zu nehmen!<\/p>\n<p>Br\u00fcckenkr\u00e4ne, Hebezeuge und Winden sind Materialtransportger\u00e4te (UTBs) mit umfangreichen Anwendungsm\u00f6glichkeiten f\u00fcr den Materialtransport im Innen- und Au\u00dfenbereich. Sie erm\u00f6glichen es, verschiedene Arten von Lasten mit entsprechend angepassten Umschlagger\u00e4ten zu transportieren.<\/p>\n<p>Das ERGON-Zentrum ermutigt Sie, sich f\u00fcr einen Kran- und Hebezeugf\u00fchrerlehrgang anzumelden - wir bieten umfassende theoretische und praktische Kurse an, um Sie auf die Position des Bedieners dieser Ger\u00e4te vorzubereiten, und richten uns auch an andere Personen, die mit dem Betrieb von Kr\u00e4nen und Hebezeugen zu tun haben.<\/p>\n<h2 class=\"naglowekh2\"><strong>In den Schulungen werden unter anderem die folgenden Themen behandelt:<\/strong><\/h2>\n<ul>\n<li>Rechtsgrundlage f\u00fcr die technische Pr\u00fcfung von Kranen, Hebezeugen und Aufz\u00fcgen<\/li>\n<li>Typen <a href=\"https:\/\/kursy-udt.pl\/de\/uprawnienia-udt\/kategorie-uprawnien-2\/\">Kr\u00e4fte<\/a> die oben genannten Ger\u00e4te zu bedienen<\/li>\n<li>Arten von Kr\u00e4nen, Hebezeugen und Winden und ihre grundlegenden technischen Spezifikationen<\/li>\n<li>Komponenten f\u00fcr Krane, Hebezeuge und Winden - mechanische Komponenten, elektrische Komponenten, Sicherheitseinrichtungen f\u00fcr den Betrieb<\/li>\n<li>Arten von Umschlagger\u00e4ten, die f\u00fcr den Materialtransport mit Kr\u00e4nen, Hebezeugen und Winden verwendet werden<\/li>\n<li>Liste der h\u00e4ufigsten Fehler im Zusammenhang mit dem Betrieb von Kr\u00e4nen, Hebezeugen und Aufz\u00fcgen<\/li>\n<li>Aufgaben einer Person, die Br\u00fcckenkr\u00e4ne, Hebezeuge und Hubwerke von der Arbeitsebene, der Kabine und aus der Ferne bedient<\/li>\n<li>Ausgaben <a href=\"https:\/\/kursy-udt.pl\/de\/szkolenia\/bhp-bezpieczenstwo-pracy\/prawna-ochrona-pracy\/\">GESUNDHEIT UND SICHERHEIT<\/a> und Erste Hilfe bei der Verwendung der oben genannten Ausr\u00fcstung<\/li>\n<\/ul>\n<p>Die Lernzeit betr\u00e4gt zwischen 20 und 40 Unterrichtsstunden.<\/p>\n<p>Wir k\u00f6nnen das Thema auf die individuellen Bed\u00fcrfnisse des Kunden zuschneiden - bitte kontaktieren Sie uns f\u00fcr weitere Informationen.<\/p>\n<p>Wir laden Sie ein, sich im ERGON-Zentrum f\u00fcr eine Ausbildung in der Bedienung von Kr\u00e4nen, Hebezeugen und Hebevorrichtungen zu entscheiden!<\/p>\n<p><a href=\"https:\/\/kursy-udt.pl\/wp-content\/uploads\/2022\/12\/Kopia-kursy-udt-obsluga-suwnicy-\u2014-kopia.png\"><img loading=\"lazy\" decoding=\"async\" class=\"aligncenter wp-image-4537\" src=\"https:\/\/kursy-udt.pl\/wp-content\/uploads\/2022\/12\/Kopia-kursy-udt-obsluga-suwnicy-\u2014-kopia-300x188.png\" alt=\"\" width=\"750\" height=\"469\" srcset=\"https:\/\/kursy-udt.pl\/wp-content\/uploads\/2022\/12\/Kopia-kursy-udt-obsluga-suwnicy-\u2014-kopia-300x188.png 300w, https:\/\/kursy-udt.pl\/wp-content\/uploads\/2022\/12\/Kopia-kursy-udt-obsluga-suwnicy-\u2014-kopia-1024x640.png 1024w, https:\/\/kursy-udt.pl\/wp-content\/uploads\/2022\/12\/Kopia-kursy-udt-obsluga-suwnicy-\u2014-kopia-768x480.png 768w, https:\/\/kursy-udt.pl\/wp-content\/uploads\/2022\/12\/Kopia-kursy-udt-obsluga-suwnicy-\u2014-kopia-18x12.png 18w, https:\/\/kursy-udt.pl\/wp-content\/uploads\/2022\/12\/Kopia-kursy-udt-obsluga-suwnicy-\u2014-kopia-624x390.png 624w, https:\/\/kursy-udt.pl\/wp-content\/uploads\/2022\/12\/Kopia-kursy-udt-obsluga-suwnicy-\u2014-kopia.png 1200w\" sizes=\"auto, (max-width: 750px) 100vw, 750px\" \/><\/a><\/p>\n<div class=\"button_styl\" style=\"float: right; padding-left: 15px; padding-bottom: 8px; margin-bottom: 5px;\"><a class=\"myButton myButton_maly\" href=\"https:\/\/platformaedukacji.pl\/sklep\/\" target=\"_blank\" rel=\"nofollow noopener noreferrer\"><span style=\"color: white;\">Anmeldung zur Schulung<\/span><\/a><\/div>","protected":false},"excerpt":{"rendered":"<p>Sie werden Qualifikationen erwerben: UDT-Berechtigungen f\u00fcr den Betrieb von allgemeinen und\/oder speziellen Kr\u00e4nen, Hebezeugen und Hebevorrichtungen Das ERGON-Personalentwicklungszentrum l\u00e4dt Sie ein, seine Schulungsdienste f\u00fcr den Betrieb von Kr\u00e4nen, Hebezeugen und Hebevorrichtungen in Anspruch zu nehmen! Laufkr\u00e4ne, Hebezeuge und Winden sind Umschlagger\u00e4te (UTB) mit umfangreichen Einsatzm\u00f6glichkeiten f\u00fcr den Innen- und Au\u00dfenbereich. Sie erm\u00f6glichen es, verschiedene Arten von Lasten mit entsprechend angepassten Umschlagger\u00e4ten zu transportieren. Das ERGON-Zentrum ermutigt Sie, sich zu Kursen \u00fcber die Bedienung von Laufkr\u00e4nen und Hebezeugen anzumelden - wir f\u00fchren umfassende theoretische und praktische Kurse durch, um Sie auf die Arbeit als Bediener dieser Ger\u00e4te vorzubereiten, und richten uns auch an andere Personen, die mit der Bedienung von Laufkr\u00e4nen und Hebezeugen zu tun haben. Die Schulungskurse umfassen unter anderem die folgenden Themen: Rechtsgrundlagen f\u00fcr die technische \u00dcberwachung von Br\u00fcckenkr\u00e4nen, Hebezeugen und Hebezeugen Arten von Genehmigungen f\u00fcr den Betrieb der oben genannten Ger\u00e4te Arten von Br\u00fcckenkr\u00e4nen, Hebezeugen und Hebezeugen ihre grundlegenden technischen Daten Elemente der Konstruktion von Br\u00fcckenkr\u00e4nen, Hebezeugen und Hebezeugen - mechanische Elemente, elektrische Elemente, Sicherheitsvorrichtungen, die w\u00e4hrend des Betriebs verwendet werden Arten von Handhabungsger\u00e4ten, die f\u00fcr die Handhabung mit Br\u00fcckenkr\u00e4nen verwendet werden, H\u00e4ufige St\u00f6rungen beim Betrieb von Laufkr\u00e4nen, Hebezeugen und Hubwerken Pflichten der Person, die Laufkr\u00e4ne, Hebezeuge und Hubwerke von der Arbeitsebene, der Kabine und aus der Ferne bedient Gesundheits- und Sicherheitsaspekte und Erste Hilfe beim Betrieb der oben genannten Ger\u00e4te Die Dauer der Schulung betr\u00e4gt zwischen 20 und 40 Unterrichtsstunden. Wir k\u00f6nnen die Themen individuell auf Ihre Bed\u00fcrfnisse zuschneiden - bitte kontaktieren Sie uns f\u00fcr weitere Informationen. Wir laden Sie ein, sich f\u00fcr eine Ausbildung in der Bedienung von Laufkranen, Hebezeugen und Hubwerken im ERGON-Zentrum zu entscheiden! Anmeldung zur Schulung<\/p>","protected":false},"author":1,"featured_media":3024,"parent":3226,"menu_order":0,"comment_status":"closed","ping_status":"closed","template":"","meta":{"sfsi_plus_gutenberg_text_before_share":"","sfsi_plus_gutenberg_show_text_before_share":"","sfsi_plus_gutenberg_icon_type":"","sfsi_plus_gutenberg_icon_alignemt":"","sfsi_plus_gutenburg_max_per_row":"","footnotes":""},"class_list":["post-3023","page","type-page","status-publish","has-post-thumbnail","hentry","has_thumb"],"aioseo_notices":[],"_links":{"self":[{"href":"https:\/\/kursy-udt.pl\/de\/wp-json\/wp\/v2\/pages\/3023","targetHints":{"allow":["GET"]}}],"collection":[{"href":"https:\/\/kursy-udt.pl\/de\/wp-json\/wp\/v2\/pages"}],"about":[{"href":"https:\/\/kursy-udt.pl\/de\/wp-json\/wp\/v2\/types\/page"}],"author":[{"embeddable":true,"href":"https:\/\/kursy-udt.pl\/de\/wp-json\/wp\/v2\/users\/1"}],"replies":[{"embeddable":true,"href":"https:\/\/kursy-udt.pl\/de\/wp-json\/wp\/v2\/comments?post=3023"}],"version-history":[{"count":9,"href":"https:\/\/kursy-udt.pl\/de\/wp-json\/wp\/v2\/pages\/3023\/revisions"}],"predecessor-version":[{"id":4642,"href":"https:\/\/kursy-udt.pl\/de\/wp-json\/wp\/v2\/pages\/3023\/revisions\/4642"}],"up":[{"embeddable":true,"href":"https:\/\/kursy-udt.pl\/de\/wp-json\/wp\/v2\/pages\/3226"}],"wp:featuredmedia":[{"embeddable":true,"href":"https:\/\/kursy-udt.pl\/de\/wp-json\/wp\/v2\/media\/3024"}],"wp:attachment":[{"href":"https:\/\/kursy-udt.pl\/de\/wp-json\/wp\/v2\/media?parent=3023"}],"curies":[{"name":"wp","href":"https:\/\/api.w.org\/{rel}","templated":true}]}}