{"id":3004,"date":"2020-06-29T14:09:17","date_gmt":"2020-06-29T14:09:17","guid":{"rendered":"https:\/\/kursy-udt.pl\/?page_id=3004"},"modified":"2023-01-05T10:49:18","modified_gmt":"2023-01-05T10:49:18","slug":"wartung-von-hydraulischen-aufzugskranen","status":"publish","type":"page","link":"https:\/\/kursy-udt.pl\/de\/szkolenia\/zakresy-ksztalcenia\/konserwacja-dzwigow-hydraulicznych-wind\/","title":{"rendered":"Wartung von Hydraulikkr\u00e4nen (Aufz\u00fcgen)"},"content":{"rendered":"<h2 class=\"naglowekh2\"><u><strong>Sie erwerben eine Qualifikation:<\/strong><\/u><br \/>\nUDT-Genehmigung f\u00fcr die Instandhaltung von Hydraulikkr\u00e4nen<\/h2>\n<p><a href=\"https:\/\/kursy-udt.pl\/wp-content\/uploads\/2020\/06\/4.jpg\"><img loading=\"lazy\" decoding=\"async\" class=\"obrazekpadding alignleft wp-image-3005 size-medium\" src=\"https:\/\/kursy-udt.pl\/wp-content\/uploads\/2020\/06\/4-225x300.jpg\" alt=\"Aufzug\" width=\"225\" height=\"300\" srcset=\"https:\/\/kursy-udt.pl\/wp-content\/uploads\/2020\/06\/4-225x300.jpg 225w, https:\/\/kursy-udt.pl\/wp-content\/uploads\/2020\/06\/4-624x832.jpg 624w, https:\/\/kursy-udt.pl\/wp-content\/uploads\/2020\/06\/4.jpg 720w\" sizes=\"auto, (max-width: 225px) 100vw, 225px\" \/><\/a>Nutzen Sie unser Schulungsangebot f\u00fcr die Wartung von Hydraulikkranen in <a href=\"https:\/\/kursy-udt.pl\/de\/o-firmie\/\">ERGON Zentrum f\u00fcr Personalentwicklung<\/a>!<\/p>\n<p>Hydraulikkrane, die auch als hydraulische Aufz\u00fcge bezeichnet werden, sind Umschlagger\u00e4te (UTBs) mit einem sehr breiten Anwendungsspektrum. Um diese Art von Ger\u00e4ten zu bauen und zu warten, ist es notwendig, \u00fcber die richtigen <a href=\"https:\/\/kursy-udt.pl\/de\/uprawnienia-udt\/kategorie-uprawnien-2\/\">Kr\u00e4fte<\/a> die bei der UDT-Untersuchung erfasst wurden.<\/p>\n<p>Wir bieten Kurse an, die aus einem theoretischen und einem praktischen Teil bestehen und die Sie umfassend auf die Pr\u00fcfung und Ihre Arbeit als Wartungstechniker f\u00fcr Hydraulikkrane vorbereiten und sich auch an andere Personen richten, die mit dem Betrieb dieser Krane zu tun haben.<\/p>\n<p>Die Schulungen decken eine Vielzahl von Themen im Zusammenhang mit den oben genannten Ger\u00e4ten ab, darunter die Rechtsgrundlage f\u00fcr die technische \u00dcberwachung von Hydraulikkr\u00e4nen, die Arten von Genehmigungen sowie technische Fragen im Zusammenhang mit deren Bau und Wartung.<\/p>\n<h2><strong><a href=\"https:\/\/kursy-udt.pl\/wp-content\/uploads\/2020\/06\/5.jpg\"><img loading=\"lazy\" decoding=\"async\" class=\"wp-image-3006 size-medium alignright\" src=\"https:\/\/kursy-udt.pl\/wp-content\/uploads\/2020\/06\/5-169x300.jpg\" alt=\"Aufzug\" width=\"169\" height=\"300\" srcset=\"https:\/\/kursy-udt.pl\/wp-content\/uploads\/2020\/06\/5-169x300.jpg 169w, https:\/\/kursy-udt.pl\/wp-content\/uploads\/2020\/06\/5.jpg 450w\" sizes=\"auto, (max-width: 169px) 100vw, 169px\" \/><\/a>In den Schulungen werden unter anderem die folgenden Themen behandelt:<\/strong><\/h2>\n<ul>\n<li>Er\u00f6rterung der Arten von Genehmigungen f\u00fcr den Betrieb von hydraulisch betriebenen Kr\u00e4nen<\/li>\n<li>Arten und technische Spezifikationen von hydraulischen Aufz\u00fcgen<\/li>\n<li>Bau von hydraulisch betriebenen Aufz\u00fcgen, einschlie\u00dflich der Er\u00f6rterung der Bauteile und Baugruppen von Aufz\u00fcgen und der Komponenten des Ger\u00e4ts, der elektrischen Installation und des Steuerungssystems<\/li>\n<li>Vorschriften <a href=\"https:\/\/kursy-udt.pl\/de\/szkolenia\/bhp-bezpieczenstwo-pracy\/prawna-ochrona-pracy\/\">GESUNDHEIT UND SICHERHEIT<\/a> i <a href=\"https:\/\/kursy-udt.pl\/de\/szkolenia\/bhp-bezpieczenstwo-pracy\/pierwsza-pomoc-i-dzialania\/\">Erste Hilfe<\/a> bei Arbeiten mit Hydraulikkr\u00e4nen<\/li>\n<li>Verantwortlichkeiten und Aufgaben des Wartungspersonals f\u00fcr Hydraulikaufz\u00fcge<\/li>\n<\/ul>\n<p>Die Unterrichtszeit liegt zwischen 48 und 88 Unterrichtsstunden.<\/p>\n<p>Die von uns angebotenen Kurse k\u00f6nnen auch individuell gestaltet werden - bitte wenden Sie sich an unser Zentrum.<\/p>\n<p>Genie\u00dfen Sie einen Kurs \u00fcber die Wartung von Hydraulikkr\u00e4nen!<\/p>\n<p><a href=\"https:\/\/kursy-udt.pl\/wp-content\/uploads\/2023\/01\/Reklama-Na-Kursy-7-6.png\"><img loading=\"lazy\" decoding=\"async\" class=\"aligncenter wp-image-4686\" src=\"https:\/\/kursy-udt.pl\/wp-content\/uploads\/2023\/01\/Reklama-Na-Kursy-7-6-300x188.png\" alt=\"\" width=\"750\" height=\"469\" srcset=\"https:\/\/kursy-udt.pl\/wp-content\/uploads\/2023\/01\/Reklama-Na-Kursy-7-6-300x188.png 300w, https:\/\/kursy-udt.pl\/wp-content\/uploads\/2023\/01\/Reklama-Na-Kursy-7-6-1024x640.png 1024w, https:\/\/kursy-udt.pl\/wp-content\/uploads\/2023\/01\/Reklama-Na-Kursy-7-6-768x480.png 768w, https:\/\/kursy-udt.pl\/wp-content\/uploads\/2023\/01\/Reklama-Na-Kursy-7-6-18x12.png 18w, https:\/\/kursy-udt.pl\/wp-content\/uploads\/2023\/01\/Reklama-Na-Kursy-7-6-624x390.png 624w, https:\/\/kursy-udt.pl\/wp-content\/uploads\/2023\/01\/Reklama-Na-Kursy-7-6.png 1200w\" sizes=\"auto, (max-width: 750px) 100vw, 750px\" \/><\/a><\/p>\n<div class=\"button_styl\" style=\"float: right; padding-left: 15px; padding-bottom: 8px; margin-bottom: 5px;\"><a class=\"myButton myButton_maly\" href=\"https:\/\/platformaedukacji.pl\/sklep\/\" target=\"_blank\" rel=\"nofollow noopener noreferrer\"><span style=\"color: white;\">Anmeldung zur Schulung<\/span><\/a><\/div>","protected":false},"excerpt":{"rendered":"<p>Sie werden Qualifikationen erwerben: UDT-Berechtigungen f\u00fcr die Instandhaltung von Hydraulikkranen Nutzen Sie unser Schulungsangebot f\u00fcr die Instandhaltung von Hydraulikkranen im ERGON Personalentwicklungszentrum! Hydraulikkrane, die auch als Hydraulikaufz\u00fcge bezeichnet werden, sind Umschlagger\u00e4te (UTB) mit einem sehr breiten Einsatzspektrum. Um diese Art von Ger\u00e4ten zu bauen und zu warten, sind entsprechende Qualifikationen erforderlich, die durch die UDT-Pr\u00fcfung erworben werden. Wir f\u00fchren Kurse durch, die aus einem theoretischen und einem praktischen Teil bestehen und die umfassend auf die Pr\u00fcfung und die Arbeit als Wartungstechniker f\u00fcr Hydraulikaufz\u00fcge vorbereiten und sich auch an andere Personen richten, die mit dem Betrieb dieser Aufz\u00fcge zu tun haben. Die Schulungen behandeln eine Vielzahl von Themen im Zusammenhang mit den oben genannten Ger\u00e4ten, einschlie\u00dflich der rechtlichen Grundlagen f\u00fcr die technische \u00dcberwachung von Hydraulikkr\u00e4nen, Arten von Genehmigungen sowie technische Fragen im Zusammenhang mit deren Bau und Wartung. W\u00e4hrend der Schulung werden unter anderem folgende Themen behandelt: Er\u00f6rterung der Arten von Genehmigungen f\u00fcr den Betrieb von Hydraulikkr\u00e4nen Arten und technische Daten von Hydraulikkr\u00e4nen Bau von Hydraulikkr\u00e4nen, einschlie\u00dflich der Er\u00f6rterung von Elementen und Baugruppen von Kr\u00e4nen sowie Elementen der Ger\u00e4te-, Elektro- und Steuerungsinstallation Gesundheits- und Sicherheitsvorschriften und Erste Hilfe bei der Arbeit mit Hydraulikkr\u00e4nen Pflichten und Aufgaben eines Technikers f\u00fcr die Wartung von Hydraulikkr\u00e4nen Die Dauer des Unterrichts reicht von 48 bis 88 Unterrichtsstunden. Die von uns angebotenen Kurse k\u00f6nnen auch individuell auf die Bed\u00fcrfnisse des Kunden zugeschnitten werden - wenden Sie sich bitte an unser Zentrum. Nutzen Sie die Vorteile eines Kurses \u00fcber die Wartung von Hydraulikkranen! Anmeldung zur Schulung<\/p>","protected":false},"author":1,"featured_media":3005,"parent":3226,"menu_order":0,"comment_status":"closed","ping_status":"closed","template":"","meta":{"sfsi_plus_gutenberg_text_before_share":"","sfsi_plus_gutenberg_show_text_before_share":"","sfsi_plus_gutenberg_icon_type":"","sfsi_plus_gutenberg_icon_alignemt":"","sfsi_plus_gutenburg_max_per_row":"","footnotes":""},"class_list":["post-3004","page","type-page","status-publish","has-post-thumbnail","hentry","has_thumb"],"aioseo_notices":[],"_links":{"self":[{"href":"https:\/\/kursy-udt.pl\/de\/wp-json\/wp\/v2\/pages\/3004","targetHints":{"allow":["GET"]}}],"collection":[{"href":"https:\/\/kursy-udt.pl\/de\/wp-json\/wp\/v2\/pages"}],"about":[{"href":"https:\/\/kursy-udt.pl\/de\/wp-json\/wp\/v2\/types\/page"}],"author":[{"embeddable":true,"href":"https:\/\/kursy-udt.pl\/de\/wp-json\/wp\/v2\/users\/1"}],"replies":[{"embeddable":true,"href":"https:\/\/kursy-udt.pl\/de\/wp-json\/wp\/v2\/comments?post=3004"}],"version-history":[{"count":11,"href":"https:\/\/kursy-udt.pl\/de\/wp-json\/wp\/v2\/pages\/3004\/revisions"}],"predecessor-version":[{"id":4687,"href":"https:\/\/kursy-udt.pl\/de\/wp-json\/wp\/v2\/pages\/3004\/revisions\/4687"}],"up":[{"embeddable":true,"href":"https:\/\/kursy-udt.pl\/de\/wp-json\/wp\/v2\/pages\/3226"}],"wp:featuredmedia":[{"embeddable":true,"href":"https:\/\/kursy-udt.pl\/de\/wp-json\/wp\/v2\/media\/3005"}],"wp:attachment":[{"href":"https:\/\/kursy-udt.pl\/de\/wp-json\/wp\/v2\/media?parent=3004"}],"curies":[{"name":"wp","href":"https:\/\/api.w.org\/{rel}","templated":true}]}}