{"id":2951,"date":"2019-12-17T16:31:40","date_gmt":"2019-12-17T16:31:40","guid":{"rendered":"http:\/\/kursy-udt.pl\/?page_id=2951"},"modified":"2019-12-18T08:58:45","modified_gmt":"2019-12-18T08:58:45","slug":"anspruchskategorien-2","status":"publish","type":"page","link":"https:\/\/kursy-udt.pl\/de\/uprawnienia-udt\/kategorie-uprawnien-2\/","title":{"rendered":"Kategorien von Anspr\u00fcchen"},"content":{"rendered":"<table>\n<tr>\n<th colspan=\"3\" style=\"text-align:center;\">SERVICE<\/th>\n<\/tr>\n<tr>\n<td colspan=\"2\">Arten von technischen Anlagen, f\u00fcr deren Betrieb eine durch einen Bef\u00e4higungsnachweis bescheinigte Qualifikation erforderlich ist<\/td>\n<td>G\u00fcltigkeitsdauer der Bef\u00e4higungsnachweise (in Jahren)<\/td>\n<\/tr>\n<tr>\n<td>a<\/td>\n<td>b<\/td>\n<td>c<\/td>\n<\/tr>\n<tr>\n<td rowspan=\"2\">Winden und Hebezeuge<\/td>\n<td>Hebezeuge und Winden f\u00fcr allgemeine Zwecke<\/td>\n<td>10<\/td>\n<\/tr>\n<tr>\n<td>Hebezeuge und Winden f\u00fcr allgemeine und spezielle Zwecke<\/td>\n<td>5<\/td>\n<\/tr>\n<tr>\n<td rowspan=\"2\">Br\u00fcckenkr\u00e4ne<\/td>\n<td>Krane, Hebezeuge und Winden f\u00fcr allgemeine Zwecke<\/td>\n<td>10<\/td>\n<\/tr>\n<tr>\n<td>Krane, Hebezeuge und Winden f\u00fcr allgemeine und spezielle Zwecke<\/td>\n<td>5<\/td>\n<\/tr>\n<tr>\n<td rowspan=\"8\">Kr\u00e4ne<\/td>\n<td>Station\u00e4re Krane<\/td>\n<td>10<\/td>\n<\/tr>\n<tr>\n<td>Mobile und tragbare Krane<br \/>\n(berechtigt zum F\u00fchren von Mobil- und Mobilkranen sowie station\u00e4ren Kranen)<\/td>\n<td>10<\/td>\n<\/tr>\n<tr>\n<td>Mobile Kr\u00e4ne<br \/>\n(genehmigt den Betrieb von mobilen, mobilen und tragbaren Kr\u00e4nen und station\u00e4ren Kr\u00e4nen)<\/td>\n<td>5<\/td>\n<\/tr>\n<tr>\n<td>Schienengebundene Krane<\/td>\n<td>5<\/td>\n<\/tr>\n<tr>\n<td>Turm- und Hochgeschwindigkeitskr\u00e4ne<br \/>\n(Berechtigung zum Betrieb von Turm- und Hochgeschwindigkeitskranen sowie schienengebundenen Kranen)<\/td>\n<td>5<\/td>\n<\/tr>\n<tr>\n<td>Eisenbahn- und Bordkr\u00e4ne<\/td>\n<td>5<\/td>\n<\/tr>\n<tr>\n<td>Deckkr\u00e4ne<\/td>\n<td>5<\/td>\n<\/tr>\n<tr>\n<td>Schwimmende Kr\u00e4ne<br \/>\n(berechtigt zur Bedienung von Schwimmkr\u00e4nen und Deckskr\u00e4nen)<\/td>\n<td>5<\/td>\n<\/tr>\n<tr>\n<td>4<\/td>\n<td>Regalbedienger\u00e4te<\/td>\n<td>Regalbedienger\u00e4te<\/td>\n<td>10<\/td>\n<\/tr>\n<tr>\n<td>Lastenaufz\u00fcge<\/td>\n<td>Lastenaufz\u00fcge<\/td>\n<td>10<\/td>\n<\/tr>\n<tr>\n<td>Schiffshebewerke<\/td>\n<td>Schiffshebewerke<\/td>\n<td>10<\/td>\n<\/tr>\n<tr>\n<td rowspan=\"5\">Mobile Plattformen<\/td>\n<td>Station\u00e4re mobile Plattformen<\/td>\n<td>10<\/td>\n<\/tr>\n<tr>\n<td><a href=\"https:\/\/kursy-udt.pl\/de\/szkolenia\/udt-wdt-tdt\/podesty-ruchome-wiszace\/\">Aufgeh\u00e4ngte mobile Plattformen<\/a><br \/>\n(Genehmigung zum Betrieb von H\u00e4ngeb\u00fchnen und ortsfesten Arbeitsb\u00fchnen)<\/td>\n<td>10<\/td>\n<\/tr>\n<tr>\n<td><a href=\"https:\/\/kursy-udt.pl\/de\/szkolenia\/udt-wdt-tdt\/podesty-ruchome-masztowe\/\">Mastgest\u00fctzte mobile Plattformen<\/a><br \/>\n(berechtigt zum Betrieb von Masten und festen Zugangsplattformen)<\/td>\n<td>10<\/td>\n<\/tr>\n<tr>\n<td>Mobile Hebeb\u00fchnen<\/td>\n<td>5<\/td>\n<\/tr>\n<tr>\n<td>Plattformen auf Schienenfahrzeugen<\/td>\n<td>10<\/td>\n<\/tr>\n<tr>\n<td rowspan=\"2\"><a href=\"https:\/\/kursy-udt.pl\/de\/szkolenia\/wozkiwidlowe\/\">Gabelstapler<\/a><\/td>\n<td>Motorisierte Stapler mit Ausleger und motorisierte Stapler mit Bediener, die mit der Last angehoben werden<br \/>\n(erlaubt auch den Betrieb aller anderen mechanisch angetriebenen Gabelstapler)<\/td>\n<td>5<\/td>\n<\/tr>\n<tr>\n<td>Kraftbetriebene Stapler, ausgenommen Schubmaststapler und Portalstapler<\/td>\n<td>10<\/td>\n<\/tr>\n<tr>\n<td rowspan=\"2\">Kr\u00e4ne<\/td>\n<td>Baukr\u00e4ne<br \/>\n(genehmigt den Betrieb von Geb\u00e4udeaufz\u00fcgen, Lasten- und Personenaufz\u00fcgen)<\/td>\n<td>10<\/td>\n<\/tr>\n<tr>\n<td>Haus- und Krankenhauskr\u00e4ne und Personenaufz\u00fcge<br \/>\n(erlaubt den Betrieb von Lasten- und Personenaufz\u00fcgen mit interner Steuerung und Krankenhausaufz\u00fcgen ohne Kabinenlaststeuerung)<\/td>\n<td>10<\/td>\n<\/tr>\n<tr>\n<td>Linotor-Kr\u00e4ne<\/td>\n<td>Linotor-Kr\u00e4ne<\/td>\n<td>10<\/td>\n<\/tr>\n<tr>\n<td>Ausr\u00fcstung f\u00fcr den Containerumschlag<\/td>\n<td>Technische Ausr\u00fcstung zum Bewegen von Containern im Umschlagbetrieb<\/td>\n<td>10<\/td>\n<\/tr>\n<tr>\n<td>Stapler<\/td>\n<td>Gleisbaumaschinen<\/td>\n<td>10<\/td>\n<\/tr>\n<tr>\n<td rowspan=\"6\">Seilbahnen<\/td>\n<td>G\u00fcterseilbahnen<\/td>\n<td>10<\/td>\n<\/tr>\n<tr>\n<td>Einseilige Personenz\u00fcge mit abgekoppelten St\u00fchlen<\/td>\n<td>5<\/td>\n<\/tr>\n<tr>\n<td>Einseilumlaufbahnen mit Sesselliften oder Gondeln mit gekoppelten Fahrzeugen<\/td>\n<td>5<\/td>\n<\/tr>\n<tr>\n<td>Personenseilbahnen Mehrseilumlaufbahnen mit gezogenen Fahrzeugen<\/td>\n<td>5<\/td>\n<\/tr>\n<tr>\n<td>Einseil- oder Doppelseilantennenbahnen<\/td>\n<td>5<\/td>\n<\/tr>\n<tr>\n<td>Fahrgast-Seilbahnen<\/td>\n<td>5<\/td>\n<\/tr>\n<tr>\n<td rowspan=\"4\">Aufz\u00fcge f\u00fcr die Bef\u00f6rderung von Personen zu touristischen und sportlichen Zwecken<\/td>\n<td>F\u00fcr Skifahrer, die sich auf Schnee oder festem Untergrund mit hoher oder niedriger Seilf\u00fchrung, gest\u00fctzt oder freitragend, von der Plattform oder vom Maschinenraum aus gesteuert, bewegen<\/td>\n<td>5<\/td>\n<\/tr>\n<tr>\n<td>Multiseile f\u00fcr Wasserskil\u00e4ufer mit hoher Seilf\u00fchrung mit kreisf\u00f6rmiger Bewegung<\/td>\n<td>5<\/td>\n<\/tr>\n<tr>\n<td>Doppelt gest\u00fctzt f\u00fcr Wasserskifahrer mit hoher oder niedriger Seilf\u00fchrung mit reversibler oder kreisf\u00f6rmiger Bewegung<\/td>\n<td>5<\/td>\n<\/tr>\n<tr>\n<td>Schwerkraftrutschen Fahrzeuglifte Rodellifte einschlie\u00dflich der Infrastruktur f\u00fcr die Abfahrtsstrecke<\/td>\n<td>5<\/td>\n<\/tr>\n<tr>\n<td rowspan=\"2\">Plattformen und mobile Plattformen mit Antriebsaggregaten in F\u00e4hrh\u00e4fen<\/td>\n<td>Mobile Plattformen mit Antriebseinheiten in F\u00e4hrh\u00e4fen<\/td>\n<td>10<\/td>\n<\/tr>\n<tr>\n<td>Bewegliche Plattformen mit Antriebseinheiten in Binnenf\u00e4hrh\u00e4fen<\/td>\n<td>10<\/td>\n<\/tr>\n<tr>\n<td>Tragbare Tanks<\/td>\n<td>F\u00fcllen von ortsbeweglichen Druckbeh\u00e4ltern \u00fcber 350 cm3<\/td>\n<td>10<\/td>\n<\/tr>\n<tr>\n<td rowspan=\"3\">Ausr\u00fcstung zum F\u00fcllen und Entleeren von Transporttanks f\u00fcr gef\u00e4hrliche Stoffe<\/td>\n<td>Ausr\u00fcstung zum Bef\u00fcllen und Entleeren von Transporttanks f\u00fcr gef\u00e4hrliche Stoffe der Klasse....... nach ADR \/ RID \/ ADN<\/td>\n<td>5<\/td>\n<\/tr>\n<tr>\n<td>Ausr\u00fcstung zum Bef\u00fcllen und Entleeren von Transporttanks f\u00fcr gef\u00e4hrliche Stoffe der Klassen........ nach ADR \/ RID \/ ADN<\/td>\n<td><\/td>\n<\/tr>\n<tr>\n<td>IMDG-Gef\u00e4hrliche G\u00fcter Hafenverladearme<\/td>\n<td>5<\/td>\n<\/tr>\n<tr>\n<td rowspan=\"2\">Ausr\u00fcstung zum F\u00fcllen und Entleeren von Transporttanks f\u00fcr nicht gef\u00e4hrliche Stoffe<\/td>\n<td>Ger\u00e4te zum F\u00fcllen und Entleeren von Transporttanks f\u00fcr nicht gef\u00e4hrliche Stoffe, die unter Druck gef\u00fcllt, entleert oder transportiert werden<\/td>\n<td>10<\/td>\n<\/tr>\n<tr>\n<td>Hafenverladearme f\u00fcr nicht gef\u00e4hrliche G\u00fcter<\/td>\n<td>10<\/td>\n<\/tr>\n<tr>\n<td rowspan=\"4\">Beh\u00e4lter f\u00fcr verfl\u00fcssigtes oder verdichtetes Gas zur Versorgung von Verbrennungsmotoren in Fahrzeugen<\/td>\n<td>Bef\u00fcllung von LPG-Tanks, die in die Kraftstoffversorgungssysteme von Binnenschiffen und -fahrzeugen eingebaut sind<\/td>\n<td>10<\/td>\n<\/tr>\n<tr>\n<td>Bef\u00fcllung von CNG-Tanks, die in Versorgungssystemen von Fahrzeugen und Binnenschiffen installiert sind<\/td>\n<td>10<\/td>\n<\/tr>\n<tr>\n<td>Bef\u00fcllung von LNG-Tanks f\u00fcr den Antrieb von Binnenschiffen und -fahrzeugen<\/td>\n<td>10<\/td>\n<\/tr>\n<tr>\n<td>Bef\u00fcllung von Wasserstoffbeh\u00e4ltern, die in die Energieversorgung von Binnenfahrzeugen und -schiffen eingebaut sind<\/td>\n<td>10<\/td>\n<\/tr>\n<tr>\n<td>Dampfkessel mit einem Volumen von mehr als 2 dm3 zur Erzeugung von Dampf aus Fl\u00fcssigkeiten unter Nutzung der aus dem Brennstoff durch eine exotherme Reaktion gewonnenen W\u00e4rme<\/td>\n<td>Dampfkessel<\/td>\n<td>5<\/td>\n<\/tr>\n<tr>\n<td>Winden zum Bewegen von Waggons auf Schienen<\/td>\n<td>Winden zum Bewegen von Waggons auf Schienen<\/td>\n<td>10<\/td>\n<\/tr>\n<tr>\n<td rowspan=\"12\"><a href=\"https:\/\/kursy-udt.pl\/de\/szkolenia\/udt-wdt-tdt\/urzadzenia-zaladowcze\/\">Ladeger\u00e4te<\/a>Entladen oder Umladen von Ladung in Umschlaganlagen<\/td>\n<td>Waggon-Entlader<\/td>\n<td>10<\/td>\n<\/tr>\n<tr>\n<td>Schiffsentlader<\/td>\n<td>10<\/td>\n<\/tr>\n<tr>\n<td>Triebwagenkipper<\/td>\n<td>10<\/td>\n<\/tr>\n<tr>\n<td>Belader, einschlie\u00dflich Schiffsbelader<\/td>\n<td>10<\/td>\n<\/tr>\n<tr>\n<td>Heavers<\/td>\n<td>10<\/td>\n<\/tr>\n<tr>\n<td>Heap-Lader<\/td>\n<td>10<\/td>\n<\/tr>\n<tr>\n<td>H\u00e4ngegurtf\u00f6rderer<\/td>\n<td>10<\/td>\n<\/tr>\n<tr>\n<td>Futterautomaten<\/td>\n<td>10<\/td>\n<\/tr>\n<tr>\n<td>F\u00f6rderer<\/td>\n<td>10<\/td>\n<\/tr>\n<tr>\n<td>Skilifte<\/td>\n<td>10<\/td>\n<\/tr>\n<tr>\n<td>Pneumatische F\u00f6rderanlagen f\u00fcr Sch\u00fcttg\u00fcter<\/td>\n<td>10<\/td>\n<\/tr>\n<tr>\n<td>Haufenlader und Beschicker<\/td>\n<td>10<\/td>\n<\/tr>\n<tr>\n<td rowspan=\"8\">Spezialausr\u00fcstung, die der milit\u00e4rtechnischen Aufsicht unterliegt<\/td>\n<td>Tragbare Druckbeh\u00e4lter von Luftfahrzeugen, Schiffen und Kampffahrzeugen, die den Streitkr\u00e4ften der Republik Polen geh\u00f6ren, hinsichtlich ihrer Bef\u00fcllung<\/td>\n<td>10<\/td>\n<\/tr>\n<tr>\n<td>Bef\u00fcllungsanlagen f\u00fcr R\u00fcstungsg\u00fcter und milit\u00e4rische Ausr\u00fcstung<\/td>\n<td>10<\/td>\n<\/tr>\n<tr>\n<td>Feldpipelines f\u00fcr den Transport von fl\u00fcssigen Brennstoffen<\/td>\n<td>10<\/td>\n<\/tr>\n<tr>\n<td>Be- und Entladeeinrichtungen f\u00fcr Milit\u00e4rbr\u00fccken<\/td>\n<td>10<\/td>\n<\/tr>\n<tr>\n<td>Mechanische Ausr\u00fcstung zum Be- und Entladen von Raketen<\/td>\n<td>10<\/td>\n<\/tr>\n<tr>\n<td>Mechanische Ladevorrichtungen f\u00fcr Torpedos<\/td>\n<td>10<\/td>\n<\/tr>\n<tr>\n<td>Fallschirmsprung-Trainingsger\u00e4te<\/td>\n<td>10<\/td>\n<\/tr>\n<tr>\n<td>Winden zur Bef\u00f6rderung von Personen oder gef\u00e4hrlichen Lasten, die in Flugzeugen, Schiffen, Kampffahrzeugen und Fahrzeugen der Streitkr\u00e4fte der Republik Polen eingesetzt werden<\/td>\n<td>10<\/td>\n<\/tr>\n<\/table>","protected":false},"excerpt":{"rendered":"<p>OBS\u0141UGA Rodzaje urz\u0105dze\u0144 technicznych, przy obs\u0142udze kt\u00f3rych wymagane jest posiadanie kwalifikacji potwierdzonych za\u015bwiadczeniem kwalifikacyjnym Okresy wa\u017cno\u015bci za\u015bwiadcze\u0144 kwalifikacyjnych (w latach) a b c Wci\u0105garki i wci\u0105gniki Wci\u0105gniki i wci\u0105garki og\u00f3lnego przeznaczenia 10 Wci\u0105gniki i wci\u0105garki og\u00f3lnego i specjalnego przeznaczenia 5 Suwnice Suwnice, wci\u0105gniki i wci\u0105garki og\u00f3lnego przeznaczenia 10 Suwnice, wci\u0105gniki i wci\u0105garki og\u00f3lnego oraz specjalnego przeznaczenia 5 \u017burawie \u017burawie stacjonarne 10 \u017burawie przewo\u017ane i przeno\u015bne (uprawnia do obs\u0142ugi \u017curawi przewo\u017anych i przeno\u015bnych oraz stacjonarnych) 10 \u017burawie samojezdne (uprawnia do obs\u0142ugi \u017curawi samojezdnych, przewo\u017anych i przeno\u015bnych oraz stacjonarnych) 5 \u017burawie szynowe 5 \u017burawie wie\u017cowe i szybkomontuj\u0105ce (uprawnia do obs\u0142ugi \u017curawi wie\u017cowych i szybkomontuj\u0105cych oraz szynowych) 5 \u017burawie kolejowe i na pojazdach kolejowych 5 \u017burawie pok\u0142adowe 5 \u017burawie p\u0142ywaj\u0105ce (uprawnia do obs\u0142ugi \u017curawi p\u0142ywaj\u0105cych oraz pok\u0142adowych) 5 4 Uk\u0142adnice Uk\u0142adnice 10 Wyci\u0105gi towarowe Wyci\u0105gi towarowe 10 Wyci\u0105gi statk\u00f3w Wyci\u0105gi statk\u00f3w 10 Podesty ruchome Podesty ruchome stacjonarne 10 Podesty ruchome wisz\u0105ce (uprawnia do obs\u0142ugi podest\u00f3w ruchomych wisz\u0105cych oraz stacjonarnych) 10 Podesty ruchome masztowe (uprawnia do obs\u0142ugi podest\u00f3w ruchomych masztowych oraz stacjonarnych) 10 Podesty ruchome przejezdne 5 Podesty na pojazdach kolejowych 10 W\u00f3zki jezdniowe podno\u015bnikowe W\u00f3zki jezdniowe podno\u015bnikowe z mechanicznym nap\u0119dem podnoszenia z wysi\u0119gnikiem oraz w\u00f3zki jezdniowe podno\u015bnikowe z mechanicznym nap\u0119dem podnoszenia z osob\u0105 obs\u0142uguj\u0105c\u0105 podnoszon\u0105 wraz z \u0142adunkiem (uprawnia r\u00f3wnie\u017c do obs\u0142ugi wszystkich pozosta\u0142ych w\u00f3zk\u00f3w jezdniowych podno\u015bnikowych z mechanicznym nap\u0119dem podnoszenia) 5 W\u00f3zki jezdniowe podno\u015bnikowe z mechanicznym nap\u0119dem podnoszenia z wy\u0142\u0105czeniem w\u00f3zk\u00f3w z wysi\u0119gnikiem oraz w\u00f3zk\u00f3w z osob\u0105 obs\u0142uguj\u0105c\u0105 podnoszon\u0105 wraz z \u0142adunkiem 10 D\u017awigi D\u017awigi budowlane (uprawnia do obs\u0142ugi d\u017awig\u00f3w budowlanych towarowych i towarowo-osobowych oraz wyci\u0105g\u00f3w towarowych) [&hellip;]<\/p>\n","protected":false},"author":1,"featured_media":0,"parent":2,"menu_order":0,"comment_status":"closed","ping_status":"closed","template":"","meta":{"sfsi_plus_gutenberg_text_before_share":"","sfsi_plus_gutenberg_show_text_before_share":"","sfsi_plus_gutenberg_icon_type":"","sfsi_plus_gutenberg_icon_alignemt":"","sfsi_plus_gutenburg_max_per_row":"","footnotes":""},"class_list":["post-2951","page","type-page","status-publish","hentry","has_no_thumb"],"aioseo_notices":[],"_links":{"self":[{"href":"https:\/\/kursy-udt.pl\/de\/wp-json\/wp\/v2\/pages\/2951","targetHints":{"allow":["GET"]}}],"collection":[{"href":"https:\/\/kursy-udt.pl\/de\/wp-json\/wp\/v2\/pages"}],"about":[{"href":"https:\/\/kursy-udt.pl\/de\/wp-json\/wp\/v2\/types\/page"}],"author":[{"embeddable":true,"href":"https:\/\/kursy-udt.pl\/de\/wp-json\/wp\/v2\/users\/1"}],"replies":[{"embeddable":true,"href":"https:\/\/kursy-udt.pl\/de\/wp-json\/wp\/v2\/comments?post=2951"}],"version-history":[{"count":7,"href":"https:\/\/kursy-udt.pl\/de\/wp-json\/wp\/v2\/pages\/2951\/revisions"}],"predecessor-version":[{"id":2965,"href":"https:\/\/kursy-udt.pl\/de\/wp-json\/wp\/v2\/pages\/2951\/revisions\/2965"}],"up":[{"embeddable":true,"href":"https:\/\/kursy-udt.pl\/de\/wp-json\/wp\/v2\/pages\/2"}],"wp:attachment":[{"href":"https:\/\/kursy-udt.pl\/de\/wp-json\/wp\/v2\/media?parent=2951"}],"curies":[{"name":"wp","href":"https:\/\/api.w.org\/{rel}","templated":true}]}}