{"id":2721,"date":"2018-08-23T08:25:22","date_gmt":"2018-08-23T08:25:22","guid":{"rendered":"http:\/\/kursy-udt.pl\/?page_id=2721"},"modified":"2023-03-21T13:53:16","modified_gmt":"2023-03-21T12:53:16","slug":"udt-wdt-tdt","status":"publish","type":"page","link":"https:\/\/kursy-udt.pl\/de\/szkolenia\/udt-wdt-tdt\/","title":{"rendered":"Schulungen f\u00fcr WDT-, TDT- und UDT-Genehmigungen"},"content":{"rendered":"\n<h2 class=\"wp-block-heading\">Kwalifikacje zawodowe UDT, TDT i WDT&nbsp;<\/h2>\n\n\n\n<p>Nasza firma szkoleniowa organizuje kursy i szkolenia dla operator\u00f3w i konserwator\u00f3w, kt\u00f3re s\u0105 zako\u0144czone egzaminem na <a href=\"https:\/\/kursy-udt.pl\/de\/uprawnienia-udt\/kategorie-uprawnien-2\/\">uprawnienia UDT<\/a>, WDT i TDT.&nbsp;&nbsp;&nbsp;<\/p>\n\n\n\n<p><strong>W Polsce dozorem technicznym zajmuj\u0105 si\u0119 3 jednostki<\/strong>&nbsp;&nbsp;<\/p>\n\n\n<div class=\"wp-block-image\">\n<figure class=\"alignright size-large is-resized\"><a href=\"https:\/\/kursy-udt.pl\/wp-content\/uploads\/2023\/03\/screen_2x-2023-03-04T125953.089.jpg\"><img loading=\"lazy\" decoding=\"async\" src=\"https:\/\/kursy-udt.pl\/wp-content\/uploads\/2023\/03\/screen_2x-2023-03-04T125953.089-1024x683.jpg\" alt=\"maszyny budowla\" class=\"wp-image-5257\" width=\"512\" height=\"342\" srcset=\"https:\/\/kursy-udt.pl\/wp-content\/uploads\/2023\/03\/screen_2x-2023-03-04T125953.089-1024x683.jpg 1024w, https:\/\/kursy-udt.pl\/wp-content\/uploads\/2023\/03\/screen_2x-2023-03-04T125953.089-300x200.jpg 300w, https:\/\/kursy-udt.pl\/wp-content\/uploads\/2023\/03\/screen_2x-2023-03-04T125953.089-768x512.jpg 768w, https:\/\/kursy-udt.pl\/wp-content\/uploads\/2023\/03\/screen_2x-2023-03-04T125953.089-1536x1024.jpg 1536w, https:\/\/kursy-udt.pl\/wp-content\/uploads\/2023\/03\/screen_2x-2023-03-04T125953.089-18x12.jpg 18w, https:\/\/kursy-udt.pl\/wp-content\/uploads\/2023\/03\/screen_2x-2023-03-04T125953.089-624x416.jpg 624w, https:\/\/kursy-udt.pl\/wp-content\/uploads\/2023\/03\/screen_2x-2023-03-04T125953.089.jpg 1600w\" sizes=\"auto, (max-width: 512px) 100vw, 512px\" \/><\/a><\/figure>\n<\/div>\n\n\n<ul class=\"wp-block-list\">\n<li><strong>UDT<\/strong> \u2013 Urz\u0105d Dozoru Technicznego&nbsp;&nbsp;<\/li>\n\n\n\n<li><strong>WDT <\/strong>\u2013 Wojskowy Doz\u00f3r Techniczny&nbsp;&nbsp;<\/li>\n\n\n\n<li><strong>TDT<\/strong>\u2013&nbsp;Transportowy Doz\u00f3r Techniczny&nbsp;<\/li>\n<\/ul>\n\n\n\n<h2 class=\"wp-block-heading\">Urz\u0105d Dozoru Technicznego&nbsp;&nbsp;&nbsp;<\/h2>\n\n\n\n<p>UDT zajmuje si\u0119 urz\u0105dzeniami technicznymi, to znaczy urz\u0105dzeniami u\u017cywanymi podczas prac budowlanych i magazynowych.&nbsp;<\/p>\n\n\n\n<p><strong>Zakres dzia\u0142a\u0144 UDT obejmuje<\/strong><\/p>\n\n\n\n<ul class=\"wp-block-list\">\n<li>Sprawdzanie dozoru technicznego nad urz\u0105dzeniami technicznymi.<\/li>\n\n\n\n<li>Tworzenie projekt\u00f3w warunk\u00f3w dozoru technicznego oraz norm opisuj\u0105cych zasady bezpiecznego dzia\u0142ania urz\u0105dze\u0144 technicznych.&nbsp;&nbsp;&nbsp;<\/li>\n\n\n\n<li>Nadz\u00f3r i kontrol\u0119 nad przestrzeganiem przepis\u00f3w dotycz\u0105cych dozoru technicznego.&nbsp;&nbsp;<\/li>\n\n\n\n<li>Uznawanie laboratori\u00f3w prowadz\u0105cych badania urz\u0105dze\u0144 technicznych.&nbsp;&nbsp;<\/li>\n\n\n\n<li>Wydawanie decyzji dotycz\u0105cych dozoru technicznego.<\/li>\n\n\n\n<li>Wydawanie i kontrola kwalifikacji os\u00f3b, kt\u00f3re produkuj\u0105, buduj\u0105, naprawiaj\u0105, modernizuj\u0105, obs\u0142uguj\u0105 i konserwuj\u0105 urz\u0105dzenia techniczne.&nbsp;<\/li>\n<\/ul>\n\n\n\n<p><strong>Do urz\u0105dze\u0144 podlegaj\u0105cych dozorowi technicznemu przez UDT zalicza si\u0119:&nbsp;<\/strong>&nbsp;<\/p>\n\n\n\n<div class=\"wp-block-columns is-layout-flex wp-container-core-columns-is-layout-9d6595d7 wp-block-columns-is-layout-flex\">\n<div class=\"wp-block-column is-layout-flow wp-block-column-is-layout-flow\">\n<ul class=\"wp-block-list\">\n<li class=\"dwiekolumny\">d\u017awignice linotorowe,&nbsp;&nbsp;<\/li>\n\n\n\n<li>uk\u0142adarki,&nbsp;&nbsp;&nbsp;<\/li>\n\n\n\n<li>koleje linowe,<\/li>\n\n\n\n<li>podesty ruchome,&nbsp;&nbsp;<\/li>\n\n\n\n<li>d\u017awigi (hydrauliczne, budowlane, samochodowe),&nbsp;&nbsp;<\/li>\n\n\n\n<li>walce,&nbsp;&nbsp;&nbsp;&nbsp;<\/li>\n\n\n\n<li>wyci\u0105gi towarowe,&nbsp;&nbsp;<\/li>\n\n\n\n<li><a href=\"https:\/\/kursy-udt.pl\/de\/szkolenia\/wozkiwidlowe\/\">w\u00f3zki jezdniowe podno\u015bnikowe<\/a>,&nbsp;&nbsp;<\/li>\n\n\n\n<li>uk\u0142adnice,&nbsp;&nbsp;<\/li>\n\n\n\n<li>schody ruchome,&nbsp;&nbsp;&nbsp;<\/li>\n\n\n\n<li>po\u0142\u0105czenia ko\u0142nierzowe,&nbsp;&nbsp;<\/li>\n<\/ul>\n<\/div>\n\n\n\n<div class=\"wp-block-column is-layout-flow wp-block-column-is-layout-flow\">\n<ul class=\"wp-block-list\">\n<li><a href=\"https:\/\/kursy-udt.pl\/de\/szkolenia\/udt-wdt-tdt\/zurawie-hds\/\">\u017curawie HDS<\/a>,&nbsp;&nbsp;<\/li>\n\n\n\n<li>wyci\u0105gi statk\u00f3w,&nbsp;<\/li>\n\n\n\n<li>koparki,&nbsp;&nbsp;&nbsp;<\/li>\n\n\n\n<li>suwnice,&nbsp;&nbsp;<\/li>\n\n\n\n<li>wci\u0105garki i wci\u0105gniki,&nbsp;&nbsp;<\/li>\n\n\n\n<li>urz\u0105dzenia do manipulacji kontenerami,&nbsp;&nbsp;<\/li>\n\n\n\n<li><a href=\"https:\/\/kursy-udt.pl\/de\/szkolenia\/udt-wdt-tdt\/urzadzenia-zaladowcze\/\">urz\u0105dzenia za\u0142adowcze<\/a> lub wy\u0142adowcze,&nbsp;&nbsp;&nbsp;<\/li>\n\n\n\n<li>\u0142adowarki teleskopowe,&nbsp;&nbsp;<\/li>\n\n\n\n<li>w\u00f3zki wid\u0142owe,&nbsp;&nbsp;<\/li>\n\n\n\n<li>urz\u0105dzenia podaj\u0105ce \u0142adunki w ci\u0105gach technologicznych prze\u0142adunkowych,&nbsp;&nbsp;<\/li>\n\n\n\n<li>urz\u0105dzenia przeznaczone dla os\u00f3b niepe\u0142nosprawnych.&nbsp;&nbsp;&nbsp;<\/li>\n<\/ul>\n<\/div>\n<\/div>\n\n\n\n<p><\/p>\n\n\n<div class=\"wp-block-image\">\n<figure class=\"alignright size-large is-resized\"><a href=\"https:\/\/kursy-udt.pl\/wp-content\/uploads\/2023\/03\/s2-79.jpg\"><img loading=\"lazy\" decoding=\"async\" src=\"https:\/\/kursy-udt.pl\/wp-content\/uploads\/2023\/03\/s2-79-1024x683.jpg\" alt=\"operator koparki w kasku\" class=\"wp-image-5259\" width=\"512\" height=\"342\" srcset=\"https:\/\/kursy-udt.pl\/wp-content\/uploads\/2023\/03\/s2-79-1024x683.jpg 1024w, https:\/\/kursy-udt.pl\/wp-content\/uploads\/2023\/03\/s2-79-300x200.jpg 300w, https:\/\/kursy-udt.pl\/wp-content\/uploads\/2023\/03\/s2-79-768x512.jpg 768w, https:\/\/kursy-udt.pl\/wp-content\/uploads\/2023\/03\/s2-79-1536x1024.jpg 1536w, https:\/\/kursy-udt.pl\/wp-content\/uploads\/2023\/03\/s2-79-18x12.jpg 18w, https:\/\/kursy-udt.pl\/wp-content\/uploads\/2023\/03\/s2-79-624x416.jpg 624w, https:\/\/kursy-udt.pl\/wp-content\/uploads\/2023\/03\/s2-79.jpg 1600w\" sizes=\"auto, (max-width: 512px) 100vw, 512px\" \/><\/a><\/figure>\n<\/div>\n\n\n<h2 class=\"wp-block-heading\">Transportowy Doz\u00f3r Techniczny&nbsp;&nbsp;<\/h2>\n\n\n\n<p>W\u015br\u00f3d urz\u0105dze\u0144 podlegaj\u0105cych TDT znajduj\u0105 si\u0119 g\u0142\u00f3wnie transportowe urz\u0105dzenia techniczne. W\u015br\u00f3d nich s\u0105 specjalistyczne i zwyk\u0142e urz\u0105dzenia transportu ci\u0105g\u0142ego i bliskiego, do kt\u00f3rych zalicza si\u0119, tak\u017ce podesty ruchome.&nbsp;&nbsp;&nbsp;<\/p>\n\n\n\n<p><strong>Zakres dzia\u0142a\u0144 TDT jest bardzo podobny do tego z UDT, jednak obejmuje on<\/strong>:<\/p>\n\n\n\n<ul class=\"wp-block-list\">\n<li>wydawanie \u015bwiadectw zezwalaj\u0105cy pojazdom do przewo\u017cenia wybranych rodzaj\u00f3w materia\u0142\u00f3w niebezpiecznych,&nbsp;<\/li>\n\n\n\n<li>sprawowanie dozoru technicznego nad okre\u015blonymi rodzajami urz\u0105dze\u0144, nad kt\u00f3rymi nie sprawuj\u0105 dozoru UDT i WDT.<\/li>\n<\/ul>\n\n\n\n<p><strong>Do urz\u0105dze\u0144, podlegaj\u0105cych dozorowi technicznemu przez TDT, zalicza si\u0119:<\/strong>&nbsp;&nbsp;<\/p>\n\n\n\n<ul class=\"wp-block-list\">\n<li>urz\u0105dzenia techniczne stosowane w obszarze kolejowym,<\/li>\n\n\n\n<li>wyci\u0105gi narciarskie,&nbsp;&nbsp;&nbsp;<\/li>\n\n\n\n<li>koleje linowe osobowe,&nbsp;&nbsp;<\/li>\n\n\n\n<li>zbiorniki u\u017cywane podczas ruchu drogowego, kolejowego i w \u017cegludze \u015br\u00f3dl\u0105dowej,&nbsp;<\/li>\n\n\n\n<li>koleje towarowe,&nbsp;<\/li>\n\n\n\n<li>urz\u0105dzenia techniczne u\u017cywane w portach, w bazach prze\u0142adunkowych,&nbsp;&nbsp;<\/li>\n\n\n\n<li>urz\u0105dzenia techniczne u\u017cywane na statkach morskich.&nbsp;&nbsp;&nbsp;<\/li>\n<\/ul>\n\n\n\n<h2 class=\"wp-block-heading\">Wojskowy Doz\u00f3r Techniczny&nbsp;&nbsp;&nbsp;<\/h2>\n\n\n\n<p>Zajmuje si\u0119 urz\u0105dzeniami technicznymi stosowanymi w Si\u0142ach Zbrojnych RP.&nbsp;&nbsp;<\/p>\n\n\n\n<p><strong>Zakres dzia\u0142a\u0144 WDT obejmuje przede wszystkim:&nbsp;<\/strong>&nbsp;&nbsp;<\/p>\n\n\n\n<ul class=\"wp-block-list\">\n<li>prowadzenie dozoru technicznego nad okre\u015blonymi urz\u0105dzeniami,<\/li>\n\n\n\n<li>wydawanie \u015bwiadectw dopuszczaj\u0105cych pojazdy do przewo\u017cenia okre\u015blonych typ\u00f3w materia\u0142\u00f3w niebezpiecznych,&nbsp;&nbsp;<\/li>\n\n\n\n<li>wydawanie decyzji dotycz\u0105cych dozoru technicznego nad tymi urz\u0105dzeniami.&nbsp;&nbsp;&nbsp;<\/li>\n<\/ul>\n\n\n\n<p><strong>Do urz\u0105dze\u0144, podlegaj\u0105cych dozorowi technicznemu przez WDT, zalicza si\u0119:<\/strong>&nbsp;&nbsp;<\/p>\n\n\n\n<ul class=\"wp-block-list\">\n<li><strong>urz\u0105dzenia ci\u015bnieniowe i bezci\u015bnieniowe<\/strong>, czyli zbiorniki, kot\u0142y, wytwornice acetylenu, ruroci\u0105gi,&nbsp;&nbsp;&nbsp;<\/li>\n\n\n\n<li><strong>urz\u0105dzenia do transportu bliskiego<\/strong> takie jak: \u017curawie, d\u017awigi, d\u017awigniki, przeno\u015bniki, podesty, suwnice, uk\u0142adnice i w\u00f3zki.&nbsp;&nbsp;&nbsp;<\/li>\n<\/ul>\n\n\n\n<h2 class=\"wp-block-heading\">Przebieg i forma szkolenia&nbsp;&nbsp;<\/h2>\n\n\n<div class=\"wp-block-image\">\n<figure class=\"alignright size-large is-resized\"><a href=\"https:\/\/kursy-udt.pl\/wp-content\/uploads\/2023\/03\/screen_2x-2023-03-04T130003.660.jpg\"><img loading=\"lazy\" decoding=\"async\" src=\"https:\/\/kursy-udt.pl\/wp-content\/uploads\/2023\/03\/screen_2x-2023-03-04T130003.660-1024x683.jpg\" alt=\"pracownicy budowlani podczas pracy\" class=\"wp-image-5260\" width=\"512\" height=\"342\" srcset=\"https:\/\/kursy-udt.pl\/wp-content\/uploads\/2023\/03\/screen_2x-2023-03-04T130003.660-1024x683.jpg 1024w, https:\/\/kursy-udt.pl\/wp-content\/uploads\/2023\/03\/screen_2x-2023-03-04T130003.660-300x200.jpg 300w, https:\/\/kursy-udt.pl\/wp-content\/uploads\/2023\/03\/screen_2x-2023-03-04T130003.660-768x512.jpg 768w, https:\/\/kursy-udt.pl\/wp-content\/uploads\/2023\/03\/screen_2x-2023-03-04T130003.660-1536x1024.jpg 1536w, https:\/\/kursy-udt.pl\/wp-content\/uploads\/2023\/03\/screen_2x-2023-03-04T130003.660-18x12.jpg 18w, https:\/\/kursy-udt.pl\/wp-content\/uploads\/2023\/03\/screen_2x-2023-03-04T130003.660-624x416.jpg 624w, https:\/\/kursy-udt.pl\/wp-content\/uploads\/2023\/03\/screen_2x-2023-03-04T130003.660.jpg 1600w\" sizes=\"auto, (max-width: 512px) 100vw, 512px\" \/><\/a><\/figure>\n<\/div>\n\n\n<p>Typ szkolenia uzale\u017cniony jest od rodzaju urz\u0105dze\u0144 i uprawnie\u0144. Szkolenie podzielone jest na dwa etapy:&nbsp;&nbsp;<\/p>\n\n\n\n<ol class=\"wp-block-list\" start=\"1\">\n<li><strong>cz\u0119\u015b\u0107 <\/strong>\u2013 uczestnik kursu zapoznaje si\u0119 w niej z poszczeg\u00f3lnymi normami i przepisami w tym BHP,<\/li>\n<\/ol>\n\n\n\n<ol class=\"wp-block-list\" start=\"2\">\n<li><strong>cz\u0119\u015b\u0107 praktyczna<\/strong> \u2013 w tej cz\u0119\u015bci kursanci zapoznaj\u0105 si\u0119 z obs\u0142ug\u0105 sprz\u0119tu.&nbsp;<\/li>\n<\/ol>\n\n\n\n<p>Wszystkie nasze szkolenia odbywaj\u0105 si\u0119 w formie otwartej oraz zamkni\u0119tej, przeznaczonej wy\u0142\u0105cznie dla konkretnej grupy odbiorc\u00f3w. Kursy odbywaj\u0105 si\u0119 w naszej siedzibach naszych plac\u00f3wek, a tak\u017ce w siedzibie firmy klienta.&nbsp;&nbsp;<\/p>\n\n\n\n<h2 class=\"wp-block-heading\">Warunki przyst\u0105pienia do kursu<\/h2>\n\n\n\n<ul class=\"wp-block-list\">\n<li>wykszta\u0142cenie minimum podstawowe,<\/li>\n\n\n\n<li>uczestnik musi mie\u0107 sko\u0144czone 18 lat,<\/li>\n\n\n\n<li>za\u015bwiadczenie o braku przeciwwskaza\u0144 zdrowotnych.<strong>&nbsp;&nbsp;<\/strong>&nbsp;<\/li>\n<\/ul>\n\n\n\n<h2 class=\"wp-block-heading\">Cennik&nbsp;&nbsp;<\/h2>\n\n\n\n<p>Ceny naszych szkole\u0144 ustalane s\u0105 indywidualnie w zale\u017cno\u015bci od ilo\u015bci kursant\u00f3w.&nbsp;&nbsp;<\/p>\n\n\n\n<p><strong>Zapraszamy do kontaktu telefonicznego i mailowego.<\/strong><\/p>\n\n\n\n<h2 class=\"wp-block-heading\">Pytania i odpowiedzi<\/h2>\n\n\n\t\t<details\t\thelp class=\"sc_fs_faq sc_card    \"\n\t\topen\t\t>\n\t\t\t\t\t<summary>\n\t\t\t\t<h3>Gdzie prowadzone s\u0105 szkolenia?<\/h3>\t\t\t\t\t<\/summary>\n\t\t\t\t<div>\n\t\t\t\t\t\t<div class=\"sc_fs_faq__content\">\n\t\t\t\t\n\n<p>Kursy odbywaj\u0105 si\u0119 w naszej siedzibie w Warszawie, naszych plac\u00f3wkach na terenie innych miast w Polsce, a tak\u017ce w siedzibie firmy klienta.&nbsp;<strong>&nbsp;<\/strong><\/p>\n\n\t\t\t<\/div>\n\t\t<\/div>\n\t\t<\/details>\n\t\t\t\t<details\t\thelp class=\"sc_fs_faq sc_card    \"\n\t\t\t\t>\n\t\t\t\t\t<summary>\n\t\t\t\t<h3>Jaka jest forma kursu?<\/h3>\t\t\t\t\t<\/summary>\n\t\t\t\t<div>\n\t\t\t\t\t\t<div class=\"sc_fs_faq__content\">\n\t\t\t\t\n\n<p>Wszystkie nasze szkolenia odbywaj\u0105 si\u0119 w formie otwartej oraz zamkni\u0119tej, przeznaczonej wy\u0142\u0105cznie dla konkretnej grupy odbiorc\u00f3w.&nbsp;<strong>&nbsp;<\/strong><\/p>\n\n\t\t\t<\/div>\n\t\t<\/div>\n\t\t<\/details>\n\t\t\n<script type=\"application\/ld+json\">\n\t{\n\t\t\"@context\": \"https:\/\/schema.org\",\n\t\t\"@type\": \"FAQPage\",\n\t\t\"mainEntity\": [\n\t\t\t\t\t{\n\t\t\t\t\"@type\": \"Question\",\n\t\t\t\t\"name\": \"Gdzie prowadzone s\u0105 szkolenia?\",\n\t\t\t\t\"acceptedAnswer\": {\n\t\t\t\t\t\"@type\": \"Answer\",\n\t\t\t\t\t\"text\": \"<p>Kursy odbywaj\u0105 si\u0119 w naszej siedzibie w Warszawie, naszych plac\u00f3wkach na terenie innych miast w Polsce, a tak\u017ce w siedzibie firmy klienta.&nbsp;<strong>&nbsp;<\/strong><\/p>\"\n\t\t\t\t\t\t\t\t\t}\n\t\t\t}\n\t\t\t,\t\t\t\t{\n\t\t\t\t\"@type\": \"Question\",\n\t\t\t\t\"name\": \"Jaka jest forma kursu?\",\n\t\t\t\t\"acceptedAnswer\": {\n\t\t\t\t\t\"@type\": \"Answer\",\n\t\t\t\t\t\"text\": \"<p>Wszystkie nasze szkolenia odbywaj\u0105 si\u0119 w formie otwartej oraz zamkni\u0119tej, przeznaczonej wy\u0142\u0105cznie dla konkretnej grupy odbiorc\u00f3w.&nbsp;<strong>&nbsp;<\/strong><\/p>\"\n\t\t\t\t\t\t\t\t\t}\n\t\t\t}\n\t\t\t\t\t\t]\n\t}\n<\/script>\n","protected":false},"excerpt":{"rendered":"<p>UDT-, TDT- und WDT-Berufsqualifikationen Unser Ausbildungsunternehmen organisiert Kurse und Schulungen f\u00fcr Bediener und Wartungspersonal, die mit einer Pr\u00fcfung f\u00fcr UDT-, WDT- und TDT-Qualifikationen abgeschlossen werden.    In Polen wird die technische \u00dcberwachung von 3 Einheiten durchgef\u00fchrt Das Amt f\u00fcr technische \u00dcberwachung (UDT) befasst sich mit technischen Anlagen, d.h. Anlagen, die bei Bau- und Lagerarbeiten verwendet werden.  Der T\u00e4tigkeitsbereich des UDT umfasst Die Anlagen, die der technischen \u00dcberwachung durch das UDT unterliegen, umfassen:   Transporttechnische \u00dcberwachung Zu den Ausr\u00fcstungen, die der TADT unterliegen, geh\u00f6ren haupts\u00e4chlich transporttechnische Ger\u00e4te. Dazu geh\u00f6ren spezielle und gew\u00f6hnliche Ger\u00e4te f\u00fcr den kontinuierlichen und den Materialtransport, zu denen unter anderem mobile Plattformen geh\u00f6ren.    Der T\u00e4tigkeitsbereich der TDT ist dem der UDT sehr \u00e4hnlich, umfasst aber auch: Zur Ausr\u00fcstung, die der technischen \u00dcberwachung durch den TDT unterliegt, geh\u00f6ren:   Die milit\u00e4rische technische \u00dcberwachung befasst sich mit technischer Ausr\u00fcstung, die in den polnischen Streitkr\u00e4ften verwendet wird.   Der T\u00e4tigkeitsbereich des WDT umfasst haupts\u00e4chlich:    Ausr\u00fcstung, die der technischen \u00dcberwachung durch den WDT unterliegt, umfasst:   Verlauf und Form der Ausbildung Die Art der Ausbildung h\u00e4ngt von der Art der Ausr\u00fcstung und den Genehmigungen ab. Die Ausbildung ist in zwei Stufen unterteilt:   Alle unsere Schulungen finden in einem offenen Format und in einem geschlossenen Format statt, das sich ausschlie\u00dflich an ein bestimmtes Publikum richtet. Die Kurse finden sowohl in unseren R\u00e4umlichkeiten als auch beim Kunden vor Ort statt.   Kursvoraussetzungen Die Preise f\u00fcr unsere Schulungen werden individuell je nach Anzahl der Teilnehmer festgelegt.   Bitte kontaktieren Sie uns per Telefon oder E-Mail. Fragen und Antworten<\/p>","protected":false},"author":1,"featured_media":5259,"parent":65,"menu_order":0,"comment_status":"closed","ping_status":"closed","template":"page-templates\/template-podkategorie.php","meta":{"sfsi_plus_gutenberg_text_before_share":"","sfsi_plus_gutenberg_show_text_before_share":"","sfsi_plus_gutenberg_icon_type":"","sfsi_plus_gutenberg_icon_alignemt":"","sfsi_plus_gutenburg_max_per_row":"","footnotes":""},"class_list":["post-2721","page","type-page","status-publish","has-post-thumbnail","hentry","has_thumb"],"aioseo_notices":[],"_links":{"self":[{"href":"https:\/\/kursy-udt.pl\/de\/wp-json\/wp\/v2\/pages\/2721","targetHints":{"allow":["GET"]}}],"collection":[{"href":"https:\/\/kursy-udt.pl\/de\/wp-json\/wp\/v2\/pages"}],"about":[{"href":"https:\/\/kursy-udt.pl\/de\/wp-json\/wp\/v2\/types\/page"}],"author":[{"embeddable":true,"href":"https:\/\/kursy-udt.pl\/de\/wp-json\/wp\/v2\/users\/1"}],"replies":[{"embeddable":true,"href":"https:\/\/kursy-udt.pl\/de\/wp-json\/wp\/v2\/comments?post=2721"}],"version-history":[{"count":3,"href":"https:\/\/kursy-udt.pl\/de\/wp-json\/wp\/v2\/pages\/2721\/revisions"}],"predecessor-version":[{"id":5633,"href":"https:\/\/kursy-udt.pl\/de\/wp-json\/wp\/v2\/pages\/2721\/revisions\/5633"}],"up":[{"embeddable":true,"href":"https:\/\/kursy-udt.pl\/de\/wp-json\/wp\/v2\/pages\/65"}],"wp:featuredmedia":[{"embeddable":true,"href":"https:\/\/kursy-udt.pl\/de\/wp-json\/wp\/v2\/media\/5259"}],"wp:attachment":[{"href":"https:\/\/kursy-udt.pl\/de\/wp-json\/wp\/v2\/media?parent=2721"}],"curies":[{"name":"wp","href":"https:\/\/api.w.org\/{rel}","templated":true}]}}