{"id":2655,"date":"2018-08-21T09:32:38","date_gmt":"2018-08-21T09:32:38","guid":{"rendered":"http:\/\/kursy-udt.pl\/?page_id=2655"},"modified":"2023-01-04T10:51:24","modified_gmt":"2023-01-04T10:51:24","slug":"iso-45001-schulung","status":"publish","type":"page","link":"https:\/\/kursy-udt.pl\/de\/szkolenie-iso-45001\/","title":{"rendered":"ISO 45001-Schulung"},"content":{"rendered":"<p><strong>ISO 45001-Schulung<\/strong><\/p>\n<p><a href=\"https:\/\/kursy-udt.pl\/de\/o-firmie\/\">ERGON-Zentrum f\u00fcr Personalverbesserung<\/a> l\u00e4dt Sie ein, an der neuen Schulung ISO 45001 - Managementsystem f\u00fcr Gesundheit und Sicherheit am Arbeitsplatz teilzunehmen. Wir bieten eine umfassende und professionelle Ausbildung in Warschau und anderen Orten!<\/p>\n<p><a href=\"https:\/\/kursy-udt.pl\/wp-content\/uploads\/2022\/10\/12345.jpeg\"><img loading=\"lazy\" decoding=\"async\" class=\"aligncenter wp-image-4438\" src=\"https:\/\/kursy-udt.pl\/wp-content\/uploads\/2022\/10\/12345-300x100.jpeg\" alt=\"\" width=\"750\" height=\"250\" srcset=\"https:\/\/kursy-udt.pl\/wp-content\/uploads\/2022\/10\/12345-300x100.jpeg 300w, https:\/\/kursy-udt.pl\/wp-content\/uploads\/2022\/10\/12345-1024x341.jpeg 1024w, https:\/\/kursy-udt.pl\/wp-content\/uploads\/2022\/10\/12345-768x256.jpeg 768w, https:\/\/kursy-udt.pl\/wp-content\/uploads\/2022\/10\/12345-1536x512.jpeg 1536w, https:\/\/kursy-udt.pl\/wp-content\/uploads\/2022\/10\/12345-18x6.jpeg 18w, https:\/\/kursy-udt.pl\/wp-content\/uploads\/2022\/10\/12345-624x208.jpeg 624w, https:\/\/kursy-udt.pl\/wp-content\/uploads\/2022\/10\/12345.jpeg 1600w\" sizes=\"auto, (max-width: 750px) 100vw, 750px\" \/><\/a><\/p>\n<p><strong>Was ist ISO 45001 - Managementsystem f\u00fcr Gesundheit und Sicherheit am Arbeitsplatz?<\/strong><\/p>\n<p>Die Norm ISO 45001:2018 befasst sich mit den Mindestanforderungen f\u00fcr das effektive Management von <a href=\"https:\/\/kursy-udt.pl\/de\/szkolenia\/bhp-bezpieczenstwo-pracy\/prawna-ochrona-pracy\/\">GESUNDHEIT UND SICHERHEIT<\/a> an den Arbeitspl\u00e4tzen und ihr Hauptziel ist es, das Niveau der Gesundheit und Sicherheit am Arbeitsplatz zu erh\u00f6hen. Sie ersetzt die derzeitigen Normen, einschlie\u00dflich OHSAS 18001:2007.<\/p>\n<p><strong>Mit dem neuen Standard k\u00f6nnen Sie:<\/strong><\/p>\n<ul>\n<li>das Gesundheits- und Sicherheitsmanagement mit der strategischen Ausrichtung des Unternehmens in Einklang zu bringen<\/li>\n<li>die Integration mit anderen Elementen der Unternehmensf\u00fchrung zu verbessern<\/li>\n<li>das Engagement des Managements zu erh\u00f6hen<\/li>\n<li>Verbesserung der Leistungen des Unternehmens im Bereich Gesundheit und Sicherheit<\/li>\n<\/ul>\n<p>Die neue ISO 45001-Norm wurde am 12. M\u00e4rz 2018 ver\u00f6ffentlicht und seitdem hatten Unternehmen mit einer OHSAS 18001- und\/oder PN-N 18001-Zertifizierung (allgemein als ISO 18001 bezeichnet) drei Jahre Zeit, die \u00c4nderungen zu erf\u00fcllen.<\/p>\n<p>Organisiert von unserem Personalentwicklungszentrum ERGON<strong> ISO 45001-Schulung <\/strong>richtet sich in erster Linie an F\u00fchrungskr\u00e4fte und Manager sowie an diejenigen, die mit dem Arbeitsschutzmanagementsystem OHSAS 18001 und\/oder PN-N 18001 befasst sind.<\/p>\n<p>Die Schulungsthemen beinhalten umfassende Informationen zu den Neuerungen der ab 2018 geltenden ISO 45001-Norm.<\/p>\n<p><strong>Das Schulungsprogramm umfasst Themen wie:<\/strong><\/p>\n<ul>\n<li>Neue Struktur in der ISO 45001-Norm<\/li>\n<li>die in der Norm verwendete Terminologie<\/li>\n<li>\u00c4nderungen in Bezug auf bestimmte Punkte der Norm, einschlie\u00dflich des organisatorischen Kontexts, der F\u00fchrung, der Planung, der Unterst\u00fctzung, des Betriebs, der Bewertungsergebnisse und der Verbesserung<\/li>\n<\/ul>\n<p>Genaue Informationen \u00fcber Preise und Schulungstermine finden Sie auf unserer Website oder unter der Telefonnummer +48 22 290 29 09 oder per E-Mail an biuro@bhp-ergon.pl.<\/p>\n<p><a href=\"https:\/\/kursy-udt.pl\/wp-content\/uploads\/2023\/01\/ISO-45001-BHP-kursy-udt.pl_.png\"><img loading=\"lazy\" decoding=\"async\" class=\"aligncenter wp-image-4626\" src=\"https:\/\/kursy-udt.pl\/wp-content\/uploads\/2023\/01\/ISO-45001-BHP-kursy-udt.pl_-300x188.png\" alt=\"\" width=\"750\" height=\"469\" srcset=\"https:\/\/kursy-udt.pl\/wp-content\/uploads\/2023\/01\/ISO-45001-BHP-kursy-udt.pl_-300x188.png 300w, https:\/\/kursy-udt.pl\/wp-content\/uploads\/2023\/01\/ISO-45001-BHP-kursy-udt.pl_-1024x640.png 1024w, https:\/\/kursy-udt.pl\/wp-content\/uploads\/2023\/01\/ISO-45001-BHP-kursy-udt.pl_-768x480.png 768w, https:\/\/kursy-udt.pl\/wp-content\/uploads\/2023\/01\/ISO-45001-BHP-kursy-udt.pl_-18x12.png 18w, https:\/\/kursy-udt.pl\/wp-content\/uploads\/2023\/01\/ISO-45001-BHP-kursy-udt.pl_-624x390.png 624w, https:\/\/kursy-udt.pl\/wp-content\/uploads\/2023\/01\/ISO-45001-BHP-kursy-udt.pl_.png 1200w\" sizes=\"auto, (max-width: 750px) 100vw, 750px\" \/><\/a><\/p>","protected":false},"excerpt":{"rendered":"<p>ISO 45001-Schulung Das ERGON-Zentrum f\u00fcr Personalentwicklung l\u00e4dt Sie ein, an der neuen Schulung ISO 45001 - Arbeitsschutzmanagementsystem teilzunehmen. Wir bieten eine umfassende und professionelle Ausbildung in Warschau und anderen Orten! Was ist ISO 45001 - Managementsystem f\u00fcr Gesundheit und Sicherheit am Arbeitsplatz? Die Norm ISO 45001:2018 bezieht sich auf die Mindestanforderungen f\u00fcr ein wirksames Management von Sicherheit und Gesundheitsschutz am Arbeitsplatz und zielt in erster Linie darauf ab, das Niveau von Sicherheit und Gesundheitsschutz am Arbeitsplatz zu erh\u00f6hen. Mit der neuen Norm k\u00f6nnen Sie: das Gesundheits- und Sicherheitsmanagement an der strategischen Ausrichtung Ihres Unternehmens ausrichten, die Integration mit anderen Elementen des Unternehmensmanagements verbessern, das Engagement des Managements erh\u00f6hen, die Gesundheits- und Sicherheitsleistung in Ihrem Unternehmen steigern. Die neue ISO 45001-Norm wurde am 12. M\u00e4rz 2018 ver\u00f6ffentlicht und seitdem hatten Unternehmen mit einer OHSAS 18001- und\/oder PN-N 18001-Zertifizierung (allgemein als ISO 18001 bezeichnet) drei Jahre Zeit, sich an die \u00c4nderungen anzupassen. Die von unserem ERGON HR Improvement Centre organisierte ISO 45001-Schulung richtet sich in erster Linie an F\u00fchrungskr\u00e4fte und Manager sowie an diejenigen, die mit dem Arbeitsschutzmanagementsystem OHSAS 18001 und\/oder PN-N 18001 in Verbindung stehen. Die Schulungsthemen umfassen umfassende Informationen zu den Neuerungen der ab 2018 geltenden ISO 45001-Norm. Das Schulungsprogramm umfasst Themen wie: die neue Struktur der ISO 45001-Norm, die in der Norm verwendete Terminologie, \u00c4nderungen in Bezug auf bestimmte Punkte der Norm, einschlie\u00dflich organisatorischer Kontext, F\u00fchrung, Planung, Unterst\u00fctzung, Betrieb, Bewertungsergebnisse und Verbesserung. Genaue Informationen zu Preisen und Schulungsterminen finden Sie auf unserer Website oder unter der Telefonnummer +48 22 290 29 09 oder per E-Mail: biuro@bhp-ergon.pl.<\/p>","protected":false},"author":1,"featured_media":4438,"parent":0,"menu_order":0,"comment_status":"closed","ping_status":"closed","template":"","meta":{"sfsi_plus_gutenberg_text_before_share":"","sfsi_plus_gutenberg_show_text_before_share":"","sfsi_plus_gutenberg_icon_type":"","sfsi_plus_gutenberg_icon_alignemt":"","sfsi_plus_gutenburg_max_per_row":"","footnotes":""},"class_list":["post-2655","page","type-page","status-publish","has-post-thumbnail","hentry","has_thumb"],"aioseo_notices":[],"_links":{"self":[{"href":"https:\/\/kursy-udt.pl\/de\/wp-json\/wp\/v2\/pages\/2655","targetHints":{"allow":["GET"]}}],"collection":[{"href":"https:\/\/kursy-udt.pl\/de\/wp-json\/wp\/v2\/pages"}],"about":[{"href":"https:\/\/kursy-udt.pl\/de\/wp-json\/wp\/v2\/types\/page"}],"author":[{"embeddable":true,"href":"https:\/\/kursy-udt.pl\/de\/wp-json\/wp\/v2\/users\/1"}],"replies":[{"embeddable":true,"href":"https:\/\/kursy-udt.pl\/de\/wp-json\/wp\/v2\/comments?post=2655"}],"version-history":[{"count":4,"href":"https:\/\/kursy-udt.pl\/de\/wp-json\/wp\/v2\/pages\/2655\/revisions"}],"predecessor-version":[{"id":4627,"href":"https:\/\/kursy-udt.pl\/de\/wp-json\/wp\/v2\/pages\/2655\/revisions\/4627"}],"wp:featuredmedia":[{"embeddable":true,"href":"https:\/\/kursy-udt.pl\/de\/wp-json\/wp\/v2\/media\/4438"}],"wp:attachment":[{"href":"https:\/\/kursy-udt.pl\/de\/wp-json\/wp\/v2\/media?parent=2655"}],"curies":[{"name":"wp","href":"https:\/\/api.w.org\/{rel}","templated":true}]}}