{"id":2653,"date":"2018-08-21T09:28:57","date_gmt":"2018-08-21T09:28:57","guid":{"rendered":"http:\/\/kursy-udt.pl\/?page_id=2653"},"modified":"2022-10-14T11:22:46","modified_gmt":"2022-10-14T11:22:46","slug":"kontrolle-der-aussetzungen","status":"publish","type":"page","link":"https:\/\/kursy-udt.pl\/de\/szkolenia\/kontrole-zawiesi\/","title":{"rendered":"Hebegurtinspektionen und laufende Hebegurtkontrollen - was ist wissenswert?"},"content":{"rendered":"<h2 class=\"naglowekh2\"><strong>Laufende Kontrollen und periodische Inspektionen der Anschlagmittel<\/strong><\/h2>\n<p>Ein Anschlagmittel ist ein Zubeh\u00f6rteil eines Krans, Hebezeugs oder Krans, das zum Aufh\u00e4ngen, Anschlagen oder Abst\u00fctzen einer Last dient. In den meisten F\u00e4llen ist die Schlinge nicht Teil des Krans, sondern wird am Haken der Unterflasche angebracht.<\/p>\n<h2 class=\"naglowekh2\"><strong>Wir unterscheiden zwischen verschiedenen Arten von Hebegurten, darunter:<\/strong><\/h2>\n<ul>\n<li><a href=\"https:\/\/kursy-udt.pl\/wp-content\/uploads\/2022\/10\/1-2.jpeg\"><img loading=\"lazy\" decoding=\"async\" class=\"alignright wp-image-4454\" src=\"https:\/\/kursy-udt.pl\/wp-content\/uploads\/2022\/10\/1-2-225x300.jpeg\" alt=\"\" width=\"300\" height=\"400\" srcset=\"https:\/\/kursy-udt.pl\/wp-content\/uploads\/2022\/10\/1-2-225x300.jpeg 225w, https:\/\/kursy-udt.pl\/wp-content\/uploads\/2022\/10\/1-2-768x1024.jpeg 768w, https:\/\/kursy-udt.pl\/wp-content\/uploads\/2022\/10\/1-2-1152x1536.jpeg 1152w, https:\/\/kursy-udt.pl\/wp-content\/uploads\/2022\/10\/1-2-9x12.jpeg 9w, https:\/\/kursy-udt.pl\/wp-content\/uploads\/2022\/10\/1-2-624x832.jpeg 624w, https:\/\/kursy-udt.pl\/wp-content\/uploads\/2022\/10\/1-2.jpeg 1200w\" sizes=\"auto, (max-width: 300px) 100vw, 300px\" \/><\/a>Kette<\/li>\n<li>von Drahtseilen<\/li>\n<li>von Textil- und Kunststoffgurten<\/li>\n<li>von textilen und synthetischen Seilen<\/li>\n<li>Anschlagmittel f\u00fcr besondere Zwecke - Greifen und Zupacken<\/li>\n<\/ul>\n<p>Um Krananlagen mit Anschlagmitteln sicher nutzen zu k\u00f6nnen, m\u00fcssen regelm\u00e4\u00dfig <strong>Inspektionen von Anschlagmitteln<\/strong>. Jede Art von Besch\u00e4digung wie Schnitte, Risse, Korrosion, Verengung oder Dehnung von Teilen des Anschlagmittels f\u00fchrt dazu, dass es nicht mehr verwendet werden darf. Wie oft sollte <strong>Kontrolle der Aussetzungen<\/strong> und wer kann sie durchf\u00fchren?<\/p>\n<h2 class=\"naglowekh2\"><strong>Die folgenden Kontrollen der Hebegurte m\u00fcssen durchgef\u00fchrt werden:<\/strong><\/h2>\n<ul>\n<li><strong>Erstinspektion vor der ersten Inbetriebnahme neuer Ger\u00e4te<\/strong> - soll festgestellt werden, ob er oder sie bereit ist zu arbeiten<\/li>\n<li><strong>vor jeder Verwendung pr\u00fcfen<\/strong> - den technischen Zustand des Ger\u00e4ts vor und w\u00e4hrend des Betriebs zu \u00fcberpr\u00fcfen<\/li>\n<li><strong>Regelm\u00e4\u00dfige spezifische Inspektionen <\/strong>- sollte mindestens einmal j\u00e4hrlich durchgef\u00fchrt werden und eine eingehende Sichtpr\u00fcfung des Hebegurts mit entsprechenden Messungen sowie Belastungstests umfassen<\/li>\n<\/ul>\n<p><strong>Sling-Kontrollen<\/strong> werden in \u00dcbereinstimmung mit den Normen durchgef\u00fchrt: PN-EN 1492-1+A1:2008, PN-EN 13414-1+A2:2009, PN-91\/M-84701.<\/p>\n<h2 class=\"naglowekh2\"><strong>Wer kann die Inspektionen und \u00dcberpr\u00fcfungen von Hebegurten durchf\u00fchren?<\/strong><\/h2>\n<p>Zur Durchf\u00fchrung von <strong>Hebegurtsteuerung<\/strong> Sie m\u00fcssen \u00fcber die entsprechenden Genehmigungen sowie \u00fcber die technischen Kenntnisse und F\u00e4higkeiten verf\u00fcgen. In den Verordnungen hei\u00dft es, dass die T\u00e4tigkeit von einer \"sachkundigen Person\" durchgef\u00fchrt werden muss, die vom Arbeitgeber benannt werden kann.<\/p>\n<p>Vor allem f\u00fcr <strong>Inspektionen von Anschlagmitteln<\/strong> Ein Hakenmann mit der entsprechenden <a href=\"https:\/\/kursy-udt.pl\/de\/uprawnienia-udt\/kategorie-uprawnien-2\/\">Anrechte<\/a> - k\u00f6nnen in Kursen erworben werden, die von <a href=\"https:\/\/kursy-udt.pl\/de\/o-firmie\/\">ERGON-Zentrum f\u00fcr Personalverbesserung<\/a>.<\/p>\n<p>Durchgef\u00fchrt <strong>Kontrolle der Aussetzungen<\/strong> eine entsprechende Dokumentation verlangen - es wird dann ein Dokument ausgestellt, das die Unversehrtheit des Ger\u00e4ts best\u00e4tigt. Wenn die Schlinge besch\u00e4digt ist, wird sie entweder durch eine neue ersetzt oder es wird eine neue Schlinge angefertigt. <strong>Regeneration von Anschlagmitteln<\/strong>damit es wieder richtig funktionieren kann.<\/p>","protected":false},"excerpt":{"rendered":"<p>Bie\u017c\u0105ce kontrole i przegl\u0105dy okresowe zawiesi Zawiesiem nazywamy wyposa\u017cenie urz\u0105dzenia d\u017awigowego \u017curawia, ci\u0119gnika lub suwnicy, kt\u00f3rego celem jest zawieszanie, obwi\u0105zywanie albo podtrzymywanie \u0142adunku. Najcz\u0119\u015bciej zawiesie nie jest elementem d\u017awignicy, ale umieszczane jest na haku zblocza. Wyr\u00f3\u017cniamy r\u00f3\u017cnego rodzaju zawiesia, mi\u0119dzy innymi: \u0142a\u0144cuchowe z lin stalowych z pas\u00f3w w\u0142\u00f3kiennych i syntetycznych z lin w\u0142\u00f3kiennych i syntetycznych zawiesia specjalnego przeznaczenia \u2013 chwytowe i zaczepowe Aby korzystanie z urz\u0105dze\u0144 d\u017awignicowych z zawiesiami by\u0142o bezpieczne, konieczne s\u0105 regularne przegl\u0105dy zawiesi. Wszelkiego rodzaju uszkodzenia takie jak przeci\u0119cia, naderwania, korozja, przew\u0119\u017cenia czy wyd\u0142u\u017cenia element\u00f3w zawiesia decyduj\u0105 o jego wycofaniu z u\u017cycia. Jak cz\u0119sto nale\u017cy przeprowadza\u0107 kontrole zawiesi i kto mo\u017ce je wykonywa\u0107? Przeprowadza si\u0119 nast\u0119puj\u0105ce kontrole zawiesi: wst\u0119pna kontrola przed pierwszym u\u017cyciem nowego sprz\u0119tu \u2013 ma na celu okre\u015blenie, czy jest on przygotowany do pracy sprawdzenie przed ka\u017cdym u\u017cyciem \u2013 maj\u0105 na celu sprawdzenie stanu technicznego wyposa\u017cenia przed rozpocz\u0119ciem pracy oraz w trakcie pracy okresowe kontrole szczeg\u00f3\u0142owe \u2013 powinny by\u0107 wykonywane przynajmniej raz na rok, obejmuj\u0105 szczeg\u00f3\u0142owe ogl\u0119dziny zawiesia z wykonaniem odpowiednich pomiar\u00f3w, a tak\u017ce pr\u00f3by obci\u0105\u017ceniowe Kontrole zawiesi przeprowadza si\u0119 zgodnie z normami: PN-EN 1492-1+A1:2008, PN-EN 13414-1+A2:2009, PN-91\/M-84701. Kto mo\u017ce przeprowadza\u0107 kontrole i przegl\u0105dy zawiesi? Do przeprowadzenia kontroli zawiesia konieczne jest posiadanie odpowiednich uprawnie\u0144 oraz wiedza techniczna i umiej\u0119tno\u015bci w tym zakresie. Przepisy wskazuj\u0105, \u017ce czynno\u015b\u0107 powinna by\u0107 wykonana przez \u201ekompetentn\u0105 osob\u0119\u201d, kt\u00f3ra mo\u017ce by\u0107 wskazana przez pracodawc\u0119. Najcz\u0119\u015bciej za przegl\u0105dy zawiesi odpowiedzialny jest hakowy posiadaj\u0105cy w\u0142a\u015bciwe uprawnienia \u2013 mo\u017cna zdoby\u0107 je podczas kurs\u00f3w organizowanych przez O\u015brodek Doskonalenia Kadr ERGON. Przeprowadzone kontrole zawiesi wymagaj\u0105 odpowiedniej dokumentacji \u2013 wystawiany jest wtedy [&hellip;]<\/p>\n","protected":false},"author":1,"featured_media":4454,"parent":65,"menu_order":0,"comment_status":"closed","ping_status":"closed","template":"","meta":{"sfsi_plus_gutenberg_text_before_share":"","sfsi_plus_gutenberg_show_text_before_share":"","sfsi_plus_gutenberg_icon_type":"","sfsi_plus_gutenberg_icon_alignemt":"","sfsi_plus_gutenburg_max_per_row":"","footnotes":""},"class_list":["post-2653","page","type-page","status-publish","has-post-thumbnail","hentry","has_thumb"],"aioseo_notices":[],"_links":{"self":[{"href":"https:\/\/kursy-udt.pl\/de\/wp-json\/wp\/v2\/pages\/2653","targetHints":{"allow":["GET"]}}],"collection":[{"href":"https:\/\/kursy-udt.pl\/de\/wp-json\/wp\/v2\/pages"}],"about":[{"href":"https:\/\/kursy-udt.pl\/de\/wp-json\/wp\/v2\/types\/page"}],"author":[{"embeddable":true,"href":"https:\/\/kursy-udt.pl\/de\/wp-json\/wp\/v2\/users\/1"}],"replies":[{"embeddable":true,"href":"https:\/\/kursy-udt.pl\/de\/wp-json\/wp\/v2\/comments?post=2653"}],"version-history":[{"count":5,"href":"https:\/\/kursy-udt.pl\/de\/wp-json\/wp\/v2\/pages\/2653\/revisions"}],"predecessor-version":[{"id":4456,"href":"https:\/\/kursy-udt.pl\/de\/wp-json\/wp\/v2\/pages\/2653\/revisions\/4456"}],"up":[{"embeddable":true,"href":"https:\/\/kursy-udt.pl\/de\/wp-json\/wp\/v2\/pages\/65"}],"wp:featuredmedia":[{"embeddable":true,"href":"https:\/\/kursy-udt.pl\/de\/wp-json\/wp\/v2\/media\/4454"}],"wp:attachment":[{"href":"https:\/\/kursy-udt.pl\/de\/wp-json\/wp\/v2\/media?parent=2653"}],"curies":[{"name":"wp","href":"https:\/\/api.w.org\/{rel}","templated":true}]}}