{"id":2650,"date":"2018-08-21T09:18:23","date_gmt":"2018-08-21T09:18:23","guid":{"rendered":"http:\/\/kursy-udt.pl\/?page_id=2650"},"modified":"2021-07-05T23:51:02","modified_gmt":"2021-07-05T23:51:02","slug":"abschaffung-der-fur-gabelstaplerlizenzen-erforderlichen-udt-zertifizierung","status":"publish","type":"page","link":"https:\/\/kursy-udt.pl\/de\/uprawnienia-udt\/zniesienie-zezwolen-imiennych-na-wozki-widlowe-konieczne-uprawnienia-udt\/","title":{"rendered":"Abschaffung der benannten Gabelstaplererlaubnis - UDT-Lizenz erforderlich"},"content":{"rendered":"<p>Mit Wirkung vom 9. Januar 2018 hat die Verordnung die namentlichen Gabelstaplererlaubnisse abgeschafft - die Arbeitnehmer, die zuvor nicht die entsprechenden <a href=\"https:\/\/kursy-udt.pl\/de\/uprawnienia-udt\/kategorie-uprawnien-2\/\">UDT-Anspr\u00fcche<\/a> f\u00fcr Gabelstapler, m\u00fcssen sie ihre Qualifikation vervollst\u00e4ndigen.<\/p>\n<h2 class=\"naglowekh2\"><strong>Erforderliche UDT-Pr\u00fcfung f\u00fcr Gabelstapler<\/strong><\/h2>\n<p>Die neue Verordnung des Ministers f\u00fcr Entwicklung und Finanzen \u00fcber Sicherheit und Gesundheitsschutz bei der Verwendung von kraftbetriebenen Gabelstaplern \u00e4ndert die Anforderungen der <a href=\"https:\/\/kursy-udt.pl\/de\/szkolenia\/bhp-bezpieczenstwo-pracy\/prawna-ochrona-pracy\/\">GESUNDHEIT UND SICHERHEIT<\/a> beim Einsatz von verbrennungsmotorisch angetriebenen, elektrischen und dieselelektrischen Gabelstaplern im innerbetrieblichen Transport.<\/p>\n<p>Seit dem Inkrafttreten der neuen Rechtsvorschriften haben diejenigen, die <a href=\"https:\/\/kursy-udt.pl\/de\/szkolenia\/wozkiwidlowe\/\">Gabelstaplerkurs<\/a> und eine Bescheinigung auf einem MEN oder einem anderen Ausdruck sowie eine Plastikkarte des Ausbildungsunternehmens erhalten haben, bei der es sich nicht um eine von der UDT ausgestellte Karte handelt, sind sie verpflichtet, ihre Qualifikation abzuschlie\u00dfen. Sie m\u00fcssen dies nicht auf einmal tun - sie haben mehr Zeit daf\u00fcr.<\/p>\n<h3 class=\"naglowekh3\"><strong>Bis wann muss ich meine UDT-Lizenz erwerben?<\/strong><\/h3>\n<p>Der Termin f\u00fcr den Umtausch von registrierten Gabelstaplerlizenzen in UDT-Qualifikationen h\u00e4ngt von dem Datum ab, an dem das Zertifikat erworben wurde. Diejenigen, die eine Gabelstaplerausbildung abgeschlossen haben:<\/p>\n<ul>\n<li>bis zum 31. Dezember 2004 erworben wurden, behalten ihre Anspr\u00fcche bis zum 31. Dezember 2019<\/li>\n<li>bis zum 31. Dezember 2014, behalten ihren Anspruch bis zum 31. Dezember 2020<\/li>\n<li>ab dem 1. Januar 2015, behalten ihre Anspr\u00fcche bis zum 31. Dezember 2021<\/li>\n<\/ul>\n<p>Ausbildungsbetriebe f\u00fcr Gabelstapler k\u00f6nnen ab dem 9. Januar 2018 noch sieben Monate lang namentliche Erlaubnisse ausstellen, so dass diese, wenn sie einmal erworben wurden, noch drei Jahre lang g\u00fcltig sind.<\/p>\n<p>Dennoch ist es am besten, sich jetzt f\u00fcr UDT-Schulungen f\u00fcr Gabelstapler zu entscheiden. Diese erm\u00f6glichen es Ihnen, eine unbegrenzte Anzahl von Genehmigungen zu erhalten, die vom Technischen \u00dcberwachungsverein erteilt werden, und erfordern keine zus\u00e4tzlichen Aktualisierungen.<\/p>\n<h3 class=\"naglowekh3\"><strong>Europ\u00e4ische Zertifikate - wie sieht es mit Gabelstaplerqualifikationen in der Europ\u00e4ischen Union aus?<\/strong><\/h3>\n<p>Gem\u00e4\u00df der Richtlinie 2005\/36\/EG des Europ\u00e4ischen Parlaments und des Rates vom 7. September 2005 \u00fcber die Anerkennung von Berufsqualifikationen (Amtsblatt der EU L 255 vom 30.09.2005, S. 22, in der ge\u00e4nderten Fassung) haben die L\u00e4nder, die der Union angeh\u00f6ren, das Recht, die von Personen in anderen L\u00e4ndern erworbenen Zeugnisse und Qualifikationen anzuerkennen.<\/p>\n<p>Derzeit ist der UDT-Ausweis das Dokument, mit dem Sie die entsprechenden Qualifikationen nachweisen k\u00f6nnen. Dar\u00fcber hinaus lohnt es sich auch, ein Zertifikat mit einem Ausbildungsprogramm in englischer Sprache zu erwerben. Es ist auch m\u00f6glich, eine Bescheinigung in englischer Sprache zu erhalten, die vom Technischen \u00dcberwachungsverein ausgestellt wird.<\/p>\n<p>Es ist jedoch immer ratsam, sich vor einer Arbeitsaufnahme im Ausland dar\u00fcber zu informieren, ob Ihre Anspr\u00fcche ausreichend sind. Diese kann bei einem Arbeitsvermittler oder beim Arbeitgeber eingeholt werden.<\/p>\n<p>Wenn unsere Qualifikation nicht anerkannt wird, m\u00fcssen wir m\u00f6glicherweise einen weiteren Kurs bei der Zertifizierungsstelle des Landes besuchen oder einen Auffrischungskurs absolvieren, wenn die polnische Schulung nicht alle Themen abdeckte, die in dem Land behandelt werden.<\/p>","protected":false},"excerpt":{"rendered":"<p>Obowi\u0105zuj\u0105ce od 9 stycznia 2018 roku Rozporz\u0105dzenie znios\u0142o imienne zezwolenia na w\u00f3zki wid\u0142owe \u2013 ci pracownicy, kt\u00f3rzy dotychczas nie uzyskali odpowiednich uprawnie\u0144 UDT na w\u00f3zki wid\u0142owe, b\u0119d\u0105 musieli uzupe\u0142ni\u0107 swoje kwalifikacje. Konieczny egzamin UDT na w\u00f3zki wid\u0142owe Nowe Rozporz\u0105dzenie Ministra Rozwoju i Finans\u00f3w w sprawie bezpiecze\u0144stwa i higieny pracy przy u\u017cytkowaniu w\u00f3zk\u00f3w jezdniowych z nap\u0119dem silnikowym zmienia wymagania BHP przy korzystaniu z w\u00f3zk\u00f3w jezdniowych z nap\u0119dem silnikowym spalinowym, elektrycznym i spalinowo-elektrycznym u\u017cywanych w transporcie wewn\u0119trznym. Od momentu wej\u015bcia w \u017cycie nowych przepis\u00f3w, te osoby kt\u00f3re zrobi\u0142y kurs na w\u00f3zki wid\u0142owe i po jego odbyciu uzyska\u0142y za\u015bwiadczenie na druku MEN lub innym, a tak\u017ce plastikow\u0105 legitymacj\u0119 firmy szkoleniowej, kt\u00f3ra nie jest legitymacj\u0105 wydan\u0105 przez UDT, maj\u0105 w obowi\u0105zku uzupe\u0142ni\u0107 swoje kwalifikacje. Nie musz\u0105 robi\u0107 tego jedna od razu \u2013 maj\u0105 na to wi\u0119cej czasu. Do kiedy nale\u017cy uzyska\u0107 uprawnienia UDT? Termin wymagaj\u0105cy wymiany imiennych zezwole\u0144 na w\u00f3zki wid\u0142owe na kwalifikacje UDT jest zale\u017cny od terminu, w kt\u00f3rym uzyskano za\u015bwiadczenie. Osoby, kt\u00f3re zako\u0144czy\u0142y szkolenie na w\u00f3zki wid\u0142owe: do dnia 31 grudnia 2004 roku zachowuj\u0105 wa\u017cno\u015b\u0107 uprawnie\u0144 do dnia 31 grudnia 2019 roku do dnia 31 grudnia 2014 roku zachowuj\u0105 wa\u017cno\u015b\u0107 uprawnie\u0144 do dnia 31 grudnia 2020 roku od dnia 1 stycznia 2015 roku zachowuj\u0105 wa\u017cno\u015b\u0107 uprawnie\u0144 do dnia 31 grudnia 2021 roku Firmy zajmuj\u0105ce si\u0119 szkoleniami na w\u00f3zki wid\u0142owe mog\u0105 wystawia\u0107 jeszcze zezwolenia imienne przez 7 miesi\u0119cy od dnia 9 stycznia 2018 roku, dlatego po ich uzyskaniu b\u0119d\u0105 one jeszcze obowi\u0105zywa\u0142y przez 3 lata. Niemniej jednak najlepiej zdecydowa\u0107 si\u0119 ju\u017c teraz na szkolenia UDT na w\u00f3zki wid\u0142owe. [&hellip;]<\/p>\n","protected":false},"author":1,"featured_media":0,"parent":2,"menu_order":0,"comment_status":"closed","ping_status":"closed","template":"","meta":{"sfsi_plus_gutenberg_text_before_share":"","sfsi_plus_gutenberg_show_text_before_share":"","sfsi_plus_gutenberg_icon_type":"","sfsi_plus_gutenberg_icon_alignemt":"","sfsi_plus_gutenburg_max_per_row":"","footnotes":""},"class_list":["post-2650","page","type-page","status-publish","hentry","has_no_thumb"],"aioseo_notices":[],"_links":{"self":[{"href":"https:\/\/kursy-udt.pl\/de\/wp-json\/wp\/v2\/pages\/2650","targetHints":{"allow":["GET"]}}],"collection":[{"href":"https:\/\/kursy-udt.pl\/de\/wp-json\/wp\/v2\/pages"}],"about":[{"href":"https:\/\/kursy-udt.pl\/de\/wp-json\/wp\/v2\/types\/page"}],"author":[{"embeddable":true,"href":"https:\/\/kursy-udt.pl\/de\/wp-json\/wp\/v2\/users\/1"}],"replies":[{"embeddable":true,"href":"https:\/\/kursy-udt.pl\/de\/wp-json\/wp\/v2\/comments?post=2650"}],"version-history":[{"count":3,"href":"https:\/\/kursy-udt.pl\/de\/wp-json\/wp\/v2\/pages\/2650\/revisions"}],"predecessor-version":[{"id":3409,"href":"https:\/\/kursy-udt.pl\/de\/wp-json\/wp\/v2\/pages\/2650\/revisions\/3409"}],"up":[{"embeddable":true,"href":"https:\/\/kursy-udt.pl\/de\/wp-json\/wp\/v2\/pages\/2"}],"wp:attachment":[{"href":"https:\/\/kursy-udt.pl\/de\/wp-json\/wp\/v2\/media?parent=2650"}],"curies":[{"name":"wp","href":"https:\/\/api.w.org\/{rel}","templated":true}]}}