{"id":2491,"date":"2017-12-19T17:45:44","date_gmt":"2017-12-19T17:45:44","guid":{"rendered":"http:\/\/kursy-udt.pl\/?page_id=2491"},"modified":"2017-12-27T16:23:45","modified_gmt":"2017-12-27T16:23:45","slug":"iso-norm","status":"publish","type":"page","link":"https:\/\/kursy-udt.pl\/de\/norma-iso\/","title":{"rendered":"ISO-Norm"},"content":{"rendered":"<p><img decoding=\"async\" class=\"aligncenter wp-image-2296 size-large\" style=\"margin-bottom: 0;\" src=\"http:\/\/kursy-udt.pl\/wp-content\/uploads\/2017\/12\/iso-154533_1280-by-OpenClipart-Vectors_BY_CC0-e1509702562838.png\" alt=\"ergon1\" width=\"200\" height=\"2100&quot;\"><br \/>\nBerufliche Qualifizierungsma\u00dfnahmen f\u00fcr Erwachsene gem\u00e4\u00df ISO 29990 (Qualit\u00e4t der Bildung)<br \/>\n- \u00fcber den sicheren Betrieb (Betrieb\/Wartung) von UTBs mit UDT\/TDT-Zulassung<br \/>\nUnter anderem: mobile Arbeitsb\u00fchnen der Kat. IP und IIP; Gabelstapler, einschlie\u00dflich Spezialstapler der Kat. IIWJO, IWJO; Br\u00fcckenkr\u00e4ne, Hebezeuge und Winden, die von der Arbeitsebene oder von der Kabine aus gesteuert werden, sowie station\u00e4re Werkstattkr\u00e4ne der Kat. IIS-IS; Kr\u00e4ne der Kat. II\u017b und I\u017b; Ladeplattformen der Kat. KP; Kr\u00e4ne der Kat. KD und andere erforderliche Ausr\u00fcstungen f\u00fcr die Bef\u00f6rderung von Personen oder Lasten in einem begrenzten Bereich.<br \/>\n- \u00fcber den sicheren Betrieb von Anschlagmitteln f\u00fcr Hakensignalgeber<br \/>\n- im Bereich des sicheren Betriebs - Bef\u00fcllen\/Entleeren von Druckger\u00e4ten (Flaschen) mit komprimierten Gasen mit UDT-Pr\u00fcfungen<br \/>\n- auf dem Gebiet des sicheren Betriebs\/der \u00dcberwachung von Energieanlagen <a href=\"https:\/\/kursy-udt.pl\/de\/szkolenia\/sep-uprawnienia-do-1kv\/g1\/\">G1<\/a>; G2; <a href=\"https:\/\/kursy-udt.pl\/de\/szkolenia\/sep-uprawnienia-do-1kv\/g3\/\">G3<\/a><br \/>\n- zur Entwicklung einer Sicherheitskultur am Arbeitsplatz<br \/>\n- f\u00fcr Schwei\u00dfer nach EN 9606 einschlie\u00dflich Brennschneiden;<br \/>\n- f\u00fcr Schwei\u00dfer nach ISO EN 13067<br \/>\n- f\u00fcr UNO-Betreiber mit TDT-Ausnahmeklasse 1-9 nach ADR<\/p>","protected":false},"excerpt":{"rendered":"<p>Berufliche Qualifizierungsschulung f\u00fcr Erwachsene nach ISO 29990 (Qualit\u00e4t der Ausbildung) - im Bereich der sicheren Bedienung (Betrieb\/Wartung) von UTBs mit UDT\/TDT-Pr\u00fcfungen, z.B.: IP- und IIP-Mobilb\u00fchnen; Hubwagen, einschlie\u00dflich Spezialkrane der Kat. IIWJO, IWJO; Laufkr\u00e4ne, Hebezeuge und Winden, die von der Arbeitsebene oder von der Kabine aus gesteuert werden, und station\u00e4re Werkstattkr\u00e4ne der Kat. IIS-IS; Kr\u00e4ne der Kat. II\u017b und I\u017b; Ladeplattformen der Kat. KP; KD-Kr\u00e4ne und andere erforderliche Ausr\u00fcstungen f\u00fcr die Bef\u00f6rderung von Personen oder Lasten in einem begrenzten Bereich. - im Bereich der sicheren Bedienung von Anschlagmitteln f\u00fcr Hakensignalgeber - im Bereich der sicheren Bedienung - Bef\u00fcllen\/Entleeren von Druckger\u00e4ten (Flaschen) mit komprimierten Gasen mit UDT-Zertifikat - im Bereich der sicheren Bedienung\/\u00dcberwachung von Kraftanlagen G1; G2; G3 - im Bereich der Gestaltung der Kultur der Sicherheit am Arbeitsplatz - f\u00fcr Schwei\u00dfer nach PN-EN 9606 einschlie\u00dflich Brennschneiden; - f\u00fcr Schwei\u00dfer nach ISO PN-EN 13067 - f\u00fcr UNO-Bediener mit TDT-Zertifikat Klasse 1-9 nach ADR.<\/p>","protected":false},"author":1,"featured_media":0,"parent":0,"menu_order":0,"comment_status":"closed","ping_status":"closed","template":"","meta":{"sfsi_plus_gutenberg_text_before_share":"","sfsi_plus_gutenberg_show_text_before_share":"","sfsi_plus_gutenberg_icon_type":"","sfsi_plus_gutenberg_icon_alignemt":"","sfsi_plus_gutenburg_max_per_row":"","footnotes":""},"class_list":["post-2491","page","type-page","status-publish","hentry","has_thumb"],"aioseo_notices":[],"_links":{"self":[{"href":"https:\/\/kursy-udt.pl\/de\/wp-json\/wp\/v2\/pages\/2491","targetHints":{"allow":["GET"]}}],"collection":[{"href":"https:\/\/kursy-udt.pl\/de\/wp-json\/wp\/v2\/pages"}],"about":[{"href":"https:\/\/kursy-udt.pl\/de\/wp-json\/wp\/v2\/types\/page"}],"author":[{"embeddable":true,"href":"https:\/\/kursy-udt.pl\/de\/wp-json\/wp\/v2\/users\/1"}],"replies":[{"embeddable":true,"href":"https:\/\/kursy-udt.pl\/de\/wp-json\/wp\/v2\/comments?post=2491"}],"version-history":[{"count":3,"href":"https:\/\/kursy-udt.pl\/de\/wp-json\/wp\/v2\/pages\/2491\/revisions"}],"predecessor-version":[{"id":2548,"href":"https:\/\/kursy-udt.pl\/de\/wp-json\/wp\/v2\/pages\/2491\/revisions\/2548"}],"wp:attachment":[{"href":"https:\/\/kursy-udt.pl\/de\/wp-json\/wp\/v2\/media?parent=2491"}],"curies":[{"name":"wp","href":"https:\/\/api.w.org\/{rel}","templated":true}]}}