{"id":2421,"date":"2017-12-06T15:33:46","date_gmt":"2017-12-06T15:33:46","guid":{"rendered":"http:\/\/kursy-udt.pl\/?page_id=2421"},"modified":"2022-10-14T11:32:00","modified_gmt":"2022-10-14T11:32:00","slug":"sep-autorisierungen-wie-lange-sie-gultig-sind","status":"publish","type":"page","link":"https:\/\/kursy-udt.pl\/de\/szkolenia\/sep-uprawnienia-do-1kv\/uprawnienia-sep-jak-dlugo-sa-wazne\/","title":{"rendered":"G1-, G2-, G3-Anspr\u00fcche - wie lange sind sie g\u00fcltig?"},"content":{"rendered":"<h2 class=\"naglowekh2\"><img loading=\"lazy\" decoding=\"async\" class=\"paddingleft10 alignleft wp-image-3393\" src=\"https:\/\/kursy-udt.pl\/wp-content\/uploads\/2021\/06\/g3-4-300x214.jpg\" alt=\"\" width=\"200\" height=\"143\" srcset=\"https:\/\/kursy-udt.pl\/wp-content\/uploads\/2021\/06\/g3-4-300x214.jpg 300w, https:\/\/kursy-udt.pl\/wp-content\/uploads\/2021\/06\/g3-4.jpg 336w\" sizes=\"auto, (max-width: 200px) 100vw, 200px\" \/>Berechtigungen - G\u00fcltigkeit<\/h2>\n<p>F\u00fcr die Durchf\u00fchrung von Arbeiten im Zusammenhang mit dem Betrieb von Netzen und Anlagen f\u00fcr Elektrizit\u00e4t, W\u00e4rmeenergie und gasf\u00f6rmige Brennstoffe ist der Besitz der entsprechenden Qualifikationen erforderlich.<\/p>\n<h2 class=\"naglowekh2\">G\u00fcltigkeit von Anspr\u00fcchen - 5 Jahre<\/h2>\n<p>Zuvor <a href=\"https:\/\/kursy-udt.pl\/de\/uprawnienia-udt\/kategorie-uprawnien-2\/\">Anrechte<\/a> <a href=\"https:\/\/kursy-udt.pl\/de\/szkolenia\/sep-uprawnienia-do-1kv\/g1\/\">G1<\/a>, G2, <a href=\"https:\/\/kursy-udt.pl\/de\/szkolenia\/sep-uprawnienia-do-1kv\/g3\/\">G3<\/a> wurden f\u00fcr einen unbegrenzten Zeitraum gew\u00e4hrt. In der Folgezeit wurden die Verordnungen mehrfach ge\u00e4ndert, und die Anspr\u00fcche k\u00f6nnen nur noch f\u00fcr einen begrenzten Zeitraum erworben werden, so dass in den meisten F\u00e4llen eine Verl\u00e4ngerung der Anspr\u00fcche erforderlich ist.<\/p>\n<p>Nach den neuen Verordnungen bleiben G1-, G2- und G3-Ratings f\u00fcr einen Zeitraum von f\u00fcnf Jahren g\u00fcltig. Nach dieser Zeit sollten sie erneuert werden. Dies gilt in bestimmten F\u00e4llen.<\/p>\n<h2 class=\"naglowekh2\">Dann gilt die Verpflichtung zur erneuten \u00dcberpr\u00fcfung der Qualifikationen:<\/h2>\n<ul>\n<li><a href=\"https:\/\/kursy-udt.pl\/wp-content\/uploads\/2022\/10\/1-3.jpeg\"><img loading=\"lazy\" decoding=\"async\" class=\"size-medium wp-image-4457 alignright\" src=\"https:\/\/kursy-udt.pl\/wp-content\/uploads\/2022\/10\/1-3-300x200.jpeg\" alt=\"\" width=\"300\" height=\"200\" srcset=\"https:\/\/kursy-udt.pl\/wp-content\/uploads\/2022\/10\/1-3-300x200.jpeg 300w, https:\/\/kursy-udt.pl\/wp-content\/uploads\/2022\/10\/1-3-1024x683.jpeg 1024w, https:\/\/kursy-udt.pl\/wp-content\/uploads\/2022\/10\/1-3-768x512.jpeg 768w, https:\/\/kursy-udt.pl\/wp-content\/uploads\/2022\/10\/1-3-1536x1024.jpeg 1536w, https:\/\/kursy-udt.pl\/wp-content\/uploads\/2022\/10\/1-3-18x12.jpeg 18w, https:\/\/kursy-udt.pl\/wp-content\/uploads\/2022\/10\/1-3-624x416.jpeg 624w, https:\/\/kursy-udt.pl\/wp-content\/uploads\/2022\/10\/1-3.jpeg 1600w\" sizes=\"auto, (max-width: 300px) 100vw, 300px\" \/><\/a>Personen, die qualifiziert sind, aber in den letzten 5 Jahren nicht an den betreffenden Ger\u00e4ten, Anlagen oder Netzen gearbeitet haben<\/li>\n<li>Personen, die Ger\u00e4te, Anlagen oder Netze betreiben und Dienstleistungen f\u00fcr Verbraucher und Unternehmer erbringen: Kleinstunternehmen, kleine und mittlere Unternehmen<\/li>\n<\/ul>\n<p>Auf Wunsch des Arbeitgebers kann auch eine Qualifikationspr\u00fcfung durchgef\u00fchrt werden.<\/p>\n<h2 class=\"naglowekh2\">Wann k\u00f6nnen Sie Ihren F\u00fchrerschein nach der Pr\u00fcfung erhalten?<\/h2>\n<p>Ein Teilnehmer, der die Schulung absolviert und die Pr\u00fcfung bestanden hat, kann etwa 10 Arbeitstage nach Bestehen der Pr\u00fcfung zertifiziert werden.<\/p>\n<div class=\"button_styl\" style=\"float: right; padding-left: 15px; padding-bottom: 8px; margin-bottom: 5px;\"><a class=\"myButton myButton_maly\" href=\"https:\/\/platformaedukacji.pl\/login\/signup.php\" target=\"_blank\" rel=\"nofollow noopener\"><span style=\"color: white;\">Anmeldung zur Schulung<\/span><\/a><\/div>\n<div style=\"padding-top: 70px;\">\n<h2 class=\"naglowekh2\">Weitere Informationen:<\/h2>\n<div style=\"text-align: center; font-size: 85%; line-height: 120%;\">\n<div style=\"float: left; margin-right: 40px; height: 290px;\">\n<p><a href=\"\/de\/ausbildung\/sep-erlaubnisse-bis-zu-1kv\/g1\/\"><img decoding=\"async\" style=\"width: 300px; height: 225px;\" src=\"\/wp-content\/uploads\/2017\/12\/SEP_2016-1030x687.jpg\" alt=\"\" \/><\/a><\/p>\n<div style=\"width: 300px; font-size: 130%;\"><strong>G1 (elektrisch)<\/strong><\/div>\n<\/div>\n<div style=\"float: left; margin-right: 40px; height: 290px;\">\n<p><a href=\"\/de\/ausbildung\/sep-erlaubnisse-bis-zu-1kv\/g2\/\"><img decoding=\"async\" style=\"width: 300px; height: 225px;\" src=\"\/wp-content\/uploads\/2017\/12\/31.jpg\" alt=\"\" \/><\/a><\/p>\n<div style=\"width: 300px; font-size: 130%;\"><strong>G2 (thermisch)<\/strong><\/div>\n<\/div>\n<\/div>\n<div style=\"clear: both;\"><\/div>\n<div style=\"text-align: center; font-size: 85%; line-height: 120%;\">\n<div style=\"float: left; margin-right: 40px; height: 290px;\">\n<p><a href=\"\/de\/ausbildung\/sep-erlaubnisse-bis-zu-1kv\/g3\/\"><img decoding=\"async\" style=\"width: 300px; height: 225px;\" src=\"\/wp-content\/uploads\/2017\/12\/SEP_G3_2-495x400-1.jpg\" alt=\"\" \/><\/a><\/p>\n<div style=\"width: 300px; font-size: 130%;\"><strong>G3 (Gas)<\/strong><\/div>\n<\/div>\n<div style=\"float: left; margin-right: 40px; height: 290px;\">\n<p><a href=\"\/de\/ausbildung\/sep-erlaubnisse-bis-zu-1kv\/sep-prufung\/\"><img decoding=\"async\" style=\"width: 300px; height: 225px;\" src=\"\/wp-content\/uploads\/2017\/12\/4-warsztaty.jpg\" alt=\"\" \/><\/a><\/p>\n<div style=\"width: 300px; font-size: 130%;\"><strong>Pr\u00fcfung G1, G2, G3, PSE, SIMP, SITPS<\/strong><\/div>\n<\/div>\n<\/div>\n<div style=\"text-align: center; font-size: 85%; line-height: 120%;\">\n<div style=\"float: left; margin-right: 40px; height: 290px;\">\n<p><a href=\"\/de\/ausbildung\/sep-erlaubnisse-bis-zu-1kv\/sep-autorisierungen-wie-lange-sie-gultig-sind\/\"><img decoding=\"async\" style=\"width: 300px; height: 225px;\" src=\"\/wp-content\/uploads\/2017\/12\/g3-4.jpg\" alt=\"\" \/><\/a><\/p>\n<div style=\"width: 300px; font-size: 130%;\"><strong>Berechtigungen G1, G2, G3<\/strong><\/div>\n<\/div>\n<\/div>\n<div style=\"text-align: center; font-size: 85%; line-height: 120%;\">\n<div style=\"float: left; margin-right: 40px; height: 290px;\">\n<p>&nbsp;<\/p>\n<div style=\"width: 300px; font-size: 130%;\"><strong><a href=\"https:\/\/kursy-udt.pl\/wp-content\/uploads\/2022\/06\/lark-elektryk.png\"><img loading=\"lazy\" decoding=\"async\" class=\"size-medium wp-image-3853 alignnone\" src=\"https:\/\/kursy-udt.pl\/wp-content\/uploads\/2022\/06\/lark-elektryk-300x225.png\" alt=\"\" width=\"300\" height=\"225\" srcset=\"https:\/\/kursy-udt.pl\/wp-content\/uploads\/2022\/06\/lark-elektryk-300x225.png 300w, https:\/\/kursy-udt.pl\/wp-content\/uploads\/2022\/06\/lark-elektryk.png 400w\" sizes=\"auto, (max-width: 300px) 100vw, 300px\" \/><\/a>Kurs G1, G2, G3<\/strong><\/div>\n<\/div>\n<\/div>\n<\/div>","protected":false},"excerpt":{"rendered":"<p>Genehmigungen - G\u00fcltigkeit F\u00fcr die Durchf\u00fchrung von Arbeiten im Zusammenhang mit dem Betrieb von Netzen und Anlagen zur Nutzung von Strom, W\u00e4rme und gasf\u00f6rmigen Brennstoffen sind entsprechende Genehmigungen erforderlich. Zuvor wurden G1-, G2- und G3-Lizenzen f\u00fcr einen unbegrenzten Zeitraum erteilt. In der Folgezeit wurden die Vorschriften mehrfach ge\u00e4ndert, und die Berechtigungen k\u00f6nnen nur noch f\u00fcr einen begrenzten Zeitraum erworben werden, so dass sie in den meisten F\u00e4llen erneuert werden m\u00fcssen. Nach den neuen Verordnungen sind G1-, G2- und G3-Ratings f\u00fcr einen Zeitraum von f\u00fcnf Jahren g\u00fcltig. Nach dieser Zeit sollten sie erneuert werden. Dies gilt in bestimmten F\u00e4llen. Die Verpflichtung zur \u00dcberpr\u00fcfung der Qualifikationen gilt dann f\u00fcr: Personen, die \u00fcber Qualifikationen verf\u00fcgen, aber in den letzten f\u00fcnf Jahren nicht an den betreffenden Ger\u00e4ten, Anlagen oder Netzen gearbeitet haben Personen, die Ger\u00e4te, Anlagen oder Netze betreiben und Dienstleistungen f\u00fcr Verbraucher und Unternehmer erbringen: Kleinst-, Klein- und mittlere Unternehmen Die \u00dcberpr\u00fcfung der Qualifikationen kann auch auf Antrag des Arbeitgebers durchgef\u00fchrt werden. Wann kann ein Abschluss nach der Pr\u00fcfung erworben werden? Ein Teilnehmer, der den Lehrgang absolviert und die Pr\u00fcfung bestanden hat, kann etwa 10 Arbeitstage nach Bestehen der Pr\u00fcfung zertifiziert werden. Melden Sie sich f\u00fcr eine Schulung an Mehr Informationen: G1 (elektrisch) G2 (thermisch) G3 (Gas) Pr\u00fcfung G1, G2, G3, PSE, SIMP, SITPS Berechtigungen G1, G2, G3 Kurs G1, G2, G3<\/p>","protected":false},"author":1,"featured_media":4457,"parent":2411,"menu_order":0,"comment_status":"closed","ping_status":"closed","template":"","meta":{"sfsi_plus_gutenberg_text_before_share":"","sfsi_plus_gutenberg_show_text_before_share":"","sfsi_plus_gutenberg_icon_type":"","sfsi_plus_gutenberg_icon_alignemt":"","sfsi_plus_gutenburg_max_per_row":"","footnotes":""},"class_list":["post-2421","page","type-page","status-publish","has-post-thumbnail","hentry","has_thumb"],"aioseo_notices":[],"_links":{"self":[{"href":"https:\/\/kursy-udt.pl\/de\/wp-json\/wp\/v2\/pages\/2421","targetHints":{"allow":["GET"]}}],"collection":[{"href":"https:\/\/kursy-udt.pl\/de\/wp-json\/wp\/v2\/pages"}],"about":[{"href":"https:\/\/kursy-udt.pl\/de\/wp-json\/wp\/v2\/types\/page"}],"author":[{"embeddable":true,"href":"https:\/\/kursy-udt.pl\/de\/wp-json\/wp\/v2\/users\/1"}],"replies":[{"embeddable":true,"href":"https:\/\/kursy-udt.pl\/de\/wp-json\/wp\/v2\/comments?post=2421"}],"version-history":[{"count":17,"href":"https:\/\/kursy-udt.pl\/de\/wp-json\/wp\/v2\/pages\/2421\/revisions"}],"predecessor-version":[{"id":4460,"href":"https:\/\/kursy-udt.pl\/de\/wp-json\/wp\/v2\/pages\/2421\/revisions\/4460"}],"up":[{"embeddable":true,"href":"https:\/\/kursy-udt.pl\/de\/wp-json\/wp\/v2\/pages\/2411"}],"wp:featuredmedia":[{"embeddable":true,"href":"https:\/\/kursy-udt.pl\/de\/wp-json\/wp\/v2\/media\/4457"}],"wp:attachment":[{"href":"https:\/\/kursy-udt.pl\/de\/wp-json\/wp\/v2\/media?parent=2421"}],"curies":[{"name":"wp","href":"https:\/\/api.w.org\/{rel}","templated":true}]}}