{"id":2419,"date":"2017-12-06T15:32:31","date_gmt":"2017-12-06T15:32:31","guid":{"rendered":"http:\/\/kursy-udt.pl\/?page_id=2419"},"modified":"2022-10-14T11:34:14","modified_gmt":"2022-10-14T11:34:14","slug":"sep-prufung","status":"publish","type":"page","link":"https:\/\/kursy-udt.pl\/de\/szkolenia\/sep-uprawnienia-do-1kv\/egzamin-sep\/","title":{"rendered":"SEP-, PSE-, SIMP- und SITPS-Pr\u00fcfung - wie kann man sie bestehen?"},"content":{"rendered":"<h2 class=\"naglowekh2\"><img loading=\"lazy\" decoding=\"async\" class=\"paddingleft10 alignleft wp-image-2485\" src=\"https:\/\/kursy-udt.pl\/wp-content\/uploads\/2017\/12\/4-warsztaty.jpg\" alt=\"\" width=\"200\" height=\"150\" \/>SEP, PSE, SIMP, SITPS Pr\u00fcfung<\/h2>\n<p>Zu erhalten <a href=\"https:\/\/kursy-udt.pl\/de\/uprawnienia-udt\/kategorie-uprawnien-2\/\">Anrechte<\/a> Um mit Strom-, W\u00e4rme- und Gasnetzen, -anlagen und -ger\u00e4ten arbeiten zu k\u00f6nnen, m\u00fcssen Sie einen Lehrgang besuchen und eine Pr\u00fcfung vor einer der Zertifizierungsstellen ablegen.<\/p>\n<h2 class=\"naglowekh2\">Zertifizierungsaussch\u00fcsse:<\/h2>\n<ul>\n<li>SEP - Verband der polnischen Elektroingenieure<\/li>\n<li>PSE - Polnischer Verband f\u00fcr Elektroinstallation<\/li>\n<li>SIMP - Gesellschaft der polnischen Maschinenbauingenieure<\/li>\n<li>SITPS oder SITSpo\u017c - Gesellschaft von Ingenieuren und Technikern der Lebensmittelindustrie<\/li>\n<\/ul>\n<p>Der thematische Umfang der Pr\u00fcfung zur Erlangung der Lizenz ist in der Verordnung des Ministers f\u00fcr Wirtschaft, Arbeit und Sozialpolitik vom 28. April 2003 festgelegt und h\u00e4ngt von den Anlagen, Ausr\u00fcstungen und Netzen f\u00fcr Strom, Energie oder Gas ab.<\/p>\n<p>Die Pr\u00fcfung ist m\u00fcndlich und w\u00e4hrend der Pr\u00fcfung soll der Teilnehmer sein Wissen auf dem betreffenden Gebiet nachweisen. Der Pr\u00fcfungsausschuss besteht aus einem Vorsitzenden, einem stellvertretenden Vorsitzenden, Mitgliedern und einem Sekret\u00e4r. Die Pr\u00fcfungsordnung sieht vor, dass der genaue Pr\u00fcfungsgegenstand vom Pr\u00fcfungsausschuss festgelegt und den Antragstellern mindestens 14 Tage vor dem Pr\u00fcfungstermin schriftlich mitgeteilt wird.<\/p>\n<p><a href=\"https:\/\/kursy-udt.pl\/wp-content\/uploads\/2022\/10\/2-1.jpeg\"><img loading=\"lazy\" decoding=\"async\" class=\"size-medium wp-image-4462 alignright\" src=\"https:\/\/kursy-udt.pl\/wp-content\/uploads\/2022\/10\/2-1-300x200.jpeg\" alt=\"\" width=\"300\" height=\"200\" srcset=\"https:\/\/kursy-udt.pl\/wp-content\/uploads\/2022\/10\/2-1-300x200.jpeg 300w, https:\/\/kursy-udt.pl\/wp-content\/uploads\/2022\/10\/2-1-1024x682.jpeg 1024w, https:\/\/kursy-udt.pl\/wp-content\/uploads\/2022\/10\/2-1-768x511.jpeg 768w, https:\/\/kursy-udt.pl\/wp-content\/uploads\/2022\/10\/2-1-1536x1022.jpeg 1536w, https:\/\/kursy-udt.pl\/wp-content\/uploads\/2022\/10\/2-1-18x12.jpeg 18w, https:\/\/kursy-udt.pl\/wp-content\/uploads\/2022\/10\/2-1-624x415.jpeg 624w, https:\/\/kursy-udt.pl\/wp-content\/uploads\/2022\/10\/2-1.jpeg 1600w\" sizes=\"auto, (max-width: 300px) 100vw, 300px\" \/><\/a><\/p>\n<h2 class=\"naglowekh2\">Beispielhafte Pr\u00fcfungsthemen:<\/h2>\n<ul>\n<li>Bestimmungen von Rechtsakten<\/li>\n<li>Normen<\/li>\n<li>Konstruktion der Ausr\u00fcstung<\/li>\n<li>Betrieb der Ausr\u00fcstung<\/li>\n<li>Arbeits- und Betriebsanweisungen<\/li>\n<li>Arbeitsgesetzbuch<\/li>\n<li>Grunds\u00e4tze der Ersten Hilfe<\/li>\n<\/ul>\n<p>Wenn Sie sich <a href=\"https:\/\/kursy-udt.pl\/de\/szkolenia\/sep-uprawnienia-do-1kv\/\">SEP-Genehmigungen<\/a>In unserem ERGON-Zentrum bieten wir Ihnen eine umfassende und professionelle Ausbildung zur Vorbereitung auf die Pr\u00fcfungen. Wir laden Sie ein, sich unser komplettes Angebot anzuschauen!<\/p>\n<div class=\"button_styl\" style=\"float: right; padding-left: 15px; padding-bottom: 8px; margin-bottom: 5px;\"><a class=\"myButton myButton_maly\" href=\"https:\/\/platformaedukacji.pl\/login\/signup.php\" target=\"_blank\" rel=\"nofollow noopener\"><span style=\"color: white;\">Anmeldung zur Schulung<\/span><\/a><\/div>\n<div style=\"padding-top: 70px;\">\n<h2>Weitere Informationen:<\/h2>\n<div style=\"text-align: center; font-size: 85%; line-height: 120%;\">\n<div style=\"float: left; margin-right: 40px; height: 290px; width: 45%;\">\n<p><a href=\"\/de\/ausbildung\/sep-erlaubnisse-bis-zu-1kv\/g1\/\"><img decoding=\"async\" src=\"\/wp-content\/uploads\/2017\/12\/SEP_2016-1030x687.jpg\" alt=\"\" \/><\/a><\/p>\n<div style=\"width: 300px; font-size: 130%;\"><strong><a href=\"https:\/\/kursy-udt.pl\/de\/szkolenia\/sep-uprawnienia-do-1kv\/g1\/\">G1<\/a> (elektrisch)<\/strong><\/div>\n<p>&nbsp;<\/p>\n<\/div>\n<div style=\"float: left; margin-right: 40px; height: 290px; width: 45%;\">\n<p><a href=\"\/de\/ausbildung\/sep-erlaubnisse-bis-zu-1kv\/g2\/\"><img decoding=\"async\" src=\"\/wp-content\/uploads\/2017\/12\/31.jpg\" alt=\"\" \/><\/a><\/p>\n<div style=\"width: 300px; font-size: 130%;\"><strong>G2 (thermisch)<\/strong><\/div>\n<p>&nbsp;<\/p>\n<\/div>\n<\/div>\n<div style=\"clear: both;\"><\/div>\n<div style=\"text-align: center; font-size: 85%; line-height: 120%;\">\n<div style=\"float: left; margin-right: 40px; height: 290px; width: 45%;\">\n<p><a href=\"\/de\/ausbildung\/sep-erlaubnisse-bis-zu-1kv\/g3\/\"><img decoding=\"async\" src=\"\/wp-content\/uploads\/2017\/12\/SEP_G3_2-495x400-1.jpg\" alt=\"\" \/><\/a><\/p>\n<div style=\"width: 300px; font-size: 130%;\"><strong><a href=\"https:\/\/kursy-udt.pl\/de\/szkolenia\/sep-uprawnienia-do-1kv\/g3\/\">G3<\/a> (Gas)<\/strong><\/div>\n<p>&nbsp;<\/p>\n<\/div>\n<div style=\"float: left; margin-right: 40px; height: 290px; width: 45%;\">\n<p><a href=\"\/de\/ausbildung\/sep-erlaubnisse-bis-zu-1kv\/sep-prufung\/\"><img decoding=\"async\" src=\"\/wp-content\/uploads\/2017\/12\/4-warsztaty.jpg\" alt=\"\" \/><\/a><\/p>\n<div style=\"width: 300px; font-size: 130%;\"><strong>SEP, PSE, SIMP, SITPS Pr\u00fcfung<\/strong><\/div>\n<p>&nbsp;<\/p>\n<\/div>\n<\/div>\n<div style=\"text-align: center; font-size: 85%; line-height: 120%;\">\n<div style=\"float: left; margin-right: 40px; height: 290px; width: 45%;\">\n<p><a href=\"\/de\/ausbildung\/sep-erlaubnisse-bis-zu-1kv\/sep-autorisierungen-wie-lange-sie-gultig-sind\/\"><img decoding=\"async\" style=\"width: 300px; height: 225px;\" src=\"\/wp-content\/uploads\/2017\/12\/g3-4.jpg\" alt=\"\" \/><\/a><\/p>\n<div style=\"width: 300px; font-size: 130%;\"><strong>SEP-Genehmigungen<\/strong><\/div>\n<p>&nbsp;<\/p>\n<\/div>\n<\/div>\n<div style=\"text-align: center; font-size: 85%; line-height: 120%;\">\n<div style=\"float: left; margin-right: 40px; height: 290px; width: 45%;\">\n<p><a href=\"\/de\/ausbildung\/sep-erlaubnisse-bis-zu-1kv\/\"><img decoding=\"async\" style=\"width: 300px; height: 225px;\" src=\"\/wp-content\/uploads\/2017\/12\/logoSEP.gif\" alt=\"\" \/><\/a><\/p>\n<div style=\"width: 300px; font-size: 130%;\"><strong>SEP-Kurs<\/strong><\/div>\n<p>&nbsp;<\/p>\n<\/div>\n<\/div>\n<\/div>","protected":false},"excerpt":{"rendered":"<p>SEP-, PSE-, SIMP-, SITPS-Pr\u00fcfung Um f\u00fcr die Arbeit mit Strom-, W\u00e4rme- und Gasnetzen, -anlagen und -ger\u00e4ten qualifiziert zu sein, ist es erforderlich, einen Lehrgang zu besuchen und eine Pr\u00fcfung vor einem der Zertifizierungsaussch\u00fcsse abzulegen. Zertifizierungsaussch\u00fcsse SEP - Verband Polnischer Elektroingenieure PSE - Polnischer Verband f\u00fcr Elektroinstallation SIMP - Verband Polnischer Maschinenbauingenieure SITPS oder SITSpo\u017c - Verband der Ingenieure und Techniker der Lebensmittelindustrie Der Gegenstand der Zertifizierungspr\u00fcfung ist in der Verordnung des Ministers f\u00fcr Wirtschaft, Arbeit und Sozialpolitik vom 28. April 2003 festgelegt und richtet sich nach den Anlagen, Ger\u00e4ten und Netzen f\u00fcr Strom, W\u00e4rme oder Gas. Es handelt sich um eine m\u00fcndliche Pr\u00fcfung, in deren Verlauf der Teilnehmer seine Kenntnisse auf dem betreffenden Gebiet nachweisen muss. Der Ausschuss, vor dem die Pr\u00fcfung abgelegt wird, besteht aus einem Vorsitzenden, einem stellvertretenden Vorsitzenden, Mitgliedern und einem Sekret\u00e4r. Die Pr\u00fcfungsordnung sieht vor, dass die detaillierten Pr\u00fcfungsthemen vom Ausschuss festgelegt und den Antragstellern auf Best\u00e4tigung der Qualifikation mindestens 14 Tage vor dem Pr\u00fcfungstermin schriftlich mitgeteilt werden. Beispiele f\u00fcr Pr\u00fcfungsthemen: Rechtsnormen Normen Ger\u00e4tebau Ger\u00e4tebetrieb Arbeits- und Betriebsanweisungen Arbeitsordnung Grunds\u00e4tze der Ersten Hilfe Wenn Sie die SEP-Qualifikation erwerben m\u00f6chten, bietet Ihnen unser ERGON-Zentrum eine umfassende und professionelle Pr\u00fcfungsvorbereitung. Wir laden Sie ein, sich mit unserem gesamten Angebot vertraut zu machen! Melden Sie sich f\u00fcr eine Schulung an Mehr Informationen: G1 (elektrisch) G2 (thermisch) G3 (Gas) Pr\u00fcfung SEP, PSE, SIMP, SITPS SEP-Berechtigungen SEP-Kurs &nbsp;<\/p>","protected":false},"author":1,"featured_media":4462,"parent":2411,"menu_order":0,"comment_status":"closed","ping_status":"closed","template":"","meta":{"sfsi_plus_gutenberg_text_before_share":"","sfsi_plus_gutenberg_show_text_before_share":"","sfsi_plus_gutenberg_icon_type":"","sfsi_plus_gutenberg_icon_alignemt":"","sfsi_plus_gutenburg_max_per_row":"","footnotes":""},"class_list":["post-2419","page","type-page","status-publish","has-post-thumbnail","hentry","has_thumb"],"aioseo_notices":[],"_links":{"self":[{"href":"https:\/\/kursy-udt.pl\/de\/wp-json\/wp\/v2\/pages\/2419","targetHints":{"allow":["GET"]}}],"collection":[{"href":"https:\/\/kursy-udt.pl\/de\/wp-json\/wp\/v2\/pages"}],"about":[{"href":"https:\/\/kursy-udt.pl\/de\/wp-json\/wp\/v2\/types\/page"}],"author":[{"embeddable":true,"href":"https:\/\/kursy-udt.pl\/de\/wp-json\/wp\/v2\/users\/1"}],"replies":[{"embeddable":true,"href":"https:\/\/kursy-udt.pl\/de\/wp-json\/wp\/v2\/comments?post=2419"}],"version-history":[{"count":12,"href":"https:\/\/kursy-udt.pl\/de\/wp-json\/wp\/v2\/pages\/2419\/revisions"}],"predecessor-version":[{"id":4464,"href":"https:\/\/kursy-udt.pl\/de\/wp-json\/wp\/v2\/pages\/2419\/revisions\/4464"}],"up":[{"embeddable":true,"href":"https:\/\/kursy-udt.pl\/de\/wp-json\/wp\/v2\/pages\/2411"}],"wp:featuredmedia":[{"embeddable":true,"href":"https:\/\/kursy-udt.pl\/de\/wp-json\/wp\/v2\/media\/4462"}],"wp:attachment":[{"href":"https:\/\/kursy-udt.pl\/de\/wp-json\/wp\/v2\/media?parent=2419"}],"curies":[{"name":"wp","href":"https:\/\/api.w.org\/{rel}","templated":true}]}}