{"id":2417,"date":"2017-12-06T15:30:53","date_gmt":"2017-12-06T15:30:53","guid":{"rendered":"http:\/\/kursy-udt.pl\/?page_id=2417"},"modified":"2023-01-04T09:51:10","modified_gmt":"2023-01-04T09:51:10","slug":"g3","status":"publish","type":"page","link":"https:\/\/kursy-udt.pl\/de\/szkolenia\/sep-uprawnienia-do-1kv\/g3\/","title":{"rendered":"G3 (Gas) Kurs. Lassen Sie sich gemeinsam mit ERGON zertifizieren!"},"content":{"rendered":"<h2><strong><img loading=\"lazy\" decoding=\"async\" class=\"paddingleft10 alignleft wp-image-2471\" src=\"https:\/\/kursy-udt.pl\/wp-content\/uploads\/2017\/12\/SEP_G3_2-495x400-300x242.jpg\" alt=\"\" width=\"200\" height=\"162\" srcset=\"https:\/\/kursy-udt.pl\/wp-content\/uploads\/2017\/12\/SEP_G3_2-495x400-300x242.jpg 300w, https:\/\/kursy-udt.pl\/wp-content\/uploads\/2017\/12\/SEP_G3_2-495x400.jpg 495w\" sizes=\"auto, (max-width: 200px) 100vw, 200px\" \/>G3-Kurs <\/strong><\/h2>\n<p>Der Lehrgang G3-Gas - Gasger\u00e4te, -anlagen und -netze richtet sich an Personen, die eine Qualifikation f\u00fcr die \u00dcberwachung und den Betrieb von Netzen, Anlagen und Ger\u00e4ten zur Erzeugung, Verarbeitung, \u00dcbertragung und zum Verbrauch von Gas der Kategorie G3 erwerben m\u00f6chten.<\/p>\n<p>W <a href=\"https:\/\/kursy-udt.pl\/de\/o-firmie\/\">ERGON-Zentrum<\/a> bieten wir einen umfassenden und professionellen Ausbildungsservice. Wir schulen mit modernen Methoden, wobei der Schwerpunkt auf der Praxis liegt. Wir arbeiten mit qualifizierten und erfahrenen Ausbildern.<\/p>\n<p><strong>Der Kurs bereitet die Teilnehmer darauf vor, die Pr\u00fcfung vor den Kommissionen der SEP, PSE, SIMP, SITPS abzulegen. Er richtet sich an Personen, die mit dem Betrieb von Gasanlagen, -installationen und -netzen befasst sind, die Gasbrennstoffe erzeugen, verarbeiten, weiterleiten und verbrauchen, und umfasst die folgenden Anlagen, Installationen und Netze: <\/strong><\/p>\n<ul>\n<li>Anlagen f\u00fcr die Herstellung von gasf\u00f6rmigen Brennstoffen, Gasgeneratoren<\/li>\n<li>Anlagen zur Verarbeitung und Aufbereitung von Gaskraftstoffen, Anlagen zur Zersetzung von Gaskraftstoffen, Erdgasverarbeitungsanlagen, Gasreinigungsanlagen, Anlagen zur Expansion und Abf\u00fcllung von Fl\u00fcssiggas (LPG), Entstickungsanlagen, Mischanlagen<\/li>\n<li>Lagereinrichtungen f\u00fcr gasf\u00f6rmige Brennstoffe<\/li>\n<li>Gasverteilungsnetze mit einem Druck von h\u00f6chstens 0,5 MPa (Gasleitungen und Druckminderungsstellen, Tankstellen)<\/li>\n<li>Gastransportnetze mit einem Druck von \u00fcber 0,5 MPa (Gaspipelines, Gastankstellen, Gasverdichterstationen)<\/li>\n<li>Gasger\u00e4te und -anlagen mit einem Druck von h\u00f6chstens 5 kPa<\/li>\n<li>Gasger\u00e4te und -anlagen mit einem Druck \u00fcber 5 kPa<\/li>\n<li>industrielle Verbraucher von gasf\u00f6rmigen Brennstoffen mit einer Leistung von \u00fcber 50 kW<\/li>\n<li>Gasturbinen<\/li>\n<li>Kontroll- und Messger\u00e4te sowie automatische Kontroll- und Schutzger\u00e4te und -anlagen f\u00fcr die oben genannten Ger\u00e4te und Anlagen<\/li>\n<\/ul>\n<p>Nach Abschluss des G3-Schulungskurses k\u00f6nnen die Teilnehmer Pr\u00fcfungen vor den folgenden Zertifizierungsstellen ablegen: SEP (Verband der polnischen Elektriker), Polnischer Verband f\u00fcr Elektroinstallation (PSE), Verband der Ingenieure und Techniker der Lebensmittelindustrie (SITPS oder SITSpo\u017c), Verband der polnischen Maschinenbauingenieure (SIMP).<\/p>\n<h3><strong>Zweck der Ausbildung<\/strong><\/h3>\n<p>Ziel der Ausbildung ist das Bestehen einer Pr\u00fcfung und der Erwerb eines Bef\u00e4higungsnachweises, der zur Bedienung, Wartung, Instandsetzung und Montage an einer Betriebsstelle berechtigt, gem\u00e4\u00df der Verordnung des Ministers f\u00fcr Wirtschaft, Arbeit und Sozialpolitik vom 28. April 2003 \u00fcber die Modalit\u00e4ten der Feststellung der Bef\u00e4higung von Personen, die an der Nutzung von Ger\u00e4ten, Anlagen und Netzen beteiligt sind (GBl. Nr. 89, Pos. 828; GBl. Nr. 192, Pos. 1184).<\/p>\n<p><a href=\"https:\/\/kursy-udt.pl\/de\/kontakt\/\">Sie sind herzlich eingeladen, von unserem Angebot Gebrauch zu machen<\/a>!<\/p>\n<div class=\"button_styl\" style=\"float: right; padding-left: 15px; padding-bottom: 8px; margin-bottom: 5px;\"><a class=\"myButton myButton_maly\" href=\"https:\/\/platformaedukacji.pl\/login\/signup.php\" target=\"_blank\" rel=\"nofollow noopener noreferrer\"><span style=\"color: white;\">Anmeldung zur Schulung<\/span><\/a><\/div>\n<div style=\"padding-top: 70px;\">\n<h2>Weitere Informationen:<\/h2>\n<div style=\"text-align: center; font-size: 85%; line-height: 120%;\">\n<div style=\"float: left; margin-right: 40px; height: 290px;\">\n<p><a href=\"\/de\/ausbildung\/sep-erlaubnisse-bis-zu-1kv\/g1\/\"><img decoding=\"async\" style=\"width: 300px; height: 225px;\" src=\"\/wp-content\/uploads\/2017\/12\/SEP_2016-1030x687.jpg\" alt=\"\" \/><\/a><\/p>\n<div style=\"width: 300px; font-size: 130%;\"><strong><a href=\"https:\/\/kursy-udt.pl\/de\/szkolenia\/sep-uprawnienia-do-1kv\/g1\/\">G1<\/a> (elektrisch)<\/strong><\/div>\n<\/div>\n<div style=\"float: left; margin-right: 40px; height: 290px;\">\n<p><a href=\"\/de\/ausbildung\/sep-erlaubnisse-bis-zu-1kv\/g2\/\"><img decoding=\"async\" style=\"width: 300px; height: 225px;\" src=\"\/wp-content\/uploads\/2017\/12\/31.jpg\" alt=\"\" \/><\/a><\/p>\n<div style=\"width: 300px; font-size: 130%;\"><strong>G2 (thermisch)<\/strong><\/div>\n<\/div>\n<\/div>\n<div style=\"clear: both;\"><\/div>\n<div style=\"text-align: center; font-size: 85%; line-height: 120%;\">\n<div style=\"float: left; margin-right: 40px; height: 290px;\">\n<p><a href=\"\/de\/ausbildung\/sep-erlaubnisse-bis-zu-1kv\/g3\/\"><img decoding=\"async\" style=\"width: 300px; height: 225px;\" src=\"\/wp-content\/uploads\/2017\/12\/SEP_G3_2-495x400-1.jpg\" alt=\"\" \/><\/a><\/p>\n<div style=\"width: 300px; font-size: 130%;\"><strong>G3 (Gas)<\/strong><\/div>\n<\/div>\n<div style=\"float: left; margin-right: 40px; height: 290px;\">\n<p><a href=\"\/de\/ausbildung\/sep-erlaubnisse-bis-zu-1kv\/sep-prufung\/\"><img decoding=\"async\" style=\"width: 300px; height: 225px;\" src=\"\/wp-content\/uploads\/2017\/12\/4-warsztaty.jpg\" alt=\"\" \/><\/a><\/p>\n<div style=\"width: 300px; font-size: 130%;\"><strong>Pr\u00fcfung G1, G2, G3, PSE, SIMP, SITPS<\/strong><\/div>\n<\/div>\n<\/div>\n<div style=\"text-align: center; font-size: 85%; line-height: 120%;\">\n<div style=\"float: left; margin-right: 40px; height: 290px;\">\n<p><a href=\"\/de\/ausbildung\/sep-erlaubnisse-bis-zu-1kv\/sep-autorisierungen-wie-lange-sie-gultig-sind\/\"><img decoding=\"async\" style=\"width: 300px; height: 225px;\" src=\"\/wp-content\/uploads\/2017\/12\/g3-4.jpg\" alt=\"\" \/><\/a><\/p>\n<div style=\"width: 300px; font-size: 130%;\"><strong><a href=\"https:\/\/kursy-udt.pl\/de\/uprawnienia-udt\/kategorie-uprawnien-2\/\">Berechtigungen<\/a> G1, G2, G3<\/strong><\/div>\n<div><\/div>\n<\/div>\n<\/div>\n<\/div>\n<p>&nbsp;<\/p>\n<p>&nbsp;<\/p>\n<p>&nbsp;<\/p>\n<p>&nbsp;<\/p>\n<p>&nbsp;<\/p>\n<p>&nbsp;<\/p>\n<p>&nbsp;<\/p>\n<p>&nbsp;<\/p>\n<p>&nbsp;<\/p>\n<p>&nbsp;<\/p>\n<p>&nbsp;<\/p>\n<p>&nbsp;<\/p>\n<p>&nbsp;<\/p>\n<p>&nbsp;<\/p>\n<p><a href=\"https:\/\/kursy-udt.pl\/wp-content\/uploads\/2023\/01\/7-kurs-G3-gazy-kursy-udt.pl_.png\"><img loading=\"lazy\" decoding=\"async\" class=\"aligncenter wp-image-4605\" src=\"https:\/\/kursy-udt.pl\/wp-content\/uploads\/2023\/01\/7-kurs-G3-gazy-kursy-udt.pl_-300x188.png\" alt=\"\" width=\"750\" height=\"469\" srcset=\"https:\/\/kursy-udt.pl\/wp-content\/uploads\/2023\/01\/7-kurs-G3-gazy-kursy-udt.pl_-300x188.png 300w, https:\/\/kursy-udt.pl\/wp-content\/uploads\/2023\/01\/7-kurs-G3-gazy-kursy-udt.pl_-1024x640.png 1024w, https:\/\/kursy-udt.pl\/wp-content\/uploads\/2023\/01\/7-kurs-G3-gazy-kursy-udt.pl_-768x480.png 768w, https:\/\/kursy-udt.pl\/wp-content\/uploads\/2023\/01\/7-kurs-G3-gazy-kursy-udt.pl_-18x12.png 18w, https:\/\/kursy-udt.pl\/wp-content\/uploads\/2023\/01\/7-kurs-G3-gazy-kursy-udt.pl_-624x390.png 624w, https:\/\/kursy-udt.pl\/wp-content\/uploads\/2023\/01\/7-kurs-G3-gazy-kursy-udt.pl_.png 1200w\" sizes=\"auto, (max-width: 750px) 100vw, 750px\" \/><\/a><\/p>","protected":false},"excerpt":{"rendered":"<p>Kurs G3 Szkolenie gazowe G3 \u2013 urz\u0105dzenia, instalacje i sieci gazowe adresowane jest do os\u00f3b, kt\u00f3re chc\u0105 uzyska\u0107 kwalifikacje do pracy przy dozorze i eksploatacji sieci, instalacji i urz\u0105dze\u0144 wytwarzaj\u0105cych, przetwarzaj\u0105cych, przesy\u0142aj\u0105cych i zu\u017cywaj\u0105cych gaz zaliczanych do kategorii G3. W o\u015brodku ERGON zapewniamy kompleksow\u0105 i profesjonaln\u0105 obs\u0142ug\u0119 szkoleniow\u0105. Prowadzimy szkolenia z wykorzystaniem nowoczesnych metod, k\u0142ad\u0105c nacisk na praktyk\u0119. Wsp\u00f3\u0142pracujemy z wykwalifikowanymi i do\u015bwiadczonymi instruktorami. Kurs przygotowuje uczestnik\u00f3w do zdania egzaminu przed komisjami SEP, PSE, SIMP, SITPS skierowany jest do os\u00f3b zajmuj\u0105cych si\u0119 eksploatacj\u0105 urz\u0105dze\u0144, instalacji i sieci gazowych wytwarzaj\u0105cych, przetwarzaj\u0105cych, przesy\u0142aj\u0105cych i zu\u017cywaj\u0105cych paliwa gazowe obejmuj\u0105cy nast\u0119puj\u0105ce urz\u0105dzenia, instalacje i sieci: urz\u0105dzenia do produkcji paliw gazowych, generatory gazu urz\u0105dzenia do przetwarzania i uzdatniania paliw gazowych, rozk\u0142adnie paliw gazowych, urz\u0105dzenia przer\u00f3bki gazu ziemnego, oczyszczalnie gazu, rozpr\u0119\u017calnie i rozlewnie gazu p\u0142ynnego, odazotowanie, mieszalnie urz\u0105dzenia do magazynowania paliw gazowych sieci gazowe rozdzielcze o ci\u015bnieniu nie wy\u017cszym ni\u017c 0,5 MPa (gazoci\u0105gi i punkty redukcyjne, stacje gazowe) sieci gazowe przesy\u0142owe o ci\u015bnieniu powy\u017cej 0,5 MPa (gazoci\u0105gi, stacje gazowe, t\u0142ocznie gazu) urz\u0105dzenia i instalacje gazowe o ci\u015bnieniu nie wy\u017cszym ni\u017c 5 kPa urz\u0105dzenia i instalacje gazowe o ci\u015bnieniu powy\u017cej 5kPa przemys\u0142owe odbiorniki paliw gazowych o mocy powy\u017cej 50 kW turbiny gazowe aparatur\u0119 kontrolno-pomiarow\u0105 oraz urz\u0105dzenia i instalacje automatycznej regulacji, sterowania i zabezpiecze\u0144 urz\u0105dze\u0144 i instalacji wymienionych powy\u017cej Po zako\u0144czeniu szkolenia G3 uczestnicy mog\u0105 podej\u015b\u0107 do egzamin\u00f3w przed nast\u0119puj\u0105cymi komisjami certyfikuj\u0105cymi: SEP (Stowarzyszenie Elektryk\u00f3w Polskich), Polskie Stowarzyszenie Elektroinstalacyjne (PSE), Stowarzyszenie In\u017cynier\u00f3w i Technik\u00f3w Przemys\u0142u Spo\u017cywczego (SITPS lub SITSpo\u017c), Stowarzyszenie In\u017cynier\u00f3w Mechanik\u00f3w Polskich (SIMP). Cel szkolenia Celem szkolenia jest zaliczenie egzaminu i uzyskanie [&hellip;]<\/p>\n","protected":false},"author":1,"featured_media":2479,"parent":2411,"menu_order":0,"comment_status":"closed","ping_status":"closed","template":"","meta":{"sfsi_plus_gutenberg_text_before_share":"","sfsi_plus_gutenberg_show_text_before_share":"","sfsi_plus_gutenberg_icon_type":"","sfsi_plus_gutenberg_icon_alignemt":"","sfsi_plus_gutenburg_max_per_row":"","footnotes":""},"class_list":["post-2417","page","type-page","status-publish","has-post-thumbnail","hentry","has_thumb"],"aioseo_notices":[],"_links":{"self":[{"href":"https:\/\/kursy-udt.pl\/de\/wp-json\/wp\/v2\/pages\/2417","targetHints":{"allow":["GET"]}}],"collection":[{"href":"https:\/\/kursy-udt.pl\/de\/wp-json\/wp\/v2\/pages"}],"about":[{"href":"https:\/\/kursy-udt.pl\/de\/wp-json\/wp\/v2\/types\/page"}],"author":[{"embeddable":true,"href":"https:\/\/kursy-udt.pl\/de\/wp-json\/wp\/v2\/users\/1"}],"replies":[{"embeddable":true,"href":"https:\/\/kursy-udt.pl\/de\/wp-json\/wp\/v2\/comments?post=2417"}],"version-history":[{"count":15,"href":"https:\/\/kursy-udt.pl\/de\/wp-json\/wp\/v2\/pages\/2417\/revisions"}],"predecessor-version":[{"id":4606,"href":"https:\/\/kursy-udt.pl\/de\/wp-json\/wp\/v2\/pages\/2417\/revisions\/4606"}],"up":[{"embeddable":true,"href":"https:\/\/kursy-udt.pl\/de\/wp-json\/wp\/v2\/pages\/2411"}],"wp:featuredmedia":[{"embeddable":true,"href":"https:\/\/kursy-udt.pl\/de\/wp-json\/wp\/v2\/media\/2479"}],"wp:attachment":[{"href":"https:\/\/kursy-udt.pl\/de\/wp-json\/wp\/v2\/media?parent=2417"}],"curies":[{"name":"wp","href":"https:\/\/api.w.org\/{rel}","templated":true}]}}