{"id":2415,"date":"2017-12-06T15:29:15","date_gmt":"2017-12-06T15:29:15","guid":{"rendered":"http:\/\/kursy-udt.pl\/?page_id=2415"},"modified":"2023-01-04T09:55:06","modified_gmt":"2023-01-04T09:55:06","slug":"g2","status":"publish","type":"page","link":"https:\/\/kursy-udt.pl\/de\/szkolenia\/sep-uprawnienia-do-1kv\/g2\/","title":{"rendered":"G2 (thermischer) Kurs. Lassen Sie sich gemeinsam mit ERGON zertifizieren!"},"content":{"rendered":"<div style=\"float: left; padding-right: 10px; width: 187px;\"><img decoding=\"async\" src=\"\/wp-content\/uploads\/2017\/12\/31.jpg\" alt=\"Kurs g2\" \/><\/div>\n<h2 class=\"naglowekh2\"><strong>G2-Kurs <\/strong><\/h2>\n<p>Der Lehrgang G2-W\u00e4rme - W\u00e4rmeerzeuger, -anlagen und -netze richtet sich an Personen, die sich f\u00fcr die \u00dcberwachung und den Betrieb von Netzen, Anlagen und Ger\u00e4ten zur Erzeugung, Verarbeitung, \u00dcbertragung und zum Verbrauch von W\u00e4rme der Klasse G2 qualifizieren m\u00f6chten.<\/p>\n<p>W <a href=\"https:\/\/kursy-udt.pl\/de\/o-firmie\/\">ERGON-Zentrum<\/a> Wir garantieren unseren Auszubildenden eine vollst\u00e4ndige und professionelle Vorbereitung. Wir verwenden bew\u00e4hrte Schulungsmethoden, verf\u00fcgen \u00fcber moderne Einrichtungen, besch\u00e4ftigen qualifizierte Ausbilder und bieten einen erstklassigen Service.<\/p>\n<p><strong>Der G2-Kurs bereitet die Teilnehmer auf die Pr\u00fcfung vor den SEP-, PSE-, SIMP- und SITPS-Kommissionen vor. Der Kurs richtet sich an Personen, die mit dem Betrieb von thermischen Ger\u00e4ten, Anlagen und Netzen befasst sind, die thermische Energie erzeugen, verarbeiten, \u00fcbertragen und verbrauchen, und umfasst die folgenden Ger\u00e4te, Anlagen und Netze: <\/strong><\/p>\n<ul>\n<li>Dampf- und Wasserkessel, die mit festen, fl\u00fcssigen und gasf\u00f6rmigen Brennstoffen befeuert werden, mit einer Leistung von mehr als 50 kW, einschlie\u00dflich Hilfseinrichtungen<\/li>\n<li>Heizungsnetze und -anlagen, einschlie\u00dflich Zusatzeinrichtungen, mit einer W\u00e4rme\u00fcbertragung von mehr als 50 kW<\/li>\n<li>Dampf- und Wasserturbinen mit einer Leistung von mehr als 50 kW, einschlie\u00dflich Hilfseinrichtungen<\/li>\n<li>industrielle Dampf- und Hei\u00dfwasserverbrauchseinheiten mit einer Leistung von mehr als 50 kW<\/li>\n<li>L\u00fcftungs-, Klima- und K\u00e4lteanlagen \u00fcber 50 kW<\/li>\n<li>Pumpen, Absauganlagen, Ventilatoren und Gebl\u00e4se mit einer Leistung von mehr als 50 kW<\/li>\n<li>Kompressoren \u00fcber 20 kW und Druckluft- und Industriegasanlagen<\/li>\n<li>Kraftstofflager, Lager- und Entladeeinrichtungen mit einer Lagerkapazit\u00e4t von mehr als 100 Mg<\/li>\n<li>Industrie\u00f6fen \u00fcber 50 kW<\/li>\n<li>Kontroll- und Messger\u00e4te sowie automatische Kontroll- und Schutzger\u00e4te und -anlagen f\u00fcr die oben genannten Ger\u00e4te und Anlagen<\/li>\n<\/ul>\n<p>Die G2-Schulung bereitet die Teilnehmer darauf vor, Pr\u00fcfungen vor den folgenden Zertifizierungsstellen abzulegen: SEP (Verband Polnischer Elektroingenieure), Polnischer Verband f\u00fcr Elektroinstallation (PSE), Verband der Ingenieure und Techniker der Lebensmittelindustrie (SITPS oder SITSpo\u017c), Verband Polnischer Maschinenbauingenieure (SIMP).<\/p>\n<h2 class=\"naglowekh2\">Zweck der Ausbildung<\/h2>\n<p>Nach Absolvierung des G2-Kurses und Bestehen der Pr\u00fcfung erh\u00e4lt der Teilnehmer ein Qualifikationszertifikat, das ihn berechtigt, gem\u00e4\u00df der Verordnung des Ministers f\u00fcr Wirtschaft, Arbeit und Sozialpolitik vom 28. April 2003 \u00fcber die Modalit\u00e4ten der Feststellung der Qualifikationen von Personen, die sich mit der Nutzung von Ger\u00e4ten, Anlagen und Netzen befassen (GBl. Nr. 89, Pos. 828; GBl. Nr. 192, Pos. 1184), an der Betriebsstelle zu arbeiten, zu warten, zu \u00fcberholen und zu montieren.<\/p>\n<p>Wir ermutigen Sie, sich f\u00fcr eine Ausbildung bei uns anzumelden!<\/p>\n<div class=\"button_styl\" style=\"float: right; padding-left: 15px; padding-bottom: 8px; margin-bottom: 5px;\"><a class=\"myButton myButton_maly\" href=\"https:\/\/platformaedukacji.pl\/login\/signup.php\" target=\"_blank\" rel=\"nofollow noopener noreferrer\"><span style=\"color: white;\">Anmeldung zur Schulung<\/span><\/a><\/div>\n<div style=\"padding-top: 70px;\">\n<h2>Weitere Informationen:<\/h2>\n<div style=\"text-align: center; font-size: 85%; line-height: 120%;\">\n<div style=\"float: left; margin-right: 40px; height: 290px;\">\n<p><a href=\"\/de\/ausbildung\/sep-erlaubnisse-bis-zu-1kv\/g1\/\"><img decoding=\"async\" style=\"width: 300px; height: 225px;\" src=\"\/wp-content\/uploads\/2017\/12\/SEP_2016-1030x687.jpg\" alt=\"\" \/><\/a><\/p>\n<div style=\"width: 300px; font-size: 130%;\"><strong><a href=\"https:\/\/kursy-udt.pl\/de\/szkolenia\/sep-uprawnienia-do-1kv\/g1\/\">G1<\/a> (elektrisch)<\/strong><\/div>\n<p>&nbsp;<\/p>\n<\/div>\n<div style=\"float: left; margin-right: 40px; height: 290px;\">\n<p><a href=\"\/de\/ausbildung\/sep-erlaubnisse-bis-zu-1kv\/g2\/\"><img decoding=\"async\" style=\"width: 300px; height: 225px;\" src=\"\/wp-content\/uploads\/2017\/12\/31.jpg\" alt=\"\" \/><\/a><\/p>\n<div style=\"width: 300px; font-size: 130%;\"><strong>G2 (thermisch)<\/strong><\/div>\n<p>&nbsp;<\/p>\n<\/div>\n<\/div>\n<div style=\"clear: both;\"><\/div>\n<div style=\"text-align: center; font-size: 85%; line-height: 120%;\">\n<div style=\"float: left; margin-right: 40px; height: 290px;\">\n<p><a href=\"\/de\/ausbildung\/sep-erlaubnisse-bis-zu-1kv\/g3\/\"><img decoding=\"async\" style=\"width: 300px; height: 225px;\" src=\"\/wp-content\/uploads\/2017\/12\/SEP_G3_2-495x400-1.jpg\" alt=\"\" \/><\/a><\/p>\n<div style=\"width: 300px; font-size: 130%;\"><strong><a href=\"https:\/\/kursy-udt.pl\/de\/szkolenia\/sep-uprawnienia-do-1kv\/g3\/\">G3<\/a> (Gas)<\/strong><\/div>\n<p>&nbsp;<\/p>\n<\/div>\n<div style=\"float: left; margin-right: 40px; height: 290px;\">\n<p><a href=\"\/de\/ausbildung\/sep-erlaubnisse-bis-zu-1kv\/sep-prufung\/\"><img decoding=\"async\" style=\"width: 300px; height: 225px;\" src=\"\/wp-content\/uploads\/2017\/12\/4-warsztaty.jpg\" alt=\"\" \/><\/a><\/p>\n<div style=\"width: 300px; font-size: 130%;\"><strong>SEP, PSE, SIMP, SITPS Pr\u00fcfung<\/strong><\/div>\n<p>&nbsp;<\/p>\n<\/div>\n<\/div>\n<div style=\"text-align: center; font-size: 85%; line-height: 120%;\">\n<div style=\"float: left; margin-right: 40px; height: 290px;\">\n<p><a href=\"\/de\/ausbildung\/sep-erlaubnisse-bis-zu-1kv\/sep-autorisierungen-wie-lange-sie-gultig-sind\/\"><img decoding=\"async\" style=\"width: 300px; height: 225px;\" src=\"\/wp-content\/uploads\/2017\/12\/g3-4.jpg\" alt=\"\" \/><\/a><\/p>\n<div style=\"width: 300px; font-size: 130%;\"><strong><a href=\"https:\/\/kursy-udt.pl\/de\/uprawnienia-udt\/kategorie-uprawnien-2\/\">Berechtigungen<\/a> SEP<\/strong><\/div>\n<\/div>\n<\/div>\n<div><\/div>\n<div style=\"text-align: center; font-size: 85%; line-height: 120%;\">\n<div style=\"float: left; margin-right: 40px; height: 290px;\">\n<p>&nbsp;<\/p>\n<\/div>\n<\/div>\n<div style=\"text-align: center; font-size: 85%; line-height: 120%;\">\n<div style=\"float: left; margin-right: 40px; height: 290px;\">\n<p>&nbsp;<\/p>\n<\/div>\n<\/div>\n<\/div>\n<p>&nbsp;<\/p>\n<p>&nbsp;<\/p>\n<p>&nbsp;<\/p>\n<p>&nbsp;<\/p>\n<p>&nbsp;<\/p>\n<p>&nbsp;<\/p>\n<p>&nbsp;<\/p>\n<p>&nbsp;<\/p>\n<p>&nbsp;<\/p>\n<p>&nbsp;<\/p>\n<p>&nbsp;<\/p>\n<p>&nbsp;<\/p>\n<p>&nbsp;<\/p>\n<p>&nbsp;<\/p>\n<p><a href=\"https:\/\/kursy-udt.pl\/wp-content\/uploads\/2023\/01\/5-kurs-G2-cieplo-kursy-udt.pl_.png\"><img loading=\"lazy\" decoding=\"async\" class=\"aligncenter wp-image-4608\" src=\"https:\/\/kursy-udt.pl\/wp-content\/uploads\/2023\/01\/5-kurs-G2-cieplo-kursy-udt.pl_-300x188.png\" alt=\"\" width=\"750\" height=\"469\" srcset=\"https:\/\/kursy-udt.pl\/wp-content\/uploads\/2023\/01\/5-kurs-G2-cieplo-kursy-udt.pl_-300x188.png 300w, https:\/\/kursy-udt.pl\/wp-content\/uploads\/2023\/01\/5-kurs-G2-cieplo-kursy-udt.pl_-1024x640.png 1024w, https:\/\/kursy-udt.pl\/wp-content\/uploads\/2023\/01\/5-kurs-G2-cieplo-kursy-udt.pl_-768x480.png 768w, https:\/\/kursy-udt.pl\/wp-content\/uploads\/2023\/01\/5-kurs-G2-cieplo-kursy-udt.pl_-18x12.png 18w, https:\/\/kursy-udt.pl\/wp-content\/uploads\/2023\/01\/5-kurs-G2-cieplo-kursy-udt.pl_-624x390.png 624w, https:\/\/kursy-udt.pl\/wp-content\/uploads\/2023\/01\/5-kurs-G2-cieplo-kursy-udt.pl_.png 1200w\" sizes=\"auto, (max-width: 750px) 100vw, 750px\" \/><\/a><\/p>","protected":false},"excerpt":{"rendered":"<p>Kurs G2 Szkolenie cieplne G2 \u2013 urz\u0105dzenia, instalacje i sieci cieplne skierowane jest do os\u00f3b chc\u0105cych zdoby\u0107 kwalifikacje do pracy przy dozorze i eksploatacji sieci, instalacji i urz\u0105dze\u0144 wytwarzaj\u0105cych, przetwarzaj\u0105cych, przesy\u0142aj\u0105cych i zu\u017cywaj\u0105cych ciep\u0142o zaliczanych do kategorii G2. W O\u015brodku ERGON naszym kursantom gwarantujemy pe\u0142ne i profesjonalne przygotowanie. Stosujemy sprawdzone metody szkoleniowe, posiadamy nowoczesne zaplecze, zatrudniamy wykwalifikowanych instruktor\u00f3w i zapewniamy obs\u0142ug\u0119 na najwy\u017cszym poziomie. Kurs G2 przygotowuj\u0105 uczestnik\u00f3w do zdania egzaminu przed komisjami SEP, PSE, SIMP, SITPS skierowany jest do os\u00f3b zajmuj\u0105cych si\u0119 eksploatacj\u0105 urz\u0105dze\u0144, instalacji i sieci cieplnych wytwarzaj\u0105cych, przetwarzaj\u0105cych, przesy\u0142aj\u0105cych i zu\u017cywaj\u0105cych energi\u0119 ciepln\u0105 obejmuj\u0105cy nast\u0119puj\u0105ce urz\u0105dzenia, instalacje i sieci: kot\u0142y parowe oraz wodne na paliwa sta\u0142e, p\u0142ynne i gazowe, o mocy powy\u017cej 50 kW, wraz z urz\u0105dzeniami pomocniczymi sieci i instalacje cieplne wraz z urz\u0105dzeniami pomocniczymi, o przesyle ciep\u0142a powy\u017cej 50 kW turbiny parowe oraz wodne o mocy powy\u017cej 50 kW, wraz z urz\u0105dzeniami pomocniczymi przemys\u0142owe urz\u0105dzenia odbiorcze pary i gor\u0105cej wody, o mocy powy\u017cej 50 kW urz\u0105dzenia wentylacji, klimatyzacji i ch\u0142odnicze o mocy powy\u017cej 50 kW pompy, ssawy, wentylatory i dmuchawy o mocy powy\u017cej 50 kW spr\u0119\u017carki o mocy powy\u017cej 20 kW oraz instalacje spr\u0119\u017conego powietrza i gaz\u00f3w technicznych urz\u0105dzenia do sk\u0142adowania, magazynowania i roz\u0142adunku paliw, o pojemno\u015bci sk\u0142adowania odpowiadaj\u0105cej masie ponad 100 Mg piece przemys\u0142owe o mocy powy\u017cej 50 kW aparatur\u0119 kontrolno-pomiarow\u0105 oraz urz\u0105dzenia i instalacje automatycznej regulacji, sterowania i zabezpiecze\u0144 urz\u0105dze\u0144 i instalacji wymienionych powy\u017cej Szkolenie G2 przygotowuje uczestnik\u00f3w do podej\u015bcia do egzamin\u00f3w przed nast\u0119puj\u0105cymi komisjami certyfikuj\u0105cymi: SEP (Stowarzyszenie Elektryk\u00f3w Polskich), Polskie Stowarzyszenie Elektroinstalacyjne (PSE), Stowarzyszenie In\u017cynier\u00f3w i Technik\u00f3w [&hellip;]<\/p>\n","protected":false},"author":1,"featured_media":2480,"parent":2411,"menu_order":0,"comment_status":"closed","ping_status":"closed","template":"","meta":{"sfsi_plus_gutenberg_text_before_share":"","sfsi_plus_gutenberg_show_text_before_share":"","sfsi_plus_gutenberg_icon_type":"","sfsi_plus_gutenberg_icon_alignemt":"","sfsi_plus_gutenburg_max_per_row":"","footnotes":""},"class_list":["post-2415","page","type-page","status-publish","has-post-thumbnail","hentry","has_thumb"],"aioseo_notices":[],"_links":{"self":[{"href":"https:\/\/kursy-udt.pl\/de\/wp-json\/wp\/v2\/pages\/2415","targetHints":{"allow":["GET"]}}],"collection":[{"href":"https:\/\/kursy-udt.pl\/de\/wp-json\/wp\/v2\/pages"}],"about":[{"href":"https:\/\/kursy-udt.pl\/de\/wp-json\/wp\/v2\/types\/page"}],"author":[{"embeddable":true,"href":"https:\/\/kursy-udt.pl\/de\/wp-json\/wp\/v2\/users\/1"}],"replies":[{"embeddable":true,"href":"https:\/\/kursy-udt.pl\/de\/wp-json\/wp\/v2\/comments?post=2415"}],"version-history":[{"count":14,"href":"https:\/\/kursy-udt.pl\/de\/wp-json\/wp\/v2\/pages\/2415\/revisions"}],"predecessor-version":[{"id":4609,"href":"https:\/\/kursy-udt.pl\/de\/wp-json\/wp\/v2\/pages\/2415\/revisions\/4609"}],"up":[{"embeddable":true,"href":"https:\/\/kursy-udt.pl\/de\/wp-json\/wp\/v2\/pages\/2411"}],"wp:featuredmedia":[{"embeddable":true,"href":"https:\/\/kursy-udt.pl\/de\/wp-json\/wp\/v2\/media\/2480"}],"wp:attachment":[{"href":"https:\/\/kursy-udt.pl\/de\/wp-json\/wp\/v2\/media?parent=2415"}],"curies":[{"name":"wp","href":"https:\/\/api.w.org\/{rel}","templated":true}]}}