{"id":2413,"date":"2017-12-06T15:27:36","date_gmt":"2017-12-06T15:27:36","guid":{"rendered":"http:\/\/kursy-udt.pl\/?page_id=2413"},"modified":"2023-01-04T09:57:25","modified_gmt":"2023-01-04T09:57:25","slug":"g1","status":"publish","type":"page","link":"https:\/\/kursy-udt.pl\/de\/szkolenia\/sep-uprawnienia-do-1kv\/g1\/","title":{"rendered":"Kurs G1 (Elektrotechnik). Lassen Sie sich mit ERGON zertifizieren!"},"content":{"rendered":"<h2 class=\"naglowekh2\"><img loading=\"lazy\" decoding=\"async\" class=\"paddingleft10 wp-image-2475 alignleft\" src=\"https:\/\/kursy-udt.pl\/wp-content\/uploads\/2017\/12\/SEP_2016-1030x687-300x200.jpg\" alt=\"\" width=\"200\" height=\"133\" srcset=\"https:\/\/kursy-udt.pl\/wp-content\/uploads\/2017\/12\/SEP_2016-1030x687-300x200.jpg 300w, https:\/\/kursy-udt.pl\/wp-content\/uploads\/2017\/12\/SEP_2016-1030x687-768x512.jpg 768w, https:\/\/kursy-udt.pl\/wp-content\/uploads\/2017\/12\/SEP_2016-1030x687-1024x683.jpg 1024w, https:\/\/kursy-udt.pl\/wp-content\/uploads\/2017\/12\/SEP_2016-1030x687-624x416.jpg 624w, https:\/\/kursy-udt.pl\/wp-content\/uploads\/2017\/12\/SEP_2016-1030x687.jpg 1030w\" sizes=\"auto, (max-width: 200px) 100vw, 200px\" \/>G1-Kurs<\/h2>\n<p>Der Lehrgang G1 - Elektrische Betriebsmittel, Anlagen und Netze richtet sich an Personen, die eine Qualifikation f\u00fcr die \u00dcberwachung und den Betrieb von Stromnetzen, Anlagen und Betriebsmitteln der Klasse G1 erwerben m\u00f6chten.<\/p>\n<p>In unserem <a href=\"https:\/\/kursy-udt.pl\/de\/o-firmie\/\">ERGON-Zentrum<\/a> Wir bieten eine umfassende und professionelle Vorbereitung f\u00fcr unsere Sch\u00fcler. Wir verf\u00fcgen \u00fcber moderne Schulungseinrichtungen, besch\u00e4ftigen qualifizierte Ausbilder und garantieren einen Service auf h\u00f6chstem Niveau.<\/p>\n<p><strong>Der G1-Kurs bereitet die Teilnehmer auf die Pr\u00fcfung vor den SEP-, PSE-, SIMP- und SITPS-Kommissionen vor. Der Kurs richtet sich an Personen, die mit dem Betrieb von energietechnischen Ger\u00e4ten, Anlagen und Netzen befasst sind, die Elektrizit\u00e4t erzeugen, verarbeiten, \u00fcbertragen und verbrauchen, und umfasst die folgenden Ger\u00e4te, Anlagen und Netze: <\/strong><\/p>\n<ul>\n<li>Erzeugungsanlagen, die an das nationale Stromnetz angeschlossen sind, unabh\u00e4ngig von der Nennspannung<\/li>\n<li>elektrische Ger\u00e4te, Anlagen und Netze mit einer Spannung von 1 kV oder weniger<\/li>\n<li>Ger\u00e4te, Anlagen und Netze mit einer Nennspannung \u00fcber 1 kV<\/li>\n<li>Stromerzeugungsaggregate mit einer Leistung von mehr als 50 kW<\/li>\n<li>elektrothermische Ger\u00e4te<\/li>\n<li>Elektrolyseger\u00e4te<\/li>\n<li>elektrische Stra\u00dfenbeleuchtungsnetze<\/li>\n<li>elektrische Oberleitung<\/li>\n<li>explosionsgesch\u00fctzte elektrische Betriebsmittel<\/li>\n<li>Kontroll- und Messger\u00e4te sowie automatische Kontroll- und Schutzger\u00e4te und -anlagen f\u00fcr die oben genannten Ger\u00e4te und Anlagen<\/li>\n<\/ul>\n<p>Der G1-Schulungskurs enth\u00e4lt die umfassenden Informationen, die notwendig sind, um die Pr\u00fcfungen vor den folgenden Zertifizierungsstellen anzugehen: SEP (Verband Polnischer Elektroingenieure), Polnischer Verband f\u00fcr Elektroinstallation (PSE), Verband der Ingenieure und Techniker der Lebensmittelindustrie (SITPS oder SITSpo\u017c), Verband Polnischer Maschinenbauingenieure (SIMP).<\/p>\n<h2 class=\"naglowekh2\">Zweck der Ausbildung<\/h2>\n<p>Nach Abschluss des G1-Lehrgangs und bestandener Pr\u00fcfung erh\u00e4lt der Teilnehmer das Qualifikationszertifikat, das zum Betrieb, zur Wartung, \u00dcberholung und Montage an der Betriebsstelle berechtigt, gem\u00e4\u00df der Verordnung des Ministers f\u00fcr Wirtschaft, Arbeit und Sozialpolitik vom 28. April 2003 \u00fcber die Modalit\u00e4ten der Feststellung der Qualifikationen von Personen, die an der Nutzung von Ger\u00e4ten, Anlagen und Netzen beteiligt sind (GBl. Nr. 89, Pos. 828; GBl. Nr. 192, Pos. 1184).<\/p>\n<p><a href=\"https:\/\/kursy-udt.pl\/de\/kontakt\/\">Sie sind herzlich eingeladen, von unserem Angebot Gebrauch zu machen<\/a>!<\/p>\n<div class=\"button_styl\" style=\"float: right; padding-left: 15px; padding-bottom: 8px; margin-bottom: 5px;\"><a class=\"myButton myButton_maly\" href=\"https:\/\/platformaedukacji.pl\/login\/signup.php\" target=\"_blank\" rel=\"nofollow noopener noreferrer\"><span style=\"color: white;\">Anmeldung zur Schulung<\/span><\/a><\/div>\n<div style=\"padding-top: 70px;\">\n<h2>Weitere Informationen:<\/h2>\n<div style=\"text-align: center; font-size: 85%; line-height: 120%;\">\n<div style=\"float: left; margin-right: 40px; height: 290px;\">\n<p><a href=\"\/de\/ausbildung\/sep-erlaubnisse-bis-zu-1kv\/g1\/\"><img decoding=\"async\" style=\"width: 300px; height: 225px;\" src=\"\/wp-content\/uploads\/2017\/12\/SEP_2016-1030x687.jpg\" alt=\"\" \/><\/a><\/p>\n<div style=\"width: 300px; font-size: 130%;\"><strong>G1 (elektrisch)<\/strong><\/div>\n<p>&nbsp;<\/p>\n<\/div>\n<div style=\"float: left; margin-right: 40px; height: 290px;\">\n<p><a href=\"\/de\/ausbildung\/sep-erlaubnisse-bis-zu-1kv\/g2\/\"><img decoding=\"async\" style=\"width: 300px; height: 225px;\" src=\"\/wp-content\/uploads\/2017\/12\/31.jpg\" alt=\"\" \/><\/a><\/p>\n<div style=\"width: 300px; font-size: 130%;\"><strong>G2 (thermisch)<\/strong><\/div>\n<p>&nbsp;<\/p>\n<\/div>\n<\/div>\n<div style=\"clear: both;\"><\/div>\n<div style=\"text-align: center; font-size: 85%; line-height: 120%;\">\n<div style=\"float: left; margin-right: 40px; height: 290px;\">\n<p><a href=\"\/de\/ausbildung\/sep-erlaubnisse-bis-zu-1kv\/g3\/\"><img decoding=\"async\" style=\"width: 300px; height: 225px;\" src=\"\/wp-content\/uploads\/2017\/12\/SEP_G3_2-495x400-1.jpg\" alt=\"\" \/><\/a><\/p>\n<div style=\"width: 300px; font-size: 130%;\"><strong><a href=\"https:\/\/kursy-udt.pl\/de\/szkolenia\/sep-uprawnienia-do-1kv\/g3\/\">G3<\/a> (Gas)<\/strong><\/div>\n<p>&nbsp;<\/p>\n<\/div>\n<div style=\"float: left; margin-right: 40px; height: 290px;\">\n<p><a href=\"\/de\/ausbildung\/sep-erlaubnisse-bis-zu-1kv\/sep-prufung\/\"><img decoding=\"async\" style=\"width: 300px; height: 225px;\" src=\"\/wp-content\/uploads\/2017\/12\/4-warsztaty.jpg\" alt=\"\" \/><\/a><\/p>\n<div style=\"width: 300px; font-size: 130%;\"><strong>Pr\u00fcfung G1, G2, G3, PSE, SIMP, SITPS<\/strong><\/div>\n<p>&nbsp;<\/p>\n<\/div>\n<\/div>\n<div style=\"text-align: center; font-size: 85%; line-height: 120%;\">\n<div style=\"float: left; margin-right: 40px; height: 290px;\">\n<p><a href=\"\/de\/ausbildung\/sep-erlaubnisse-bis-zu-1kv\/sep-autorisierungen-wie-lange-sie-gultig-sind\/\"><img decoding=\"async\" style=\"width: 300px; height: 225px;\" src=\"\/wp-content\/uploads\/2017\/12\/g3-4.jpg\" alt=\"\" \/><\/a><\/p>\n<div style=\"width: 300px; font-size: 130%;\"><strong><a href=\"https:\/\/kursy-udt.pl\/de\/uprawnienia-udt\/kategorie-uprawnien-2\/\">Berechtigungen<\/a> G1, G2, G3<\/strong><\/div>\n<div><\/div>\n<p>&nbsp;<\/p>\n<\/div>\n<\/div>\n<div style=\"text-align: center; font-size: 85%; line-height: 120%;\">\n<div style=\"float: left; margin-right: 40px; height: 290px;\">\n<p>&nbsp;<\/p>\n<\/div>\n<\/div>\n<\/div>\n<p>&nbsp;<\/p>\n<p>&nbsp;<\/p>\n<p>&nbsp;<\/p>\n<p>&nbsp;<\/p>\n<p>&nbsp;<\/p>\n<p>&nbsp;<\/p>\n<p>&nbsp;<\/p>\n<p>&nbsp;<\/p>\n<p>&nbsp;<\/p>\n<p>&nbsp;<\/p>\n<p>&nbsp;<\/p>\n<p>&nbsp;<\/p>\n<p>&nbsp;<\/p>\n<p>&nbsp;<\/p>\n<p>&nbsp;<\/p>\n<p><a href=\"https:\/\/kursy-udt.pl\/wp-content\/uploads\/2023\/01\/4-kurs-G1-elektroenergetyka-kursy-udt.pl_.png\"><img loading=\"lazy\" decoding=\"async\" class=\"aligncenter wp-image-4611\" src=\"https:\/\/kursy-udt.pl\/wp-content\/uploads\/2023\/01\/4-kurs-G1-elektroenergetyka-kursy-udt.pl_-300x188.png\" alt=\"\" width=\"750\" height=\"469\" srcset=\"https:\/\/kursy-udt.pl\/wp-content\/uploads\/2023\/01\/4-kurs-G1-elektroenergetyka-kursy-udt.pl_-300x188.png 300w, https:\/\/kursy-udt.pl\/wp-content\/uploads\/2023\/01\/4-kurs-G1-elektroenergetyka-kursy-udt.pl_-1024x640.png 1024w, https:\/\/kursy-udt.pl\/wp-content\/uploads\/2023\/01\/4-kurs-G1-elektroenergetyka-kursy-udt.pl_-768x480.png 768w, https:\/\/kursy-udt.pl\/wp-content\/uploads\/2023\/01\/4-kurs-G1-elektroenergetyka-kursy-udt.pl_-18x12.png 18w, https:\/\/kursy-udt.pl\/wp-content\/uploads\/2023\/01\/4-kurs-G1-elektroenergetyka-kursy-udt.pl_-624x390.png 624w, https:\/\/kursy-udt.pl\/wp-content\/uploads\/2023\/01\/4-kurs-G1-elektroenergetyka-kursy-udt.pl_.png 1200w\" sizes=\"auto, (max-width: 750px) 100vw, 750px\" \/><\/a><\/p>","protected":false},"excerpt":{"rendered":"<p>Kurs G1 Szkolenie elektryczne G1 \u2013 urz\u0105dzenia, instalacje i sieci energetyczne przeznaczone jest dla os\u00f3b chc\u0105cych uzyska\u0107 kwalifikacje do pracy przy dozorze i eksploatacji sieci, instalacji i urz\u0105dze\u0144 elektroenergetycznych zaliczanych do kategorii G1. W naszym O\u015brodku ERGON zapewniamy kompleksowe i profesjonalne przygotowanie dla naszych kursant\u00f3w. Dysponujemy nowoczesnym zapleczem szkoleniowym, zatrudniamy wykwalifikowanych instruktor\u00f3w i gwarantujemy obs\u0142ug\u0119 na najwy\u017cszym poziomie. Kurs G1 przygotowuj\u0105 uczestnik\u00f3w do zdania egzaminu przed komisjami SEP, PSE, SIMP, SITPS skierowany jest do os\u00f3b zajmuj\u0105cych si\u0119 eksploatacj\u0105 urz\u0105dze\u0144, instalacji i sieci energetycznych wytwarzaj\u0105cych, przetwarzaj\u0105cych, przesy\u0142aj\u0105cych i zu\u017cywaj\u0105cych energi\u0119 elektryczn\u0105 obejmuj\u0105cy nast\u0119puj\u0105ce urz\u0105dzenia, instalacje i sieci: urz\u0105dzenia pr\u0105dotw\u00f3rcze przy\u0142\u0105czone do krajowej sieci elektroenergetycznej bez wzgl\u0119du na wysoko\u015b\u0107 napi\u0119cia znamionowego urz\u0105dzenia, instalacje i sieci elektroenergetyczne o napi\u0119ciu nie wy\u017cszym ni\u017c 1 kV urz\u0105dzenia, instalacje i sieci o napi\u0119ciu znamionowym powy\u017cej 1 kV zespo\u0142y pr\u0105dotw\u00f3rcze o mocy powy\u017cej 50 kW urz\u0105dzenia elektrotermiczne urz\u0105dzenia do elektrolizy sieci elektrycznego o\u015bwietlenia ulicznego elektryczna sie\u0107 trakcyjna elektryczne urz\u0105dzenia w wykonaniu przeciwwybuchowym aparatur\u0119 kontrolno-pomiarow\u0105 oraz urz\u0105dzenia i instalacje automatycznej regulacji, sterowania i zabezpiecze\u0144 urz\u0105dze\u0144 i instalacji wymienionych powy\u017cej Szkolenie G1 zawiera kompleksowe informacje niezb\u0119dne do podej\u015bcia do egzamin\u00f3w przed nast\u0119puj\u0105cymi komisjami certyfikuj\u0105cymi: SEP (Stowarzyszenie Elektryk\u00f3w Polskich), Polskie Stowarzyszenie Elektroinstalacyjne (PSE), Stowarzyszenie In\u017cynier\u00f3w i Technik\u00f3w Przemys\u0142u Spo\u017cywczego (SITPS lub SITSpo\u017c), Stowarzyszenie In\u017cynier\u00f3w Mechanik\u00f3w Polskich (SIMP). Cel szkolenia Po zako\u0144czeniu szkolenia G1 i pozytywnym zaliczeniu egzaminu uczestnik otrzymuje \u015bwiadectwo kwalifikacyjne uprawniaj\u0105ce do obs\u0142ugi, konserwacji, remontu, monta\u017cu na stanowisku eksploatacji, zgodnie z rozporz\u0105dzeniem Ministra Gospodarki, Pracy i Polityki Spo\u0142ecznej z 28 kwietnia 2003 roku w sprawie szczeg\u00f3\u0142owych zasad stwierdzenia posiadania kwalifikacji przez osoby zajmuj\u0105ce si\u0119 [&hellip;]<\/p>\n","protected":false},"author":1,"featured_media":3437,"parent":2411,"menu_order":0,"comment_status":"closed","ping_status":"closed","template":"","meta":{"sfsi_plus_gutenberg_text_before_share":"","sfsi_plus_gutenberg_show_text_before_share":"","sfsi_plus_gutenberg_icon_type":"","sfsi_plus_gutenberg_icon_alignemt":"","sfsi_plus_gutenburg_max_per_row":"","footnotes":""},"class_list":["post-2413","page","type-page","status-publish","has-post-thumbnail","hentry","has_thumb"],"aioseo_notices":[],"_links":{"self":[{"href":"https:\/\/kursy-udt.pl\/de\/wp-json\/wp\/v2\/pages\/2413","targetHints":{"allow":["GET"]}}],"collection":[{"href":"https:\/\/kursy-udt.pl\/de\/wp-json\/wp\/v2\/pages"}],"about":[{"href":"https:\/\/kursy-udt.pl\/de\/wp-json\/wp\/v2\/types\/page"}],"author":[{"embeddable":true,"href":"https:\/\/kursy-udt.pl\/de\/wp-json\/wp\/v2\/users\/1"}],"replies":[{"embeddable":true,"href":"https:\/\/kursy-udt.pl\/de\/wp-json\/wp\/v2\/comments?post=2413"}],"version-history":[{"count":15,"href":"https:\/\/kursy-udt.pl\/de\/wp-json\/wp\/v2\/pages\/2413\/revisions"}],"predecessor-version":[{"id":4612,"href":"https:\/\/kursy-udt.pl\/de\/wp-json\/wp\/v2\/pages\/2413\/revisions\/4612"}],"up":[{"embeddable":true,"href":"https:\/\/kursy-udt.pl\/de\/wp-json\/wp\/v2\/pages\/2411"}],"wp:featuredmedia":[{"embeddable":true,"href":"https:\/\/kursy-udt.pl\/de\/wp-json\/wp\/v2\/media\/3437"}],"wp:attachment":[{"href":"https:\/\/kursy-udt.pl\/de\/wp-json\/wp\/v2\/media?parent=2413"}],"curies":[{"name":"wp","href":"https:\/\/api.w.org\/{rel}","templated":true}]}}