{"id":2411,"date":"2017-12-06T15:25:48","date_gmt":"2017-12-06T15:25:48","guid":{"rendered":"http:\/\/kursy-udt.pl\/?page_id=2411"},"modified":"2022-06-15T10:19:25","modified_gmt":"2022-06-15T10:19:25","slug":"sep-erlaubnisse-bis-zu-1kv","status":"publish","type":"page","link":"https:\/\/kursy-udt.pl\/de\/szkolenia\/sep-uprawnienia-do-1kv\/","title":{"rendered":"Ausbildung f\u00fcr 1kV, G1, G2, G3 Lizenzen"},"content":{"rendered":"<h2 class=\"naglowekh2\"><a href=\"https:\/\/kursy-udt.pl\/wp-content\/uploads\/2022\/06\/1584347646_32535235.jpg\"><img loading=\"lazy\" decoding=\"async\" class=\"aligncenter wp-image-3848 size-full\" src=\"https:\/\/kursy-udt.pl\/wp-content\/uploads\/2022\/06\/1584347646_32535235.jpg\" alt=\"\" width=\"726\" height=\"305\" srcset=\"https:\/\/kursy-udt.pl\/wp-content\/uploads\/2022\/06\/1584347646_32535235.jpg 726w, https:\/\/kursy-udt.pl\/wp-content\/uploads\/2022\/06\/1584347646_32535235-300x126.jpg 300w, https:\/\/kursy-udt.pl\/wp-content\/uploads\/2022\/06\/1584347646_32535235-624x262.jpg 624w\" sizes=\"auto, (max-width: 726px) 100vw, 726px\" \/><\/a>Zulassungslehrg\u00e4nge bis 1 kV - G1, G2, G3<\/h2>\n<p>Das Kompetenzzentrum von Kard ERGON l\u00e4dt Sie zu einem Kurs ein, der sich an Personen richtet, die sich auf die Pr\u00fcfung vor den Aussch\u00fcssen SEP, PSE, SIMP, SITPS vorbereiten wollen. Wir bieten einen professionellen und umfassenden Service. Wir verf\u00fcgen \u00fcber langj\u00e4hrige Erfahrung in der Durchf\u00fchrung von Kursen, die es Ihnen erm\u00f6glichen, die Pr\u00fcfung f\u00fcr <a href=\"https:\/\/kursy-udt.pl\/de\/uprawnienia-udt\/kategorie-uprawnien-2\/\">Anrechte<\/a> in Bezug auf <a href=\"https:\/\/kursy-udt.pl\/de\/szkolenia\/sep-uprawnienia-do-1kv\/g1\/\">G1<\/a>, G2 und <a href=\"https:\/\/kursy-udt.pl\/de\/szkolenia\/sep-uprawnienia-do-1kv\/g3\/\">G3<\/a> f\u00fcr die Arbeit mit verschiedenen Netzen, Anlagen und Ger\u00e4ten, organisiert von PSE, SIMP, SITPS.<\/p>\n<p>Unsere Schulungen bereiten die Teilnehmer auf die Pr\u00fcfungen vor SEP-, PSE-, SIMP- und SITPS-Aussch\u00fcssen vor und sind so konzipiert, dass sie theoretisches Wissen und Praxis in Form von aktiven \u00dcbungen miteinander verbinden. Jeder Kurs enth\u00e4lt ausf\u00fchrliche Informationen \u00fcber die Aufgaben des Mitarbeiters, Vorschriften, Anforderungen <a href=\"https:\/\/kursy-udt.pl\/de\/szkolenia\/bhp-bezpieczenstwo-pracy\/prawna-ochrona-pracy\/\">GESUNDHEIT UND SICHERHEIT<\/a>. Am Ende des Kurses sind die Teilnehmer professionell darauf vorbereitet, die Pr\u00fcfung vor den Zertifizierungsstellen abzulegen.<\/p>\n<h2 class=\"naglowekh2\">Arten von Anspr\u00fcchen:<\/h2>\n<ul>\n<li>G1 - Elektrizit\u00e4tsnetze, Anlagen und Ger\u00e4te f\u00fcr die Erzeugung, die Umwandlung und den Verbrauch von Elektrizit\u00e4t<\/li>\n<li>G2 - Netze, Anlagen und Ger\u00e4te zur Erzeugung, Umwandlung, \u00dcbertragung und zum Verbrauch von W\u00e4rme<\/li>\n<li>G3 - Gasnetze, Anlagen und Ausr\u00fcstungen f\u00fcr die Erzeugung, Verarbeitung, \u00dcbertragung, Lagerung und den Verbrauch von gasf\u00f6rmigen Brennstoffen<\/li>\n<\/ul>\n<p>Der von uns organisierte Kurs bereitet Sie darauf vor, Pr\u00fcfungen vor den folgenden Zertifizierungsstellen abzulegen: SEP (Verband Polnischer Elektroingenieure), Polnischer Verband f\u00fcr Elektroinstallation (PSE), Verband der Ingenieure und Techniker der Lebensmittelindustrie (SITPS oder SITSpo\u017c), Verband Polnischer Maschinenbauingenieure (SIMP).<\/p>\n<h2 class=\"naglowekh2\">Zweck der Ausbildung<\/h2>\n<p>Personen, die im Besitz einer entsprechenden Lizenz f\u00fcr Elektroarbeiten und f\u00fcr die Arbeit mit anderen Netzen, Anlagen und Ger\u00e4ten sind, k\u00f6nnen eine Besch\u00e4ftigung in einem Beruf aufnehmen, der eine solche Lizenz erfordert.<\/p>\n<p>Wir m\u00f6chten Sie ermutigen, sich unser Angebot auf unserer Website genauer anzusehen. Wir organisieren offene und geschlossene Schulungen, die an einem vom Kunden angegebenen Ort und Datum stattfinden. Wir bieten die M\u00f6glichkeit, Preise zu verhandeln. Sollten Sie weitere Fragen haben, wenden Sie sich bitte an uns.<\/p>\n<p>Wir laden Sie herzlich ein, von unserem Angebot Gebrauch zu machen!<\/p>\n<div class=\"button_styl\" style=\"float: right; padding-left: 15px; padding-bottom: 8px; margin-bottom: 5px;\"><a class=\"myButton myButton_maly\" href=\"https:\/\/platformaedukacji.pl\/login\/signup.php\" target=\"_blank\" rel=\"nofollow noopener noreferrer\"><span style=\"color: white;\">Anmeldung zur Schulung<\/span><\/a><\/div>\n<div style=\"padding-top: 70px;\">\n<h2>Weitere Informationen:<\/h2>\n<div style=\"text-align: center; font-size: 85%; line-height: 120%;\">\n<div style=\"float: left; margin-right: 40px; height: 290px;\">\n<p><a href=\"\/de\/ausbildung\/sep-erlaubnisse-bis-zu-1kv\/g1\/\"><img decoding=\"async\" style=\"width: 300px; height: 225px;\" src=\"\/wp-content\/uploads\/2017\/12\/SEP_2016-1030x687.jpg\" alt=\"\" \/><\/a><\/p>\n<div style=\"width: 300px; font-size: 130%;\"><strong>G1 (elektrisch)<\/strong><\/div>\n<p>&nbsp;<\/p>\n<\/div>\n<div style=\"float: left; margin-right: 40px; height: 290px;\">\n<p><a href=\"\/de\/ausbildung\/sep-erlaubnisse-bis-zu-1kv\/g2\/\"><img decoding=\"async\" style=\"width: 300px; height: 225px;\" src=\"\/wp-content\/uploads\/2017\/12\/31.jpg\" alt=\"\" \/><\/a><\/p>\n<div style=\"width: 300px; font-size: 130%;\"><strong>G2 (thermisch)<\/strong><\/div>\n<p>&nbsp;<\/p>\n<\/div>\n<\/div>\n<div style=\"clear: both;\"><\/div>\n<div style=\"text-align: center; font-size: 85%; line-height: 120%;\">\n<div style=\"float: left; margin-right: 40px; height: 290px;\">\n<p><a href=\"\/de\/ausbildung\/sep-erlaubnisse-bis-zu-1kv\/g3\/\"><img decoding=\"async\" style=\"width: 300px; height: 225px;\" src=\"\/wp-content\/uploads\/2017\/12\/SEP_G3_2-495x400-1.jpg\" alt=\"\" \/><\/a><\/p>\n<div style=\"width: 300px; font-size: 130%;\"><strong>G3 (Gas)<\/strong><\/div>\n<p>&nbsp;<\/p>\n<\/div>\n<div style=\"float: left; margin-right: 40px; height: 290px;\">\n<p><a href=\"\/de\/ausbildung\/sep-erlaubnisse-bis-zu-1kv\/sep-prufung\/\"><img decoding=\"async\" src=\"\/wp-content\/uploads\/2017\/12\/4-warsztaty.jpg\" alt=\"\" \/><\/a><\/p>\n<div style=\"width: 300px; font-size: 130%;\"><strong>Pr\u00fcfung G1, G2, G3, PSE, SIMP, SITPS<\/strong><\/div>\n<p>&nbsp;<\/p>\n<\/div>\n<\/div>\n<div style=\"text-align: center; font-size: 85%; line-height: 120%;\">\n<div style=\"float: left; margin-right: 40px; height: 290px;\">\n<p><a href=\"\/de\/ausbildung\/sep-erlaubnisse-bis-zu-1kv\/sep-autorisierungen-wie-lange-sie-gultig-sind\/\"><img decoding=\"async\" style=\"width: 300px; height: 225px;\" src=\"\/wp-content\/uploads\/2017\/12\/g3-4.jpg\" alt=\"\" \/><\/a><\/p>\n<div style=\"width: 300px; font-size: 130%;\"><strong>Berechtigungen G1, G2, G3<\/strong><\/div>\n<p>&nbsp;<\/p>\n<\/div>\n<\/div>\n<div style=\"text-align: center; font-size: 85%; line-height: 120%;\">\n<div style=\"float: left; margin-right: 40px; height: 290px;\">\n<div style=\"width: 300px; font-size: 130%;\"><\/div>\n<p>&nbsp;<\/p>\n<\/div>\n<\/div>\n<\/div>","protected":false},"excerpt":{"rendered":"<p>Kursy na uprawnienia do 1 kV \u2013 G1, G2, G3 O\u015brodek Doskonalenia Kard ERGON zaprasza na kurs, kt\u00f3ry skierowany jest do os\u00f3b chc\u0105cych przygotowa\u0107 si\u0119 do zdania egzaminu przed komisjami SEP, PSE, SIMP, SITPS. Zapewniamy profesjonaln\u0105 i kompleksow\u0105 obs\u0142ug\u0119. Posiadamy wieloletnie do\u015bwiadczenie w ramach realizacji zaj\u0119\u0107 pozwalaj\u0105cych na podej\u015bcie do egzaminu na uprawnienia w kategoriach G1, G2 oraz G3 do pracy z r\u00f3\u017cnymi sieciami, instalacjami i urz\u0105dzeniami, a tak\u017ce organizowanego przez PSE, SIMP, SITPS. Prowadzone przez nas szkolenia przygotowuj\u0105 uczestnik\u00f3w do zdania egzaminu przed komisjami SEP, PSE, SIMP, SITPS s\u0105 stworzone z naciskiem na po\u0142\u0105czenie wiedzy teoretycznej oraz praktyki w formie aktywizuj\u0105cych \u0107wicze\u0144. Ka\u017cdy kurs w\u0142\u0105cza dok\u0142adne informacje dotycz\u0105ce obowi\u0105zk\u00f3w pracownika, przepis\u00f3w, wymaga\u0144 BHP. Po zako\u0144czeniu zaj\u0119\u0107 uczestnicy s\u0105 profesjonalnie przygotowani do wzi\u0119cia udzia\u0142u w egzaminie przed komisjami certyfikuj\u0105cymi. Rodzaje uprawnie\u0144: G1 \u2013 sieci, instalacje i urz\u0105dzenia elektroenergetyczne wytwarzaj\u0105ce, przetwarzaj\u0105ce i zu\u017cywaj\u0105ce energi\u0119 elektryczn\u0105 G2 \u2013 sieci, instalacje i urz\u0105dzenia wytwarzaj\u0105ce, przetwarzaj\u0105ce, przesy\u0142aj\u0105ce i zu\u017cywaj\u0105ce ciep\u0142o G3 \u2013 sieci, instalacje i urz\u0105dzenia gazowe wytwarzaj\u0105ce, przetwarzaj\u0105ce, przesy\u0142aj\u0105ce, magazynuj\u0105ce i zu\u017cywaj\u0105ce paliwa gazowe Organizowany przez nas kurs przygotowuje do podej\u015bcia do egzamin\u00f3w przed nast\u0119puj\u0105cymi komisjami certyfikuj\u0105cymi: SEP (Stowarzyszenie Elektryk\u00f3w Polskich), Polskie Stowarzyszenie Elektroinstalacyjne (PSE), Stowarzyszenie In\u017cynier\u00f3w i Technik\u00f3w Przemys\u0142u Spo\u017cywczego (SITPS lub SITSpo\u017c), Stowarzyszenie In\u017cynier\u00f3w Mechanik\u00f3w Polskich (SIMP). Cel szkolenia Osoby posiadaj\u0105ce stosowne uprawnienia budowlane elektryczne oraz do pracy z innymi sieciami, instalacjami i urz\u0105dzeniami mog\u0105 podj\u0105\u0107 zatrudnienie w zawodzie wymagaj\u0105cym posiadania takich w\u0142a\u015bnie uprawnie\u0144. Zach\u0119camy do bli\u017cszego zapoznania si\u0119 z nasz\u0105 ofert\u0105 zaprezentowan\u0105 na stronie internetowej. Zajmujemy si\u0119 organizacj\u0105 szkole\u0144 otwartych i zamkni\u0119tych prowadzonych we wskazanym [&hellip;]<\/p>\n","protected":false},"author":1,"featured_media":0,"parent":65,"menu_order":0,"comment_status":"closed","ping_status":"closed","template":"","meta":{"sfsi_plus_gutenberg_text_before_share":"","sfsi_plus_gutenberg_show_text_before_share":"","sfsi_plus_gutenberg_icon_type":"","sfsi_plus_gutenberg_icon_alignemt":"","sfsi_plus_gutenburg_max_per_row":"","footnotes":""},"class_list":["post-2411","page","type-page","status-publish","hentry","has_thumb"],"aioseo_notices":[],"_links":{"self":[{"href":"https:\/\/kursy-udt.pl\/de\/wp-json\/wp\/v2\/pages\/2411","targetHints":{"allow":["GET"]}}],"collection":[{"href":"https:\/\/kursy-udt.pl\/de\/wp-json\/wp\/v2\/pages"}],"about":[{"href":"https:\/\/kursy-udt.pl\/de\/wp-json\/wp\/v2\/types\/page"}],"author":[{"embeddable":true,"href":"https:\/\/kursy-udt.pl\/de\/wp-json\/wp\/v2\/users\/1"}],"replies":[{"embeddable":true,"href":"https:\/\/kursy-udt.pl\/de\/wp-json\/wp\/v2\/comments?post=2411"}],"version-history":[{"count":16,"href":"https:\/\/kursy-udt.pl\/de\/wp-json\/wp\/v2\/pages\/2411\/revisions"}],"predecessor-version":[{"id":3849,"href":"https:\/\/kursy-udt.pl\/de\/wp-json\/wp\/v2\/pages\/2411\/revisions\/3849"}],"up":[{"embeddable":true,"href":"https:\/\/kursy-udt.pl\/de\/wp-json\/wp\/v2\/pages\/65"}],"wp:attachment":[{"href":"https:\/\/kursy-udt.pl\/de\/wp-json\/wp\/v2\/media?parent=2411"}],"curies":[{"name":"wp","href":"https:\/\/api.w.org\/{rel}","templated":true}]}}