{"id":2370,"date":"2017-09-12T17:33:03","date_gmt":"2017-09-12T17:33:03","guid":{"rendered":"http:\/\/kursy-udt.pl\/?page_id=2370"},"modified":"2022-09-16T07:54:43","modified_gmt":"2022-09-16T07:54:43","slug":"arbeiten-an-masten","status":"publish","type":"page","link":"https:\/\/kursy-udt.pl\/de\/szkolenia\/wysokosciowe-na-uprawnienia-alpinistyczne\/praca-na-slupach-masztach\/","title":{"rendered":"Arbeiten an Masten, T\u00fcrmen, Schornsteinen, Geb\u00e4udestrukturen ohne Decken"},"content":{"rendered":"<p><img loading=\"lazy\" decoding=\"async\" class=\"paddingleft10 alignleft wp-image-2400\" src=\"https:\/\/kursy-udt.pl\/wp-content\/uploads\/2017\/11\/praca-na-kominach-zdjecie_m.jpeg\" alt=\"\" width=\"200\" height=\"150\" \/>Zu den gef\u00e4hrlichsten Arbeiten in der H\u00f6he geh\u00f6ren Arbeiten auf Masten, T\u00fcrmen, Schornsteinen, Geb\u00e4uden ohne Decken und dar\u00fcber hinaus auf Galerien, Plattformen, Podesten und anderen Erhebungen, wenn die Art der Arbeit es erfordert, dass sich der Arbeitnehmer \u00fcber das Gel\u00e4nder oder die Umrisse des Ger\u00e4ts, auf dem er steht, hinauslehnt oder eine andere erzwungene K\u00f6rperhaltung einnimmt, die eine Absturzgefahr darstellt.<\/p>\n<div class=\"wyjustuj\">\n<p>Arbeiten in der H\u00f6he erfordern eine angemessene Vorbereitung. Der Arbeitnehmer sollte sich folgenden Ma\u00dfnahmen unterzogen haben <a href=\"https:\/\/kursy-udt.pl\/de\/szkolenia\/wysokosciowe-na-uprawnienia-alpinistyczne\/\">Hochgebirgskurs<\/a>die ihm die entsprechende <a href=\"https:\/\/kursy-udt.pl\/de\/uprawnienia-udt\/kategorie-uprawnien-2\/\">Anrechte<\/a> f\u00fcr Arbeiten in der H\u00f6he. Es gibt zwei Arten von H\u00f6henkursen - Seilzugang und Geb\u00e4udezugang. Es ist auch wichtig, daran zu denken, dass die H\u00f6henqualifikationen erneuert werden sollten.<\/p>\n<h2><strong>Erforderliche pers\u00f6nliche Schutzausr\u00fcstung<\/strong><\/h2>\n<p>Bei Arbeiten an den oben genannten Bauwerken muss eine pers\u00f6nliche Absturzsicherung verwendet werden. Die gebr\u00e4uchlichsten sind Auffanggurte mit einer Sicherheitsleine, die an festen Teilen der Struktur befestigt ist, und Auffanggurte mit einem Beckengurt, die f\u00fcr Arbeiten unter St\u00fctzen, z. B. an Masten oder Pf\u00e4hlen, verwendet werden.<\/p>\n<p>Au\u00dferdem m\u00fcssen die Arbeitnehmer einen f\u00fcr den Einsatz in der H\u00f6he geeigneten Schutzhelm tragen.<\/p>\n<div class=\"filmw\">\n<div class=\"responsive-youtube\" style=\"text-align: center;\"><iframe loading=\"lazy\" title=\"YouTube-Video-Player\" src=\"https:\/\/www.youtube.com\/embed\/Lf4dfMhJft0\" width=\"560\" height=\"315\" frameborder=\"0\" allowfullscreen=\"allowfullscreen\"><\/iframe><\/div>\n<\/div>\n<h2><strong>Regeln vor der Arbeit<\/strong><\/h2>\n<p>Personen, die auf Masten, T\u00fcrmen, Schornsteinen, Geb\u00e4udestrukturen ohne Decken arbeiten und bei denen der Arbeitnehmer sich anlehnen oder eine Position einnehmen muss, die eine Absturzgefahr darstellt, sollten sich vor Beginn der Arbeit an bestimmte Pflichten erinnern.<\/p>\n<h3><strong>Vor Beginn der Arbeiten:<\/strong><\/h3>\n<ul>\n<li>sorgf\u00e4ltige Pr\u00fcfung des technischen Zustands der f\u00fcr die Arbeiten zu verwendenden Strukturen und Ausr\u00fcstungen - besondere Aufmerksamkeit sollte ihrer Festigkeit, Stabilit\u00e4t und den zu erwartenden Belastungen gewidmet werden<\/li>\n<li>darauf achten, dass Strukturen oder Ger\u00e4te vor unvorhergesehenen Lagever\u00e4nderungen gesch\u00fctzt werden<\/li>\n<li>pr\u00fcfen, ob die festen Teile der Struktur oder die Vorrichtungen zur Befestigung der Sicherheitsleinen ordnungsgem\u00e4\u00df funktionieren<\/li>\n<\/ul>\n<p>Alle Arbeiten in der H\u00f6he sollten au\u00dferdem gut geplant werden. Bei der Ausf\u00fchrung ihrer Aufgaben sollten die Arbeitnehmer die folgenden Regeln beachten <a href=\"https:\/\/kursy-udt.pl\/de\/szkolenia\/bhp-bezpieczenstwo-pracy\/prawna-ochrona-pracy\/\">GESUNDHEIT UND SICHERHEIT<\/a>um das Arbeiten in der H\u00f6he absolut sicher zu machen.<\/p>\n<\/div>\n<h2>Weitere Informationen:<\/h2>\n<div style=\"text-align: center; font-size: 85%; line-height: 120%;\">\n<div style=\"float: left; margin-right: 40px; height: 290px;\">\n<p><a href=\"\/de\/ausbildung\/qualifikationen-fur-das-bergsteigen-in-groser-hohe\/grundlegende-informationen-zum-arbeiten-in-der-hohe\/\"><img decoding=\"async\" src=\"\/wp-content\/uploads\/2017\/09\/szkolenie11.png\" alt=\"\" \/><\/a><\/p>\n<div style=\"width: 300px; font-size: 130%;\"><strong>Arbeiten in der H\u00f6he - grundlegende Informationen<\/strong><\/div>\n<p>&nbsp;<\/p>\n<\/div>\n<div style=\"float: left; margin-right: 40px; height: 290px;\">\n<p><a href=\"\/de\/ausbildung\/qualifikationen-fur-das-bergsteigen-in-groser-hohe\/haufigste-ursachen-fur-sturze-aus-groser-hohe\/\"><img decoding=\"async\" src=\"\/wp-content\/uploads\/2014\/08\/wypadek.jpg\" alt=\"\" \/><\/a><\/p>\n<div style=\"width: 300px; font-size: 130%;\"><strong>Die h\u00e4ufigsten Ursachen f\u00fcr St\u00fcrze aus der H\u00f6he<\/strong><\/div>\n<p>&nbsp;<\/p>\n<\/div>\n<\/div>\n<div style=\"clear: both;\"><\/div>\n<div style=\"text-align: center; font-size: 85%; line-height: 120%;\">\n<div style=\"float: left; margin-right: 40px; height: 290px;\">\n<p><a href=\"\/de\/ausbildung\/qualifikationen-fur-das-bergsteigen-in-groser-hohe\/personliche-schutzausrustung-fur-arbeiten-in-der-hohe\/\"><img decoding=\"async\" src=\"\/wp-content\/uploads\/2017\/11\/bezpieczenstwo-pracy-na-wysokosci-srodki-ochronne.jpeg\" alt=\"Arbeiten in gro\u00dfer H\u00f6he in Warschau\" \/><\/a><\/p>\n<div style=\"width: 300px; font-size: 130%;\"><strong>Pers\u00f6nliche Schutzausr\u00fcstung bei Arbeiten in der H\u00f6he<\/strong><\/div>\n<p>&nbsp;<\/p>\n<\/div>\n<div style=\"float: left; margin-right: 40px; height: 290px; padding-bottom: 50px;\">\n<p><a href=\"\/de\/ausbildung\/qualifikationen-fur-das-bergsteigen-in-groser-hohe\/praca-na-slupach-masztach-konstrukcjach-wiezowych-kominach-konstrukcjach-budowlanych-bez-stropow\/\"><img decoding=\"async\" src=\"\/wp-content\/uploads\/2017\/11\/praca-na-kominach-zdjecie.jpeg\" alt=\"Bergsteigerkurs zur Vorbereitung auf die Arbeit in der H\u00f6he\" \/><\/a><\/p>\n<div style=\"width: 300px; font-size: 130%;\"><strong>Arbeiten an Masten, T\u00fcrmen, Schornsteinen, Geb\u00e4udestrukturen ohne Decken<\/strong><\/div>\n<p>&nbsp;<\/p>\n<\/div>\n<\/div>\n<div style=\"float: left; margin-right: 40px; height: 290px;\">\n<div style=\"text-align: center; font-size: 85%; line-height: 120%;\">\n<p><a href=\"\/de\/ausbildung\/qualifikationen-fur-das-bergsteigen-in-groser-hohe\/\"><img decoding=\"async\" src=\"\/wp-content\/uploads\/2017\/09\/szkolenie11.png\" alt=\"Bergsteigerkurs zur Vorbereitung auf die Arbeit in der H\u00f6he\" \/><\/a><\/p>\n<div style=\"width: 300px; font-size: 130%;\"><strong>H\u00f6henkurs<\/strong><\/div>\n<p>&nbsp;<\/p>\n<\/div>\n<\/div>","protected":false},"excerpt":{"rendered":"<p>Do najniebezpieczniejszych prac na wysoko\u015bci zaliczaj\u0105 si\u0119 prace na s\u0142upach, masztach, konstrukcjach wie\u017cowych, kominach, konstrukcjach budowlanych bez strop\u00f3w, a ponadto na galeriach, pomostach, podestach i innych podwy\u017cszeniach, gdy rodzaj pracy wymaga od pracownika wychylenia si\u0119 poza balustrad\u0119 lub obrys urz\u0105dzenia, na kt\u00f3rym stoi, albo przyjmowania innego rodzaju wymuszonej pozycji cia\u0142a gro\u017c\u0105cej upadkiem z wysoko\u015bci. Praca na wysoko\u015bci wymaga odpowiedniego przygotowania. Pracownik powinien odby\u0107 kurs wysoko\u015bciowy, kt\u00f3ry nada mu odpowiednie uprawnienia do pracy na wysoko\u015bci. Istniej\u0105 dwa rodzaje kurs\u00f3w wysoko\u015bciowych \u2013 dost\u0119p linowy oraz dost\u0119p budowlany. Nale\u017cy te\u017c pami\u0119ta\u0107 o tym, \u017ce uprawnienia wysoko\u015bciowe powinny by\u0107 odnawiane. Niezb\u0119dne \u015brodki ochrony indywidualnej Podczas pracy na wy\u017cej wymienionych konstrukcjach nale\u017cy stosowa\u0107 \u015brodki ochrony indywidualnej zabezpieczaj\u0105ce przed upadkiem z wysoko\u015bci. Najcz\u0119\u015bciej s\u0105 to szelki bezpiecze\u0144stwa z link\u0105 bezpiecze\u0144stwa mocowan\u0105 do sta\u0142ych element\u00f3w konstrukcji, a tak\u017ce szelki z pasem biodrowym, kt\u00f3re u\u017cywane s\u0105 do pracy w podparciu, na przyk\u0142ad na masztach czy s\u0142upach. Pracownicy zobowi\u0105zani s\u0105 te\u017c do noszenia he\u0142m\u00f3w ochronnych przystosowanych do u\u017cywania na wysoko\u015bci. Zasady przed rozpocz\u0119ciem pracy Osoby wykonuj\u0105ce prac\u0119 na s\u0142upach, masztach, konstrukcjach wie\u017cowych, kominach, konstrukcjach budowlanych bez strop\u00f3w oraz tam, gdzie pracownik musi wychyla\u0107 si\u0119 czy przyjmowa\u0107 pozycj\u0119 gro\u017c\u0105c\u0105 upadkiem z wysoko\u015bci powinny pami\u0119ta\u0107 o okre\u015blonych obowi\u0105zkach przed rozpocz\u0119ciem pracy. Przed rozpocz\u0119ciem pracy nale\u017cy: dok\u0142adnie sprawdzi\u0107 stan techniczny konstrukcji oraz urz\u0105dze\u0144, kt\u00f3re maj\u0105 s\u0142u\u017cy\u0107 do wykonywania pracy \u2013 nale\u017cy zwr\u00f3ci\u0107 szczeg\u00f3ln\u0105 uwag\u0119 na ich wytrzyma\u0142o\u015b\u0107, stabilno\u015b\u0107 i przewidywane obci\u0105\u017cenie zwr\u00f3ci\u0107 uwag\u0119 na to, aby zabezpieczy\u0107 konstrukcje lub urz\u0105dzenia przed nieprzewidzian\u0105 zmian\u0105 po\u0142o\u017cenia zobaczy\u0107, czy stan techniczny element\u00f3w sta\u0142ych konstrukcji lub urz\u0105dze\u0144 do mocowania linek bezpiecze\u0144stwa [&hellip;]<\/p>\n","protected":false},"author":1,"featured_media":2399,"parent":2263,"menu_order":0,"comment_status":"closed","ping_status":"closed","template":"","meta":{"sfsi_plus_gutenberg_text_before_share":"","sfsi_plus_gutenberg_show_text_before_share":"","sfsi_plus_gutenberg_icon_type":"","sfsi_plus_gutenberg_icon_alignemt":"","sfsi_plus_gutenburg_max_per_row":"","footnotes":""},"class_list":["post-2370","page","type-page","status-publish","has-post-thumbnail","hentry","has_thumb"],"aioseo_notices":[],"_links":{"self":[{"href":"https:\/\/kursy-udt.pl\/de\/wp-json\/wp\/v2\/pages\/2370","targetHints":{"allow":["GET"]}}],"collection":[{"href":"https:\/\/kursy-udt.pl\/de\/wp-json\/wp\/v2\/pages"}],"about":[{"href":"https:\/\/kursy-udt.pl\/de\/wp-json\/wp\/v2\/types\/page"}],"author":[{"embeddable":true,"href":"https:\/\/kursy-udt.pl\/de\/wp-json\/wp\/v2\/users\/1"}],"replies":[{"embeddable":true,"href":"https:\/\/kursy-udt.pl\/de\/wp-json\/wp\/v2\/comments?post=2370"}],"version-history":[{"count":11,"href":"https:\/\/kursy-udt.pl\/de\/wp-json\/wp\/v2\/pages\/2370\/revisions"}],"predecessor-version":[{"id":4311,"href":"https:\/\/kursy-udt.pl\/de\/wp-json\/wp\/v2\/pages\/2370\/revisions\/4311"}],"up":[{"embeddable":true,"href":"https:\/\/kursy-udt.pl\/de\/wp-json\/wp\/v2\/pages\/2263"}],"wp:featuredmedia":[{"embeddable":true,"href":"https:\/\/kursy-udt.pl\/de\/wp-json\/wp\/v2\/media\/2399"}],"wp:attachment":[{"href":"https:\/\/kursy-udt.pl\/de\/wp-json\/wp\/v2\/media?parent=2370"}],"curies":[{"name":"wp","href":"https:\/\/api.w.org\/{rel}","templated":true}]}}