{"id":2359,"date":"2017-09-12T16:32:20","date_gmt":"2017-09-12T16:32:20","guid":{"rendered":"http:\/\/kursy-udt.pl\/?page_id=2359"},"modified":"2022-09-16T07:53:51","modified_gmt":"2022-09-16T07:53:51","slug":"haufigste-ursachen-fur-sturze-aus-groser-hohe","status":"publish","type":"page","link":"https:\/\/kursy-udt.pl\/de\/szkolenia\/wysokosciowe-na-uprawnienia-alpinistyczne\/najczestsze-przyczyny-upadkow-z-wysokosci\/","title":{"rendered":"Die h\u00e4ufigsten Ursachen f\u00fcr St\u00fcrze aus der H\u00f6he"},"content":{"rendered":"<div style=\"float: left; padding-right: 10px;\"><img decoding=\"async\" src=\"\/wp-content\/uploads\/2014\/08\/wypadek_m.jpg\" alt=\"\" \/><\/div>\n<div class=\"wyjustuj\">Arbeitnehmer, die ihre Arbeit in der H\u00f6he verrichten, sollten besonders vorsichtig sein. Nach Angaben des Statistischen Zentralamtes sind St\u00fcrze aus der H\u00f6he f\u00fcr bis zu 30% aller Arbeitsunf\u00e4lle in Polen verantwortlich. Es liegt in der Verantwortung des Arbeitgebers und des Arbeitnehmers, bei der Durchf\u00fchrung von Arbeiten in der H\u00f6he besondere Sorgfalt walten zu lassen.<br \/>\nDamit ein Arbeitnehmer Arbeiten in der H\u00f6he ausf\u00fchren kann, muss er die entsprechenden <a href=\"https:\/\/kursy-udt.pl\/de\/szkolenia\/wysokosciowe-na-uprawnienia-alpinistyczne\/\">Hochgebirgskurs<\/a> Vermittlung der Grundlagen f\u00fcr die Durchf\u00fchrung von Arbeiten in der H\u00f6he. Dabei gibt es zwei Arten von Kursen: den seilunterst\u00fctzten Zugang und den Bauzugang. <a href=\"https:\/\/kursy-udt.pl\/de\/uprawnienia-udt\/kategorie-uprawnien-2\/\">Anrechte<\/a> die in der H\u00f6he arbeiten, sollten wissen, wie sie sich bei der Aus\u00fcbung ihrer T\u00e4tigkeit in der H\u00f6he zu verhalten haben. Unzureichende Bergsteigerarbeit, fehlende oder unvollst\u00e4ndige Ausbildung geh\u00f6ren zu den schwerwiegenden Problemen bei Unf\u00e4llen in der H\u00f6he.<\/p>\n<div class=\"filmw\">\n<div class=\"responsive-youtube\" style=\"text-align: center;\"><iframe loading=\"lazy\" title=\"YouTube-Video-Player\" src=\"https:\/\/www.youtube.com\/embed\/Lf4dfMhJft0\" width=\"560\" height=\"315\" frameborder=\"0\" allowfullscreen=\"allowfullscreen\"><\/iframe><\/div>\n<\/div>\n<p><strong>Die Hauptursachen f\u00fcr St\u00fcrze aus der H\u00f6he sind folgende:<\/strong><\/p>\n<ul>\n<li>geringes Risikobewusstsein<\/li>\n<li>Beginn von Arbeiten in der H\u00f6he ohne angemessene Planung<\/li>\n<li>unzureichende Unterrichtung der Arbeitnehmer \u00fcber die Risiken, was auch bedeutet, dass sie keine angemessenen Anweisungen und Schulungen erhalten<\/li>\n<li>unzureichende \u00dcberwachung der Durchf\u00fchrung von Arbeiten in der H\u00f6he<\/li>\n<li>Arbeiten in der H\u00f6he ohne Fallschutzausr\u00fcstung<\/li>\n<li>Nichtbenutzung oder unsachgem\u00e4\u00dfe Benutzung von Schutzausr\u00fcstungen durch Arbeitnehmer<\/li>\n<\/ul>\n<p><strong>Die h\u00e4ufigsten Ursachen f\u00fcr Sturzunf\u00e4lle bei der Arbeit sind:<\/strong><\/p>\n<ul>\n<li>unangemessenes Verhalten von Arbeitnehmern am Arbeitsplatz aufgrund von Verantwortungslosigkeit oder mangelnder Schulung \u00fcber <a href=\"https:\/\/kursy-udt.pl\/de\/szkolenia\/bhp-bezpieczenstwo-pracy\/prawna-ochrona-pracy\/\">GESUNDHEIT UND SICHERHEIT<\/a><\/li>\n<li>Fehlen oder schlechter Zustand von Schutzvorrichtungen<\/li>\n<li>unzureichende Organisation und Koordinierung der Arbeiten<\/li>\n<li>Duldung von Abweichungen von den Grundregeln durch die direkte Aufsicht von OSH<\/li>\n<\/ul>\n<p>Die Grundlage f\u00fcr die Vermeidung von Unf\u00e4llen ist daher ein gut geplantes, sicheres Arbeiten in der H\u00f6he - die H\u00f6henqualifikation ist hier sehr wichtig, aber ebenso wichtig ist die richtige Arbeitskultur f\u00fcr die Mitarbeiter.<\/p>\n<p>Es ist auch wichtig, daran zu denken, dass diejenigen, die als Industriekletterer oder Bauarbeiter in der H\u00f6he arbeiten, an Auffrischungskursen teilnehmen sollten, die sie auf den neuesten Stand der Vorschriften und Techniken bei Arbeiten in der H\u00f6he bringen.<\/p>\n<\/div>\n<h2>Weitere Informationen:<\/h2>\n<div style=\"text-align: center; font-size: 85%; line-height: 120%;\">\n<div style=\"float: left; margin-right: 40px; height: 290px;\">\n<p><a href=\"\/de\/ausbildung\/qualifikationen-fur-das-bergsteigen-in-groser-hohe\/grundlegende-informationen-zum-arbeiten-in-der-hohe\/\"><img decoding=\"async\" src=\"\/wp-content\/uploads\/2017\/09\/szkolenie11.png\" alt=\"\" \/><\/a><\/p>\n<div style=\"width: 300px; font-size: 130%;\"><strong>Arbeiten in der H\u00f6he - grundlegende Informationen<\/strong><\/div>\n<p>&nbsp;<\/p>\n<\/div>\n<div style=\"float: left; margin-right: 40px; height: 290px;\">\n<p><a href=\"\/de\/ausbildung\/qualifikationen-fur-das-bergsteigen-in-groser-hohe\/haufigste-ursachen-fur-sturze-aus-groser-hohe\/\"><img decoding=\"async\" src=\"\/wp-content\/uploads\/2014\/08\/wypadek.jpg\" alt=\"\" \/><\/a><\/p>\n<div style=\"width: 300px; font-size: 130%;\"><strong>Die h\u00e4ufigsten Ursachen f\u00fcr St\u00fcrze aus der H\u00f6he<\/strong><\/div>\n<p>&nbsp;<\/p>\n<\/div>\n<\/div>\n<div style=\"clear: both;\"><\/div>\n<div style=\"text-align: center; font-size: 85%; line-height: 120%;\">\n<div style=\"float: left; margin-right: 40px; height: 290px;\">\n<p><a href=\"\/de\/ausbildung\/qualifikationen-fur-das-bergsteigen-in-groser-hohe\/personliche-schutzausrustung-fur-arbeiten-in-der-hohe\/\"><img decoding=\"async\" src=\"\/wp-content\/uploads\/2017\/11\/bezpieczenstwo-pracy-na-wysokosci-srodki-ochronne.jpeg\" alt=\"Arbeiten in gro\u00dfer H\u00f6he in Warschau\" \/><\/a><\/p>\n<div style=\"width: 300px; font-size: 130%;\"><strong>Pers\u00f6nliche Schutzausr\u00fcstung bei Arbeiten in der H\u00f6he<\/strong><\/div>\n<p>&nbsp;<\/p>\n<\/div>\n<div style=\"float: left; margin-right: 40px; height: 290px; padding-bottom: 50px;\">\n<p><a href=\"\/de\/ausbildung\/qualifikationen-fur-das-bergsteigen-in-groser-hohe\/arbeiten-an-masten\/\"><img loading=\"lazy\" decoding=\"async\" class=\"alignnone\" src=\"\/wp-content\/uploads\/2017\/11\/praca-na-kominach-zdjecie.jpeg\" alt=\"Bergsteigerkurs zur Vorbereitung auf die Arbeit in der H\u00f6he\" width=\"300\" height=\"225\" \/><\/a><\/p>\n<div style=\"width: 300px; font-size: 130%;\"><strong>Arbeiten an Masten, T\u00fcrmen, Schornsteinen, Geb\u00e4udestrukturen ohne Decken<\/strong><\/div>\n<p>&nbsp;<\/p>\n<\/div>\n<\/div>\n<div style=\"float: left; margin-right: 40px; height: 290px;\">\n<div style=\"text-align: center; font-size: 85%; line-height: 120%;\">\n<p><a href=\"\/de\/ausbildung\/qualifikationen-fur-das-bergsteigen-in-groser-hohe\/\"><img decoding=\"async\" src=\"\/wp-content\/uploads\/2017\/09\/szkolenie11.png\" alt=\"Bergsteigerkurs zur Vorbereitung auf die Arbeit in der H\u00f6he\" \/><\/a><\/p>\n<div style=\"width: 300px; font-size: 130%;\"><strong>H\u00f6henkurs<\/strong><\/div>\n<p>&nbsp;<\/p>\n<\/div>\n<\/div>","protected":false},"excerpt":{"rendered":"<p>Pracownicy wykonuj\u0105cy swoje obowi\u0105zki na wysoko\u015bci powinni zachowa\u0107 szczeg\u00f3ln\u0105 ostro\u017cno\u015b\u0107. Wed\u0142ug danych GUS upadek z wysoko\u015bci to nawet do 30% wszystkich wypadk\u00f3w przy pracy w Polsce. Zadaniem pracodawcy oraz pracownika jest szczeg\u00f3lna dba\u0142o\u015b\u0107 o bezpiecze\u0144stwo w trakcie wykonywania prac na wysoko\u015bci. Aby pracownik m\u00f3g\u0142 wykonywa\u0107 prace na wysoko\u015bci, musi przej\u015b\u0107 odpowiedni kurs wysoko\u015bciowy ucz\u0105cy podstawowych informacji o wykonywaniu obowi\u0105zk\u00f3w na wysoko\u015bci. Wyr\u00f3\u017cniamy przy tym dwa rodzaje kurs\u00f3w: dost\u0119p linowy oraz dost\u0119p budowlany.Odpowiednio przeszkolony pracownik posiadaj\u0105cy uprawnienia do pracy na wysoko\u015bci powinien wiedzie\u0107, jak nale\u017cy zachowywa\u0107 si\u0119 podczas wykonywania obowi\u0105zk\u00f3w na wysoko\u015bci. Nieodpowiednio prowadzone prace alpinistyczne, brak czy niepe\u0142ne przeszkolenie s\u0105 jednymi z powa\u017cnych problem\u00f3w stoj\u0105cych u podstaw wypadk\u00f3w na wysoko\u015bci. G\u0142\u00f3wne przyczyny upadk\u00f3w z wysoko\u015bci dotycz\u0105: niskiej \u015bwiadomo\u015bci zagro\u017cenia rozpoczynanie pracy na wysoko\u015bci bez jej odpowiedniego zaplanowania niedostateczne informowanie pracownik\u00f3w o zagro\u017ceniach, do czego zalicza si\u0119 niedostarczanie im w\u0142a\u015bciwych instrukcji i brak szkole\u0144 niedostateczny nadz\u00f3r nad prowadzeniem prac na wysoko\u015bci prace na wysoko\u015bci wykonywane bez sprz\u0119tu chroni\u0105cego przed upadkiem nieu\u017cywanie lub nieprawid\u0142owe stosowanie przez pracownik\u00f3w sprz\u0119tu ochronnego Najcz\u0119stsze przyczyny wypadk\u00f3w przy pracy zwi\u0105zanych z upadkiem z wysoko\u015bci s\u0105: niew\u0142a\u015bciwe zachowanie si\u0119 pracownik\u00f3w podczas pracy wywo\u0142ane nieodpowiedzialno\u015bci\u0105 lub brakiem szkole\u0144 z zakresu BHP brak urz\u0105dze\u0144 ochronnych lub ich z\u0142y stan techniczny niew\u0142a\u015bciwa organizacja i koordynacja rob\u00f3t tolerowanie odst\u0119pstw od podstawowych zasad przez bezpo\u015bredni nadz\u00f3r BHP Wobec tego podstaw\u0105 braku wypadk\u00f3w jest odpowiednio zaplanowana, bezpieczna praca na wysoko\u015bci \u2013 uprawnienia wysoko\u015bciowe s\u0105 tutaj bardzo wa\u017cne, ale r\u00f3wnie istotna jest w\u0142a\u015bciwa kultura pracy pracownik\u00f3w. Nale\u017cy te\u017c pami\u0119ta\u0107, \u017ce osoby pracuj\u0105cej jako alpinista przemys\u0142owy lub pracownik budowlany pracuj\u0105cy na [&hellip;]<\/p>\n","protected":false},"author":1,"featured_media":1306,"parent":2263,"menu_order":0,"comment_status":"closed","ping_status":"closed","template":"","meta":{"sfsi_plus_gutenberg_text_before_share":"","sfsi_plus_gutenberg_show_text_before_share":"","sfsi_plus_gutenberg_icon_type":"","sfsi_plus_gutenberg_icon_alignemt":"","sfsi_plus_gutenburg_max_per_row":"","footnotes":""},"class_list":["post-2359","page","type-page","status-publish","has-post-thumbnail","hentry","has_thumb"],"aioseo_notices":[],"_links":{"self":[{"href":"https:\/\/kursy-udt.pl\/de\/wp-json\/wp\/v2\/pages\/2359","targetHints":{"allow":["GET"]}}],"collection":[{"href":"https:\/\/kursy-udt.pl\/de\/wp-json\/wp\/v2\/pages"}],"about":[{"href":"https:\/\/kursy-udt.pl\/de\/wp-json\/wp\/v2\/types\/page"}],"author":[{"embeddable":true,"href":"https:\/\/kursy-udt.pl\/de\/wp-json\/wp\/v2\/users\/1"}],"replies":[{"embeddable":true,"href":"https:\/\/kursy-udt.pl\/de\/wp-json\/wp\/v2\/comments?post=2359"}],"version-history":[{"count":10,"href":"https:\/\/kursy-udt.pl\/de\/wp-json\/wp\/v2\/pages\/2359\/revisions"}],"predecessor-version":[{"id":4308,"href":"https:\/\/kursy-udt.pl\/de\/wp-json\/wp\/v2\/pages\/2359\/revisions\/4308"}],"up":[{"embeddable":true,"href":"https:\/\/kursy-udt.pl\/de\/wp-json\/wp\/v2\/pages\/2263"}],"wp:featuredmedia":[{"embeddable":true,"href":"https:\/\/kursy-udt.pl\/de\/wp-json\/wp\/v2\/media\/1306"}],"wp:attachment":[{"href":"https:\/\/kursy-udt.pl\/de\/wp-json\/wp\/v2\/media?parent=2359"}],"curies":[{"name":"wp","href":"https:\/\/api.w.org\/{rel}","templated":true}]}}