{"id":2354,"date":"2017-09-12T16:00:59","date_gmt":"2017-09-12T16:00:59","guid":{"rendered":"http:\/\/kursy-udt.pl\/?page_id=2354"},"modified":"2025-12-20T20:02:54","modified_gmt":"2025-12-20T19:02:54","slug":"grundlegende-informationen-zum-arbeiten-in-der-hohe","status":"publish","type":"page","link":"https:\/\/kursy-udt.pl\/de\/szkolenia\/wysokosciowe-na-uprawnienia-alpinistyczne\/prace-na-wysokosci-podstawowe-informacje\/","title":{"rendered":"Arbeiten in der H\u00f6he - grundlegende Informationen"},"content":{"rendered":"<div style=\"float: left; padding-right: 10px;\"><img decoding=\"async\" src=\"\/wp-content\/uploads\/2014\/04\/05-foto-szkolenia2.jpeg\" alt=\"\" \/><\/div>\n<div class=\"wyjustuj\">\n<div>Arbeiten in der H\u00f6he gelten als besonders gef\u00e4hrlich. Dies ist vor allem darauf zur\u00fcckzuf\u00fchren, dass Abst\u00fcrze eine der h\u00e4ufigsten Ursachen f\u00fcr schwere und t\u00f6dliche Arbeitsunf\u00e4lle sind. Daher m\u00fcssen bei Arbeiten in der H\u00f6he besondere Vorsichtsma\u00dfnahmen getroffen werden.<\/div>\n<p>Im Sinne der Verordnung des Ministers f\u00fcr Arbeit und Sozialpolitik vom 26. September 1997 \u00fcber allgemeine Bestimmungen zur Sicherheit und Hygiene am Arbeitsplatz in ihrer ge\u00e4nderten Fassung. (konsolidierter Text: Gesetzblatt 2003, Nr. 169, Pos. 1650) werden Arbeiten in der H\u00f6he auf einer Fl\u00e4che in einer Mindesth\u00f6he von 1 Meter \u00fcber dem Boden oder dem Fu\u00dfboden ausgef\u00fchrt.<\/p>\n<h2 class=\"naglowekh2\"><strong>Die Arbeit in der H\u00f6he umfasst nicht:<\/strong><\/h2>\n<ul>\n<li>Arbeiten, unabh\u00e4ngig von der H\u00f6he, auf einer Fl\u00e4che, die auf allen Seiten durch feste W\u00e4nde oder durch mindestens 1,5 m hohe verglaste Fenster abgeschirmt ist<\/li>\n<li>Arbeiten, unabh\u00e4ngig von der H\u00f6he, auf Fl\u00e4chen, die mit anderen Vorrichtungen oder festen Fallschutzstrukturen ausgestattet sind<\/li>\n<\/ul>\n<p>Ein Mitarbeiter, der in der H\u00f6he arbeitet, sollte einen entsprechenden H\u00f6henkurs absolvieren. Kurse dieser Art werden je nach Art der ausgef\u00fchrten Arbeiten, beispielsweise Bergsteigerarbeiten, organisiert. In diesem Fall gelten die H\u00f6henberechtigungen, die nach erfolgreichem Bestehen der Pr\u00fcfung erteilt werden.<\/p>\n<div class=\"filmw\">\n<div class=\"responsive-youtube\" style=\"text-align: center;\"><iframe loading=\"lazy\" title=\"YouTube-Video-Player\" src=\"https:\/\/www.youtube.com\/embed\/Lf4dfMhJft0\" width=\"560\" height=\"315\" frameborder=\"0\" allowfullscreen=\"allowfullscreen\"><\/iframe><\/div>\n<\/div>\n<h2 class=\"naglowekh2\"><strong>Arbeiten in einer H\u00f6he von bis zu 2 Metern<\/strong><\/h2>\n<p>Auf Fl\u00e4chen, die mindestens 1 Meter \u00fcber dem Boden liegen, sollten Gel\u00e4nder mit mindestens 1,1 Meter hohen Leitplanken und einem mindestens 15 Zentimeter hohen Bordstein angebracht werden. Zwischen dem Handlauf und dem Bordstein sollte eine Querstange oder ein anderer Abstand vorhanden sein, um ein Herunterfallen zu verhindern.<\/p>\n<p>Wenn es nicht m\u00f6glich ist, ein Gel\u00e4nder anzubringen, werden besondere Ma\u00dfnahmen zum Schutz der Arbeitnehmer vor Abst\u00fcrzen getroffen. Diese Ma\u00dfnahmen sind auf die Bedingungen und die Art der Arbeit zugeschnitten.<\/p>\n<p>Bei Arbeiten auf Leitern, St\u00fctzen, Ger\u00fcsten und anderen Erh\u00f6hungen bis zu einer H\u00f6he von 2 Metern ist darauf zu achten, dass diese stabil, fest und gegen unerwartete Lagever\u00e4nderungen gesichert sind. Arbeitsb\u00fchnen sollten \u00fcber eine ausreichende Fl\u00e4che, einen ebenen und fest verankerten Boden verf\u00fcgen und mit Angaben zur zul\u00e4ssigen Belastung versehen sein.<\/p>\n<h2 class=\"naglowekh2\"><strong>Arbeiten in einer H\u00f6he von mehr als 2 Metern<\/strong><\/h2>\n<p>Bei Arbeiten auf Ger\u00fcsten in einer H\u00f6he von mehr als 2 Metern \u00fcber dem Boden oder der Erde und auf mobilen H\u00e4ngeb\u00fchnen m\u00fcssen die sichere vertikale Verbindung und der Zugang zum Arbeitsplatz sowie die Stabilit\u00e4t und Festigkeit des Ger\u00fcsts gew\u00e4hrleistet sein.<\/p>\n<p>Arbeiten an Masten, Pf\u00e4hlen, T\u00fcrmen, Schornsteinen und anderen Konstruktionen ohne Decken, beim Abbau von Ger\u00fcsten, bei denen ein seilunterst\u00fctzter Zugang verwendet wird, sowie bei Arbeiten auf Leitern und Konsolen in einer H\u00f6he von mehr als 2 Metern m\u00fcssen:<\/p>\n<ul>\n<li>den technischen Zustand von Bauwerken oder Ausr\u00fcstungen vor Beginn der Arbeiten zu \u00fcberpr\u00fcfen, einschlie\u00dflich ihrer Festigkeit, Stabilit\u00e4t und ihres Schutzes vor unerwarteten Lagever\u00e4nderungen<\/li>\n<li>Bereitstellung von Absturzsicherungen und Schutzhelmen, um die Arbeit in der H\u00f6he sicher zu machen<\/li>\n<\/ul>\n<p>Die oben genannten Anforderungen gelten auch f\u00fcr Arbeiten auf Plattformen, Podesten, Galerien und anderen Arten von Erh\u00f6hungen, bei denen man sich \u00fcber die Kante des Ger\u00e4ts oder des Gel\u00e4nders beugen muss, sowie f\u00fcr die Einnahme einer Position, die eine Absturzgefahr birgt.<\/p>\n<\/div>\n<h3 class=\"naglowekh2\">Weitere Informationen:<\/h3>\n<div style=\"text-align: center; font-size: 85%; line-height: 120%;\">\n<div style=\"float: left; margin-right: 40px; height: 290px;\">\n<p><a href=\"\/de\/ausbildung\/qualifikationen-fur-das-bergsteigen-in-groser-hohe\/grundlegende-informationen-zum-arbeiten-in-der-hohe\/\"><img decoding=\"async\" src=\"\/wp-content\/uploads\/2017\/09\/szkolenie11.png\" alt=\"\" \/><\/a><\/p>\n<div style=\"width: 300px; font-size: 130%;\"><strong>Arbeiten in der H\u00f6he - grundlegende Informationen<\/strong><\/div>\n<p>&nbsp;<\/p>\n<\/div>\n<div style=\"float: left; margin-right: 40px; height: 290px;\">\n<p><a href=\"\/de\/ausbildung\/qualifikationen-fur-das-bergsteigen-in-groser-hohe\/haufigste-ursachen-fur-sturze-aus-groser-hohe\/\"><img decoding=\"async\" src=\"\/wp-content\/uploads\/2014\/08\/wypadek.jpg\" alt=\"\" \/><\/a><\/p>\n<div style=\"width: 300px; font-size: 130%;\"><strong>Die h\u00e4ufigsten Ursachen f\u00fcr St\u00fcrze aus der H\u00f6he<\/strong><\/div>\n<p>&nbsp;<\/p>\n<\/div>\n<\/div>\n<div style=\"clear: both;\"><\/div>\n<div style=\"text-align: center; font-size: 85%; line-height: 120%;\">\n<div style=\"float: left; margin-right: 40px; height: 290px;\">\n<p><a href=\"\/de\/ausbildung\/qualifikationen-fur-das-bergsteigen-in-groser-hohe\/personliche-schutzausrustung-fur-arbeiten-in-der-hohe\/\"><img decoding=\"async\" src=\"\/wp-content\/uploads\/2017\/11\/bezpieczenstwo-pracy-na-wysokosci-srodki-ochronne.jpeg\" alt=\"Arbeiten in gro\u00dfer H\u00f6he in Warschau\" \/><\/a><\/p>\n<div style=\"width: 300px; font-size: 130%;\"><strong>Pers\u00f6nliche Schutzausr\u00fcstung bei Arbeiten in der H\u00f6he<\/strong><\/div>\n<p>&nbsp;<\/p>\n<\/div>\n<div style=\"float: left; margin-right: 40px; height: 290px; padding-bottom: 50px;\"><\/div>\n<\/div>\n<div style=\"float: left; margin-right: 40px; height: 290px;\">\n<div style=\"text-align: center; font-size: 85%; line-height: 120%;\">\n<p><a href=\"\/de\/ausbildung\/qualifikationen-fur-das-bergsteigen-in-groser-hohe\/\"><img decoding=\"async\" src=\"\/wp-content\/uploads\/2017\/09\/szkolenie11.png\" alt=\"Bergsteigerkurs zur Vorbereitung auf die Arbeit in der H\u00f6he\" \/><\/a><\/p>\n<div style=\"width: 300px; font-size: 130%;\"><strong>H\u00f6henkurs<\/strong><\/div>\n<p>&nbsp;<\/p>\n<\/div>\n<\/div>","protected":false},"excerpt":{"rendered":"<p>Prace prowadzone na wysoko\u015bci zaliczaj\u0105 si\u0119 do szczeg\u00f3lnie niebezpiecznych. Wynika to g\u0142\u00f3wnie z faktu, \u017ce upadek z wysoko\u015bci jest jedn\u0105 z najcz\u0119stszych przyczyn ci\u0119\u017ckich i \u015bmiertelnych wypadk\u00f3w przy pracy. W zwi\u0105zku z tym podczas prac na wysoko\u015bci nale\u017cy zachowa\u0107 szczeg\u00f3lne \u015brodki ostro\u017cno\u015bci. W rozumieniu Rozporz\u0105dzenia Ministra Pracy i Polityki Socjalnej z dnia 26 wrze\u015bnia 1997 roku w sprawie og\u00f3lnych przepis\u00f3w bezpiecze\u0144stwa i higieny pracy z p\u00f3\u017cn. zm. (tekst jedn.: Dz. U. z 2003 r., nr 169, poz. 1650) praca na wysoko\u015bci jest wykonywana na powierzchni na wysoko\u015bci minimum 1 metra nad poziomem ziemi albo pod\u0142ogi. Do prac na wysoko\u015bci nie zalicza si\u0119: prac niezale\u017cnie od wysoko\u015bci na powierzchni os\u0142oni\u0119tej ze wszystkich stron \u015bcianami pe\u0142nymi lub z oknami oszklonymi o wysoko\u015bci minimum 1,5 metra prac niezale\u017cnie od wysoko\u015bci na powierzchni wyposa\u017conej w inne urz\u0105dzenia czy sta\u0142e konstrukcje zabezpieczaj\u0105ce przed upadkiem z wysoko\u015bci Pracownik pracuj\u0105cy na wysoko\u015bci powinien przej\u015b\u0107 odpowiedni kurs wysoko\u015bciowy. Kursy tego rodzaju organizuje si\u0119 w zale\u017cno\u015bci od rodzaju wykonywanych prac, na przyk\u0142ad takich jak prace alpinistyczne. W\u00f3wczas stosuje si\u0119 uprawnienia wysoko\u015bciowe nadawane po pozytywnym zaliczeniu egzaminu. Praca na wysoko\u015bci do 2 metr\u00f3w Na powierzchniach znajduj\u0105cych si\u0119 na wysoko\u015bci co najmniej 1 metra nad poziomem ziemi czy pod\u0142ogi nale\u017cy zamontowa\u0107 balustrady z por\u0119czami ochronnymi o wysoko\u015bci minimum 1,1 metra oraz z kraw\u0119\u017cnikiem o wysoko\u015bci co najmniej 15 centymetr\u00f3w. Pomi\u0119dzy por\u0119cz\u0105 a kraw\u0119\u017cnikiem powinna znajdowa\u0107 si\u0119 poprzeczka lub inna przestrze\u0144 zapobiegaj\u0105ca wypadni\u0119ciu os\u00f3b. Gdy nie jest mo\u017cliwe zamontowanie balustrady, w\u00f3wczas stosuje si\u0119 specjalne \u015brodki ochrony pracownik\u00f3w przed upadkami. \u015arodki te s\u0105 dopasowane do warunk\u00f3w i rodzaju [&hellip;]<\/p>\n","protected":false},"author":1,"featured_media":2384,"parent":2263,"menu_order":0,"comment_status":"closed","ping_status":"closed","template":"","meta":{"sfsi_plus_gutenberg_text_before_share":"","sfsi_plus_gutenberg_show_text_before_share":"","sfsi_plus_gutenberg_icon_type":"","sfsi_plus_gutenberg_icon_alignemt":"","sfsi_plus_gutenburg_max_per_row":"","footnotes":""},"class_list":["post-2354","page","type-page","status-publish","has-post-thumbnail","hentry","has_thumb"],"aioseo_notices":[],"_links":{"self":[{"href":"https:\/\/kursy-udt.pl\/de\/wp-json\/wp\/v2\/pages\/2354","targetHints":{"allow":["GET"]}}],"collection":[{"href":"https:\/\/kursy-udt.pl\/de\/wp-json\/wp\/v2\/pages"}],"about":[{"href":"https:\/\/kursy-udt.pl\/de\/wp-json\/wp\/v2\/types\/page"}],"author":[{"embeddable":true,"href":"https:\/\/kursy-udt.pl\/de\/wp-json\/wp\/v2\/users\/1"}],"replies":[{"embeddable":true,"href":"https:\/\/kursy-udt.pl\/de\/wp-json\/wp\/v2\/comments?post=2354"}],"version-history":[{"count":12,"href":"https:\/\/kursy-udt.pl\/de\/wp-json\/wp\/v2\/pages\/2354\/revisions"}],"predecessor-version":[{"id":6233,"href":"https:\/\/kursy-udt.pl\/de\/wp-json\/wp\/v2\/pages\/2354\/revisions\/6233"}],"up":[{"embeddable":true,"href":"https:\/\/kursy-udt.pl\/de\/wp-json\/wp\/v2\/pages\/2263"}],"wp:featuredmedia":[{"embeddable":true,"href":"https:\/\/kursy-udt.pl\/de\/wp-json\/wp\/v2\/media\/2384"}],"wp:attachment":[{"href":"https:\/\/kursy-udt.pl\/de\/wp-json\/wp\/v2\/media?parent=2354"}],"curies":[{"name":"wp","href":"https:\/\/api.w.org\/{rel}","templated":true}]}}