{"id":2263,"date":"2017-06-25T18:00:45","date_gmt":"2017-06-25T18:00:45","guid":{"rendered":"http:\/\/kursy-udt.pl\/?page_id=2263"},"modified":"2023-03-07T00:18:54","modified_gmt":"2023-03-06T23:18:54","slug":"qualifikationen-fur-das-bergsteigen-in-groser-hohe","status":"publish","type":"page","link":"https:\/\/kursy-udt.pl\/de\/szkolenia\/wysokosciowe-na-uprawnienia-alpinistyczne\/","title":{"rendered":"H\u00f6henkurs"},"content":{"rendered":"<h2 class=\"naglowekh2\"><strong>Genehmigung f\u00fcr Bergsteigerarbeiten in der H\u00f6he - Warschau und ganz Polen<\/strong><\/h2>\n<p><img loading=\"lazy\" decoding=\"async\" class=\"paddingleft10 alignleft wp-image-3434 size-medium\" src=\"https:\/\/kursy-udt.pl\/wp-content\/uploads\/2021\/08\/Projekt-bez-tytulu-39-300x251.jpg\" alt=\"\" width=\"300\" height=\"251\" srcset=\"https:\/\/kursy-udt.pl\/wp-content\/uploads\/2021\/08\/Projekt-bez-tytulu-39-300x251.jpg 300w, https:\/\/kursy-udt.pl\/wp-content\/uploads\/2021\/08\/Projekt-bez-tytulu-39-768x644.jpg 768w, https:\/\/kursy-udt.pl\/wp-content\/uploads\/2021\/08\/Projekt-bez-tytulu-39-624x523.jpg 624w, https:\/\/kursy-udt.pl\/wp-content\/uploads\/2021\/08\/Projekt-bez-tytulu-39.jpg 940w\" sizes=\"auto, (max-width: 300px) 100vw, 300px\" \/>Wir ermutigen Sie, unsere professionell vorbereiteten H\u00f6hentrainingskurse zu besuchen. Setzen Sie auf ein spezialisiertes Ausbilderteam sowie auf g\u00fcnstige Preise und komfortable Konditionen.<br \/>\nGem\u00e4\u00df der Verordnung des Ministers f\u00fcr Arbeit und Sozialpolitik vom 26. September 1997 \u00fcber die allgemeinen Gesundheits- und Sicherheitsvorschriften gilt als Arbeit in der H\u00f6he jede T\u00e4tigkeit, die in einer H\u00f6he von mindestens einem Meter \u00fcber dem Boden ausgef\u00fchrt wird.<\/p>\n<p>W\u00e4hrend unserer Schulung wird jeder Teilnehmer die notwendigen Kenntnisse in Bezug auf die gesetzlichen und organisatorischen Anforderungen bei Arbeiten in der H\u00f6he erwerben und spezifische F\u00e4higkeiten erwerben, die es ihm erm\u00f6glichen, Gefahren zu erkennen und Risiken bei Arbeiten in der H\u00f6he zu beurteilen. Dar\u00fcber hinaus schulen wir den Umgang mit der f\u00fcr diese Art von Arbeiten vorgesehenen Ausr\u00fcstung und vermitteln die f\u00fcr einen solchen Fall \u00e4u\u00dferst wichtigen Sicherheitskenntnisse.<\/p>\n<div class=\"filmw\">\n<div class=\"responsive-youtube\" style=\"text-align: center;\"><iframe loading=\"lazy\" title=\"YouTube-Video-Player\" src=\"https:\/\/www.youtube.com\/embed\/Lf4dfMhJft0\" width=\"560\" height=\"315\" frameborder=\"0\" allowfullscreen=\"allowfullscreen\"><\/iframe><\/div>\n<\/div>\n<p><strong>Wir bieten eine breite Palette von Schulungen an, die Folgendes umfasst:<\/strong><\/p>\n<ul>\n<li>Rechtsvorschriften,<\/li>\n<li>Arbeitseffizienz,<\/li>\n<li>Sicherheit bei Arbeiten in der H\u00f6he,<\/li>\n<li>Vertrautmachen mit moderner Ausr\u00fcstung,<\/li>\n<li>Sicherungsmethoden,<\/li>\n<li>Sicherheit und Risikobewertung.<\/li>\n<\/ul>\n<p>Fachleute wie Elektriker, Installateure oder Monteure, aber auch Dachdecker, Schwei\u00dfer oder Schneer\u00e4umungsarbeiter sind zu unseren professionell entwickelten Schulungen eingeladen. Dies ist eine hervorragende Gelegenheit, die richtigen Kenntnisse und F\u00e4higkeiten f\u00fcr Ihr Unternehmen zu erwerben. <a href=\"https:\/\/kursy-udt.pl\/de\/uprawnienia-udt\/kategorie-uprawnien-2\/\">Anrechte<\/a> und stellen Sie sicher, dass Sie bei der Durchf\u00fchrung der Arbeiten \u00fcber die besten Kompetenzen verf\u00fcgen.<\/p>\n<p>Unsere H\u00f6hentrainingskurse richten sich an Personen, die Wert auf Sicherheit und Produktivit\u00e4t legen. Es lohnt sich, in solche Kurse zu investieren und die Qualit\u00e4t der angebotenen Dienstleistungen sicherzustellen. Schauen Sie sich unser komplettes Schulungsangebot an und nehmen Sie Kontakt mit uns auf. Wir beantworten gerne alle Fragen und Anliegen. Wir laden alle Interessierten zu unseren perfekt organisierten Schulungskursen ein.<\/p>\n<div style=\"width: 640px;\" class=\"wp-video\"><video id=\"video-2263-1\" width=\"640\" height=\"360\" poster=\"https:\/\/kursy-udt.pl\/wp-content\/uploads\/2023\/02\/20230127_030434_0000.jpg\" preload=\"metadata\" controls=\"controls\"><source type=\"video\/mp4\" src=\"https:\/\/kursy-udt.pl\/wp-content\/uploads\/2023\/02\/ACCEPTED-alpinista-4K-kursy-udt.mp4?_=1\" \/><a href=\"https:\/\/kursy-udt.pl\/wp-content\/uploads\/2023\/02\/ACCEPTED-alpinista-4K-kursy-udt.mp4\">https:\/\/kursy-udt.pl\/wp-content\/uploads\/2023\/02\/ACCEPTED-alpinista-4K-kursy-udt.mp4<\/a><\/video><\/div>\nWie suchen Sie online nach uns?<\/p>\n<div class=\"lista_glowna_div\">\n<ul>\n<li><b>Hochgebirgskurs<\/b><\/li>\n<li><b>Arbeiten in der H\u00f6he<\/b><\/li>\n<li><b>Genehmigung f\u00fcr Arbeiten in der H\u00f6he<\/b><\/li>\n<li><b>Bergsteigen<\/b><\/li>\n<li><b>Hochgebirgsqualifikationen<\/b><\/li>\n<li><b>Bergsteigerkurs<\/b><\/li>\n<li><b>Industriekletterer<\/b><\/li>\n<li><b>Berechtigungen f\u00fcr Arbeiten in der H\u00f6he<\/b><\/li>\n<li><b>Seilzugang<\/b><\/li>\n<li>Baumf\u00e4llung<\/li>\n<li>Abholzen von B\u00e4umen<\/li>\n<\/ul>\n<\/div>\n<div class=\"lista_glowna_div\">\n<ul>\n<li>H\u00f6hentests<\/li>\n<li>Dachlackierung<\/li>\n<li>Sicherheitsgurte<\/li>\n<li>arbeiten in h\u00f6he warschau<\/li>\n<li>Fensterreinigung in der H\u00f6he<\/li>\n<li>Schnee von den D\u00e4chern schaufeln<\/li>\n<li>Baumbeschneidung<\/li>\n<li>Baumf\u00e4llung<\/li>\n<li>Dachreparatur<\/li>\n<li>Arbeiten in der H\u00f6he <a href=\"https:\/\/kursy-udt.pl\/de\/szkolenia\/bhp-bezpieczenstwo-pracy\/prawna-ochrona-pracy\/\">bhp<\/a><\/li>\n<li>Anforderungen an das Arbeiten in der H\u00f6he<\/li>\n<\/ul>\n<\/div>\n<div class=\"lista_glowna_div\">\n<ul>\n<li>Arbeiten in einer H\u00f6he von mehr als 3 Metern<\/li>\n<li>Installation von Anzeigen<\/li>\n<li>Fassadenmalerei<\/li>\n<li>Arbeiten in gro\u00dfen H\u00f6hen<\/li>\n<li>Sicherheit und Gesundheitsschutz bei der Arbeit in der H\u00f6he<\/li>\n<li>Arbeiten in der H\u00f6he<\/li>\n<li>Fassadenreinigung<\/li>\n<li>H\u00f6hendienste<\/li>\n<li>Bergsport Dienstleistungen<\/li>\n<li>Aussteigen aus hochgelegenen Plattformen<\/li>\n<\/ul>\n<\/div>\n<div style=\"clear: both;\"><\/div>","protected":false},"excerpt":{"rendered":"<p>Uprawnienia do prac alpinistycznych na wysoko\u015bci &#8211; Warszawa i ca\u0142a Polska Zach\u0119camy na nasze profesjonalnie przygotowane szkolenia wysoko\u015bciowe. To specjalistyczna kadra instruktor\u00f3w oraz korzystne ceny i w pe\u0142ni dogodne warunki, na jakie warto postawi\u0107. Zgodnie z Rozporz\u0105dzeniem Ministra Pracy oraz Polityki Spo\u0142ecznej z dnia 26 wrze\u015bnia 1997 roku w sprawie og\u00f3lnych przepis\u00f3w bezpiecze\u0144stwa i higieny pracy, praca na wysoko\u015bci oznacza wszelkie czynno\u015bci wykonywane przynajmniej ponad metr nad poziomem powierzchni. W czasie naszego szkolenia ka\u017cdy uczestnik b\u0119dzie m\u00f3g\u0142 zyska\u0107 niezb\u0119dn\u0105 wiedz\u0119, jaka dotyczy wymog\u00f3w prawno-organizacyjnych w przypadku prowadzenia prac na wysoko\u015bci, a tak\u017ce zyska konkretne umiej\u0119tno\u015bci, kt\u00f3re pozwol\u0105 na rozpoznawanie zagro\u017ce\u0144 i oceny ryzyka w czasie pracy na wysoko\u015bci. Dodatkowo szkolimy w pos\u0142ugiwaniu si\u0119 sprz\u0119tem przeznaczonym do tego rodzaju prac, a tak\u017ce zapewniamy odpowiedni\u0105 wiedz\u0119 w zakresie bezpiecze\u0144stwa, kt\u00f3re jest niezwykle wa\u017cne w takim wypadku. Zapewniamy szeroki zakres szkole\u0144, w sk\u0142ad kt\u00f3rych wchodz\u0105: przepisy prawa, efektywno\u015b\u0107 pracy, bezpiecze\u0144stwo w pracy na wysoko\u015bci, zapoznanie z nowoczesnym sprz\u0119tem, metody asekuracji, ocena stanu bezpiecze\u0144stwa i ryzyka. Na nasze profesjonalnie przygotowane szkolenia zapraszamy specjalist\u00f3w takich jak elektrycy, instalatorzy czy monterzy, a tak\u017ce dekarzy, spawaczy czy osoby zajmuj\u0105ce si\u0119 od\u015bnie\u017caniem dach\u00f3w. To doskona\u0142a szansa na to, by zyska\u0107 odpowiednie uprawnienia i zapewni\u0107 sobie najlepsze uprawnienia w czasie wykonywanych prac. Nasze szkolenia wysoko\u015bciowe to propozycja dla os\u00f3b, kt\u00f3re ceni\u0105 sobie bezpiecze\u0144stwo i wydajno\u015b\u0107 pracy. Warto zainwestowa\u0107 w takie kursy i zadba\u0107 o jako\u015b\u0107 \u015bwiadczonych us\u0142ug. Zach\u0119camy do zapoznania si\u0119 z nasz\u0105 pe\u0142n\u0105 ofert\u0105 szkoleniow\u0105 oraz do kontaktu. Z ch\u0119ci\u0105 odpowiemy na wszelkie pytania czy w\u0105tpliwo\u015bci. Zapraszamy na nasze doskonale zorganizowane szkolenia wszystkie [&hellip;]<\/p>\n","protected":false},"author":1,"featured_media":3434,"parent":65,"menu_order":0,"comment_status":"closed","ping_status":"closed","template":"page-templates\/template-podkategorie.php","meta":{"sfsi_plus_gutenberg_text_before_share":"","sfsi_plus_gutenberg_show_text_before_share":"","sfsi_plus_gutenberg_icon_type":"","sfsi_plus_gutenberg_icon_alignemt":"","sfsi_plus_gutenburg_max_per_row":"","footnotes":""},"class_list":["post-2263","page","type-page","status-publish","has-post-thumbnail","hentry","has_thumb"],"aioseo_notices":[],"_links":{"self":[{"href":"https:\/\/kursy-udt.pl\/de\/wp-json\/wp\/v2\/pages\/2263","targetHints":{"allow":["GET"]}}],"collection":[{"href":"https:\/\/kursy-udt.pl\/de\/wp-json\/wp\/v2\/pages"}],"about":[{"href":"https:\/\/kursy-udt.pl\/de\/wp-json\/wp\/v2\/types\/page"}],"author":[{"embeddable":true,"href":"https:\/\/kursy-udt.pl\/de\/wp-json\/wp\/v2\/users\/1"}],"replies":[{"embeddable":true,"href":"https:\/\/kursy-udt.pl\/de\/wp-json\/wp\/v2\/comments?post=2263"}],"version-history":[{"count":24,"href":"https:\/\/kursy-udt.pl\/de\/wp-json\/wp\/v2\/pages\/2263\/revisions"}],"predecessor-version":[{"id":5329,"href":"https:\/\/kursy-udt.pl\/de\/wp-json\/wp\/v2\/pages\/2263\/revisions\/5329"}],"up":[{"embeddable":true,"href":"https:\/\/kursy-udt.pl\/de\/wp-json\/wp\/v2\/pages\/65"}],"wp:featuredmedia":[{"embeddable":true,"href":"https:\/\/kursy-udt.pl\/de\/wp-json\/wp\/v2\/media\/3434"}],"wp:attachment":[{"href":"https:\/\/kursy-udt.pl\/de\/wp-json\/wp\/v2\/media?parent=2263"}],"curies":[{"name":"wp","href":"https:\/\/api.w.org\/{rel}","templated":true}]}}