{"id":2234,"date":"2016-10-11T20:39:35","date_gmt":"2016-10-11T20:39:35","guid":{"rendered":"http:\/\/kursy-udt.pl\/?page_id=2234"},"modified":"2023-01-04T09:47:39","modified_gmt":"2023-01-04T09:47:39","slug":"kompressoren","status":"publish","type":"page","link":"https:\/\/kursy-udt.pl\/de\/szkolenia\/sprezarki\/","title":{"rendered":"Kompressoren"},"content":{"rendered":"<p>Unser Unternehmen bietet einen Kurs zur professionellen Bedienung von Kompressoren an. Dies ist eine ausgezeichnete Gelegenheit, die erforderlichen Kenntnisse zu erwerben. <a href=\"https:\/\/kursy-udt.pl\/de\/uprawnienia-udt\/kategorie-uprawnien-2\/\">Anrechte<\/a> und erzielen in jeder Hinsicht hervorragende Ergebnisse.<\/p>\n<p>Wir bieten spezialisierte Ausbilder, attraktive Kurse und g\u00fcnstige Preise, so dass sich jeder mit seiner beruflichen Entwicklung wohlf\u00fchlt. Im Rahmen unserer Ausbildung kann jeder Teilnehmer <a href=\"https:\/\/kursy-udt.pl\/wp-content\/uploads\/2022\/10\/12.jpeg\"><img loading=\"lazy\" decoding=\"async\" class=\"alignright wp-image-4441\" src=\"https:\/\/kursy-udt.pl\/wp-content\/uploads\/2022\/10\/12-300x200.jpeg\" alt=\"\" width=\"350\" height=\"233\" srcset=\"https:\/\/kursy-udt.pl\/wp-content\/uploads\/2022\/10\/12-300x200.jpeg 300w, https:\/\/kursy-udt.pl\/wp-content\/uploads\/2022\/10\/12-1024x683.jpeg 1024w, https:\/\/kursy-udt.pl\/wp-content\/uploads\/2022\/10\/12-768x512.jpeg 768w, https:\/\/kursy-udt.pl\/wp-content\/uploads\/2022\/10\/12-1536x1024.jpeg 1536w, https:\/\/kursy-udt.pl\/wp-content\/uploads\/2022\/10\/12-18x12.jpeg 18w, https:\/\/kursy-udt.pl\/wp-content\/uploads\/2022\/10\/12-624x416.jpeg 624w, https:\/\/kursy-udt.pl\/wp-content\/uploads\/2022\/10\/12.jpeg 1600w\" sizes=\"auto, (max-width: 350px) 100vw, 350px\" \/><\/a>vermitteln F\u00e4higkeiten wie:<\/p>\n<ul>\n<li>Betrieb von Kompressoren, Kompressoren,<\/li>\n<li>Betrieb von Wischern und Gebl\u00e4sen,<\/li>\n<li>Druckluftsysteme,<\/li>\n<li>Funktionsprinzipien.<\/li>\n<\/ul>\n<p>Jeder Erwachsene, der mindestens \u00fcber einen Grundschulabschluss verf\u00fcgt, kann sich f\u00fcr die Kurse anmelden.<\/p>\n<p>Im Rahmen des Kurses lernt jeder Teilnehmer die Rechtsvorschriften kennen, die den Betrieb von Druckluftger\u00e4ten und -anlagen regeln, sowie die Einteilung von Kompressoren und Verdichtern und deren Bauweise. Au\u00dferdem werden die Gr\u00f6\u00dfen der wichtigsten Ger\u00e4te wie Gebl\u00e4se, Absauganlagen und Kompressoren vorgestellt. Dar\u00fcber hinaus werden die folgenden Themen behandelt:<\/p>\n<ul>\n<li>ortsfeste und ortsbewegliche Druckbeh\u00e4lter,<\/li>\n<li>Inbetriebnahme und Auslegung von Verdichtern,<\/li>\n<li>Steuerung der Verdichterleistung,<\/li>\n<li>Vorschriften <a href=\"https:\/\/kursy-udt.pl\/de\/szkolenia\/bhp-bezpieczenstwo-pracy\/prawna-ochrona-pracy\/\">GESUNDHEIT UND SICHERHEIT<\/a> einmal bei der Brandbek\u00e4mpfung.<\/li>\n<\/ul>\n<p>Unser Angebot richtet sich sowohl an Einzelpersonen als auch an organisierte Gruppen und Unternehmen. Wir laden Sie ein, sich mit unserem B\u00fcro in Verbindung zu setzen, um die Einzelheiten der Zusammenarbeit zu besprechen. Wir bieten sowohl theoretischen als auch praktischen Unterricht an. Das Lernen in unserem Unternehmen ist eine Garantie daf\u00fcr, dass jeder die Abschlusspr\u00fcfung besteht und die gew\u00fcnschten Berechtigungen erh\u00e4lt.<\/p>\n<p><a href=\"https:\/\/kursy-udt.pl\/de\/kontakt\/\">Wir freuen uns darauf, von Ihnen zu h\u00f6ren!<\/a><\/p>\n<p><a href=\"https:\/\/kursy-udt.pl\/wp-content\/uploads\/2023\/01\/6-kurs-G2-sprezarki-kursy-udt.pl_.png\"><img loading=\"lazy\" decoding=\"async\" class=\"aligncenter wp-image-4602\" src=\"https:\/\/kursy-udt.pl\/wp-content\/uploads\/2023\/01\/6-kurs-G2-sprezarki-kursy-udt.pl_-300x188.png\" alt=\"\" width=\"750\" height=\"469\" srcset=\"https:\/\/kursy-udt.pl\/wp-content\/uploads\/2023\/01\/6-kurs-G2-sprezarki-kursy-udt.pl_-300x188.png 300w, https:\/\/kursy-udt.pl\/wp-content\/uploads\/2023\/01\/6-kurs-G2-sprezarki-kursy-udt.pl_-1024x640.png 1024w, https:\/\/kursy-udt.pl\/wp-content\/uploads\/2023\/01\/6-kurs-G2-sprezarki-kursy-udt.pl_-768x480.png 768w, https:\/\/kursy-udt.pl\/wp-content\/uploads\/2023\/01\/6-kurs-G2-sprezarki-kursy-udt.pl_-18x12.png 18w, https:\/\/kursy-udt.pl\/wp-content\/uploads\/2023\/01\/6-kurs-G2-sprezarki-kursy-udt.pl_-624x390.png 624w, https:\/\/kursy-udt.pl\/wp-content\/uploads\/2023\/01\/6-kurs-G2-sprezarki-kursy-udt.pl_.png 1200w\" sizes=\"auto, (max-width: 750px) 100vw, 750px\" \/><\/a><\/p>","protected":false},"excerpt":{"rendered":"<p>Unser Unternehmen bietet einen professionellen Kurs f\u00fcr die Bedienung von Kompressoren an. Dies ist eine ausgezeichnete Gelegenheit, die erforderlichen Qualifikationen zu erwerben und in jeder Hinsicht hervorragende Ergebnisse zu erzielen. Wir bieten fachkundige Ausbilder, attraktive Kurse und g\u00fcnstige Preise, so dass sich jeder in seiner beruflichen Entwicklung wohlf\u00fchlen kann. Im Rahmen unserer Schulungen kann sich jeder Teilnehmer Kompetenzen sichern wie: Bedienung von Kompressoren, Kompressoren, Bedienung von Saugern und Gebl\u00e4sen, Druckluftanlagen, Funktionsprinzipien. Jeder Erwachsene mit mindestens einem Grundschulabschluss kann sich f\u00fcr die Kurse anmelden. Im Rahmen des Kurses lernt jeder Teilnehmer die gesetzlichen Vorschriften kennen, die den Betrieb von Druckluftger\u00e4ten und -anlagen regeln, sowie die Einteilung von Kompressoren und Verdichtern und deren Bau. Au\u00dferdem werden die Gr\u00f6\u00dfen der wichtigsten Ger\u00e4te wie Gebl\u00e4se, Absauganlagen und Kompressoren vorgestellt. Dar\u00fcber hinaus werden folgende Themen behandelt: ortsfeste und mobile Druckbeh\u00e4lter, Inbetriebnahme und Auslegung von Verdichtern, Leistungsregelung von Verdichtern, Arbeitsschutzbestimmungen und Brandschutz. Unser Angebot richtet sich an Einzelpersonen, organisierte Gruppen und Unternehmen. Wir laden Sie ein, sich mit unserem B\u00fcro in Verbindung zu setzen, um die Einzelheiten der Zusammenarbeit zu besprechen. Wir bieten sowohl theoretischen als auch praktischen Unterricht an. Das Lernen in unserem Unternehmen ist eine Garantie daf\u00fcr, dass jeder die Abschlusspr\u00fcfung besteht und die gew\u00fcnschten Berechtigungen erh\u00e4lt. Wir laden Sie ein, uns zu kontaktieren!<\/p>","protected":false},"author":1,"featured_media":4441,"parent":65,"menu_order":0,"comment_status":"closed","ping_status":"closed","template":"","meta":{"sfsi_plus_gutenberg_text_before_share":"","sfsi_plus_gutenberg_show_text_before_share":"","sfsi_plus_gutenberg_icon_type":"","sfsi_plus_gutenberg_icon_alignemt":"","sfsi_plus_gutenburg_max_per_row":"","footnotes":""},"class_list":["post-2234","page","type-page","status-publish","has-post-thumbnail","hentry","has_thumb"],"aioseo_notices":[],"_links":{"self":[{"href":"https:\/\/kursy-udt.pl\/de\/wp-json\/wp\/v2\/pages\/2234","targetHints":{"allow":["GET"]}}],"collection":[{"href":"https:\/\/kursy-udt.pl\/de\/wp-json\/wp\/v2\/pages"}],"about":[{"href":"https:\/\/kursy-udt.pl\/de\/wp-json\/wp\/v2\/types\/page"}],"author":[{"embeddable":true,"href":"https:\/\/kursy-udt.pl\/de\/wp-json\/wp\/v2\/users\/1"}],"replies":[{"embeddable":true,"href":"https:\/\/kursy-udt.pl\/de\/wp-json\/wp\/v2\/comments?post=2234"}],"version-history":[{"count":7,"href":"https:\/\/kursy-udt.pl\/de\/wp-json\/wp\/v2\/pages\/2234\/revisions"}],"predecessor-version":[{"id":4603,"href":"https:\/\/kursy-udt.pl\/de\/wp-json\/wp\/v2\/pages\/2234\/revisions\/4603"}],"up":[{"embeddable":true,"href":"https:\/\/kursy-udt.pl\/de\/wp-json\/wp\/v2\/pages\/65"}],"wp:featuredmedia":[{"embeddable":true,"href":"https:\/\/kursy-udt.pl\/de\/wp-json\/wp\/v2\/media\/4441"}],"wp:attachment":[{"href":"https:\/\/kursy-udt.pl\/de\/wp-json\/wp\/v2\/media?parent=2234"}],"curies":[{"name":"wp","href":"https:\/\/api.w.org\/{rel}","templated":true}]}}