{"id":2221,"date":"2016-09-29T15:18:10","date_gmt":"2016-09-29T15:18:10","guid":{"rendered":"http:\/\/kursy-udt.pl\/?page_id=2221"},"modified":"2025-12-20T19:17:21","modified_gmt":"2025-12-20T18:17:21","slug":"sicherheit-bei-der-baumpflege","status":"publish","type":"page","link":"https:\/\/kursy-udt.pl\/de\/szkolenia\/podesty-ruchome\/bezpieczenstwo-przy-pielegnacji-drzew\/","title":{"rendered":"Sicherheit bei der Baumpflege"},"content":{"rendered":"<p><img decoding=\"async\" class=\"alignleft\" src=\"\/wp-content\/uploads\/2016\/09\/drzewa.png\" alt=\"\" \/><\/p>\n<h2>Ratschl\u00e4ge f\u00fcr den sicheren Einsatz mobiler Arbeitsb\u00fchnen bei der Baumpflege<\/h2>\n<p>Fahrtreppen sind eines der sichersten Mittel, um einen zeitweiligen Zugang f\u00fcr Arbeiten in der H\u00f6he zu schaffen, vorausgesetzt, dass vor ihrem Einsatz eine Risikobewertung durchgef\u00fchrt wurde, die Anlage von qualifiziertem, geschultem und vertrautem Personal bedient wird und die Gesundheits- und Sicherheitsvorschriften befolgt werden, einschlie\u00dflich eines Rettungsplans. Technisches Wissen allein \u00fcber die Bedienung einer mobilen Arbeitsb\u00fchne reicht nicht aus, um sie sicher zu betreiben.<br \/>\nUm einen sicheren Betrieb zu gew\u00e4hrleisten und Unf\u00e4lle oder Sch\u00e4den an der Ausr\u00fcstung zu vermeiden, m\u00fcssen alle Bediener (vertraglich gebundene oder selbst\u00e4ndige) eine professionelle, formale und vom Arbeitgeber anerkannte Ausbildung erhalten, die sowohl aus einer theoretischen als auch einer praktischen Ausbildung und einer Bewertung durch eine qualifizierte Person besteht. Ausf\u00fchrlichere Informationen \u00fcber die Schulung finden Sie unter www.ipaf.org.<\/p>\n<h3><span style=\"text-decoration: underline;\">FALLSTUDIE<\/span><\/h3>\n<p>In der Unfallstatistik ist fast jeder f\u00fcnfte t\u00f6dliche Unfall im Zusammenhang mit dem Einsatz mobiler Arbeitsb\u00fchnen auf Baumpfleger zur\u00fcckzuf\u00fchren. Im Folgenden finden Sie Berichte \u00fcber t\u00f6dliche Unf\u00e4lle:<br \/>\nBei einem routinem\u00e4\u00dfigen Baumschnitt, den ein Anwohner in Auftrag gegeben hatte, st\u00fcrzte ein 61-j\u00e4hriger Arbeiter von einer mobilen Arbeitsb\u00fchne und starb auf der Stelle. W\u00e4hrend er in der H\u00f6he zwischen zwei B\u00e4umen arbeitete, blieb der Korb, in dem er sich befand, an einem Ast h\u00e4ngen und wurde eingeklemmt. Ein Zeuge des Vorfalls berichtete den Polizeibeamten, dass der Ast an einer Stelle abbrach, wodurch der Korb zur Seite schwang und den Bediener traf, der aus einer H\u00f6he von 13-15 m fiel.<br \/>\n<span style=\"text-decoration: underline;\">ANMERKUNGEN:<\/span><br \/>\nDer Kontakt mit \u00c4sten muss vermieden werden, da dies zum Einklemmen der Plattform und zu pl\u00f6tzlichen unkontrollierten Bewegungen und Sch\u00e4den an der Maschine f\u00fchren kann. Der Bediener muss immer eine Absturzsicherung tragen.<\/p>\n<p>Der Bediener einer mobilen Arbeitsb\u00fchne erlitt einen t\u00f6dlichen Stromschlag, als das Ger\u00e4t eine 7.200-Volt-Freileitung ber\u00fchrte. Der Inhaber eines Baumschneideunternehmens man\u00f6vrierte gerade einen Korblift, als er eine Hochspannungsleitung ber\u00fchrte.<br \/>\n<span style=\"text-decoration: underline;\">ANMERKUNGEN:<\/span><br \/>\nVor Beginn der Arbeiten sollte eine Risikobewertung durchgef\u00fchrt werden, und es sollte darauf geachtet werden, dass Kontrollma\u00dfnahmen zur Vermeidung von Risiken in Form von Freileitungen durchgef\u00fchrt werden.<\/p>\n<p>Der Inhaber eines auf Baumpflege spezialisierten Unternehmens starb w\u00e4hrend der Arbeit auf einer mobilen Plattform. Zeugenaussagen zufolge befand sich das Opfer 18 m \u00fcber dem Boden, als ein Ast auf die Plattform st\u00fcrzte, wodurch der Arbeiter erdr\u00fcckt wurde und erstickte.<br \/>\n<span style=\"text-decoration: underline;\">ANMERKUNGEN:<\/span><br \/>\nEs ist darauf zu achten, dass sich die Arbeitnehmer und die Arbeitsb\u00fchne in der richtigen Position befinden, um nicht von herabfallenden Gegenst\u00e4nden getroffen zu werden.<\/p>\n<p><span style=\"text-decoration: underline;\">ORDNUNGSGEM\u00c4SSER BETRIEB<\/span><br \/>\n<span style=\"text-decoration: underline;\">WICHTIG<\/span> - Um das Ger\u00e4t sicher zu betreiben, m\u00fcssen alle geltenden Richtlinien, die in der Gesundheits- und Sicherheitsschulung vorgestellt wurden, sowie die besten Praktiken und die Empfehlungen des Herstellers befolgt werden.<br \/>\n<span style=\"text-decoration: underline;\">REMEMBER<\/span> - Vor Beginn der Arbeiten muss der geschulte Bediener:<\/p>\n<ul>\n<li>Pr\u00fcfen Sie, ob das Ger\u00e4t nicht besch\u00e4digt ist, sicher verwendet werden kann und ordnungsgem\u00e4\u00df funktioniert.<\/li>\n<li>Seien Sie vorsichtig, wenn Sie sich zur Baustelle bewegen - vermeiden Sie schr\u00e4ge Fl\u00e4chen.<\/li>\n<li>Sicherstellen, dass die Oberfl\u00e4che jederzeit stabil ist<\/li>\n<li>Verwenden Sie immer geeignete Platten, um den lokalen Druck unter dem Gest\u00e4nge gleichm\u00e4\u00dfig zu verteilen.<\/li>\n<li>Organisation und Verwaltung von Abwurfzonen in sicherer Entfernung von der mobilen Plattform und ihrer Basis<\/li>\n<li>Treffen Sie die notwendigen Vorkehrungen, um den Bediener vor der Kettens\u00e4ge zu sch\u00fctzen<\/li>\n<\/ul>\n<p><span style=\"text-decoration: underline;\">REMEMBER<\/span> - w\u00e4hrend des Betriebs muss der geschulte Bediener:<\/p>\n<ul>\n<li>Regelm\u00e4\u00dfige Kontrollen, um sicherzustellen, dass die mobile Plattform nicht im Boden versinkt<\/li>\n<li>Tragen Sie immer einen geeigneten Auffanggurt und vergewissern Sie sich, dass der Seilzug an dem vorgesehenen Befestigungspunkt innerhalb der Plattform befestigt ist. Siehe die technische Anleitung H1 IPAF.<\/li>\n<li>Vermeiden Sie den Kontakt mit \u00c4sten - seien Sie vorsichtig und beobachten Sie jederzeit Ihre Umgebung, wenn Sie den Korb anheben und absenken.<\/li>\n<li>Erkennen Sie potenzielle Gefahren in Form von Freileitungen und treffen Sie die erforderlichen Vorkehrungen, um das Risiko eines Stromschlags auszuschlie\u00dfen.<\/li>\n<li>Seien Sie stets aufmerksam und bedienen Sie die fahrende Plattform gleichm\u00e4\u00dfig und vorsichtig.<\/li>\n<li>Verwenden Sie die mobile Plattform niemals als Kran und sichern Sie die Tragseile an jedem Teil der mobilen Plattform.<\/li>\n<li>Betanken Sie die Kettens\u00e4ge niemals auf der Plattform, sondern immer auf dem Boden.<\/li>\n<li>\u00dcberschreiten Sie niemals die zul\u00e4ssige Tragf\u00e4higkeit des Fahrzeugs, die maximale Personenzahl oder die Windgeschwindigkeit.<\/li>\n<\/ul>\n<p><span style=\"text-decoration: underline;\">REMEMBER<\/span> - Nach Abschluss der Arbeiten ist der geschulte Bediener daf\u00fcr verantwortlich:<\/p>\n<ul>\n<li>Reinigung der mobilen Plattform von S\u00e4gesp\u00e4nen und anderen Verunreinigungen<\/li>\n<li>\u00dcberpr\u00fcfung des Ger\u00e4ts auf Sch\u00e4den - sofortige Meldung von Sch\u00e4den<\/li>\n<li>Abstellen des Ger\u00e4ts an einem sicheren Ort mit ausgeschalteten Tasten - und ohne Schl\u00fcssel<\/li>\n<li>Melden Sie Sch\u00e4den an der Plattform dem Eigent\u00fcmer - die Plattform darf nicht mehr benutzt werden, wenn sie besch\u00e4digt ist.<\/li>\n<\/ul>\n<ol>\n<li>Verwenden Sie immer geeignete Platten, die den \u00f6rtlichen Druck unter dem Gest\u00e4nge gleichm\u00e4\u00dfig verteilen.<br \/>\nTreffen Sie Vorkehrungen, um den Bediener vor der Kettens\u00e4ge zu sch\u00fctzen - in einigen L\u00e4ndern ist die Verwendung von Arbeitsb\u00fchnen vorgeschrieben, die \u00fcber vom Hersteller zugelassene separate Bereiche f\u00fcr den Bediener und die S\u00e4ge verf\u00fcgen.<\/li>\n<li>Schneiden Sie die B\u00e4ume so, dass die \u00c4ste von der Buchse wegfallen.<\/li>\n<li>Achten Sie immer darauf, dass der Seilzug an dem vorgesehenen Befestigungspunkt innerhalb der Plattform befestigt ist.<br \/>\nHINWEIS: Viele IPAF-Mitglieder bieten formelle, vom Arbeitgeber anerkannte Bedienerschulungen an, die zur Ausstellung einer PAL Card (Lift Equipment Licence) f\u00fchren, die bescheinigt, dass der Inhaber die Schulung erfolgreich absolviert hat. Die PAL Card ist ein Nachweis f\u00fcr die Ausbildung des Inhabers im sicheren Umgang mit der aufgef\u00fchrten Kategorie von mobilen Arbeitsb\u00fchnen. Eine Liste der von IPAF akkreditierten Schulungszentren finden Sie unter www.Ipaf.org.<\/li>\n<\/ol>\n<p>Quelle: <a href=\"https:\/\/www.ipaf.org\/\">IPAF.org<\/a><br \/>\nWeltweite Autorit\u00e4t f\u00fcr Hebezeuge<\/p>\n<div class=\"button_styl\" style=\"float: right; padding-left: 15px; padding-bottom: 8px; margin-bottom: 5px;\"><a class=\"myButton myButton_maly\" href=\"https:\/\/platformaedukacji.pl\/login\/signup.php\" target=\"_blank\" rel=\"nofollow noopener\"><span style=\"color: white;\">Anmeldung zur Schulung<\/span><\/a><\/div>\n<div style=\"padding-top: 70px;\">\n<h2>Weitere Informationen:<\/h2>\n<div style=\"text-align: center; font-size: 85%; line-height: 120%;\">\n<div style=\"float: left; margin-right: 40px; height: 290px;\">\n<p><a href=\"\/de\/ausbildung\/mobile-plattformen\/gebote-und-verbote-2\/\"><img decoding=\"async\" src=\"\/wp-content\/uploads\/2014\/08\/nakazy-zakazy.jpg\" alt=\"\" \/><\/a><\/p>\n<div style=\"width: 300px; font-size: 130%;\"><strong>Gebote und Verbote<\/strong><\/div>\n<p>&nbsp;<\/p>\n<\/div>\n<div style=\"float: left; margin-right: 40px; height: 290px;\">\n<p><a href=\"\/de\/ausbildung\/mobile-plattformen\/arbeiten-in-der-nahe-von-hochspannungsleitungen-2\/\"><img decoding=\"async\" src=\"\/wp-content\/uploads\/2014\/08\/linie-energetyczne.jpg\" alt=\"\" \/><\/a><\/p>\n<div style=\"width: 300px; font-size: 130%;\"><strong>Arbeiten in der N\u00e4he von Stromleitungen <\/strong><\/div>\n<p>&nbsp;<\/p>\n<\/div>\n<\/div>\n<div style=\"clear: both;\"><\/div>\n<div style=\"text-align: center; font-size: 85%; line-height: 120%;\">\n<div style=\"float: left; margin-right: 40px; height: 290px;\">\n<p><a href=\"\/de\/ausbildung\/mobile-plattformen\/sicherheitsverfahren\/\"><img decoding=\"async\" src=\"\/wp-content\/uploads\/2014\/08\/bezpieczenstwo.jpg\" alt=\"\" \/><\/a><\/p>\n<div style=\"width: 300px; font-size: 130%;\"><strong>Sicherheit<\/strong><\/div>\n<p>&nbsp;<\/p>\n<\/div>\n<div style=\"float: left; margin-right: 40px; height: 290px;\">\n<p><a href=\"\/de\/ausbildung\/mobile-plattformen\/oberflachenvorbereitung\/\"><img decoding=\"async\" src=\"\/wp-content\/uploads\/2014\/08\/wypadek.jpg\" alt=\"\" \/><\/a><\/p>\n<div style=\"width: 300px; font-size: 130%;\"><strong>Vorbereitung der Oberfl\u00e4che<\/strong><\/div>\n<p>&nbsp;<\/p>\n<\/div>\n<\/div>\n<div style=\"clear: both;\"><\/div>\n<div style=\"text-align: center; font-size: 85%; line-height: 120%;\">\n<div style=\"float: left; margin-right: 40px; height: 290px;\">\n<p><a href=\"\/de\/ausbildung\/mobile-plattformen\/sicherheit-bei-der-baumpflege\/\"><img decoding=\"async\" src=\"\/wp-content\/uploads\/2016\/09\/drzewa.png\" alt=\"\" \/><\/a><\/p>\n<div style=\"width: 300px; font-size: 130%;\"><strong>Sicherheit bei der Baumpflege<\/strong><\/div>\n<p>&nbsp;<\/p>\n<\/div>\n<div style=\"float: left; margin-right: 40px; height: 290px;\">\n<p><a href=\"\/de\/ausbildung\/mobile-plattformen\/\"><img decoding=\"async\" style=\"width: 300px; height: 225px;\" src=\"\/wp-content\/uploads\/2014\/04\/10-pokaz.jpeg\" alt=\"\" \/><\/a><\/p>\n<div style=\"width: 300px; font-size: 130%;\"><strong>Ausbildung f\u00fcr mobile Plattformen<\/strong><\/div>\n<p>&nbsp;<\/p>\n<\/div>\n<\/div>\n<\/div>","protected":false},"excerpt":{"rendered":"<p>Porady dotycz\u0105ce bezpiecznego korzystania z podest\u00f3w ruchomych przy piel\u0119gnacji drzew Podesty ruchome to jeden z najbezpieczniejszych \u015brodk\u00f3w zapewniaj\u0105cych tymczasowy dost\u0119p do pracy na wysoko\u015bci pod warunkiem, \u017ce przed ich wykorzystaniem zosta\u0142a przeprowadzona ocena ryzyka, sprz\u0119t obs\u0142ugiwany jest przez wykwalifikowany, przeszkolony i zaznajomiony z urz\u0105dzeniami personel oraz przestrzegane s\u0105 przepisy BHP, w tym posiadanie planu ratunkowego. Do bezpiecznej eksploatacji podestu ruchomego nie wystarczy sama techniczna wiedza, jak go obs\u0142ugiwa\u0107. W celu zapewnienia bezpiecznej eksploatacji i unikni\u0119cia wypadk\u00f3w lub zniszczenia sprz\u0119tu wszyscy operatorzy (zatrudnieni na umow\u0119 o prac\u0119 lub samozatrudnieni) musz\u0105 odby\u0107 profesjonalne, formalne i honorowane przez pracodawc\u00f3w szkolenie sk\u0142adaj\u0105ce si\u0119 zar\u00f3wno z teorii, jak i z praktyki oraz oceny dokonanej przez wykwalifikowan\u0105 osob\u0119. Wi\u0119cej szczeg\u00f3\u0142owych informacji dotycz\u0105cych szkolenia na stronie internetowej www.ipaf.org. ANALIZA PRZYPADK\u00d3W W statystykach wypadk\u00f3w blisko jeden na pi\u0119\u0107 wypadk\u00f3w \u015bmiertelnych zwi\u0105zanych z wykorzystaniem podest\u00f3w ruchomych dotyczy pracownik\u00f3w zajmuj\u0105cych si\u0119 piel\u0119gnacj\u0105 drzew. Poni\u017cej przedstawiono raporty z wypadk\u00f3w \u015bmiertelnych: W czasie rutynowego przycinania drzew zleconego przez jednego z mieszka\u0144c\u00f3w 61-letni operator spad\u0142 z podestu ruchomego i zgin\u0105\u0142 na miejscu. W czasie pracy na wysoko\u015bci pomi\u0119dzy dwoma drzewami kosz, w kt\u00f3rym si\u0119 znajdowa\u0142, zahaczy\u0142 o ga\u0142\u0105\u017a i zakleszczy\u0142 si\u0119. \u015awiadek zdarzenia zrelacjonowa\u0142 policjantom, \u017ce w pewnej chwili ga\u0142\u0105\u017a odskoczy\u0142a sprawiaj\u0105c, \u017ce kosz zacz\u0105\u0142 si\u0119 ko\u0142ysa\u0107 na boki wyrzucaj\u0105c przy tym operatora, kt\u00f3ry spad\u0142 z wysoko\u015bci 13-15m. UWAGA: Nale\u017cy unika\u0107 kontaktu z ga\u0142\u0119ziami, poniewa\u017c mo\u017ce to doprowadzi\u0107 do zaczepienia si\u0119 podestu i wywo\u0142a\u0107 nag\u0142y niekontrolowany ruch i uszkodzenie urz\u0105dzenia. Operator zawsze musi mie\u0107 na sobie sprz\u0119t chroni\u0105cy przed upadkiem z wysoko\u015bci. Operator podestu ruchomego zgin\u0105\u0142 w wyniku [&hellip;]<\/p>\n","protected":false},"author":1,"featured_media":2389,"parent":75,"menu_order":0,"comment_status":"closed","ping_status":"closed","template":"","meta":{"sfsi_plus_gutenberg_text_before_share":"","sfsi_plus_gutenberg_show_text_before_share":"","sfsi_plus_gutenberg_icon_type":"","sfsi_plus_gutenberg_icon_alignemt":"","sfsi_plus_gutenburg_max_per_row":"","footnotes":""},"class_list":["post-2221","page","type-page","status-publish","has-post-thumbnail","hentry","has_thumb"],"aioseo_notices":[],"_links":{"self":[{"href":"https:\/\/kursy-udt.pl\/de\/wp-json\/wp\/v2\/pages\/2221","targetHints":{"allow":["GET"]}}],"collection":[{"href":"https:\/\/kursy-udt.pl\/de\/wp-json\/wp\/v2\/pages"}],"about":[{"href":"https:\/\/kursy-udt.pl\/de\/wp-json\/wp\/v2\/types\/page"}],"author":[{"embeddable":true,"href":"https:\/\/kursy-udt.pl\/de\/wp-json\/wp\/v2\/users\/1"}],"replies":[{"embeddable":true,"href":"https:\/\/kursy-udt.pl\/de\/wp-json\/wp\/v2\/comments?post=2221"}],"version-history":[{"count":8,"href":"https:\/\/kursy-udt.pl\/de\/wp-json\/wp\/v2\/pages\/2221\/revisions"}],"predecessor-version":[{"id":6229,"href":"https:\/\/kursy-udt.pl\/de\/wp-json\/wp\/v2\/pages\/2221\/revisions\/6229"}],"up":[{"embeddable":true,"href":"https:\/\/kursy-udt.pl\/de\/wp-json\/wp\/v2\/pages\/75"}],"wp:featuredmedia":[{"embeddable":true,"href":"https:\/\/kursy-udt.pl\/de\/wp-json\/wp\/v2\/media\/2389"}],"wp:attachment":[{"href":"https:\/\/kursy-udt.pl\/de\/wp-json\/wp\/v2\/media?parent=2221"}],"curies":[{"name":"wp","href":"https:\/\/api.w.org\/{rel}","templated":true}]}}