{"id":2103,"date":"2016-03-08T11:29:23","date_gmt":"2016-03-08T11:29:23","guid":{"rendered":"http:\/\/kursy-udt.pl\/?page_id=2103"},"modified":"2016-03-11T08:27:59","modified_gmt":"2016-03-11T08:27:59","slug":"vorschriften-2","status":"publish","type":"page","link":"https:\/\/kursy-udt.de\/de\/udt-berechtigungen\/vorschriften\/","title":{"rendered":"Vorschriften"},"content":{"rendered":"<div class=\"wyjustuj\"><em>Gesetz vom 21.Dezember 2000 zur technischen Aufsicht (GBl. von 2013, Abs. 963 mit weitern \u00c4nderungen)<\/em><\/p>\n<p>Das Gesetz bestimmt Grunds\u00e4tze, Formen und Umfang der Ausf\u00fchrung der technischen Aufsicht durch zust\u00e4ndige Einrichtungen. Es ist ein von Hauptgesetzen, verbunden mit Wirkung von Technischer Aufsichtsbeh\u00f6rde, die alle Informationen bez. Realisierung der Arbeiten im Bereich der technischen Aufsicht in Polen einschlie\u00dft, darunter Prozeduren in Bezug auf Verleihen der Berechtigungen von Technischer Aufsichtsbeh\u00f6rde, Zulassungen zur Nutzung von technischen Ger\u00e4ten und ihrer Herstellung, Herstellung von Materialien, Reparaturen, Modernisierungen, Verkehr. <\/p>\n<p><em>Verordnung des Ministerrates vom 7.Dezember 2012 wegen technischer Aufsicht unterstehenden Arten der technischen Ger\u00e4te (GBl. 2012 Nr. 0 Abs. 1468), erlassen nach Art. 5 Abs. 2 des Gesetzes zur technischen Aufsicht.<\/em><\/p>\n<p>Die Verordnung bestimmt Arten der Ger\u00e4te, die der technischen Aufsicht in Polen unterstehen. Die Verordnung bestimmt Formen der technischen Aufsicht, Arten, Termine der technischen Untersuchungen, und Umfang der technischen Untersuchungen f\u00fcr konkrete technische Ger\u00e4te, die bei Arbeiten angewendet werden, darunter Druckger\u00e4te, Ger\u00e4te des innerbetrieblichen Transports, Heber, Hubarbeitsb\u00fchnen, F\u00f6rdersitzger\u00e4te, Druck-, Niederdruck-, und Beh\u00e4lter ohne Druck, bestimmt zum Speichern von giftigen und \u00e4tzenden, fl\u00fcssigen und brennbaren Substanzen. <\/p>\n<p><em>Verordnung des Wirtschaftsministers vom 18.Juli 2001 wegen \u00dcberpr\u00fcfung der erforderlichen bei Bedienung und Wartung der technischen Ger\u00e4te Qualifikationen (GBl. Nr. 79, Abs. 849), ge\u00e4ndert durch Verordnung vom 20.Februar 2003 (GBl. Nr. 50, Abs. 426), erlassen nach Art. 23 Abs. 5 wegen technischer Aufsicht.<\/em><\/p>\n<p>Verordnung bestimmt \u00dcberpr\u00fcfung der Qualifikationen, die zur Bedienung und Wartung der technischen Ger\u00e4te erforderlich sind, Arten der technischen Ger\u00e4te, die zu ihrer Bedienung und Wartung Qualifikationen erfordern, die beinhaltet auch Antragsmuster wegen \u00dcberpr\u00fcfung der Qualifikationen, zusammen mit Informationen verbunden mit seinen Eintragungen, Terminen, Benachrichtigung der Beantragenden. Dar\u00fcber hinaus beinhaltet es Informationen zum Examen zum Erwerb der UDT-Berechtigungen zur Bedienung und Wartung der technischen Ger\u00e4te.<\/p>\n<p><em>Verordnung des Wirtschafts-, Arbeits- und Gesellschaftspolitikministers vom 29.Oktober 2003 wegen technischer Voraussetzungen, technischer Aufsicht im Bereich der Nutzung einiger Ger\u00e4te des innerbetrieblichen Transports (GBl. Nr. 193, Abs. 1890).<\/em><\/p>\n<p>Die Verordnung beinhaltet Informationen, die die technischen Voraussetzungen der technischen Aufsicht bestimmt in Bezug auf Nutzung der Ger\u00e4te des innerbetrieblichen Transports wie: Winden und Hebezeuge, Laufkr\u00e4ne, Regalbedienger\u00e4te, Kr\u00e4ne, Lastaufz\u00fcge, Arbeitsb\u00fchnen, Ger\u00e4te f\u00fcr Behinderte, Hebeb\u00fchnen mit Kabine und Plattformhebeb\u00fchnen, Rolltreppen und Rollsteige, Kr\u00e4ne - darunter zur Bef\u00f6rderung der Personen und Ladungen, kleine Lastenaufz\u00fcge und Bauaufz\u00fcge, Kabelkr\u00e4ne, Gabelstapler, Heber zur ungeradlinigen Bef\u00f6rderung der Ladungen, und technische Containerbef\u00f6rdeger\u00e4te.  <\/p>\n<p><em>Verordnung des Wirtschaftsministers vom 28.Dezember 2001 wegen technischer Voraussetzungen der technischen Aufsicht, denen Heber entsprechen sollten (GBl. Nr. 4, Abs. 43).<\/em><\/p>\n<p>Dokument bestimmt genau technische Voraussetzungen der Durchf\u00fchrung der technischen Aufsicht in Bezug auf Entwerfen, Herstellung, Nutzung der h\u00e4ndisch oder mechanisch getriebenen Heber, auch Heber zur geradlinigen vertikalen Bef\u00f6rderung der Ladungen mit Anwendung des starren Elements mit Teilanwendung des Spannschlosssystems. Es werden auch Hebeelemente bestimmt, deren Auswechslung keine Vereinbarung mit Einrichtungen der technischen Aufsicht erfordern, Sicherheitsfaktoren und maximale Bet\u00e4tigungskr\u00e4fte, Berechnungsmuster und Berechnungsfaktoren.<\/p><\/div>\n<p>Erfahren Sie mehr von <a href=\"\/de\/udt-berechtigungen\/kategorien-von-rechten\/\">UDT-Berechtigungen<\/a>!<\/p>","protected":false},"excerpt":{"rendered":"<p>Gesetz vom 21.Dezember 2000 zur technischen Aufsicht (GBl. von 2013, Abs. 963 mit weitern \u00c4nderungen) Das Gesetz bestimmt Grunds\u00e4tze, Formen und Umfang der Ausf\u00fchrung der technischen Aufsicht durch zust\u00e4ndige Einrichtungen. Es ist ein von Hauptgesetzen, verbunden mit Wirkung von Technischer Aufsichtsbeh\u00f6rde, die alle Informationen bez. Realisierung der Arbeiten im Bereich der technischen Aufsicht in Polen einschlie\u00dft, darunter Prozeduren in Bezug auf Verleihen der Berechtigungen von Technischer Aufsichtsbeh\u00f6rde, Zulassungen zur Nutzung von technischen Ger\u00e4ten und ihrer Herstellung, Herstellung von Materialien, Reparaturen, Modernisierungen, Verkehr. Verordnung des Ministerrates vom 7.Dezember 2012 wegen technischer Aufsicht unterstehenden Arten der technischen Ger\u00e4te (GBl. 2012 Nr. 0 Abs. 1468), erlassen nach Art. 5 Abs. 2 des Gesetzes zur technischen Aufsicht. Die Verordnung bestimmt Arten der Ger\u00e4te, die der technischen Aufsicht in Polen unterstehen. Die Verordnung bestimmt Formen der technischen Aufsicht, Arten, Termine der technischen Untersuchungen, und Umfang der technischen Untersuchungen f\u00fcr konkrete technische Ger\u00e4te, die bei Arbeiten angewendet werden, darunter Druckger\u00e4te, Ger\u00e4te des innerbetrieblichen Transports, Heber, Hubarbeitsb\u00fchnen, F\u00f6rdersitzger\u00e4te, Druck-, Niederdruck-, und Beh\u00e4lter ohne Druck, bestimmt zum Speichern von giftigen und \u00e4tzenden, fl\u00fcssigen und brennbaren Substanzen. Verordnung des Wirtschaftsministers vom 18.Juli 2001 wegen \u00dcberpr\u00fcfung der erforderlichen bei Bedienung und Wartung der technischen Ger\u00e4te Qualifikationen (GBl. Nr. 79, Abs. 849), ge\u00e4ndert durch Verordnung vom 20.Februar 2003 (GBl. Nr. 50, Abs. 426), erlassen nach Art. 23 Abs. 5 wegen technischer Aufsicht. Verordnung bestimmt \u00dcberpr\u00fcfung der Qualifikationen, die zur Bedienung und Wartung der technischen Ger\u00e4te erforderlich sind, Arten der technischen Ger\u00e4te, die zur ihren Bedienung und Wartung Qualifikationen erfordern, die beinhaltet auch Antragsmuster wegen \u00dcberpr\u00fcfung der [&hellip;]<\/p>\n","protected":false},"author":1,"featured_media":0,"parent":1887,"menu_order":0,"comment_status":"closed","ping_status":"closed","template":"","meta":{"sfsi_plus_gutenberg_text_before_share":"","sfsi_plus_gutenberg_show_text_before_share":"","sfsi_plus_gutenberg_icon_type":"","sfsi_plus_gutenberg_icon_alignemt":"","sfsi_plus_gutenburg_max_per_row":"","footnotes":""},"class_list":["post-2103","page","type-page","status-publish","hentry","has_no_thumb"],"aioseo_notices":[],"_links":{"self":[{"href":"https:\/\/kursy-udt.pl\/de\/wp-json\/wp\/v2\/pages\/2103","targetHints":{"allow":["GET"]}}],"collection":[{"href":"https:\/\/kursy-udt.pl\/de\/wp-json\/wp\/v2\/pages"}],"about":[{"href":"https:\/\/kursy-udt.pl\/de\/wp-json\/wp\/v2\/types\/page"}],"author":[{"embeddable":true,"href":"https:\/\/kursy-udt.pl\/de\/wp-json\/wp\/v2\/users\/1"}],"replies":[{"embeddable":true,"href":"https:\/\/kursy-udt.pl\/de\/wp-json\/wp\/v2\/comments?post=2103"}],"version-history":[{"count":2,"href":"https:\/\/kursy-udt.pl\/de\/wp-json\/wp\/v2\/pages\/2103\/revisions"}],"predecessor-version":[{"id":2112,"href":"https:\/\/kursy-udt.pl\/de\/wp-json\/wp\/v2\/pages\/2103\/revisions\/2112"}],"up":[{"embeddable":true,"href":"https:\/\/kursy-udt.pl\/de\/wp-json\/wp\/v2\/pages\/1887"}],"wp:attachment":[{"href":"https:\/\/kursy-udt.pl\/de\/wp-json\/wp\/v2\/media?parent=2103"}],"curies":[{"name":"wp","href":"https:\/\/api.w.org\/{rel}","templated":true}]}}