{"id":2074,"date":"2016-03-08T10:57:01","date_gmt":"2016-03-08T10:57:01","guid":{"rendered":"http:\/\/kursy-udt.pl\/?page_id=2074"},"modified":"2016-03-11T08:23:25","modified_gmt":"2016-03-11T08:23:25","slug":"kurs-im-bereich-der-teleskoplader","status":"publish","type":"page","link":"https:\/\/kursy-udt.de\/de\/fachkurse\/kurs-im-bereich-der-teleskoplader\/","title":{"rendered":"Kurs im Bereich der Teleskoplader"},"content":{"rendered":"<div style=\"float: left; padding-right: 10px;\"><img decoding=\"async\" alt=\"Bewegliche Plattformen - Foto\" src=\"\/wp-content\/uploads\/2014\/03\/wozki-widlowe-1.jpeg\" \/><\/div>\n<div class=\"wyjustuj\">\n<p>Wir laden Sie zum kurs im Bereich der Teleskoplader in unserem Bildungszentrum ERGON Warszawa ein! <\/p>\n<p>Indem Sie sich f\u00fcr unsere Kurse im Bereich der Teleskoplader entscheiden, so steht vor Ihnen ein sicherer professioneller Kurs in Begleitung der erfahrenen Kursleiter, damit Ihr Erwerb der UDT-Berechtigungen noch leichter ist. Unsere Kurse im Bildungszentrum ERGON zeichnen auch g\u00fcnstige Preise f\u00fcr jedermann aus. <\/p>\n<p><strong>Anwendung<\/strong><br \/>\nDer Teleskoplader ist eine Art vom Spezialstapler. Der Lader mit regulierbarer Ausladung - wird \u00fcberwiegend an Baustellen und anderen, wo es unentbehrlicher schneller und effektiver Transport auszuf\u00fchren ist. Teleskoplader werden h\u00e4ufig bei Arbeiten am Stra\u00dfen-, Br\u00fccken-, \u00dcberf\u00fchrungs-, und Stahlkonstruktionsaufbau verwendet. <\/p>\n<p><strong>Ziel des Kurses<\/strong><br \/>\nDer Kurs im Bereich der Teleskoplader ist f\u00fcr diejenigen bestimmt, die sich um Berechtigungen erwerben m\u00f6chten, die erforderlich zur Ausf\u00fchrung des Berufs als Fahrer der Stapler mit Teleskopausladung Kat. IWJO (Spezialstapler) sind.  <\/p>\n<p>Unser Kurs macht Sie vertraut mit Bedienung der Ger\u00e4te von solchen Herstellern wie: Manitou, Merlo, New Holland, Dieci, JCB und Case und anderen, die \u00fcblicherweise in Betrieben benutzt werden. <\/p>\n<p>Jeder von unserem Bildungszentrum realisierte Kurs im Bereich der Teleskoplader ist komplex, und teilt sich in theoretischen und praktischen Teil auf. <\/p>\n<p>Kurs im Bereich der Teleskoplader (Lader mit regulierbarer Ausladung) endet mit Staatsexamen vor Kommission der Technischen Aufsichtsbeh\u00f6rde. Nach dem bestandenen Staatsexamen erhalten die zuk\u00fcnftigen Teleskopfahrer entsprechende Berechtigungen und Teleskopfahrerausweise. Diese Unterlagen und Bescheinigungen sind im ganzen Polen und der Europ\u00e4ischen Union g\u00fcltig. <\/p>\n<p><strong>Kursplan <\/strong><br \/>\nKurs im Bereich der Teleskoplader umfasst alle wichtigen Informationen und F\u00e4higkeiten zum Teleskopladerfahrer. Der Kursplan ist vorher mit der Technischen Aufsichtsbeh\u00f6rde (UDT) vereinbart. Er besteht aus dem theoretischen und praktischen Teil.<br \/>\nZu den wichtigsten Themen geh\u00f6ren:<\/p>\n<ul>\n<li>Arten von Staplern und ihr Aufbau<\/li>\n<li>Hintergrundinformationen aus dem Bereich der Besteuerung<\/li>\n<li>Technische Aufsicht des Ger\u00e4ts<\/li>\n<li>Anwendung des zus\u00e4tzlichen Zubeh\u00f6rs des Hefters<\/li>\n<li>wesentliche T\u00e4tigkeiten vor, w\u00e4hrend und nach Beendigung der Arbeit<\/li>\n<li>Umgehen mit Gasflasche - Nutzung und Aufbau<\/li>\n<li>Wissen aus dem Bereich Arbeitsschutz<\/li>\n<li>Praxis mit Teleskoplader<\/li>\n<\/ul>\n<p>In unserem Bildungszentrum legen wir Wert darauf, dass die Kurse f\u00fcr Kursteilnehmer interessant sind und volles Wissen und F\u00e4higkeiten zur t\u00e4glichen Arbeit vermitteln. Wir erstellen erfahrene Kursleiter und verf\u00fcgen \u00fcber moderne Ausbildungshilfe, was mit Verbreitung der eigenen Zust\u00e4ndigkeit profitiert. <\/p>\n<p><strong>Aufnahmevoraussetzungen <\/strong><br \/>\nUm am Kurs im Bereich der Teleskoplader teilzunehmen, m\u00fcssen folgende Voraussetzungen erf\u00fcllt werden:<\/p>\n<ul>\n<li>mindestens Grundausbildung<\/li>\n<li>Vollj\u00e4hrigkeit<\/li>\n<li>kein gesetzliches Erfordernis f\u00fcr eine Laufbahnverl\u00e4ngerung<\/li>\n<\/ul>\n<p>Kurspreise sind von der Anzahl der Kursteilnehmer abh\u00e4ngig. Im Falle der gr\u00f6\u00dferen Gruppen bieten wir attraktive Rabatte an. Wir bitten um Kontakt um vollst\u00e4ndigen Kostenvoranschlag erfassen zu k\u00f6nnen.<\/p>\n<p>Kurse werden in unserem Bildungszentrum in der Stadt Warszawa realisiert, aber auch in unseren regionalen Zentren. Gerne erreichen wir Sie pers\u00f6nlich und organisieren wir f\u00fcr Sie einen an Ihre Bed\u00fcrfnisse und Erwartungen angepassten Kurs. <\/p>\n<p>Als Firma mit langj\u00e4hriger Berufsausbildungserfahrung sind wir uns dessen bewusst, wie wir auf Bed\u00fcrfnisse unserer Kunden eingehen sollten, deshalb erm\u00f6glichen wir Ihnen Zugang zur modernen Ausbildung in g\u00fcnstigen Preisen. Wir gehen auch gerne auf Ihre Bed\u00fcrfnisse ein auch unter Hinsicht auf Ort und zeitlichen Verlauf in Form der geschlossenen Seminare. F\u00fcr Fragen stehen wir gerne zur Verf\u00fcgen und beantworten wir die so schnell wie m\u00f6glich!<\/p>\n<p>Wir laden Sie ein, an unserem Kurs im Bereich der Teleskoplader im Bildungszentrum ERGON teilzunehmen!\n<\/p><\/div>","protected":false},"excerpt":{"rendered":"<p>Wir laden Sie zum Kurs im Bereich der Teleskoplader im unserem Bildungszentrum ERGON Warszawa ein! Indem Sie sich f\u00fcr unsere Kurse im Bereich der Teleskoplader entscheiden, so steht vor Ihnen ein sicherer professioneller Kurs in Begleitung der erfahrenen Kursleiter, damit Ihr Erwerb der UDT-Berechtigungen noch leichter ist. Unsere Kurse im Bildungszentrum ERGON zeichnen auch g\u00fcnstige Preise f\u00fcr jedermann aus. Anwendung Der Teleskoplader ist eine Art vom Spezialstapler. Der Lader mit regulierbarer Ausladung \u2013 wird \u00fcberwiegend an Baustellen und anderen, wo es unentbehrlicher schneller und effektiver Transport auszuf\u00fchren ist. Teleskoplader werden h\u00e4ufig in Arbeiten bei Stra\u00dfen-, Br\u00fccken-, \u00dcberf\u00fchrungs-, und Stahlkonstruktionsaufbau benutzt. Ziel des Kurses Der Kurs im Bereich der Teleskoplader ist f\u00fcr diejenigen bestimmt, die sich um Berechtigungen erwerben m\u00f6chten, die erforderlich zur Ausf\u00fchrung des Berufs als Fahrer der Stapler mit Teleskopausladung Kat. IWJO (Spezialstapler) sind. Unser Kurs macht Sie vertraut mit Bedienung der Ger\u00e4te von solchen Herstellern wie: Manitou, Merlo, New Holland, Dieci, JCB und Case und anderer, die \u00fcblicherweise in Betrieben benutzt werden. Jeder vom unseren Bildungszentrum realisierter Kurs im Bereich der Teleskoplader ist komplex, und teilt sich in theoretischen und praktischen Teil auf. Kurs im Bereich der Teleskoplader (Lader mit regulierbarer Ausladung) endet mit Staatsexamen vor Kommission der Technischen Aufsichtsbeh\u00f6rde. Nach dem bestandenen Staatsexamen erhalten die zuk\u00fcnftigen Teleskopfahrer entsprechende Berechtigungen und Teleskopfahrerausweis. Diese Unterlagen und Bescheinigungen sind im ganzen Polen und der Europ\u00e4ischen Union g\u00fcltig. Kursplan Kurs im Bereich der Teleskoplader umfasst alle wichtigsten Informationen und F\u00e4higkeiten zum Teleskopladerfahrer. Der Kursplan ist vorher mit der Technischen Aufsichtsbeh\u00f6rde (UDT) vereinbart. Er besteht aus dem [&hellip;]<\/p>\n","protected":false},"author":1,"featured_media":0,"parent":1879,"menu_order":15,"comment_status":"closed","ping_status":"closed","template":"","meta":{"sfsi_plus_gutenberg_text_before_share":"","sfsi_plus_gutenberg_show_text_before_share":"","sfsi_plus_gutenberg_icon_type":"","sfsi_plus_gutenberg_icon_alignemt":"","sfsi_plus_gutenburg_max_per_row":"","footnotes":""},"class_list":["post-2074","page","type-page","status-publish","hentry","has_thumb"],"aioseo_notices":[],"_links":{"self":[{"href":"https:\/\/kursy-udt.pl\/de\/wp-json\/wp\/v2\/pages\/2074","targetHints":{"allow":["GET"]}}],"collection":[{"href":"https:\/\/kursy-udt.pl\/de\/wp-json\/wp\/v2\/pages"}],"about":[{"href":"https:\/\/kursy-udt.pl\/de\/wp-json\/wp\/v2\/types\/page"}],"author":[{"embeddable":true,"href":"https:\/\/kursy-udt.pl\/de\/wp-json\/wp\/v2\/users\/1"}],"replies":[{"embeddable":true,"href":"https:\/\/kursy-udt.pl\/de\/wp-json\/wp\/v2\/comments?post=2074"}],"version-history":[{"count":3,"href":"https:\/\/kursy-udt.pl\/de\/wp-json\/wp\/v2\/pages\/2074\/revisions"}],"predecessor-version":[{"id":2168,"href":"https:\/\/kursy-udt.pl\/de\/wp-json\/wp\/v2\/pages\/2074\/revisions\/2168"}],"up":[{"embeddable":true,"href":"https:\/\/kursy-udt.pl\/de\/wp-json\/wp\/v2\/pages\/1879"}],"wp:attachment":[{"href":"https:\/\/kursy-udt.pl\/de\/wp-json\/wp\/v2\/media?parent=2074"}],"curies":[{"name":"wp","href":"https:\/\/api.w.org\/{rel}","templated":true}]}}