{"id":2007,"date":"2016-03-08T08:49:54","date_gmt":"2016-03-08T08:49:54","guid":{"rendered":"http:\/\/kursy-udt.pl\/?page_id=2007"},"modified":"2016-03-11T08:37:07","modified_gmt":"2016-03-11T08:37:07","slug":"teleskoplader-3","status":"publish","type":"page","link":"https:\/\/kursy-udt.de\/de\/teleskoplader\/","title":{"rendered":"Teleskoplader"},"content":{"rendered":"<div style=\"float: left; padding-right: 10px;\"><img decoding=\"async\" alt=\"Bewegliche Plattformen - Foto\" src=\"\/wp-content\/uploads\/2014\/03\/wozki-widlowe-1.jpeg\" \/><\/div>\n<div class=\"wyjustuj\">\n<p>Bei Transportarbeiten werden gew\u00f6hnlich Gabelstapler und Teleskoplader eingesetzt. Indem Gabelstapler und Teleskoplader benutzt werden, k\u00f6nnen arbeitsaufw\u00e4ndige T\u00e4tigkeiten ausgef\u00fchrt werden, die Arbeitszeit wird erspart, dabei auch mit gro\u00dfem Wert auf die Sicherheit. <\/p>\n<p><strong>Anwendung<\/strong><br \/>\nTeleskoplader ist eine von gew\u00f6hnlich bei Bau-, Erdarbeiten und anderen wie z.B. in Landwirtschaft, L\u00e4gern, oder innerbetrieblichem Transport - sowohl vertikal als auch horizontal eingesetzte Maschine. Teleskoplader geh\u00f6rt zu Spezialart von Gabelstaplern, die angemessenes Wissen erfordert, nachgewiesen von durch Fahrerberechtigungen.<\/p>\n<p>Angemessen bedienter Teleskoplader kann unter anderem Erde und Zuschlagstoffe bei Erdearbeiten bef\u00f6rdern, zum Beispiel bei Nivellieren des Bodens. In der Landwirtschaft kann dank dem Einsatz von Teleskopladern Stroh, Mist, oder Holz bef\u00f6rdert werden. Diese Maschinen werden auch f\u00fcr das Be- und Entladen von Gusspaletten, Big Bags in Seen und auf Feldern eingesetzt.    <\/p>\n<p>Einige Typen von Teleskopladern sind mit speziellem Zubeh\u00f6r ausgestattet, z.B. mit Plattform f\u00fcr Bef\u00f6rderung von Personen, deswegen kann der Teleskoplader als Hubarbeitsb\u00fchne funktionieren. Gro\u00dfe Vielfalt von diesen Ger\u00e4ten macht sie universell und gew\u00f6hnlich benutzte Ger\u00e4te, der hohe Bedarf nach Berechtigungen geht damit einher.<\/p>\n<p><strong>Aufbau<\/strong><br \/>\nTeleskoplader, oder Lader mit regulierbarer Ausladung, denn derartige Bezeichnung kommt auch vor, divergiert von einem standardm\u00e4\u00dfigen Gabelstapler. Er ist vor allem mit Motor von h\u00f6herer Leistung ausgestattet, was sich in schwerere Aufgaben dieses Ger\u00e4ts umsetzen l\u00e4sst. Die geringen Abmessungen des Ger\u00e4tes sind von Vorteil, es kann sich leicht bei Realisierung der Arbeiten auf kleinen Fl\u00e4chen bew\u00e4hren. Teleskoplader ist mit Vierradantrieb ausgestattet, und kann fast auf allen schwierigen Fl\u00e4chen wie Matsch, Sand arbeiten. Ger\u00e4umige Kabinen und Stabilisatoren sch\u00fctzen den Teleskopladerfahrer.<\/p>\n<p><strong>Teleskoplader lassen sich in zwei Typen aufteilen:<\/strong><\/p>\n<ul>\n<li>starre Teleskoplader - Teleskoplader, deren Fahrerkabine fest eingebaut ist. Ausleger bei diesen Typen werden von der rechten Seite des Fahrzeugs gef\u00fchrt. Ger\u00e4te k\u00f6nnen mit Seitenst\u00fctzen ausgestattet werden. Ihre Tragkraft betr\u00e4gt normerweise von 1,5 bis 20 t, Ausladung dagegen bis 20 m.<\/li>\n<li>drehbare Teleskoplader - Typ mit drehbarem Kopf, der auch Positions\u00e4nderung der Fahrerkabine mit Ausleger bis 360 Grad auf der Plattform der Maschine l\u00e4sst. Die Tragkraft betr\u00e4gt normalerweise von 3 bis 5 t, Ausladung dagegen bis 30 m.<\/li>\n<\/ul>\n<p>Die allgemein bekannten Hersteller von Teleskopladern sind meistens: New Holland, Manitou, Case, Dieci, JCB oder Merlo. Im Angebot dieser Marken ist die ganze Reihe von Bauarbeiten und anderen komplex f\u00f6rdernden Ger\u00e4ten zug\u00e4nglich. Der Preis f\u00fcr ein Exemplar erreicht oft jech Hersteller, Gr\u00f6\u00dfe, oder eingesetztem Zubeh\u00f6r einige hunderttausend z\u0142,,. <\/p>\n<p><strong>Kurse im Bereich der Teleskoplader<\/strong><br \/>\nUm den Teleskoplader bedienen zu k\u00f6nnen und zu d\u00fcrfen sind zuerst Berechtigungen erforderlich. Sie werden nach dem durchgelaufenen Kurs und nach bestandener UDT-Pr\u00fcfung verliehen. Indem sich der Kursteilnehmer f\u00fcr den Kurs im Bereich der Teleskoplader entscheidet, so werden ihm die Querschnittinformationen in Bezug auf sichere Nutzung des Ger\u00e4tes als Teleskopladerfahrer \u00fcbermittelt. W\u00e4hrend des Kurses erf\u00e4hrt der Kursteilnehmer wie das Fahrzeug angemessen gesteuert werden sollte, wie die Ladungen beladen werden sollten, wie Vorschriften der Technischen Aufsichtsbeh\u00f6rde und Arbeitsschutzvorschriften beachtet werden sollten. <\/p>\n<p>Im Bildungszentrum ERGON bieten wir Ihnen professionellen kurs an, der die Grundlage ist, die I WJO Berechtigungen f\u00fcr spezielle Gabelstapler zu erwerben, d.h.. unter anderem f\u00fcr Teleskoplader. Wir als Firma mit langj\u00e4hriger Berufsausbildungserfahrung sichern den Kursteilnehmern volle Unterst\u00fctzung unserer Spezialisten beim Bestehen des Examens vor Kommission der Technischen Aufsichtsbeh\u00f6rde. Wir sind in solchen St\u00e4dten Polens t\u00e4tig wie<br \/>\nWarschau, Krakau, Kattowitz, Bielsko-Bia\u0142a, f\u00fcr unsere Kunden organisieren wir auch Kurse in geschlossenen Gruppen im beliebigen Termin und Ort. Unsere Preise sind an die Anzahl der Kursteilnehmer angepasst. <\/p>\n<p>Wir laden alle zum Kurs im Bereich der Teleskoplader zum Bildungszentrum ERGON ein! <\/p>\n<\/div>","protected":false},"excerpt":{"rendered":"<p>Bei Transportarbeiten werden gew\u00f6hnlich Gabelstapler und Teleskoplader eingesetzt. Indem Gabelstapler und Teleskoplader benutzt werden, k\u00f6nnen arbeitsaufw\u00e4ndige T\u00e4tigkeiten ausgef\u00fchrt werden, die Arbeitszeit wird erspart, dabei auch mit gro\u00dfem Wert auf die Sicherheit. Anwendung Teleskoplader ist eine von gew\u00f6hnlich bei Bau-, Erdarbeiten und anderen wie z.B. in Landwirtschaft, L\u00e4gern, oder innerbetrieblichem Transport \u2013 sowohl vertikal als auch horizontal eingesetzten Maschinen. Teleskoplader geh\u00f6rt zu Spezialart von Gabelstaplern, die angemessenes Wissen erfordert, nachgewiesen von durch Fahrerberechtigungen. Angemessen bedienter Teleskoplader kann unter anderem Erde und Zuschlagstoffe bei Erdearbeiten bef\u00f6rdern, zum Beispiel bei Nivellieren des Bodens. In Landwirtschaft, dank dem Einsatz von Teleskopladern kann Stroh, Mist, oder Holz bef\u00f6rdert werden. Diese Ger\u00e4te werden auch bei Beladung und Umladung der Kastenpaletten, Bigbags in L\u00e4gern und Umladepunkten benutzt. Einige Typen von Teleskopladern sind mit speziellem Zubeh\u00f6r ausgestattet, z.B. mit Plattform f\u00fcr Bef\u00f6rderung von Personen, deswegen kann der Teleskoplader als Hubarbeitsb\u00fchne funktionieren. Gro\u00dfe Vielfalt von diesen Ger\u00e4ten macht sie universal und gew\u00f6hnlich benutzte Ger\u00e4te, der hohe Bedarf nach Berechtigungen geht damit einher. Aufbau Teleskoplader, oder Lader mit regulierbarer Ausladung, denn derartige Bezeichnung kommt auch vor, divergiert vom einen standardm\u00e4\u00dfigen Gabelstapler. Er ist vor allem mit Motor von h\u00f6herer Leistung ausgestattet, was sich in schwerere Aufgaben dieses Ger\u00e4tes umsetzen l\u00e4sst. Die geringen Abmessungen des Ger\u00e4tes sind von Vorteil, es kann sich leicht bei Realisierung der Arbeiten auf kleinen Fl\u00e4chen bew\u00e4hren. Teleskoplader ist mit Vierradantrieb ausgestattet, und kann fast auf allen schwierigen Fl\u00e4chen arbeiten wie Matsch, Sand. Ger\u00e4umige Kabinen und Stabilisatoren sch\u00fctzen den Teleskopladerfahrer. Teleskoplader lassen sich in zwei Typen aufteilen: starre Teleskoplader \u2013 Teleskoplader, deren [&hellip;]<\/p>\n","protected":false},"author":1,"featured_media":0,"parent":0,"menu_order":0,"comment_status":"closed","ping_status":"closed","template":"","meta":{"sfsi_plus_gutenberg_text_before_share":"","sfsi_plus_gutenberg_show_text_before_share":"","sfsi_plus_gutenberg_icon_type":"","sfsi_plus_gutenberg_icon_alignemt":"","sfsi_plus_gutenburg_max_per_row":"","footnotes":""},"class_list":["post-2007","page","type-page","status-publish","hentry","has_thumb"],"aioseo_notices":[],"_links":{"self":[{"href":"https:\/\/kursy-udt.pl\/de\/wp-json\/wp\/v2\/pages\/2007","targetHints":{"allow":["GET"]}}],"collection":[{"href":"https:\/\/kursy-udt.pl\/de\/wp-json\/wp\/v2\/pages"}],"about":[{"href":"https:\/\/kursy-udt.pl\/de\/wp-json\/wp\/v2\/types\/page"}],"author":[{"embeddable":true,"href":"https:\/\/kursy-udt.pl\/de\/wp-json\/wp\/v2\/users\/1"}],"replies":[{"embeddable":true,"href":"https:\/\/kursy-udt.pl\/de\/wp-json\/wp\/v2\/comments?post=2007"}],"version-history":[{"count":2,"href":"https:\/\/kursy-udt.pl\/de\/wp-json\/wp\/v2\/pages\/2007\/revisions"}],"predecessor-version":[{"id":2157,"href":"https:\/\/kursy-udt.pl\/de\/wp-json\/wp\/v2\/pages\/2007\/revisions\/2157"}],"wp:attachment":[{"href":"https:\/\/kursy-udt.pl\/de\/wp-json\/wp\/v2\/media?parent=2007"}],"curies":[{"name":"wp","href":"https:\/\/api.w.org\/{rel}","templated":true}]}}