{"id":2,"date":"2014-02-07T20:25:19","date_gmt":"2014-02-07T20:25:19","guid":{"rendered":"http:\/\/kursy-udt.kwiaty0.pl\/?page_id=2"},"modified":"2022-06-23T11:40:22","modified_gmt":"2022-06-23T11:40:22","slug":"udt-anspruche","status":"publish","type":"page","link":"https:\/\/kursy-udt.pl\/de\/uprawnienia-udt\/","title":{"rendered":"UDT-Genehmigungen"},"content":{"rendered":"<div class=\"wyjustuj\">\n<div style=\"float: left; padding-right: 10px;\"><a href=\"\/de\/ausbildung\/\"><div id=\"metaslider-id-631\" style=\"max-width: 200px;\" class=\"ml-slider-3-108-0 metaslider metaslider-flex metaslider-631 ml-slider ms-theme-default nav-hidden\" role=\"region\" aria-label=\"macht-udt\" data-height=\"150\" data-width=\"200\">\n    <div id=\"metaslider_container_631\">\n        <div id=\"metaslider_631\" class=\"flexslider\">\n            <ul class='slides'>\n                <li style=\"display: block; width: 100%;\" class=\"slide-1368 ms-image\" aria-roledescription=\"slide\" data-date=\"2014-09-06 00:23:31\" data-filename=\"dzwigi.jpeg\" data-slide-type=\"image\"><img loading=\"lazy\" decoding=\"async\" src=\"https:\/\/kursy-udt.pl\/wp-content\/uploads\/2014\/09\/dzwigi.jpeg\" height=\"150\" width=\"200\" alt=\"\" class=\"slider-631 slide-1368 msDefaultImage\" \/><\/li>\n                <li style=\"display: none; width: 100%;\" class=\"slide-632 ms-image\" aria-roledescription=\"slide\" data-date=\"2014-04-13 12:14:05\" data-filename=\"01-uprawnienia-udt-foto.jpeg\" data-slide-type=\"image\"><img loading=\"lazy\" decoding=\"async\" src=\"https:\/\/kursy-udt.pl\/wp-content\/uploads\/2014\/04\/01-uprawnienia-udt-foto.jpeg\" height=\"150\" width=\"200\" alt=\"UDT-Genehmigungen Warschau\" class=\"slider-631 slide-632 msDefaultImage\" \/><\/li>\n                <li style=\"display: none; width: 100%;\" class=\"slide-633 ms-image\" aria-roledescription=\"slide\" data-date=\"2014-04-13 12:14:05\" data-filename=\"02-szkolenia-udt-zdj.jpeg\" data-slide-type=\"image\"><img loading=\"lazy\" decoding=\"async\" src=\"https:\/\/kursy-udt.pl\/wp-content\/uploads\/2014\/04\/02-szkolenia-udt-zdj.jpeg\" height=\"150\" width=\"200\" alt=\"Ergon Warschau\" class=\"slider-631 slide-633 msDefaultImage\" \/><\/li>\n                <li style=\"display: none; width: 100%;\" class=\"slide-1369 ms-image\" aria-roledescription=\"slide\" data-date=\"2014-09-06 00:23:32\" data-filename=\"zurawie.jpeg\" data-slide-type=\"image\"><img loading=\"lazy\" decoding=\"async\" src=\"https:\/\/kursy-udt.pl\/wp-content\/uploads\/2014\/09\/zurawie.jpeg\" height=\"150\" width=\"200\" alt=\"\" class=\"slider-631 slide-1369 msDefaultImage\" \/><\/li>\n                <li style=\"display: none; width: 100%;\" class=\"slide-634 ms-image\" aria-roledescription=\"slide\" data-date=\"2014-04-13 12:14:06\" data-filename=\"03-pic-kursy-udt.jpeg\" data-slide-type=\"image\"><img loading=\"lazy\" decoding=\"async\" src=\"https:\/\/kursy-udt.pl\/wp-content\/uploads\/2014\/04\/03-pic-kursy-udt.jpeg\" height=\"150\" width=\"200\" alt=\"Foto\" class=\"slider-631 slide-634 msDefaultImage\" \/><\/li>\n            <\/ul>\n        <\/div>\n        \n    <\/div>\n<\/div><\/a><\/div>\n<p>Das Technische \u00dcberwachungsamt ist eine staatliche Einrichtung, deren Aufgabe es ist, den sicheren Betrieb von technischen Ger\u00e4ten und Anlagen zu gew\u00e4hrleisten. Sowohl die UDT Warschau als auch die anderen in allen gr\u00f6\u00dferen St\u00e4dten vertretenen B\u00fcros haben die Aufgabe, die Bef\u00e4higung zur Aus\u00fcbung von T\u00e4tigkeiten und die Kenntnis der Bedingungen im Zusammenhang mit Normen, rechtlicher und technischer \u00dcberwachung f\u00fcr Mitarbeiter in Positionen, in denen die Bedienung technischer Ger\u00e4te erforderlich ist, zu best\u00e4tigen, indem sie ihnen die entsprechenden UDT-Zulassungen (Amt f\u00fcr technische \u00dcberwachung) erteilen.<\/p>\n<p>F\u00fcr die Durchf\u00fchrung der Arbeiten sind zertifizierte UDT-Lizenzen erforderlich, ohne die der Arbeitnehmer die Ger\u00e4te nicht bedienen darf. Zu diesem Zweck m\u00fcssen die Arbeitnehmer einen UDT-Kurs besuchen, der sowohl theoretische als auch praktische Kenntnisse umfasst, d. h. auch das selbstst\u00e4ndige Bedienen und Warten von Maschinen, und anschlie\u00dfend eine Pr\u00fcfung ablegen.<\/p>\n<p>Zu den Ger\u00e4ten, f\u00fcr deren Betrieb eine Genehmigung des Technischen \u00dcberwachungsvereins erforderlich ist, geh\u00f6ren u. a:<\/p>\n<ul>\n<li>mobile Arbeitsb\u00fchnen (Hubarbeitsb\u00fchnen) - Qualifikationen f\u00fcr Hubarbeitsb\u00fchnen der Kat. I P und Kat. II P werden verliehen. Je nachdem, welche mobilen Plattformen verwendet werden, sind die entsprechenden Qualifikationen erforderlich<\/li>\n<li>Krane, die von der Arbeitsebene und der Kabine aus gesteuert werden<\/li>\n<li>Schienen-, Turm- und Mobilkrane HDS<\/li>\n<li>Lasten- und Bauaufz\u00fcge<\/li>\n<li>Winden von der Arbeitsebene und von der Kabine aus<\/li>\n<li>Ausr\u00fcstung zum F\u00fcllen und Entleeren von Tanks, Containerumschlag<\/li>\n<li>G\u00fcter- und Personenskilifte und -seilbahnen<\/li>\n<li>Gleisbaumaschinen<\/li>\n<li>Gabelstapler - Gabelstaplerqualifikationen werden entweder als UDT-gebunden oder nicht ausgestellt<\/li>\n<\/ul>\n<p>Um die vorgestellten Ger\u00e4te bedienen zu k\u00f6nnen, muss der Mitarbeiter eine Schulung absolvieren und die entsprechenden Genehmigungen erhalten. W\u00e4hrend des Kurses wird der Mitarbeiter auf die staatliche UDT-Pr\u00fcfung vorbereitet, und nach bestandener Pr\u00fcfung erh\u00e4lt er die Lizenz.<\/p>\n<p>Rechtsgrundlage:<\/p>\n<ul>\n<li>Gesetz vom 21. Dezember 2000 \u00fcber die technische \u00dcberwachung (Gesetzblatt Nr. 122, Pos. 1321, mit \u00c4nderungen).<\/li>\n<li>Verordnung des Wirtschaftsministers \u00fcber die Art und Weise der \u00dcberpr\u00fcfung der f\u00fcr den Betrieb und die Wartung von technischen Anlagen erforderlichen Qualifikationen vom 18. Juli 2001 (GBl. Nr. 79, Pos. 849), ge\u00e4ndert durch die Verordnung vom 20. Februar 2003 (GBl. Nr. 50, Pos. 426), erlassen auf der Grundlage von Artikel 23 Absatz 5 des Gesetzes \u00fcber die technische \u00dcberwachung.<\/li>\n<\/ul>\n<p>Speziell f\u00fcr Mitarbeiter, die sich f\u00fcr den T\u00dcV qualifizieren wollen, haben wir ein breites Spektrum an Schulungen entwickelt. Unsere UDT-Schulungen werden von erfahrenen Fachleuten auf ihrem Gebiet durchgef\u00fchrt und decken somit ein breites Spektrum an theoretischem und praktischem Wissen ab. Wir bieten geschlossene und offene UDT-Schulungen an, die auch speziell auf die Bed\u00fcrfnisse unserer Kunden zugeschnitten sind.<\/p>\n<p>Wir laden Sie ein, UDT-Kurse zu besuchen bei <a href=\"https:\/\/kursy-udt.pl\/de\/o-firmie\/\">ERGON Zentrum f\u00fcr Personalentwicklung<\/a>! <a href=\"https:\/\/kursy-udt.pl\/de\/kontakt\/\">Wir sind landesweit t\u00e4tig<\/a>. Wir haben Ausbildungszentren in:<\/p>\n<ul>\n<li>Warschau<\/li>\n<li>Kattowitz (Niederlassung Schlesien)<\/li>\n<li>Krakau<\/li>\n<li>Bielsko-Biala<\/li>\n<\/ul>\n<\/div>\n<p>Lesen Sie auch \u00fcber die Kategorien <a href=\"https:\/\/kursy-udt.pl\/de\/uprawnienia-udt\/kategorie-uprawnien-2\/\">UDT-Anspr\u00fcche<\/a> und \u00fcber die geltenden Vorschriften!<\/p>","protected":false},"excerpt":{"rendered":"<p>Urz\u0105d Dozoru Technicznego jest instytucj\u0105 pa\u0144stwow\u0105, kt\u00f3rej celem jest zapewnienie bezpiecze\u0144stwa pracy urz\u0105dze\u0144 technicznych i instalacji. Zar\u00f3wno UDT Warszawa jak i inne urz\u0119dy obecne w ka\u017cdym du\u017cym mie\u015bcie maj\u0105 za zadanie potwierdzanie umiej\u0119tno\u015bci wykonywania czynno\u015bci i znajomo\u015bci warunk\u00f3w zwi\u0105zanych z normami, przepisami prawnymi i technicznymi dozoru dla pracownik\u00f3w na stanowiskach, na kt\u00f3rych wymagana jest obs\u0142uga urz\u0105dze\u0144 technicznych, nadaj\u0105c im stosowne uprawnienia UDT (Urz\u0119du Dozoru Technicznego). Do wykonywania prac potrzebne s\u0105 po\u015bwiadczone uprawnienia UDT, bez kt\u00f3rych pracownik nie ma prawa obs\u0142ugiwa\u0107 urz\u0105dze\u0144. W tym celu pracownicy musz\u0105 oby\u0107 kurs UDT obejmuj\u0105cy zar\u00f3wno wiedz\u0119 teoretyczn\u0105, jak i praktyczn\u0105, czyli w\u0142\u0105czaj\u0105c\u0105 samodzieln\u0105 obs\u0142ug\u0119 i konserwacj\u0119 maszyn, a nast\u0119pnie podej\u015b\u0107 do egzaminu. W\u015br\u00f3d sprz\u0119t\u00f3w, kt\u00f3re wymagaj\u0105 posiadania do obs\u0142ugi uprawnie\u0144 Urz\u0119du Dozoru Technicznego, znajduj\u0105 si\u0119 mi\u0119dzy innymi: podesty ruchome (podno\u015bniki koszowe) \u2013 nadawane s\u0105 uprawnienia na podno\u015bnik koszowy kat. I P oraz II P. W zale\u017cno\u015bci od tego, jakie stosowane s\u0105 podesty ruchome, wymagane s\u0105 odpowiednie kwalifikacje suwnice sterowane z poziomu roboczego i kabiny \u017curawie szynowe, wie\u017cowe i przeno\u015bne HDS d\u017awigi towarowe i budowlane wyci\u0105garki z poziomu roboczego i z kabiny urz\u0105dzenia do nape\u0142niania i opr\u00f3\u017cniania zbiornik\u00f3w, manipulacji kontenerami towarowe i osobowe wyci\u0105gi narciarskie i koleje linowe uk\u0142adarki do uk\u0142adania tor\u00f3w w\u00f3zki wid\u0142owe \u2013 uprawnienia na w\u00f3zki wid\u0142owe s\u0105 nadawane jako powi\u0105zane z UDT lub nie Do obs\u0142ugi zaprezentowanych sprz\u0119t\u00f3w pracownik musi uko\u0144czy\u0107 szkolenie i otrzyma\u0107 stosowne uprawnienia. Do egzaminu pa\u0144stwowego UDT pracownik jest przygotowywany podczas kursu, nast\u0119pnie po jego pozytywnym zaliczeniu otrzymuje uprawnienia. Podstawa prawna: ustawa z dnia 21 grudnia 2000 r. o dozorze technicznym (Dz. U. Nr [&hellip;]<\/p>\n","protected":false},"author":1,"featured_media":0,"parent":0,"menu_order":2,"comment_status":"closed","ping_status":"closed","template":"","meta":{"sfsi_plus_gutenberg_text_before_share":"","sfsi_plus_gutenberg_show_text_before_share":"","sfsi_plus_gutenberg_icon_type":"","sfsi_plus_gutenberg_icon_alignemt":"","sfsi_plus_gutenburg_max_per_row":"","footnotes":""},"class_list":["post-2","page","type-page","status-publish","hentry","has_no_thumb"],"aioseo_notices":[],"_links":{"self":[{"href":"https:\/\/kursy-udt.pl\/de\/wp-json\/wp\/v2\/pages\/2","targetHints":{"allow":["GET"]}}],"collection":[{"href":"https:\/\/kursy-udt.pl\/de\/wp-json\/wp\/v2\/pages"}],"about":[{"href":"https:\/\/kursy-udt.pl\/de\/wp-json\/wp\/v2\/types\/page"}],"author":[{"embeddable":true,"href":"https:\/\/kursy-udt.pl\/de\/wp-json\/wp\/v2\/users\/1"}],"replies":[{"embeddable":true,"href":"https:\/\/kursy-udt.pl\/de\/wp-json\/wp\/v2\/comments?post=2"}],"version-history":[{"count":31,"href":"https:\/\/kursy-udt.pl\/de\/wp-json\/wp\/v2\/pages\/2\/revisions"}],"predecessor-version":[{"id":3914,"href":"https:\/\/kursy-udt.pl\/de\/wp-json\/wp\/v2\/pages\/2\/revisions\/3914"}],"wp:attachment":[{"href":"https:\/\/kursy-udt.pl\/de\/wp-json\/wp\/v2\/media?parent=2"}],"curies":[{"name":"wp","href":"https:\/\/api.w.org\/{rel}","templated":true}]}}